{"id":12410,"date":"2021-12-10T12:52:49","date_gmt":"2021-12-10T12:52:49","guid":{"rendered":"https:\/\/gpi-tanks.com\/about-us\/"},"modified":"2026-03-24T14:52:56","modified_gmt":"2026-03-24T14:52:56","slug":"uber-uns","status":"publish","type":"page","link":"https:\/\/gpi-tanks.com\/de\/uber-uns\/","title":{"rendered":"\u00dcber uns"},"content":{"rendered":"\t\t<div data-elementor-type=\"wp-page\" data-elementor-id=\"12410\" class=\"elementor elementor-12410 elementor-12251\" data-elementor-post-type=\"page\">\n\t\t\t\t\t\t<section class=\"elementor-section elementor-top-section elementor-element elementor-element-1a54e0b9 elementor-section-full_width elementor-section-height-default elementor-section-height-default\" data-id=\"1a54e0b9\" data-element_type=\"section\">\n\t\t\t\t\t\t<div class=\"elementor-container elementor-column-gap-default\">\n\t\t\t\t\t<div class=\"elementor-column elementor-col-100 elementor-top-column elementor-element elementor-element-149c93a7\" data-id=\"149c93a7\" data-element_type=\"column\">\n\t\t\t<div class=\"elementor-widget-wrap elementor-element-populated\">\n\t\t\t\t\t\t<div class=\"elementor-element elementor-element-763f7d09 brandbox-button elementor-widget elementor-widget-brandbox\" data-id=\"763f7d09\" data-element_type=\"widget\" data-widget_type=\"brandbox.default\">\n\t\t\t\t<div class=\"elementor-widget-container\">\n\t\t\t\t\t<div class=\"brandbox\" style=\"background-color: #F7F7F7\">\n\t<div class=\"brandbox-content\">\n\t\t<div class=\"brandbox-content-wrapper\">\n\t\t\t\t\t\t\t<h1><b>Gpi Tanks<\/b><\/h1>\n\t\t\t\n\t\t\t\t\t\t\t<h3>Ihr Experte f\u00fcr Tank- und Beh\u00e4lterbau<\/h3>\n\t\t\t\n\t\t\t\t\t\t\t\t\t\t\t\t<a href=\"https:\/\/gpi-tanks.com\/de\/kontakt\/\" class=\"arrow-button\">\n\t\t\t\t\t\t<span style=\"\">Jetzt kontaktieren<\/span>\n\t\t\t\t\t\t<div class=\"cirlce-box\">\n\t\t\t\t\t\t\t<i class=\"fal fa-arrow-right\" style=\"\"><\/i>\n\t\t\t\t\t\t\t<svg width=\"52\" height=\"52\" class=\"outer-circle\">\n\t\t\t\t\t\t\t\t<circle cx=\"26\" cy=\"26\" r=\"24\" stroke=\"#efefef90\" stroke-width=\"1\" fill-opacity=\"0\"><\/circle>\n\t\t\t\t\t\t\t\t<circle class=\"circle\" cx=\"26\" cy=\"26\" r=\"24\" stroke=\"#00a799\" fill-opacity=\"0\" stroke-width=\"3\"><\/circle>\n\t\t\t\t\t\t\t<\/svg>\n\t\t\t\t\t\t<\/div>\n\t\t\t\t\t<\/a>\n\t\t\t\t\t\t\t\t\t<\/div>\n\t<\/div>\n\n\t<div class=\"brandbox-image\" style=\"background-image: url( https:\/\/gpi-tanks.com\/wp-content\/uploads\/2022\/08\/Werken-bij-Gpi-productie.jpg );\"><\/div>\n<\/div>\n\t\t\t\t<\/div>\n\t\t\t\t<\/div>\n\t\t\t\t\t<\/div>\n\t\t<\/div>\n\t\t\t\t\t<\/div>\n\t\t<\/section>\n\t\t\t\t<section class=\"elementor-section elementor-top-section elementor-element elementor-element-5abdf954 elementor-section-boxed elementor-section-height-default elementor-section-height-default\" data-id=\"5abdf954\" data-element_type=\"section\">\n\t\t\t\t\t\t<div class=\"elementor-container elementor-column-gap-default\">\n\t\t\t\t\t<div class=\"elementor-column elementor-col-100 elementor-top-column elementor-element elementor-element-f58ff4\" data-id=\"f58ff4\" data-element_type=\"column\">\n\t\t\t<div class=\"elementor-widget-wrap elementor-element-populated\">\n\t\t\t\t\t\t<div class=\"elementor-element elementor-element-1ec885a0 elementor-widget elementor-widget-heading\" data-id=\"1ec885a0\" data-element_type=\"widget\" data-widget_type=\"heading.default\">\n\t\t\t\t\t<h2 class=\"elementor-heading-title elementor-size-default\">Was wir tun<\/h2>\t\t\t\t<\/div>\n\t\t\t\t<div class=\"elementor-element elementor-element-a06a5a1 condensed text-xl elementor-widget elementor-widget-text-editor\" data-id=\"a06a5a1\" data-element_type=\"widget\" data-widget_type=\"text-editor.default\">\n\t\t\t\t\t\t\t\t\t<p>Bereits seit 1994 sind wir als Tankbau-Unternehmen auf die Planung, Fertigung, Lieferung und Montage von Industrietanks in Europa spezialisiert. Unser Ziel ist es, als Tankbauer einen Mehrwert f\u00fcr Ihre Prozesse zu schaffen. Wir arbeiten gerne mit Ihnen zusammen und bringen unsere Erfahrung und unser Wissen ein, damit Sie das Beste aus Ihren neuen <a href=\"https:\/\/gpi-tanks.com\/de\/edelstahltanks\/\">Edelstahltanks<\/a> herausholen k\u00f6nnen. Wir denken gerne mit Ihnen dar\u00fcber nach, wie wir zur Verbesserung Ihrer Prozesse beitragen k\u00f6nnen. Unsere Fachleute bieten Engagement, Innovation und Wissen in jeder Phase eines Projekts.<\/p>\t\t\t\t\t\t\t\t<\/div>\n\t\t\t\t<div class=\"elementor-element elementor-element-758fa72a elementor-widget elementor-widget-text-editor\" data-id=\"758fa72a\" data-element_type=\"widget\" data-widget_type=\"text-editor.default\">\n\t\t\t\t\t\t\t\t\t<p>Wir sind auf die Planung, Herstellung und Montage von Prozess- und Lagertanks aus Edelstahl bis zu ca. 12 000 m\u00b3 spezialisiert. Wir entwerfen Tanks nach Kundenwunsch und stellen sie meist in einer unserer Fabriken her. Per Stra\u00dfen- oder Wassertransport werden sie nach Deutschland und ins Ausland transportiert. Wir unterscheiden uns von anderen Tankherstellern durch konstante Innovationen im Bereich Technik, Prozesse und Zusammenarbeit. Wir versuchen, alles stets etwas schlauer und besser zu machen. Das sp\u00fcren Sie, wenn Sie in unsere Fabrik kommen, unsere Edelstahltanks begutachten oder einen unserer Mitarbeiter sprechen.<\/p>\t\t\t\t\t\t\t\t<\/div>\n\t\t\t\t<div class=\"elementor-element elementor-element-207293cd elementor-widget elementor-widget-heading\" data-id=\"207293cd\" data-element_type=\"widget\" data-widget_type=\"heading.default\">\n\t\t\t\t\t<h2 class=\"elementor-heading-title elementor-size-default\">Was wir Ihnen bieten k\u00f6nnen<\/h2>\t\t\t\t<\/div>\n\t\t\t\t<div class=\"elementor-element elementor-element-2e18f5bf elementor-widget elementor-widget-checklist\" data-id=\"2e18f5bf\" data-element_type=\"widget\" data-widget_type=\"checklist.default\">\n\t\t\t\t<div class=\"elementor-widget-container\">\n\t\t\t\t\t<!-- <span class=\"material-symbols-outlined\">\ntask_alt\n<\/span> -->\n\n\t<div class=\"checklist-wrapper\">\n\t\t\t\t\t<span class=\"checklist-item\">Edelstahltank(s) individuell nach Ma\u00df<\/span>\n\t\t\t\t\t<span class=\"checklist-item\">Lange Lebensdauer durch hochwertigen Edelstahl<\/span>\n\t\t\t\t\t<span class=\"checklist-item\">Kosteneffiziente und innovative L\u00f6sungen<\/span>\n\t\t\t\t\t<span class=\"checklist-item\">Fokus auf die Verbesserung Ihrer Prozesse<\/span>\n\t\t\t\t\t<span class=\"checklist-item\">Produkte, die alle festgelegten Normen und Anforderungen erf\u00fcllen<\/span>\n\t\t\t\t\t<span class=\"checklist-item\">Schnelle Lieferung durch effektives und effizientes Vorgehen<\/span>\n\t\t\t\t\t<span class=\"checklist-item\">Keine Sorge, wir k\u00fcmmern uns um Ihr Projekt von A bis Z<\/span>\n\t\t\t<\/div>\n\t\t\t\t<\/div>\n\t\t\t\t<\/div>\n\t\t\t\t<div class=\"elementor-element elementor-element-5e5b07a elementor-widget elementor-widget-text-editor\" data-id=\"5e5b07a\" data-element_type=\"widget\" data-widget_type=\"text-editor.default\">\n\t\t\t\t\t\t\t\t\t<h3>Wo Sie uns finden<\/h3><p>Unser Hauptsitz mit angrenzenden Produktionshallen befindet sich zentral in Lopik in den Niederlanden. In Groot-Ammers finden Sie unsere Fabrik, von der aus (gr\u00f6\u00dfere) Tanks direkt \u00fcber das Wasser transportiert werden k\u00f6nnen.<\/p><p><strong>International: Gpi Tanks Poland, Gpi Tanks GmbH, Gpi Tanks India<\/strong><br \/>Gpi Tanks hat auch Niederlassungen in Deutschland und Indien. Gpi Tanks Poland ist zum Beispiel ein selbstst\u00e4ndiges Unternehmen und betreibt die Planung und den Bau von Tanks von Skarbimierz und Brzeg in Polen aus, wobei die Tanks in der Fabrik hergestellt und \u00fcber die Stra\u00dfe transportiert werden.<\/p>\t\t\t\t\t\t\t\t<\/div>\n\t\t\t\t\t<\/div>\n\t\t<\/div>\n\t\t\t\t\t<\/div>\n\t\t<\/section>\n\t\t\t\t<section class=\"elementor-section elementor-top-section elementor-element elementor-element-1cd7992b elementor-section-boxed elementor-section-height-default elementor-section-height-default\" data-id=\"1cd7992b\" data-element_type=\"section\" data-settings=\"{&quot;background_background&quot;:&quot;classic&quot;}\">\n\t\t\t\t\t\t<div class=\"elementor-container elementor-column-gap-default\">\n\t\t\t\t\t<div class=\"elementor-column elementor-col-100 elementor-top-column elementor-element elementor-element-374e886b\" data-id=\"374e886b\" data-element_type=\"column\">\n\t\t\t<div class=\"elementor-widget-wrap elementor-element-populated\">\n\t\t\t\t\t\t<div class=\"elementor-element elementor-element-43ca21a6 elementor-widget elementor-widget-heading\" data-id=\"43ca21a6\" data-element_type=\"widget\" data-widget_type=\"heading.default\">\n\t\t\t\t\t<h1 class=\"elementor-heading-title elementor-size-default\"><br>Wof\u00fcr wir stehen<\/h1>\t\t\t\t<\/div>\n\t\t\t\t<section class=\"elementor-section elementor-inner-section elementor-element elementor-element-24380d7a elementor-section-boxed elementor-section-height-default elementor-section-height-default\" data-id=\"24380d7a\" data-element_type=\"section\">\n\t\t\t\t\t\t<div class=\"elementor-container elementor-column-gap-default\">\n\t\t\t\t\t<div class=\"elementor-column elementor-col-50 elementor-inner-column elementor-element elementor-element-7dce8855\" data-id=\"7dce8855\" data-element_type=\"column\">\n\t\t\t<div class=\"elementor-widget-wrap elementor-element-populated\">\n\t\t\t\t\t\t<div class=\"elementor-element elementor-element-2f311859 elementor-invisible elementor-widget elementor-widget-image-box\" data-id=\"2f311859\" data-element_type=\"widget\" data-settings=\"{&quot;motion_fx_motion_fx_scrolling&quot;:&quot;yes&quot;,&quot;_animation&quot;:&quot;zoomIn&quot;,&quot;motion_fx_devices&quot;:[&quot;desktop&quot;,&quot;tablet&quot;,&quot;mobile&quot;]}\" data-widget_type=\"image-box.default\">\n\t\t\t\t\t<div class=\"elementor-image-box-wrapper\"><div class=\"elementor-image-box-content\"><h3 class=\"elementor-image-box-title\">Expertenwissen<\/h3><p class=\"elementor-image-box-description\">Unsere Mitarbeiter verstehen ihr Handwerk. In jeder Phase des Projekts k\u00f6nnen Sie sich auf unser Fachwissen verlassen. Wir haben Experten aus jeder Branche, um uns zu einem w\u00fcrdigen Gesch\u00e4ftspartner in jedem Bereich zu machen.<\/p><\/div><\/div>\t\t\t\t<\/div>\n\t\t\t\t<div class=\"elementor-element elementor-element-75d56d20 elementor-invisible elementor-widget elementor-widget-image-box\" data-id=\"75d56d20\" data-element_type=\"widget\" data-settings=\"{&quot;motion_fx_motion_fx_scrolling&quot;:&quot;yes&quot;,&quot;_animation&quot;:&quot;zoomIn&quot;,&quot;motion_fx_devices&quot;:[&quot;desktop&quot;,&quot;tablet&quot;,&quot;mobile&quot;]}\" data-widget_type=\"image-box.default\">\n\t\t\t\t\t<div class=\"elementor-image-box-wrapper\"><div class=\"elementor-image-box-content\"><h3 class=\"elementor-image-box-title\">Antrieb<\/h3><p class=\"elementor-image-box-description\">Wir tun es einfach. Mit dem richtigen Engagement und der richtigen Einstellung schaffen wir es immer, etwas zu erreichen, auf das wir stolz sein k\u00f6nnen.<\/p><\/div><\/div>\t\t\t\t<\/div>\n\t\t\t\t\t<\/div>\n\t\t<\/div>\n\t\t\t\t<div class=\"elementor-column elementor-col-50 elementor-inner-column elementor-element elementor-element-2094d571\" data-id=\"2094d571\" data-element_type=\"column\">\n\t\t\t<div class=\"elementor-widget-wrap elementor-element-populated\">\n\t\t\t\t\t\t<div class=\"elementor-element elementor-element-ca67956 elementor-invisible elementor-widget elementor-widget-image-box\" data-id=\"ca67956\" data-element_type=\"widget\" data-settings=\"{&quot;motion_fx_motion_fx_scrolling&quot;:&quot;yes&quot;,&quot;_animation&quot;:&quot;zoomIn&quot;,&quot;motion_fx_devices&quot;:[&quot;desktop&quot;,&quot;tablet&quot;,&quot;mobile&quot;]}\" data-widget_type=\"image-box.default\">\n\t\t\t\t\t<div class=\"elementor-image-box-wrapper\"><div class=\"elementor-image-box-content\"><h3 class=\"elementor-image-box-title\">Selbstverpflichtung<\/h3><p class=\"elementor-image-box-description\">Ob es um die Realisierung von Projekten oder die L\u00f6sung von Problemen geht \u2013 wir arbeiten zusammen. Wir sind ein zuverl\u00e4ssiger Gesch\u00e4ftspartner, und unsere Kunden wissen, was sie erwarten k\u00f6nnen: eine professionelle Zusammenarbeit.<\/p><\/div><\/div>\t\t\t\t<\/div>\n\t\t\t\t<div class=\"elementor-element elementor-element-6736a787 elementor-invisible elementor-widget elementor-widget-image-box\" data-id=\"6736a787\" data-element_type=\"widget\" data-settings=\"{&quot;motion_fx_motion_fx_scrolling&quot;:&quot;yes&quot;,&quot;_animation&quot;:&quot;zoomIn&quot;,&quot;motion_fx_devices&quot;:[&quot;desktop&quot;,&quot;tablet&quot;,&quot;mobile&quot;]}\" data-widget_type=\"image-box.default\">\n\t\t\t\t\t<div class=\"elementor-image-box-wrapper\"><div class=\"elementor-image-box-content\"><h3 class=\"elementor-image-box-title\">Innovation<\/h3><p class=\"elementor-image-box-description\">Wir arbeiten st\u00e4ndig an intelligenteren (IT-) L\u00f6sungen und schaffen dadurch bessere Prozesse f\u00fcr unsere Kunden. Hierdurch k\u00f6nnen wir schnell handeln und Ihnen ein Angebot unterbreiten.<\/p><\/div><\/div>\t\t\t\t<\/div>\n\t\t\t\t\t<\/div>\n\t\t<\/div>\n\t\t\t\t\t<\/div>\n\t\t<\/section>\n\t\t\t\t\t<\/div>\n\t\t<\/div>\n\t\t\t\t\t<\/div>\n\t\t<\/section>\n\t\t\t\t<section class=\"elementor-section elementor-top-section elementor-element elementor-element-6a2ee6f6 elementor-section-boxed elementor-section-height-default elementor-section-height-default\" data-id=\"6a2ee6f6\" data-element_type=\"section\" data-settings=\"{&quot;background_background&quot;:&quot;classic&quot;}\">\n\t\t\t\t\t\t<div class=\"elementor-container elementor-column-gap-default\">\n\t\t\t\t\t<div class=\"elementor-column elementor-col-100 elementor-top-column elementor-element elementor-element-5df7f486\" data-id=\"5df7f486\" data-element_type=\"column\">\n\t\t\t<div class=\"elementor-widget-wrap elementor-element-populated\">\n\t\t\t\t\t\t<div class=\"elementor-element elementor-element-5f8b59c5 elementor-widget elementor-widget-heading\" data-id=\"5f8b59c5\" data-element_type=\"widget\" data-widget_type=\"heading.default\">\n\t\t\t\t\t<h1 class=\"elementor-heading-title elementor-size-default\"><b>Mehr \u00fcber uns<\/b><\/h1>\t\t\t\t<\/div>\n\t\t\t\t<section class=\"elementor-section elementor-inner-section elementor-element elementor-element-6896fc96 elementor-section-boxed elementor-section-height-default elementor-section-height-default\" data-id=\"6896fc96\" data-element_type=\"section\">\n\t\t\t\t\t\t<div class=\"elementor-container elementor-column-gap-default\">\n\t\t\t\t\t<div class=\"elementor-column elementor-col-50 elementor-inner-column elementor-element elementor-element-62272df5\" data-id=\"62272df5\" data-element_type=\"column\">\n\t\t\t<div class=\"elementor-widget-wrap elementor-element-populated\">\n\t\t\t\t\t\t<div class=\"elementor-element elementor-element-253aee29 elementor-widget elementor-widget-ttp-image-box\" data-id=\"253aee29\" data-element_type=\"widget\" data-widget_type=\"ttp-image-box.default\">\n\t\t\t\t<div class=\"elementor-widget-container\">\n\t\t\t\t\t\n<div class=\"ttp-image-box\">\n\t<div class=\"ttp-image-box-image\" style=\"background-image: url('https:\/\/gpi-tanks.com\/wp-content\/uploads\/2022\/08\/lopik.jpg')\"><\/div>\n\n\t<div class=\"ttp-image-box-content\">\n\t\t<h2>Gpi Tanks & Process Equipment<\/h2>\n\t\t<p>Sind Sie auf der Suche nach Prozessausr\u00fcstung, Prozessanlagen, extra gro\u00dfen Edelstahltanks oder komplexen Pharmatanks? Gpi Tanks ist Teil der Gpi Group. Lesen Sie mehr \u00fcber unsere Unternehmen und Kompetenzen.<\/p>\n\n\t\t<a href=\"https:\/\/gpi-tanks.com\/de\/ueber-gpi-group\/\" class=\"arrow-button\">\n\t\t\t<span style=\"\">Mehr lesen<\/span>\n\t\t\t<div class=\"cirlce-box\">\n\t\t\t\t<i class=\"fal fa-arrow-right\" style=\"\"><\/i>\n\t\t\t\t<svg width=\"52\" height=\"52\" class=\"outer-circle\">\n\t\t\t\t\t<circle cx=\"26\" cy=\"26\" r=\"24\" stroke=\"#efefef90\" stroke-width=\"1\" fill-opacity=\"0\"><\/circle>\n\t\t\t\t\t<circle class=\"circle\" cx=\"26\" cy=\"26\" r=\"24\" stroke=\"#00a799\" fill-opacity=\"0\" stroke-width=\"3\"><\/circle>\n\t\t\t\t<\/svg>\n\t\t\t<\/div>\n\t\t<\/a>\n    <\/div>\n<\/div>\n\t\t\t\t<\/div>\n\t\t\t\t<\/div>\n\t\t\t\t\t<\/div>\n\t\t<\/div>\n\t\t\t\t<div class=\"elementor-column elementor-col-50 elementor-inner-column elementor-element elementor-element-52ec3533\" data-id=\"52ec3533\" data-element_type=\"column\">\n\t\t\t<div class=\"elementor-widget-wrap elementor-element-populated\">\n\t\t\t\t\t\t<div class=\"elementor-element elementor-element-2b7507a elementor-widget elementor-widget-ttp-image-box\" data-id=\"2b7507a\" data-element_type=\"widget\" data-widget_type=\"ttp-image-box.default\">\n\t\t\t\t<div class=\"elementor-widget-container\">\n\t\t\t\t\t\n<div class=\"ttp-image-box\">\n\t<div class=\"ttp-image-box-image\" style=\"background-image: url('https:\/\/gpi-tanks.com\/wp-content\/uploads\/2022\/07\/werken-bij-Gpi-productie-21.jpg')\"><\/div>\n\n\t<div class=\"ttp-image-box-content\">\n\t\t<h2>Qualit\u00e4t<\/h2>\n\t\t<p>Qualit\u00e4t ist unsere Mentalit\u00e4t, daher entsprechen unsere Produkte und Prozesse verschiedenen Normen und wir verf\u00fcgen \u00fcber verschiedene Zertifizierungen. Wir planen nach allen genormten Bauvorschriften.<\/p>\n\n\t\t<a href=\"https:\/\/gpi-tanks.com\/de\/qualitaet\/\" class=\"arrow-button\">\n\t\t\t<span style=\"\">Mehr lesen<\/span>\n\t\t\t<div class=\"cirlce-box\">\n\t\t\t\t<i class=\"fal fa-arrow-right\" style=\"\"><\/i>\n\t\t\t\t<svg width=\"52\" height=\"52\" class=\"outer-circle\">\n\t\t\t\t\t<circle cx=\"26\" cy=\"26\" r=\"24\" stroke=\"#efefef90\" stroke-width=\"1\" fill-opacity=\"0\"><\/circle>\n\t\t\t\t\t<circle class=\"circle\" cx=\"26\" cy=\"26\" r=\"24\" stroke=\"#00a799\" fill-opacity=\"0\" stroke-width=\"3\"><\/circle>\n\t\t\t\t<\/svg>\n\t\t\t<\/div>\n\t\t<\/a>\n    <\/div>\n<\/div>\n\t\t\t\t<\/div>\n\t\t\t\t<\/div>\n\t\t\t\t\t<\/div>\n\t\t<\/div>\n\t\t\t\t\t<\/div>\n\t\t<\/section>\n\t\t\t\t<div class=\"elementor-element elementor-element-6677bb18 standard-width-button elementor-widget elementor-widget-subpage-cards\" data-id=\"6677bb18\" data-element_type=\"widget\" data-widget_type=\"subpage-cards.default\">\n\t\t\t\t<div class=\"elementor-widget-container\">\n\t\t\t\t\t\n<div class=\"row\">\n    <\/div>\t\t\t\t<\/div>\n\t\t\t\t<\/div>\n\t\t\t\t\t<\/div>\n\t\t<\/div>\n\t\t\t\t\t<\/div>\n\t\t<\/section>\n\t\t\t\t<section class=\"elementor-section elementor-top-section elementor-element elementor-element-534f2a3b elementor-section-boxed elementor-section-height-default elementor-section-height-default\" data-id=\"534f2a3b\" data-element_type=\"section\">\n\t\t\t\t\t\t<div class=\"elementor-container elementor-column-gap-default\">\n\t\t\t\t\t<div class=\"elementor-column elementor-col-100 elementor-top-column elementor-element elementor-element-62b60cae\" data-id=\"62b60cae\" data-element_type=\"column\">\n\t\t\t<div class=\"elementor-widget-wrap elementor-element-populated\">\n\t\t\t\t\t\t<div class=\"elementor-element elementor-element-510ee5d2 elementor-widget elementor-widget-spacer\" data-id=\"510ee5d2\" data-element_type=\"widget\" data-widget_type=\"spacer.default\">\n\t\t\t\t\t\t\t<div class=\"elementor-spacer\">\n\t\t\t<div class=\"elementor-spacer-inner\"><\/div>\n\t\t<\/div>\n\t\t\t\t\t\t<\/div>\n\t\t\t\t<div class=\"elementor-element elementor-element-655f11ed elementor-widget elementor-widget-overlapping-card\" data-id=\"655f11ed\" data-element_type=\"widget\" data-widget_type=\"overlapping-card.default\">\n\t\t\t\t<div class=\"elementor-widget-container\">\n\t\t\t\t\t\n<div class=\"overlapping-card reverse\">\n    <div class=\"overlapping-card--image\" style=\"background-image: url('https:\/\/gpi-tanks.com\/wp-content\/uploads\/2022\/07\/werken-bij-Gpi-kantoor-12-e1659013115160.jpg')\"><\/div>\n    <div class=\"overlapping-card--content\">\n        <h2><b>Wir helfen Ihnen gerne weiter!<\/b><\/h2>\n        <p>M\u00f6chten Sie mehr Informationen? Senden Sie uns eine Nachricht oder rufen Sie uns an und wir werden Ihnen so schnell wie m\u00f6glich helfen!<\/p>\n        \n        <a class=\"gpi-button\" href=\"https:\/\/gpi-tanks.com\/de\/kontakt\/\" style=\"\">\n            <span class=\"arrow-link-text\">Kontakt aufnehmen<\/span>\n            <div class=\"arrow-btn\">\n                <i class=\"fal fa-arrow-right\"><\/i>\n            <\/div>\n        <\/a>\n    <\/div>\n<\/div>\n\t\t\t\t<\/div>\n\t\t\t\t<\/div>\n\t\t\t\t<div class=\"elementor-element elementor-element-4a58ab0a elementor-widget elementor-widget-spacer\" data-id=\"4a58ab0a\" data-element_type=\"widget\" data-widget_type=\"spacer.default\">\n\t\t\t\t\t\t\t<div class=\"elementor-spacer\">\n\t\t\t<div class=\"elementor-spacer-inner\"><\/div>\n\t\t<\/div>\n\t\t\t\t\t\t<\/div>\n\t\t\t\t\t<\/div>\n\t\t<\/div>\n\t\t\t\t\t<\/div>\n\t\t<\/section>\n\t\t\t\t<section class=\"elementor-section elementor-top-section elementor-element elementor-element-d70ccc2 elementor-section-full_width elementor-section-height-default elementor-section-height-default\" data-id=\"d70ccc2\" data-element_type=\"section\">\n\t\t\t\t\t\t<div class=\"elementor-container elementor-column-gap-default\">\n\t\t\t\t\t<div class=\"elementor-column elementor-col-100 elementor-top-column elementor-element elementor-element-b47e658\" data-id=\"b47e658\" data-element_type=\"column\">\n\t\t\t<div class=\"elementor-widget-wrap\">\n\t\t\t\t\t\t\t<\/div>\n\t\t<\/div>\n\t\t\t\t\t<\/div>\n\t\t<\/section>\n\t\t\t\t<\/div>\n\t\t","protected":false},"excerpt":{"rendered":"<p>Gpi Tanks Ihr Experte f\u00fcr Tank- und Beh\u00e4lterbau Jetzt kontaktieren Was wir tun Bereits seit 1994 sind wir als Tankbau-Unternehmen auf die Planung, Fertigung, Lieferung und Montage von Industrietanks in Europa spezialisiert. Unser Ziel ist es, als Tankbauer einen Mehrwert f\u00fcr Ihre Prozesse zu schaffen. Wir arbeiten gerne mit Ihnen zusammen und bringen unsere Erfahrung<\/p>\n","protected":false},"author":2,"featured_media":12190,"parent":0,"menu_order":0,"comment_status":"closed","ping_status":"closed","template":"elementor_header_footer","meta":{"_acf_changed":false,"footnotes":""},"class_list":["post-12410","page","type-page","status-publish","has-post-thumbnail","hentry"],"acf":[],"_links":{"self":[{"href":"https:\/\/gpi-tanks.com\/de\/wp-json\/wp\/v2\/pages\/12410","targetHints":{"allow":["GET"]}}],"collection":[{"href":"https:\/\/gpi-tanks.com\/de\/wp-json\/wp\/v2\/pages"}],"about":[{"href":"https:\/\/gpi-tanks.com\/de\/wp-json\/wp\/v2\/types\/page"}],"author":[{"embeddable":true,"href":"https:\/\/gpi-tanks.com\/de\/wp-json\/wp\/v2\/users\/2"}],"replies":[{"embeddable":true,"href":"https:\/\/gpi-tanks.com\/de\/wp-json\/wp\/v2\/comments?post=12410"}],"version-history":[{"count":6,"href":"https:\/\/gpi-tanks.com\/de\/wp-json\/wp\/v2\/pages\/12410\/revisions"}],"predecessor-version":[{"id":93515,"href":"https:\/\/gpi-tanks.com\/de\/wp-json\/wp\/v2\/pages\/12410\/revisions\/93515"}],"wp:featuredmedia":[{"embeddable":true,"href":"https:\/\/gpi-tanks.com\/de\/wp-json\/wp\/v2\/media\/12190"}],"wp:attachment":[{"href":"https:\/\/gpi-tanks.com\/de\/wp-json\/wp\/v2\/media?parent=12410"}],"curies":[{"name":"wp","href":"https:\/\/api.w.org\/{rel}","templated":true}]}}