{"id":12423,"date":"2022-07-25T08:54:17","date_gmt":"2022-07-25T08:54:17","guid":{"rendered":"https:\/\/gpi-tanks.com\/disclaimer\/"},"modified":"2025-04-30T10:31:45","modified_gmt":"2025-04-30T10:31:45","slug":"haftungsausschluss-old","status":"publish","type":"page","link":"https:\/\/gpi-tanks.com\/de\/haftungsausschluss-old\/","title":{"rendered":"Haftungsausschluss"},"content":{"rendered":"\t\t<div data-elementor-type=\"wp-page\" data-elementor-id=\"12423\" class=\"elementor elementor-12423\" data-elementor-post-type=\"page\">\n\t\t\t\t\t\t<section class=\"elementor-section elementor-top-section elementor-element elementor-element-d70ccc2 elementor-section-full_width elementor-section-height-default elementor-section-height-default\" data-id=\"d70ccc2\" data-element_type=\"section\">\n\t\t\t\t\t\t<div class=\"elementor-container elementor-column-gap-default\">\n\t\t\t\t\t<div class=\"elementor-column elementor-col-100 elementor-top-column elementor-element elementor-element-b47e658\" data-id=\"b47e658\" data-element_type=\"column\">\n\t\t\t<div class=\"elementor-widget-wrap elementor-element-populated\">\n\t\t\t\t\t\t<div class=\"elementor-element elementor-element-5058388 brandbox-button elementor-widget elementor-widget-brandbox\" data-id=\"5058388\" data-element_type=\"widget\" data-widget_type=\"brandbox.default\">\n\t\t\t\t<div class=\"elementor-widget-container\">\n\t\t\t\t\t<div class=\"brandbox\" style=\"background-color: #F7F7F7\">\n\t<div class=\"brandbox-content\">\n\t\t<div class=\"brandbox-content-wrapper\">\n\t\t\t\t\t\t\t<h1>Disclaimer<\/h1>\n\t\t\t\n\t\t\t\t\t\t\t<h3>Was Sie \u00fcber die Information auf unserer Webseite wissen sollten<\/h3>\n\t\t\t\n\t\t\t\t\t\t\t\t\t\t\t\t<a href=\"https:\/\/gpi-tanks.com\/de\/request\/\" class=\"arrow-button\">\n\t\t\t\t\t\t<span style=\"\">Kontakt<\/span>\n\t\t\t\t\t\t<div class=\"cirlce-box\">\n\t\t\t\t\t\t\t<i class=\"fal fa-arrow-right\" style=\"\"><\/i>\n\t\t\t\t\t\t\t<svg width=\"52\" height=\"52\" class=\"outer-circle\">\n\t\t\t\t\t\t\t\t<circle cx=\"26\" cy=\"26\" r=\"24\" stroke=\"#efefef90\" stroke-width=\"1\" fill-opacity=\"0\"><\/circle>\n\t\t\t\t\t\t\t\t<circle class=\"circle\" cx=\"26\" cy=\"26\" r=\"24\" stroke=\"#00a799\" fill-opacity=\"0\" stroke-width=\"3\"><\/circle>\n\t\t\t\t\t\t\t<\/svg>\n\t\t\t\t\t\t<\/div>\n\t\t\t\t\t<\/a>\n\t\t\t\t\t\t\t\t\t<\/div>\n\t<\/div>\n\n\t<div class=\"brandbox-image\" style=\"background-image: url( https:\/\/gpi-tanks.com\/wp-content\/uploads\/2021\/11\/verticaal-PL-1.jpg );\"><\/div>\n<\/div>\n\t\t\t\t<\/div>\n\t\t\t\t<\/div>\n\t\t\t\t\t<\/div>\n\t\t<\/div>\n\t\t\t\t\t<\/div>\n\t\t<\/section>\n\t\t\t\t<section class=\"elementor-section elementor-top-section elementor-element elementor-element-3b3e5b3e elementor-section-boxed elementor-section-height-default elementor-section-height-default\" data-id=\"3b3e5b3e\" data-element_type=\"section\">\n\t\t\t\t\t\t<div class=\"elementor-container elementor-column-gap-default\">\n\t\t\t\t\t<div class=\"elementor-column elementor-col-100 elementor-top-column elementor-element elementor-element-4ddc8fe\" data-id=\"4ddc8fe\" data-element_type=\"column\">\n\t\t\t<div class=\"elementor-widget-wrap elementor-element-populated\">\n\t\t\t\t\t\t<div class=\"elementor-element elementor-element-f32c86e elementor-widget elementor-widget-text-editor\" data-id=\"f32c86e\" data-element_type=\"widget\" data-widget_type=\"text-editor.default\">\n\t\t\t\t\t\t\t\t\t<p>GPI Roestvast BV (Kamer van Koophandel: KvK \/ Niederl\u00e4ndische Handelskammer), nachstehend Gpi, gew\u00e4hrt Ihnen hiermit Zugang zu www.gpi-tanks.com (\u201edie Webseite\u201c) und publiziert hier informative Texte, Bilder und anderes Material.<\/p><p>Gpi beh\u00e4lt dabei das Recht, jederzeit den Inhalt anzupassen oder Teile zu l\u00f6schen, ohne Sie dar\u00fcber vorab zu informieren.<\/p><p>Die Informationen auf der Webseite werden als unverbindlich angesehen und nicht als ein konkretes Angebot, um eine Vereinbarung zu schlie\u00dfen. Vereinbarungen werden nur geschlossen bei der Annahme eines als solches erkennbaren Angebotes der Webseite.<\/p><h2>Beschr\u00e4nkte Haftung<\/h2><p>Gpi bem\u00fcht sich, den Inhalt der Webseite so h\u00e4ufig wie m\u00f6glich zu aktualisieren und\/oder zu vervollst\u00e4ndigen. Trotz dieser Bem\u00fchungen und Aufmerksamkeit ist es m\u00f6glich, dass der Inhalt unvollst\u00e4ndig und\/oder nicht korrekt ist.<\/p><p>Das auf der Webseite vorhandene Material wird ohne jegliche Form von Garantie oder Anspruch auf Ordnungsm\u00e4\u00dfigkeit angeboten. Dieses Material kann jeden Moment ge\u00e4ndert werden, ohne vorherige Mitteilung seitens Gpi.<\/p><p>Insbesondere sind alle Preise auf der Webseite unter Vorbehalt von Tipp- und Programmierfehlern. F\u00fcr die Folgen derartiger Fehler wird nicht gehaftet. Keine Vereinbarung kommt auf Basis dieser Fehler zustande.<\/p><p>F\u00fcr Hyperlinks zu Webseiten oder Diensten Dritter, die auf der Webseite genannt werden, kann Gpi keine Haftung \u00fcbernehmen.<\/p><h2>Urheberrechte<\/h2><p>Alle Rechte am geistigen Eigentum bez\u00fcglich dieses Materials geh\u00f6ren Gpi.<\/p><p>Ein Kopieren, Verbreiten oder jegliche andere Nutzung dieser Materialien ist nicht gestattet ohne schriftliche Zustimmung von Gpi, es sei denn, es ist in zwingenden Vorschriften anders vorgesehen (wie zum Beispiel Zitatrecht), au\u00dfer es ist bei bestimmten Materialien anders angegeben.<\/p><h2>Sonstiges<\/h2><p>Dieser Disclaimer kann von Zeit zu Zeit ge\u00e4ndert werden.<\/p>\t\t\t\t\t\t\t\t<\/div>\n\t\t\t\t\t<\/div>\n\t\t<\/div>\n\t\t\t\t\t<\/div>\n\t\t<\/section>\n\t\t\t\t<\/div>\n\t\t","protected":false},"excerpt":{"rendered":"<p>Disclaimer Was Sie \u00fcber die Information auf unserer Webseite wissen sollten Kontakt GPI Roestvast BV (Kamer van Koophandel: KvK \/ Niederl\u00e4ndische Handelskammer), nachstehend Gpi, gew\u00e4hrt Ihnen hiermit Zugang zu www.gpi-tanks.com (\u201edie Webseite\u201c) und publiziert hier informative Texte, Bilder und anderes Material. Gpi beh\u00e4lt dabei das Recht, jederzeit den Inhalt anzupassen oder Teile zu l\u00f6schen, ohne<\/p>\n","protected":false},"author":9,"featured_media":0,"parent":0,"menu_order":0,"comment_status":"closed","ping_status":"closed","template":"elementor_header_footer","meta":{"_acf_changed":false,"footnotes":""},"class_list":["post-12423","page","type-page","status-publish","hentry"],"acf":[],"_links":{"self":[{"href":"https:\/\/gpi-tanks.com\/de\/wp-json\/wp\/v2\/pages\/12423","targetHints":{"allow":["GET"]}}],"collection":[{"href":"https:\/\/gpi-tanks.com\/de\/wp-json\/wp\/v2\/pages"}],"about":[{"href":"https:\/\/gpi-tanks.com\/de\/wp-json\/wp\/v2\/types\/page"}],"author":[{"embeddable":true,"href":"https:\/\/gpi-tanks.com\/de\/wp-json\/wp\/v2\/users\/9"}],"replies":[{"embeddable":true,"href":"https:\/\/gpi-tanks.com\/de\/wp-json\/wp\/v2\/comments?post=12423"}],"version-history":[{"count":1,"href":"https:\/\/gpi-tanks.com\/de\/wp-json\/wp\/v2\/pages\/12423\/revisions"}],"predecessor-version":[{"id":83441,"href":"https:\/\/gpi-tanks.com\/de\/wp-json\/wp\/v2\/pages\/12423\/revisions\/83441"}],"wp:attachment":[{"href":"https:\/\/gpi-tanks.com\/de\/wp-json\/wp\/v2\/media?parent=12423"}],"curies":[{"name":"wp","href":"https:\/\/api.w.org\/{rel}","templated":true}]}}