{"id":32921,"date":"2022-08-01T10:00:45","date_gmt":"2022-08-01T10:00:45","guid":{"rendered":"https:\/\/gpi-tanks.com\/quality\/"},"modified":"2025-07-09T13:26:33","modified_gmt":"2025-07-09T13:26:33","slug":"qualitaet","status":"publish","type":"page","link":"https:\/\/gpi-tanks.com\/de\/qualitaet\/","title":{"rendered":"Qualit\u00e4t"},"content":{"rendered":"\t\t<div data-elementor-type=\"wp-page\" data-elementor-id=\"32921\" class=\"elementor elementor-32921 elementor-12858\" data-elementor-post-type=\"page\">\n\t\t\t\t\t\t<section class=\"elementor-section elementor-top-section elementor-element elementor-element-724a730c elementor-section-full_width elementor-section-height-default elementor-section-height-default\" data-id=\"724a730c\" data-element_type=\"section\">\n\t\t\t\t\t\t<div class=\"elementor-container elementor-column-gap-default\">\n\t\t\t\t\t<div class=\"elementor-column elementor-col-100 elementor-top-column elementor-element elementor-element-1a399f20\" data-id=\"1a399f20\" data-element_type=\"column\">\n\t\t\t<div class=\"elementor-widget-wrap elementor-element-populated\">\n\t\t\t\t\t\t<div class=\"elementor-element elementor-element-4646897e brandbox-button elementor-widget elementor-widget-brandbox\" data-id=\"4646897e\" data-element_type=\"widget\" data-widget_type=\"brandbox.default\">\n\t\t\t\t<div class=\"elementor-widget-container\">\n\t\t\t\t\t<div class=\"brandbox\" style=\"background-color: #F7F7F7\">\n\t<div class=\"brandbox-content\">\n\t\t<div class=\"brandbox-content-wrapper\">\n\t\t\t\t\t\t\t<h1><b>Qualit\u00e4t<\/b><\/h1>\n\t\t\t\n\t\t\t\t\t\t\t<h3>Das ist unsere Mentalit\u00e4t.<\/h3>\n\t\t\t\n\t\t\t\t\t\t\t\t\t\t\t\t<a href=\"https:\/\/gpi-tanks.com\/de\/request\/\" class=\"arrow-button\">\n\t\t\t\t\t\t<span style=\"\">Lassen Sie sich beraten<\/span>\n\t\t\t\t\t\t<div class=\"cirlce-box\">\n\t\t\t\t\t\t\t<i class=\"fal fa-arrow-right\" style=\"\"><\/i>\n\t\t\t\t\t\t\t<svg width=\"52\" height=\"52\" class=\"outer-circle\">\n\t\t\t\t\t\t\t\t<circle cx=\"26\" cy=\"26\" r=\"24\" stroke=\"#efefef90\" stroke-width=\"1\" fill-opacity=\"0\"><\/circle>\n\t\t\t\t\t\t\t\t<circle class=\"circle\" cx=\"26\" cy=\"26\" r=\"24\" stroke=\"#00a799\" fill-opacity=\"0\" stroke-width=\"3\"><\/circle>\n\t\t\t\t\t\t\t<\/svg>\n\t\t\t\t\t\t<\/div>\n\t\t\t\t\t<\/a>\n\t\t\t\t\t\t\t\t\t<\/div>\n\t<\/div>\n\n\t<div class=\"brandbox-image\" style=\"background-image: url( https:\/\/gpi-tanks.com\/wp-content\/uploads\/2022\/08\/werken-bij-Gpi-productie-21.jpg );\"><\/div>\n<\/div>\n\t\t\t\t<\/div>\n\t\t\t\t<\/div>\n\t\t\t\t\t<\/div>\n\t\t<\/div>\n\t\t\t\t\t<\/div>\n\t\t<\/section>\n\t\t\t\t<section class=\"elementor-section elementor-top-section elementor-element elementor-element-2c339141 elementor-section-boxed elementor-section-height-default elementor-section-height-default\" data-id=\"2c339141\" data-element_type=\"section\">\n\t\t\t\t\t\t<div class=\"elementor-container elementor-column-gap-default\">\n\t\t\t\t\t<div class=\"elementor-column elementor-col-100 elementor-top-column elementor-element elementor-element-52f1057a\" data-id=\"52f1057a\" data-element_type=\"column\">\n\t\t\t<div class=\"elementor-widget-wrap elementor-element-populated\">\n\t\t\t\t\t\t<div class=\"elementor-element elementor-element-5a8f0995 elementor-widget elementor-widget-text-editor\" data-id=\"5a8f0995\" data-element_type=\"widget\" data-widget_type=\"text-editor.default\">\n\t\t\t\t\t\t\t\t\t<p>Qualit\u00e4t hat f\u00fcr uns immer die h\u00f6chste Priorit\u00e4t. Deshalb entsprechen unsere Produkte und Verfahren allen wichtigen Normen und Zertifikaten. Wir planen nach allen genormten Bauvorschriften und die Qualit\u00e4tskontrolle ist uns heilig.<\/p>\t\t\t\t\t\t\t\t<\/div>\n\t\t\t\t<div class=\"elementor-element elementor-element-47d9c9b0 elementor-widget elementor-widget-heading\" data-id=\"47d9c9b0\" data-element_type=\"widget\" data-widget_type=\"heading.default\">\n\t\t\t\t\t<h3 class=\"elementor-heading-title elementor-size-default\">Qualit\u00e4tskontrolle<\/h3>\t\t\t\t<\/div>\n\t\t\t\t<div class=\"elementor-element elementor-element-288db2b9 elementor-widget elementor-widget-text-editor\" data-id=\"288db2b9\" data-element_type=\"widget\" data-widget_type=\"text-editor.default\">\n\t\t\t\t\t\t\t\t\t<p>Wir verf\u00fcgen \u00fcber eine produktionsunabh\u00e4ngige Qualit\u00e4tskontrolle. Vor der Produktion legen wir fest, welche Pr\u00fcfungen und Inspektionen gem\u00e4\u00df der Baunorm und Ihren Anforderungen erforderlich sind. Unser Qualit\u00e4tsmanagement f\u00fchrt w\u00e4hrend der Produktion Pr\u00fcfungen und Teilpr\u00fcfungen durch. Bei der Endabnahme eines Tanks sind unsere Kunden eingeladen, bei der Endkontrolle durch unsere Qualit\u00e4tskontrolleure anwesend zu sein. Wir verf\u00fcgen \u00fcber die gesamte Ausr\u00fcstung f\u00fcr die Durchf\u00fchrung der folgenden Qualit\u00e4tstests:<\/p><ul><li>Riboflavin-Test<\/li><li>R\u00f6ntgenpr\u00fcfung<\/li><li>Eindringpr\u00fcfung<\/li><li>Sichtpr\u00fcfung der Schwei\u00dfn\u00e4hte<\/li><li>Entleerungstest<\/li><li>Druckbeh\u00e4lterpr\u00fcfung \/ Vollwassertest<\/li><li>Rauheitsmessung<\/li><li>Vakuumpr\u00fcfung<\/li><li>Messung der Dicke<\/li><\/ul>\t\t\t\t\t\t\t\t<\/div>\n\t\t\t\t<div class=\"elementor-element elementor-element-30db0638 elementor-widget elementor-widget-heading\" data-id=\"30db0638\" data-element_type=\"widget\" data-widget_type=\"heading.default\">\n\t\t\t\t\t<h3 class=\"elementor-heading-title elementor-size-default\">Zertifizierungen und Normen<\/h3>\t\t\t\t<\/div>\n\t\t\t\t<div class=\"elementor-element elementor-element-6290d27b elementor-widget elementor-widget-text-editor\" data-id=\"6290d27b\" data-element_type=\"widget\" data-widget_type=\"text-editor.default\">\n\t\t\t\t\t\t\t\t\t<p>Um unsere Qualit\u00e4t zu gew\u00e4hrleisten, entsprechen unsere Produkte und Dienstleistungen den einschl\u00e4gigen Zertifizierungen und Normen:<\/p>\n<ul>\n<li>ISO 9001:2015<\/li>\n<li>ISO 14001:2015<\/li>\n<li>ISO 45001:2018<\/li><li>Eurocode 3<\/li>\n<li>ASME U<\/li>\n<li>PED Module H &amp; H1<\/li>\n<li>UKCA &#8211; PER Module H &amp; H1<\/li>\n<li>DIN EN ISO 3834-2<\/li>\n<li>EN 1090-2 EX3<\/li>\n<li>KIWA BRL-K756-03<\/li>\n<li>KIWA BRL-K21051-01<\/li><li>DIBT-Zulassung<\/li><li>WHG (Wasserhaushaltsgesetz)<\/li>\n<\/ul>\n<p>PED module H + H1 \u2013&nbsp;Wir sind von <a href=\"https:\/\/www.lrqa.com\/de-de\/\" target=\"_blank\" rel=\"noopener\">Lloyd&#8217;s Register<\/a> f\u00fcr die unabh\u00e4ngige Konstruktion und den Bau von Druckbeh\u00e4ltern ab 0,5 bar gepr\u00fcft und akkreditiert. F\u00fcr diese PED-Druckbeh\u00e4lter k\u00f6nnen wir daher unsere eigene CE-Erkl\u00e4rung ausstellen, was f\u00fcr Sie eine schnellere Lieferzeit bedeutet.<\/p>\n<p>EHEDG \u2013 Unsere Ingenieure sind mit den EHEDG-Richtlinien vertraut.<\/p>\n<p>ATEX \u2013 F\u00fcr eine explosionssichere Installation kann ein Zertifikat f\u00fcr Sie wichtig sein. Wir beraten Sie diesbez\u00fcglich gerne f\u00fcr eine sichere und zugelassene ATEX-Installation.<\/p>\t\t\t\t\t\t\t\t<\/div>\n\t\t\t\t<div class=\"elementor-element elementor-element-8c40e70 elementor-widget elementor-widget-heading\" data-id=\"8c40e70\" data-element_type=\"widget\" data-widget_type=\"heading.default\">\n\t\t\t\t\t<h3 class=\"elementor-heading-title elementor-size-default\">Bauvorschriften<\/h3>\t\t\t\t<\/div>\n\t\t\t\t<div class=\"elementor-element elementor-element-49c8340e elementor-widget elementor-widget-text-editor\" data-id=\"49c8340e\" data-element_type=\"widget\" data-widget_type=\"text-editor.default\">\n\t\t\t\t\t\t\t\t\t<ul>\n<li>EN13445<\/li>\n<li>EN14015<\/li>\n<li>KIWA BRL-K756-03<\/li>\n<li>KIWA BRL-K21051-01<\/li>\n<li>PGS 29<\/li>\n<li>PGS 30<\/li>\n<li>AD Merkbl\u00e4tter<\/li>\n<li>RTOD<\/li>\n<li>British Standard 2654<\/li>\n<li>ASME<\/li>\n<li>VLAREM<\/li>\n<\/ul>\t\t\t\t\t\t\t\t<\/div>\n\t\t\t\t\t<\/div>\n\t\t<\/div>\n\t\t\t\t\t<\/div>\n\t\t<\/section>\n\t\t\t\t<section class=\"elementor-section elementor-top-section elementor-element elementor-element-27cbcbcf elementor-section-boxed elementor-section-height-default elementor-section-height-default\" data-id=\"27cbcbcf\" data-element_type=\"section\">\n\t\t\t\t\t\t<div class=\"elementor-container elementor-column-gap-default\">\n\t\t\t\t\t<div class=\"elementor-column elementor-col-100 elementor-top-column elementor-element elementor-element-1304be03\" data-id=\"1304be03\" data-element_type=\"column\">\n\t\t\t<div class=\"elementor-widget-wrap elementor-element-populated\">\n\t\t\t\t\t\t<div class=\"elementor-element elementor-element-602af6be elementor-widget elementor-widget-overlapping-card\" data-id=\"602af6be\" data-element_type=\"widget\" data-widget_type=\"overlapping-card.default\">\n\t\t\t\t<div class=\"elementor-widget-container\">\n\t\t\t\t\t\n<div class=\"overlapping-card reverse\">\n    <div class=\"overlapping-card--image\" style=\"background-image: url('https:\/\/gpi-tanks.com\/wp-content\/uploads\/2022\/08\/Werken-bij-Gpi-on-site-12-1.jpg')\"><\/div>\n    <div class=\"overlapping-card--content\">\n        <h2><b>Montage und Installation<\/b><\/h2>\n        <p>Neben Engineering und Produktion k\u00fcmmern wir uns auch um die Installation Ihres Tanks und Zubeh\u00f6rs. Gpi ist VCA**-zertifiziert f\u00fcr die Installation von (Druck-) Beh\u00e4ltern, Armaturen und Anlagen aus Edelstahl. Unsere qualifizierte Montageabteilung arbeitet nach strengen Verfahren und Anweisungen, die regelm\u00e4\u00dfig von Lloyd's Register \u00fcberpr\u00fcft werden.<\/p>\n        \n        <a class=\"gpi-button\" href=\"https:\/\/gpi-tanks.com\/de\/kontakt\/\" style=\"\">\n            <span class=\"arrow-link-text\">Haben Sie Fragen?<\/span>\n            <div class=\"arrow-btn\">\n                <i class=\"fal fa-arrow-right\"><\/i>\n            <\/div>\n        <\/a>\n    <\/div>\n<\/div>\n\t\t\t\t<\/div>\n\t\t\t\t<\/div>\n\t\t\t\t\t<\/div>\n\t\t<\/div>\n\t\t\t\t\t<\/div>\n\t\t<\/section>\n\t\t\t\t<section class=\"elementor-section elementor-top-section elementor-element elementor-element-788f3b56 elementor-section-boxed elementor-section-height-default elementor-section-height-default\" data-id=\"788f3b56\" data-element_type=\"section\">\n\t\t\t\t\t\t<div class=\"elementor-container elementor-column-gap-default\">\n\t\t\t\t\t<div class=\"elementor-column elementor-col-100 elementor-top-column elementor-element elementor-element-6296af5d\" data-id=\"6296af5d\" data-element_type=\"column\">\n\t\t\t<div class=\"elementor-widget-wrap elementor-element-populated\">\n\t\t\t\t\t\t<div class=\"elementor-element elementor-element-32f963d elementor-widget elementor-widget-heading\" data-id=\"32f963d\" data-element_type=\"widget\" data-widget_type=\"heading.default\">\n\t\t\t\t\t<h3 class=\"elementor-heading-title elementor-size-default\">Weitere Pr\u00fcfungen<\/h3>\t\t\t\t<\/div>\n\t\t\t\t<div class=\"elementor-element elementor-element-fc4e95e elementor-widget elementor-widget-text-editor\" data-id=\"fc4e95e\" data-element_type=\"widget\" data-widget_type=\"text-editor.default\">\n\t\t\t\t\t\t\t\t\t<p>Wir sind selbstverst\u00e4ndlich bereit, auch dann mit Ihnen zusammenzuarbeiten, wenn Sie selbst zus\u00e4tzliche Tests und Kontrollen durch Dritte durchf\u00fchren lassen m\u00f6chten. Gerne k\u00f6nnen Sie einen Audit an unseren Standorten durchf\u00fchren lassen, um sich von unserer Qualit\u00e4t zu \u00fcberzeugen. \u00dcberdies unterst\u00fctzen wir Sie bei der Durchf\u00fchrung laufender Pr\u00fcfungen w\u00e4hrend der gesamten Lebensdauer Ihrer Anlagen.<\/p>\t\t\t\t\t\t\t\t<\/div>\n\t\t\t\t<div class=\"elementor-element elementor-element-15e393e0 elementor-widget elementor-widget-heading\" data-id=\"15e393e0\" data-element_type=\"widget\" data-widget_type=\"heading.default\">\n\t\t\t\t\t<h3 class=\"elementor-heading-title elementor-size-default\">Genehmigungen und Vorschriften<\/h3>\t\t\t\t<\/div>\n\t\t\t\t<div class=\"elementor-element elementor-element-3613a83a elementor-widget elementor-widget-text-editor\" data-id=\"3613a83a\" data-element_type=\"widget\" data-widget_type=\"text-editor.default\">\n\t\t\t\t\t\t\t\t\t<p>Es ist wichtig, dass Sie sich im Vorfeld einen \u00dcberblick \u00fcber die Anforderungen verschaffen, die Ihre Anlage und Ihre Tanks erf\u00fcllen m\u00fcssen. Bei der Erteilung von Genehmigungen k\u00f6nnen sich die Beh\u00f6rden auf verschiedene Normen und Standards beziehen, wie z. B. PGS 29, 30 und 31 sowie EN 14015 und EN 13445. Unsere Experten sind mit diesen Vorschriften vertraut und k\u00f6nnen Sie bei der Erlangung Ihrer Genehmigung professionell beraten. Ebenso k\u00f6nnen wir Sie bei Bedarf im Gespr\u00e4ch mit Beh\u00f6rden unterst\u00fctzen.<\/p>\t\t\t\t\t\t\t\t<\/div>\n\t\t\t\t\t<\/div>\n\t\t<\/div>\n\t\t\t\t\t<\/div>\n\t\t<\/section>\n\t\t\t\t<section class=\"elementor-section elementor-top-section elementor-element elementor-element-3b71a490 elementor-section-boxed elementor-section-height-default elementor-section-height-default\" data-id=\"3b71a490\" data-element_type=\"section\" data-settings=\"{&quot;background_background&quot;:&quot;classic&quot;}\">\n\t\t\t\t\t\t<div class=\"elementor-container elementor-column-gap-default\">\n\t\t\t\t\t<div class=\"elementor-column elementor-col-100 elementor-top-column elementor-element elementor-element-7a78e8a1\" data-id=\"7a78e8a1\" data-element_type=\"column\">\n\t\t\t<div class=\"elementor-widget-wrap elementor-element-populated\">\n\t\t\t\t\t\t<div class=\"elementor-element elementor-element-6e3017f0 elementor-widget elementor-widget-heading\" data-id=\"6e3017f0\" data-element_type=\"widget\" data-widget_type=\"heading.default\">\n\t\t\t\t\t<h1 class=\"elementor-heading-title elementor-size-default\"><b>Mehr \u00fcber uns<\/b><\/h1>\t\t\t\t<\/div>\n\t\t\t\t<section class=\"elementor-section elementor-inner-section elementor-element elementor-element-7af21158 elementor-section-boxed elementor-section-height-default elementor-section-height-default\" data-id=\"7af21158\" data-element_type=\"section\">\n\t\t\t\t\t\t<div class=\"elementor-container elementor-column-gap-default\">\n\t\t\t\t\t<div class=\"elementor-column elementor-col-50 elementor-inner-column elementor-element elementor-element-15ea3372\" data-id=\"15ea3372\" data-element_type=\"column\">\n\t\t\t<div class=\"elementor-widget-wrap elementor-element-populated\">\n\t\t\t\t\t\t<div class=\"elementor-element elementor-element-54bdd2d7 elementor-widget elementor-widget-ttp-image-box\" data-id=\"54bdd2d7\" data-element_type=\"widget\" data-widget_type=\"ttp-image-box.default\">\n\t\t\t\t<div class=\"elementor-widget-container\">\n\t\t\t\t\t\n<div class=\"ttp-image-box\">\n\t<div class=\"ttp-image-box-image\" style=\"background-image: url('https:\/\/gpi-tanks.com\/wp-content\/uploads\/2022\/08\/Werken-bij-Gpi-productie.jpg')\"><\/div>\n\n\t<div class=\"ttp-image-box-content\">\n\t\t<h2>\u00dcber Gpi Tanks<\/h2>\n\t\t<p>Tankbauer und Tankpartner. Gpi Tanks ist ein professioneller Tankbauer mit mehr als 25 Jahren Erfahrung. Unser Ziel ist es, einen Mehrwert f\u00fcr Ihre Prozesse zu schaffen.<\/p>\n\n\t\t<a href=\"https:\/\/gpi-tanks.com\/about-us\/ target=\" rel=\"nofollow\" class=\"arrow-button\">\n\t\t\t<span style=\"\">Mehr lesen<\/span>\n\t\t\t<div class=\"cirlce-box\">\n\t\t\t\t<i class=\"fal fa-arrow-right\" style=\"\"><\/i>\n\t\t\t\t<svg width=\"52\" height=\"52\" class=\"outer-circle\">\n\t\t\t\t\t<circle cx=\"26\" cy=\"26\" r=\"24\" stroke=\"#efefef90\" stroke-width=\"1\" fill-opacity=\"0\"><\/circle>\n\t\t\t\t\t<circle class=\"circle\" cx=\"26\" cy=\"26\" r=\"24\" stroke=\"#00a799\" fill-opacity=\"0\" stroke-width=\"3\"><\/circle>\n\t\t\t\t<\/svg>\n\t\t\t<\/div>\n\t\t<\/a>\n    <\/div>\n<\/div>\n\t\t\t\t<\/div>\n\t\t\t\t<\/div>\n\t\t\t\t\t<\/div>\n\t\t<\/div>\n\t\t\t\t<div class=\"elementor-column elementor-col-50 elementor-inner-column elementor-element elementor-element-1fd48236\" data-id=\"1fd48236\" data-element_type=\"column\">\n\t\t\t<div class=\"elementor-widget-wrap elementor-element-populated\">\n\t\t\t\t\t\t<div class=\"elementor-element elementor-element-f29c5eb elementor-widget elementor-widget-ttp-image-box\" data-id=\"f29c5eb\" data-element_type=\"widget\" data-widget_type=\"ttp-image-box.default\">\n\t\t\t\t<div class=\"elementor-widget-container\">\n\t\t\t\t\t\n<div class=\"ttp-image-box\">\n\t<div class=\"ttp-image-box-image\" style=\"background-image: url('https:\/\/gpi-tanks.com\/wp-content\/uploads\/2022\/08\/lopik-e1659344487208-1.jpg')\"><\/div>\n\n\t<div class=\"ttp-image-box-content\">\n\t\t<h2>Gpi Tanks & Process Equipment<\/h2>\n\t\t<p>Sind Sie auf der Suche nach Prozessausr\u00fcstung, extra gro\u00dfen Edelstahltanks oder komplexen Pharmatanks? Gpi Tanks ist Teil der Gpi Group. Lesen Sie mehr \u00fcber unsere Unternehmen und Kompetenzen.<\/p>\n\n\t\t<a href=\"https:\/\/gpi-tanks.com\/about-gpi-group\/ target=\" rel=\"nofollow\" class=\"arrow-button\">\n\t\t\t<span style=\"\">Mehr lesen<\/span>\n\t\t\t<div class=\"cirlce-box\">\n\t\t\t\t<i class=\"fal fa-arrow-right\" style=\"\"><\/i>\n\t\t\t\t<svg width=\"52\" height=\"52\" class=\"outer-circle\">\n\t\t\t\t\t<circle cx=\"26\" cy=\"26\" r=\"24\" stroke=\"#efefef90\" stroke-width=\"1\" fill-opacity=\"0\"><\/circle>\n\t\t\t\t\t<circle class=\"circle\" cx=\"26\" cy=\"26\" r=\"24\" stroke=\"#00a799\" fill-opacity=\"0\" stroke-width=\"3\"><\/circle>\n\t\t\t\t<\/svg>\n\t\t\t<\/div>\n\t\t<\/a>\n    <\/div>\n<\/div>\n\t\t\t\t<\/div>\n\t\t\t\t<\/div>\n\t\t\t\t\t<\/div>\n\t\t<\/div>\n\t\t\t\t\t<\/div>\n\t\t<\/section>\n\t\t\t\t<div class=\"elementor-element elementor-element-146051f8 standard-width-button elementor-widget elementor-widget-subpage-cards\" data-id=\"146051f8\" data-element_type=\"widget\" data-widget_type=\"subpage-cards.default\">\n\t\t\t\t<div class=\"elementor-widget-container\">\n\t\t\t\t\t\n<div class=\"row\">\n    <\/div>\t\t\t\t<\/div>\n\t\t\t\t<\/div>\n\t\t\t\t\t<\/div>\n\t\t<\/div>\n\t\t\t\t\t<\/div>\n\t\t<\/section>\n\t\t\t\t<section class=\"elementor-section elementor-top-section elementor-element elementor-element-1e9da1f4 elementor-section-boxed elementor-section-height-default elementor-section-height-default\" data-id=\"1e9da1f4\" data-element_type=\"section\">\n\t\t\t\t\t\t<div class=\"elementor-container elementor-column-gap-default\">\n\t\t\t\t\t<div class=\"elementor-column elementor-col-100 elementor-top-column elementor-element elementor-element-5dbf70e5\" data-id=\"5dbf70e5\" data-element_type=\"column\">\n\t\t\t<div class=\"elementor-widget-wrap elementor-element-populated\">\n\t\t\t\t\t\t<div class=\"elementor-element elementor-element-6e67ca4d elementor-widget elementor-widget-spacer\" data-id=\"6e67ca4d\" data-element_type=\"widget\" data-widget_type=\"spacer.default\">\n\t\t\t\t\t\t\t<div class=\"elementor-spacer\">\n\t\t\t<div class=\"elementor-spacer-inner\"><\/div>\n\t\t<\/div>\n\t\t\t\t\t\t<\/div>\n\t\t\t\t<div class=\"elementor-element elementor-element-55db9976 elementor-widget elementor-widget-overlapping-card\" data-id=\"55db9976\" data-element_type=\"widget\" data-widget_type=\"overlapping-card.default\">\n\t\t\t\t<div class=\"elementor-widget-container\">\n\t\t\t\t\t\n<div class=\"overlapping-card \">\n    <div class=\"overlapping-card--image\" style=\"background-image: url('https:\/\/gpi-tanks.com\/wp-content\/uploads\/2022\/08\/werken-bij-Gpi-kantoor-6.jpg')\"><\/div>\n    <div class=\"overlapping-card--content\">\n        <h2><b>Wir helfen Ihnen gerne weiter!<\/b><\/h2>\n        <p>M\u00f6chten Sie mehr Informationen oder ein individuelles Angebot? Senden Sie uns eine Nachricht oder rufen Sie uns an und wir werden Ihnen so schnell wie m\u00f6glich helfen!<\/p>\n        \n        <a class=\"gpi-button\" href=\"https:\/\/gpi-tanks.com\/de\/kontakt\/\" style=\"\">\n            <span class=\"arrow-link-text\">Kontakt<\/span>\n            <div class=\"arrow-btn\">\n                <i class=\"fal fa-arrow-right\"><\/i>\n            <\/div>\n        <\/a>\n    <\/div>\n<\/div>\n\t\t\t\t<\/div>\n\t\t\t\t<\/div>\n\t\t\t\t<div class=\"elementor-element elementor-element-11e8f0ea elementor-widget elementor-widget-spacer\" data-id=\"11e8f0ea\" data-element_type=\"widget\" data-widget_type=\"spacer.default\">\n\t\t\t\t\t\t\t<div class=\"elementor-spacer\">\n\t\t\t<div class=\"elementor-spacer-inner\"><\/div>\n\t\t<\/div>\n\t\t\t\t\t\t<\/div>\n\t\t\t\t\t<\/div>\n\t\t<\/div>\n\t\t\t\t\t<\/div>\n\t\t<\/section>\n\t\t\t\t<\/div>\n\t\t","protected":false},"excerpt":{"rendered":"<p>Qualit\u00e4t Das ist unsere Mentalit\u00e4t. Lassen Sie sich beraten Qualit\u00e4t hat f\u00fcr uns immer die h\u00f6chste Priorit\u00e4t. Deshalb entsprechen unsere Produkte und Verfahren allen wichtigen Normen und Zertifikaten. Wir planen nach allen genormten Bauvorschriften und die Qualit\u00e4tskontrolle ist uns heilig. Qualit\u00e4tskontrolle Wir verf\u00fcgen \u00fcber eine produktionsunabh\u00e4ngige Qualit\u00e4tskontrolle. Vor der Produktion legen wir fest, welche Pr\u00fcfungen<\/p>\n","protected":false},"author":9,"featured_media":0,"parent":0,"menu_order":0,"comment_status":"closed","ping_status":"closed","template":"elementor_header_footer","meta":{"_acf_changed":false,"footnotes":""},"class_list":["post-32921","page","type-page","status-publish","hentry"],"acf":[],"_links":{"self":[{"href":"https:\/\/gpi-tanks.com\/de\/wp-json\/wp\/v2\/pages\/32921","targetHints":{"allow":["GET"]}}],"collection":[{"href":"https:\/\/gpi-tanks.com\/de\/wp-json\/wp\/v2\/pages"}],"about":[{"href":"https:\/\/gpi-tanks.com\/de\/wp-json\/wp\/v2\/types\/page"}],"author":[{"embeddable":true,"href":"https:\/\/gpi-tanks.com\/de\/wp-json\/wp\/v2\/users\/9"}],"replies":[{"embeddable":true,"href":"https:\/\/gpi-tanks.com\/de\/wp-json\/wp\/v2\/comments?post=32921"}],"version-history":[{"count":3,"href":"https:\/\/gpi-tanks.com\/de\/wp-json\/wp\/v2\/pages\/32921\/revisions"}],"predecessor-version":[{"id":85616,"href":"https:\/\/gpi-tanks.com\/de\/wp-json\/wp\/v2\/pages\/32921\/revisions\/85616"}],"wp:attachment":[{"href":"https:\/\/gpi-tanks.com\/de\/wp-json\/wp\/v2\/media?parent=32921"}],"curies":[{"name":"wp","href":"https:\/\/api.w.org\/{rel}","templated":true}]}}