{"id":32951,"date":"2022-07-28T11:13:23","date_gmt":"2022-07-28T11:13:23","guid":{"rendered":"https:\/\/gpi-tanks.com\/about-gpi-group\/"},"modified":"2026-02-12T08:48:34","modified_gmt":"2026-02-12T08:48:34","slug":"ueber-gpi-group","status":"publish","type":"page","link":"https:\/\/gpi-tanks.com\/de\/ueber-gpi-group\/","title":{"rendered":"\u00dcber Gpi Group"},"content":{"rendered":"\t\t<div data-elementor-type=\"wp-page\" data-elementor-id=\"32951\" class=\"elementor elementor-32951 elementor-12503\" data-elementor-post-type=\"page\">\n\t\t\t\t\t\t<section class=\"elementor-section elementor-top-section elementor-element elementor-element-2e3b6a2a elementor-section-full_width elementor-section-height-default elementor-section-height-default\" data-id=\"2e3b6a2a\" data-element_type=\"section\">\n\t\t\t\t\t\t<div class=\"elementor-container elementor-column-gap-default\">\n\t\t\t\t\t<div class=\"elementor-column elementor-col-100 elementor-top-column elementor-element elementor-element-3425fef6\" data-id=\"3425fef6\" data-element_type=\"column\">\n\t\t\t<div class=\"elementor-widget-wrap elementor-element-populated\">\n\t\t\t\t\t\t<div class=\"elementor-element elementor-element-1909eab8 brandbox-button elementor-widget elementor-widget-brandbox\" data-id=\"1909eab8\" data-element_type=\"widget\" data-widget_type=\"brandbox.default\">\n\t\t\t\t<div class=\"elementor-widget-container\">\n\t\t\t\t\t<div class=\"brandbox\" style=\"background-color: #F7F7F7\">\n\t<div class=\"brandbox-content\">\n\t\t<div class=\"brandbox-content-wrapper\">\n\t\t\t\t\t\t\t<h1><b>\u00dcber Gpi Group<\/b><\/h1>\n\t\t\t\n\t\t\t\t\t\t\t<h3>Gpi Tanks & Process Equipment<\/h3>\n\t\t\t\n\t\t\t\t\t\t\t\t\t\t\t\t<a href=\"https:\/\/gpi-tanks.com\/de\/kontakt\/\" class=\"arrow-button\">\n\t\t\t\t\t\t<span style=\"\">Kontakt<\/span>\n\t\t\t\t\t\t<div class=\"cirlce-box\">\n\t\t\t\t\t\t\t<i class=\"fal fa-arrow-right\" style=\"\"><\/i>\n\t\t\t\t\t\t\t<svg width=\"52\" height=\"52\" class=\"outer-circle\">\n\t\t\t\t\t\t\t\t<circle cx=\"26\" cy=\"26\" r=\"24\" stroke=\"#efefef90\" stroke-width=\"1\" fill-opacity=\"0\"><\/circle>\n\t\t\t\t\t\t\t\t<circle class=\"circle\" cx=\"26\" cy=\"26\" r=\"24\" stroke=\"#00a799\" fill-opacity=\"0\" stroke-width=\"3\"><\/circle>\n\t\t\t\t\t\t\t<\/svg>\n\t\t\t\t\t\t<\/div>\n\t\t\t\t\t<\/a>\n\t\t\t\t\t\t\t\t\t<\/div>\n\t<\/div>\n\n\t<div class=\"brandbox-image\" style=\"background-image: url( https:\/\/gpi-tanks.com\/wp-content\/uploads\/2022\/08\/lopik-e1659344487208.jpg );\"><\/div>\n<\/div>\n\t\t\t\t<\/div>\n\t\t\t\t<\/div>\n\t\t\t\t\t<\/div>\n\t\t<\/div>\n\t\t\t\t\t<\/div>\n\t\t<\/section>\n\t\t\t\t<section class=\"elementor-section elementor-top-section elementor-element elementor-element-26dbc5cb elementor-section-boxed elementor-section-height-default elementor-section-height-default\" data-id=\"26dbc5cb\" data-element_type=\"section\">\n\t\t\t\t\t\t<div class=\"elementor-container elementor-column-gap-default\">\n\t\t\t\t\t<div class=\"elementor-column elementor-col-100 elementor-top-column elementor-element elementor-element-3646dbf8\" data-id=\"3646dbf8\" data-element_type=\"column\">\n\t\t\t<div class=\"elementor-widget-wrap elementor-element-populated\">\n\t\t\t\t\t\t<div class=\"elementor-element elementor-element-4ec82e7e elementor-widget elementor-widget-heading\" data-id=\"4ec82e7e\" data-element_type=\"widget\" data-widget_type=\"heading.default\">\n\t\t\t\t\t<h3 class=\"elementor-heading-title elementor-size-default\">Prozess- und Lagertanks aus Edelstahl von bis zu 10.000 m\u00b3 und die entsprechende Prozessausr\u00fcstung<\/h3>\t\t\t\t<\/div>\n\t\t\t\t<div class=\"elementor-element elementor-element-2fa81813 elementor-widget elementor-widget-text-editor\" data-id=\"2fa81813\" data-element_type=\"widget\" data-widget_type=\"text-editor.default\">\n\t\t\t\t\t\t\t\t\t<p>Gpi Tanks ist Teil der Gpi Group. Die Gpi Group (oder auch Gpi Tanks &amp; Process Equipment) ist ein f\u00fchrendes Tankbau-Unternehmen, das sich auf das Engineering, die Herstellung und die Installation von Prozess- und Lagertanks aus Edelstahl bis zu 10.000 m\u00b3 sowie Prozessausr\u00fcstung spezialisiert hat. Das Unternehmen zeichnet sich durch intelligente L\u00f6sungen f\u00fcr bessere Prozesse bei f\u00fchrenden Produktionsunternehmen in einer Vielzahl von Branchen aus, darunter allgemeine Lagerung von Trockengut und Fl\u00fcssiggut, Pharma, \u00d6l, Lebensmittel, Milchprodukte und Chemie.<\/p><p>Mit den verschiedenen Tochterunternehmen \u2013 Gpi Tanks, Gpi Tanks XL, Gpi De Gouwe Process Equipment, Gpi Pharma, Gpi Tanks Poland, Gpi Tanks GmbH, Gpi India und unserer eigenen Beizerei BMN \u2013 bieten wir Expertise in jedem Bereich.<\/p><p>Mit \u00fcber 300 Mitarbeitern sind wir mit unseren Vertriebsniederlassungen in den Niederlanden, Polen, Deutschland und Indien sowie mit mehreren Produktionsst\u00e4tten in den Niederlanden und Polen vertreten.<\/p>\t\t\t\t\t\t\t\t<\/div>\n\t\t\t\t<div class=\"elementor-element elementor-element-5b006715 elementor-widget elementor-widget-heading\" data-id=\"5b006715\" data-element_type=\"widget\" data-widget_type=\"heading.default\">\n\t\t\t\t\t<h3 class=\"elementor-heading-title elementor-size-default\">Unsere Direktoren: Fred Boere &amp; Arno Rodenburg<\/h3>\t\t\t\t<\/div>\n\t\t\t\t<div class=\"elementor-element elementor-element-16b1135a elementor-widget elementor-widget-image\" data-id=\"16b1135a\" data-element_type=\"widget\" data-widget_type=\"image.default\">\n\t\t\t\t\t\t\t\t\t\t\t\t\t\t\t<img fetchpriority=\"high\" decoding=\"async\" width=\"1000\" height=\"562\" src=\"https:\/\/gpi-tanks.com\/wp-content\/uploads\/2022\/07\/MG_8364-e1649845021642.jpg\" class=\"attachment-large size-large wp-image-12202\" alt=\"\" srcset=\"https:\/\/gpi-tanks.com\/wp-content\/uploads\/2022\/07\/MG_8364-e1649845021642.jpg 1000w, https:\/\/gpi-tanks.com\/wp-content\/uploads\/2022\/07\/MG_8364-e1649845021642-300x169.jpg 300w, https:\/\/gpi-tanks.com\/wp-content\/uploads\/2022\/07\/MG_8364-e1649845021642-768x432.jpg 768w\" sizes=\"(max-width: 1000px) 100vw, 1000px\" \/>\t\t\t\t\t\t\t\t\t\t\t\t\t\t\t<\/div>\n\t\t\t\t<div class=\"elementor-element elementor-element-46961411 elementor-widget elementor-widget-text-editor\" data-id=\"46961411\" data-element_type=\"widget\" data-widget_type=\"text-editor.default\">\n\t\t\t\t\t\t\t\t\t<p>Seit 2022 leiten Fred und Arno die Gpi-Gruppe als Co-CEOs.<\/p><p>Fred Boere begann 1997 als Vorarbeiter bei Gpi. Damals begann er als sechster Mitarbeiter und schwei\u00dfte, baute und \u00fcberwachte T\u00e4tigkeiten in der Produktion und verbrachte auch 1 bis 2 halbe Tage im B\u00fcro, um Projekte zu organisieren, zu entwerfen und zu zeichnen. Im Laufe der Zeit \u00e4nderte sich dies und er wurde zum Gesch\u00e4ftsf\u00fchrer, technischen Leiter und schlie\u00dflich Generaldirektor. Seit 2009 ist Fred Boere als CEO Miteigent\u00fcmer und Gesellschafter von Gpi.<\/p><p>Arno Rodenburg ist seit 2012 Miteigent\u00fcmer und Anteilseigner von Gpi. Er arbeitet seit \u00fcber zwanzig Jahren bei Gpi und hat sich vom Schwei\u00dfer zum Vorarbeiter\/Werkstattleiter, Produktionsleiter und technischen Betriebsleiter entwickelt. Im Jahr 2012 wurde Arno Rodenburg Miteigent\u00fcmer und Gesellschafter als COO.<\/p>\t\t\t\t\t\t\t\t<\/div>\n\t\t\t\t\t<\/div>\n\t\t<\/div>\n\t\t\t\t\t<\/div>\n\t\t<\/section>\n\t\t\t\t<section class=\"elementor-section elementor-top-section elementor-element elementor-element-443370e9 elementor-section-boxed elementor-section-height-default elementor-section-height-default\" data-id=\"443370e9\" data-element_type=\"section\">\n\t\t\t\t\t\t<div class=\"elementor-container elementor-column-gap-default\">\n\t\t\t\t\t<div class=\"elementor-column elementor-col-100 elementor-top-column elementor-element elementor-element-2c363594\" data-id=\"2c363594\" data-element_type=\"column\">\n\t\t\t<div class=\"elementor-widget-wrap elementor-element-populated\">\n\t\t\t\t\t\t<div class=\"elementor-element elementor-element-74a9adf elementor-widget elementor-widget-heading\" data-id=\"74a9adf\" data-element_type=\"widget\" data-widget_type=\"heading.default\">\n\t\t\t\t\t<h3 class=\"elementor-heading-title elementor-size-default\">Unsere operativen Gesellschaften zusammengefasst<\/h3>\t\t\t\t<\/div>\n\t\t\t\t<div class=\"elementor-element elementor-element-6a1622f elementor--h-position-center elementor--v-position-middle elementor-arrows-position-inside elementor-widget elementor-widget-slides\" data-id=\"6a1622f\" data-element_type=\"widget\" data-settings=\"{&quot;_animation&quot;:&quot;none&quot;,&quot;navigation&quot;:&quot;arrows&quot;,&quot;autoplay&quot;:&quot;yes&quot;,&quot;pause_on_hover&quot;:&quot;yes&quot;,&quot;pause_on_interaction&quot;:&quot;yes&quot;,&quot;autoplay_speed&quot;:5000,&quot;infinite&quot;:&quot;yes&quot;,&quot;transition&quot;:&quot;slide&quot;,&quot;transition_speed&quot;:500}\" data-widget_type=\"slides.default\">\n\t\t\t\t\t\t\t\t\t\t<div class=\"elementor-slides-wrapper elementor-main-swiper swiper\" role=\"region\" aria-roledescription=\"carousel\" aria-label=\"Slider\" dir=\"ltr\" data-animation=\"fadeInRight\">\n\t\t\t\t<div class=\"swiper-wrapper elementor-slides\">\n\t\t\t\t\t\t\t\t\t\t<div class=\"elementor-repeater-item-1947860 swiper-slide\" role=\"group\" aria-roledescription=\"slide\"><div class=\"swiper-slide-bg\"><\/div><div class=\"swiper-slide-inner\" ><div class=\"swiper-slide-contents\"><div class=\"elementor-slide-heading\">Gpi Tanks<\/div><div class=\"elementor-slide-description\">Gpi Tanks ist auf das Engineering, die Produktion und die Installation von Prozess- und Lagertanks aus Edelstahl bis zu ca. 1.000 m3 spezialisiert. Die Tanks werden vollst\u00e4ndig nach Kundenwunsch entworfen und in der Fabrik hergestellt und per Stra\u00dfen- oder Wassertransport in die Niederlande und ins Ausland transportiert. Der Hauptsitz von Gpi Tanks befindet sich in Lopik, zusammen mit einer Reihe von Produktionshallen. In Groot-Ammers gibt es eine Fabrik, in der die Tanks direkt f\u00fcr den Wassertransport verladen werden k\u00f6nnen. <\/div><a href=\"https:\/\/gpi-tanks.com\/de\" target=\"_blank\" class=\"elementor-button elementor-slide-button elementor-size-sm\">Zur Website <\/a><\/div><\/div><\/div><div class=\"elementor-repeater-item-3c1a294 swiper-slide\" role=\"group\" aria-roledescription=\"slide\"><div class=\"swiper-slide-bg\"><\/div><div class=\"swiper-slide-inner\" ><div class=\"swiper-slide-contents\"><div class=\"elementor-slide-heading\">Gpi Tanks Poland, Gpi Tanks GmbH, Gpi Tanks India<\/div><div class=\"elementor-slide-description\">Gpi Tanks hat auch Niederlassungen in Deutschland und Indien. Gpi Tanks Poland ist ein selbst\u00e4ndiges Unternehmen, das von Skarbimierz und Brzeg in Polen aus Engineering und Tankbau anbietet, wobei die Tanks im Werk hergestellt und \u00fcber die Stra\u00dfe transportiert werden.<\/div><a href=\"https:\/\/gpi-tanks.com\/\" target=\"_blank\" class=\"elementor-button elementor-slide-button elementor-size-sm\">Zur Website <\/a><\/div><\/div><\/div><div class=\"elementor-repeater-item-069cd04 swiper-slide\" role=\"group\" aria-roledescription=\"slide\"><div class=\"swiper-slide-bg\"><\/div><div class=\"swiper-slide-inner\" ><div class=\"swiper-slide-contents\"><div class=\"elementor-slide-heading\">Gpi Tanks XL<\/div><div class=\"elementor-slide-description\">Gpi Tanks XL ist auf die kundenspezifische Entwicklung und Produktion von extra gro\u00dfen Edelstahltanks bis zu 10.000 m\u00b3 spezialisiert. Die Tanks werden nicht in der Fabrik, sondern direkt vor Ort beim Kunden hergestellt. Mit innovativen und effizienten Konstruktionsmethoden k\u00f6nnen mehrere Tanks gleichzeitig gebaut werden. Der Hauptsitz von Gpi Tanks XL befindet sich in IJsselstein und die Produktion \u201evor Ort\u201c findet im In- und Ausland statt.<\/div><a href=\"https:\/\/gpi-tanksxl.com\/\" target=\"_blank\" class=\"elementor-button elementor-slide-button elementor-size-sm\" rel=\"noopener\">Zur Website <\/a><\/div><\/div><\/div><div class=\"elementor-repeater-item-1bab2f5 swiper-slide\" role=\"group\" aria-roledescription=\"slide\"><div class=\"swiper-slide-bg\"><\/div><div class=\"swiper-slide-inner\" ><div class=\"swiper-slide-contents\"><div class=\"elementor-slide-heading\">Gpi De Gouwe Process Equipment<\/div><div class=\"elementor-slide-description\">Gpi De Gouwe ist spezialisiert auf die Entwicklung und Herstellung von kundenspezifischen Prozessger\u00e4ten und Anlagen f\u00fcr Unternehmen, die weltweit in der Lebensmittel- und Kosmetikindustrie t\u00e4tig sind. Der Hauptsitz von Gpi De Gouwe befindet sich in Gouda (NL), in Kombination mit einer Produktionshalle. Gpi De Gouwe ist 2019 aus dem Zusammenschluss von Altermij \u2013 De Gouwe und Gpi Process Equipment hervorgegangen.<\/div><a href=\"https:\/\/gpi-degouwe.com\/\" target=\"_blank\" class=\"elementor-button elementor-slide-button elementor-size-sm\" rel=\"noopener\">Zur Website <\/a><\/div><\/div><\/div><div class=\"elementor-repeater-item-04d298a swiper-slide\" role=\"group\" aria-roledescription=\"slide\"><div class=\"swiper-slide-bg\"><\/div><div class=\"swiper-slide-inner\" ><div class=\"swiper-slide-contents\"><div class=\"elementor-slide-heading\">Gpi Pharma<\/div><div class=\"elementor-slide-description\">Gpi Pharma ist auf die Entwicklung und Herstellung von kundenspezifischen Prozess- und Lagertanks aus Edelstahl f\u00fcr die pharmazeutische Industrie im In- und Ausland spezialisiert. Gpi Pharma operiert vom Hauptsitz von Gpi Tanks in Lopik (NL) aus. Die Produktion findet in der angrenzenden Produktionshalle statt.<\/div><a href=\"https:\/\/gpi-pharmaceutical.com\/\" target=\"_blank\" class=\"elementor-button elementor-slide-button elementor-size-sm\" rel=\"noopener\">Zur Website <\/a><\/div><\/div><\/div><div class=\"elementor-repeater-item-8583d93 swiper-slide\" role=\"group\" aria-roledescription=\"slide\"><div class=\"swiper-slide-bg\"><\/div><div class=\"swiper-slide-inner\" ><div class=\"swiper-slide-contents\"><div class=\"elementor-slide-heading\">BMN<\/div><div class=\"elementor-slide-description\">BMN ist auf das chemische Beizen und Passivieren von Edelstahlprodukten sowie auf das Schleifen und Polieren von Edelstahl und Aluminium spezialisiert. BMN arbeitet mit einer modernen und effizienten Beiz- und Schleifhalle in Lopik (NL). <\/div><a href=\"https:\/\/bmn-bv.nl\/\" target=\"_blank\" class=\"elementor-button elementor-slide-button elementor-size-sm\" rel=\"noopener\">Zur Website <\/a><\/div><\/div><\/div>\t\t\t\t<\/div>\n\t\t\t\t\t\t\t\t\t\t\t\t\t\t\t<div class=\"elementor-swiper-button elementor-swiper-button-prev\" role=\"button\" tabindex=\"0\" aria-label=\"Vorheriger Slide\">\n\t\t\t\t\t\t\t<svg aria-hidden=\"true\" class=\"e-font-icon-svg e-eicon-chevron-left\" viewBox=\"0 0 1000 1000\" xmlns=\"http:\/\/www.w3.org\/2000\/svg\"><path d=\"M646 125C629 125 613 133 604 142L308 442C296 454 292 471 292 487 292 504 296 521 308 533L604 854C617 867 629 875 646 875 663 875 679 871 692 858 704 846 713 829 713 812 713 796 708 779 692 767L438 487 692 225C700 217 708 204 708 187 708 171 704 154 692 142 675 129 663 125 646 125Z\"><\/path><\/svg>\t\t\t\t\t\t<\/div>\n\t\t\t\t\t\t<div class=\"elementor-swiper-button elementor-swiper-button-next\" role=\"button\" tabindex=\"0\" aria-label=\"N\u00e4chster Slide\">\n\t\t\t\t\t\t\t<svg aria-hidden=\"true\" class=\"e-font-icon-svg e-eicon-chevron-right\" viewBox=\"0 0 1000 1000\" xmlns=\"http:\/\/www.w3.org\/2000\/svg\"><path d=\"M696 533C708 521 713 504 713 487 713 471 708 454 696 446L400 146C388 133 375 125 354 125 338 125 325 129 313 142 300 154 292 171 292 187 292 204 296 221 308 233L563 492 304 771C292 783 288 800 288 817 288 833 296 850 308 863 321 871 338 875 354 875 371 875 388 867 400 854L696 533Z\"><\/path><\/svg>\t\t\t\t\t\t<\/div>\n\t\t\t\t\t\t\t\t\t\t\t\t\t\t\t\t\t<\/div>\n\t\t\t\t\t\t\t\t<\/div>\n\t\t\t\t\t<\/div>\n\t\t<\/div>\n\t\t\t\t\t<\/div>\n\t\t<\/section>\n\t\t\t\t<section class=\"elementor-section elementor-top-section elementor-element elementor-element-42cec98 elementor-section-boxed elementor-section-height-default elementor-section-height-default\" data-id=\"42cec98\" data-element_type=\"section\" data-settings=\"{&quot;background_background&quot;:&quot;classic&quot;}\">\n\t\t\t\t\t\t<div class=\"elementor-container elementor-column-gap-default\">\n\t\t\t\t\t<div class=\"elementor-column elementor-col-100 elementor-top-column elementor-element elementor-element-915798a\" data-id=\"915798a\" data-element_type=\"column\">\n\t\t\t<div class=\"elementor-widget-wrap elementor-element-populated\">\n\t\t\t\t\t\t<div class=\"elementor-element elementor-element-10bd4820 elementor-widget elementor-widget-heading\" data-id=\"10bd4820\" data-element_type=\"widget\" data-widget_type=\"heading.default\">\n\t\t\t\t\t<h1 class=\"elementor-heading-title elementor-size-default\"><b>Mehr \u00fcber uns<\/b><\/h1>\t\t\t\t<\/div>\n\t\t\t\t<section class=\"elementor-section elementor-inner-section elementor-element elementor-element-605b5a8 elementor-section-boxed elementor-section-height-default elementor-section-height-default\" data-id=\"605b5a8\" data-element_type=\"section\">\n\t\t\t\t\t\t<div class=\"elementor-container elementor-column-gap-default\">\n\t\t\t\t\t<div class=\"elementor-column elementor-col-50 elementor-inner-column elementor-element elementor-element-5345497a\" data-id=\"5345497a\" data-element_type=\"column\">\n\t\t\t<div class=\"elementor-widget-wrap elementor-element-populated\">\n\t\t\t\t\t\t<div class=\"elementor-element elementor-element-fa6ceb8 elementor-widget elementor-widget-ttp-image-box\" data-id=\"fa6ceb8\" data-element_type=\"widget\" data-widget_type=\"ttp-image-box.default\">\n\t\t\t\t<div class=\"elementor-widget-container\">\n\t\t\t\t\t\n<div class=\"ttp-image-box\">\n\t<div class=\"ttp-image-box-image\" style=\"background-image: url('https:\/\/gpi-tanks.com\/wp-content\/uploads\/2022\/07\/Werken-bij-Gpi-productie.jpg')\"><\/div>\n\n\t<div class=\"ttp-image-box-content\">\n\t\t<h2>\u00dcber Gpi Tanks<\/h2>\n\t\t<p>Gpi ist in den vergangenen Jahrzehnten zu einem etablierten Namen in der Tankbauindustrie gewachsen. Wir sind stark gewachsen und haben noch gr\u00f6\u00dfere Ambitionen. Hier erhalten Sie mehr Informationen zu unserem Unternehmen.<\/p>\n\n\t\t<a href=\"https:\/\/gpi-tanks.com\/de\/uber-uns\/ target=\" rel=\"nofollow\" class=\"arrow-button\">\n\t\t\t<span style=\"\">Mehr lesen<\/span>\n\t\t\t<div class=\"cirlce-box\">\n\t\t\t\t<i class=\"fal fa-arrow-right\" style=\"\"><\/i>\n\t\t\t\t<svg width=\"52\" height=\"52\" class=\"outer-circle\">\n\t\t\t\t\t<circle cx=\"26\" cy=\"26\" r=\"24\" stroke=\"#efefef90\" stroke-width=\"1\" fill-opacity=\"0\"><\/circle>\n\t\t\t\t\t<circle class=\"circle\" cx=\"26\" cy=\"26\" r=\"24\" stroke=\"#00a799\" fill-opacity=\"0\" stroke-width=\"3\"><\/circle>\n\t\t\t\t<\/svg>\n\t\t\t<\/div>\n\t\t<\/a>\n    <\/div>\n<\/div>\n\t\t\t\t<\/div>\n\t\t\t\t<\/div>\n\t\t\t\t\t<\/div>\n\t\t<\/div>\n\t\t\t\t<div class=\"elementor-column elementor-col-50 elementor-inner-column elementor-element elementor-element-632d4884\" data-id=\"632d4884\" data-element_type=\"column\">\n\t\t\t<div class=\"elementor-widget-wrap elementor-element-populated\">\n\t\t\t\t\t\t<div class=\"elementor-element elementor-element-362388b4 elementor-widget elementor-widget-ttp-image-box\" data-id=\"362388b4\" data-element_type=\"widget\" data-widget_type=\"ttp-image-box.default\">\n\t\t\t\t<div class=\"elementor-widget-container\">\n\t\t\t\t\t\n<div class=\"ttp-image-box\">\n\t<div class=\"ttp-image-box-image\" style=\"background-image: url('https:\/\/gpi-tanks.com\/wp-content\/uploads\/2022\/07\/werken-bij-Gpi-productie-21.jpg')\"><\/div>\n\n\t<div class=\"ttp-image-box-content\">\n\t\t<h2>Qualit\u00e4t<\/h2>\n\t\t<p>Qualit\u00e4t ist unsere Mentalit\u00e4t, daher entsprechen unsere Produkte und Prozesse verschiedenen Normen und wir verf\u00fcgen \u00fcber verschiedene Zertifizierungen. Wir planen nach allen genormten Bauvorschriften.<\/p>\n\n\t\t<a href=\"https:\/\/gpi-tanks.com\/de\/qualitaet\/ target=\" rel=\"nofollow\" class=\"arrow-button\">\n\t\t\t<span style=\"\">Mehr lesen<\/span>\n\t\t\t<div class=\"cirlce-box\">\n\t\t\t\t<i class=\"fal fa-arrow-right\" style=\"\"><\/i>\n\t\t\t\t<svg width=\"52\" height=\"52\" class=\"outer-circle\">\n\t\t\t\t\t<circle cx=\"26\" cy=\"26\" r=\"24\" stroke=\"#efefef90\" stroke-width=\"1\" fill-opacity=\"0\"><\/circle>\n\t\t\t\t\t<circle class=\"circle\" cx=\"26\" cy=\"26\" r=\"24\" stroke=\"#00a799\" fill-opacity=\"0\" stroke-width=\"3\"><\/circle>\n\t\t\t\t<\/svg>\n\t\t\t<\/div>\n\t\t<\/a>\n    <\/div>\n<\/div>\n\t\t\t\t<\/div>\n\t\t\t\t<\/div>\n\t\t\t\t\t<\/div>\n\t\t<\/div>\n\t\t\t\t\t<\/div>\n\t\t<\/section>\n\t\t\t\t<div class=\"elementor-element elementor-element-724951cb standard-width-button elementor-widget elementor-widget-subpage-cards\" data-id=\"724951cb\" data-element_type=\"widget\" data-widget_type=\"subpage-cards.default\">\n\t\t\t\t<div class=\"elementor-widget-container\">\n\t\t\t\t\t\n<div class=\"row\">\n    <\/div>\t\t\t\t<\/div>\n\t\t\t\t<\/div>\n\t\t\t\t\t<\/div>\n\t\t<\/div>\n\t\t\t\t\t<\/div>\n\t\t<\/section>\n\t\t\t\t<section class=\"elementor-section elementor-top-section elementor-element elementor-element-d9ac6d1 elementor-section-boxed elementor-section-height-default elementor-section-height-default\" data-id=\"d9ac6d1\" data-element_type=\"section\">\n\t\t\t\t\t\t<div class=\"elementor-container elementor-column-gap-default\">\n\t\t\t\t\t<div class=\"elementor-column elementor-col-100 elementor-top-column elementor-element elementor-element-544b7a7f\" data-id=\"544b7a7f\" data-element_type=\"column\">\n\t\t\t<div class=\"elementor-widget-wrap elementor-element-populated\">\n\t\t\t\t\t\t<div class=\"elementor-element elementor-element-557e8457 elementor-widget elementor-widget-spacer\" data-id=\"557e8457\" data-element_type=\"widget\" data-widget_type=\"spacer.default\">\n\t\t\t\t\t\t\t<div class=\"elementor-spacer\">\n\t\t\t<div class=\"elementor-spacer-inner\"><\/div>\n\t\t<\/div>\n\t\t\t\t\t\t<\/div>\n\t\t\t\t<div class=\"elementor-element elementor-element-2d1b7ed2 elementor-widget elementor-widget-overlapping-card\" data-id=\"2d1b7ed2\" data-element_type=\"widget\" data-widget_type=\"overlapping-card.default\">\n\t\t\t\t<div class=\"elementor-widget-container\">\n\t\t\t\t\t\n<div class=\"overlapping-card \">\n    <div class=\"overlapping-card--image\" style=\"background-image: url('https:\/\/gpi-tanks.com\/wp-content\/uploads\/2022\/07\/werken-bij-Gpi-kantoor-2.jpg')\"><\/div>\n    <div class=\"overlapping-card--content\">\n        <h2><b>Wir helfen Ihnen gerne weiter!<\/b><\/h2>\n        <p>M\u00f6chten Sie mehr Informationen oder ein Angebot? Senden Sie uns eine Nachricht oder rufen Sie uns an und wir werden Ihnen so schnell wie m\u00f6glich helfen!<\/p>\n        \n        <a class=\"gpi-button\" href=\"https:\/\/gpi-tanks.com\/de\/kontakt\/\" style=\"\">\n            <span class=\"arrow-link-text\">Kontakt<\/span>\n            <div class=\"arrow-btn\">\n                <i class=\"fal fa-arrow-right\"><\/i>\n            <\/div>\n        <\/a>\n    <\/div>\n<\/div>\n\t\t\t\t<\/div>\n\t\t\t\t<\/div>\n\t\t\t\t<div class=\"elementor-element elementor-element-de1642b elementor-widget elementor-widget-spacer\" data-id=\"de1642b\" data-element_type=\"widget\" data-widget_type=\"spacer.default\">\n\t\t\t\t\t\t\t<div class=\"elementor-spacer\">\n\t\t\t<div class=\"elementor-spacer-inner\"><\/div>\n\t\t<\/div>\n\t\t\t\t\t\t<\/div>\n\t\t\t\t\t<\/div>\n\t\t<\/div>\n\t\t\t\t\t<\/div>\n\t\t<\/section>\n\t\t\t\t<\/div>\n\t\t","protected":false},"excerpt":{"rendered":"<p>\u00dcber Gpi Group Gpi Tanks &#038; Process Equipment Kontakt Prozess- und Lagertanks aus Edelstahl von bis zu 10.000 m\u00b3 und die entsprechende Prozessausr\u00fcstung Gpi Tanks ist Teil der Gpi Group. Die Gpi Group (oder auch Gpi Tanks &amp; Process Equipment) ist ein f\u00fchrendes Tankbau-Unternehmen, das sich auf das Engineering, die Herstellung und die Installation von<\/p>\n","protected":false},"author":9,"featured_media":0,"parent":0,"menu_order":0,"comment_status":"closed","ping_status":"closed","template":"elementor_header_footer","meta":{"_acf_changed":false,"footnotes":""},"class_list":["post-32951","page","type-page","status-publish","hentry"],"acf":[],"_links":{"self":[{"href":"https:\/\/gpi-tanks.com\/de\/wp-json\/wp\/v2\/pages\/32951","targetHints":{"allow":["GET"]}}],"collection":[{"href":"https:\/\/gpi-tanks.com\/de\/wp-json\/wp\/v2\/pages"}],"about":[{"href":"https:\/\/gpi-tanks.com\/de\/wp-json\/wp\/v2\/types\/page"}],"author":[{"embeddable":true,"href":"https:\/\/gpi-tanks.com\/de\/wp-json\/wp\/v2\/users\/9"}],"replies":[{"embeddable":true,"href":"https:\/\/gpi-tanks.com\/de\/wp-json\/wp\/v2\/comments?post=32951"}],"version-history":[{"count":3,"href":"https:\/\/gpi-tanks.com\/de\/wp-json\/wp\/v2\/pages\/32951\/revisions"}],"predecessor-version":[{"id":91309,"href":"https:\/\/gpi-tanks.com\/de\/wp-json\/wp\/v2\/pages\/32951\/revisions\/91309"}],"wp:attachment":[{"href":"https:\/\/gpi-tanks.com\/de\/wp-json\/wp\/v2\/media?parent=32951"}],"curies":[{"name":"wp","href":"https:\/\/api.w.org\/{rel}","templated":true}]}}