{"id":89003,"date":"2025-11-27T14:59:48","date_gmt":"2025-11-27T14:59:48","guid":{"rendered":"https:\/\/gpi-tanks.com\/?page_id=89003"},"modified":"2026-03-09T10:12:50","modified_gmt":"2026-03-09T10:12:50","slug":"lebensmitteltank-aus-edelstahl","status":"publish","type":"page","link":"https:\/\/gpi-tanks.com\/de\/lebensmitteltank-aus-edelstahl\/","title":{"rendered":"Lebensmitteltank aus Edelstahl"},"content":{"rendered":"\t\t<div data-elementor-type=\"wp-page\" data-elementor-id=\"89003\" class=\"elementor elementor-89003 elementor-89001\" data-elementor-post-type=\"page\">\n\t\t\t\t\t\t<section class=\"elementor-section elementor-top-section elementor-element elementor-element-5d12de3 elementor-section-boxed elementor-section-height-default elementor-section-height-default\" data-id=\"5d12de3\" data-element_type=\"section\">\n\t\t\t\t\t\t<div class=\"elementor-container elementor-column-gap-default\">\n\t\t\t\t\t<div class=\"elementor-column elementor-col-100 elementor-top-column elementor-element elementor-element-59348bf\" data-id=\"59348bf\" data-element_type=\"column\">\n\t\t\t<div class=\"elementor-widget-wrap elementor-element-populated\">\n\t\t\t\t\t\t<div class=\"elementor-element elementor-element-122b922 elementor-widget elementor-widget-heading\" data-id=\"122b922\" data-element_type=\"widget\" data-widget_type=\"heading.default\">\n\t\t\t\t\t<h1 class=\"elementor-heading-title elementor-size-default\">Lebensmitteltank aus Edelstahl<\/h1>\t\t\t\t<\/div>\n\t\t\t\t<div class=\"elementor-element elementor-element-853c716 elementor-widget elementor-widget-text-editor\" data-id=\"853c716\" data-element_type=\"widget\" data-widget_type=\"text-editor.default\">\n\t\t\t\t\t\t\t\t\t<p>Sie ben\u00f6tigen einen Lebensmitteltank aus Edelstahl, der hygienisch, langlebig und exakt auf Ihren Prozess abgestimmt ist? Gpi Tanks entwickelt und fertigt Edelstahltanks und komplette Anlagen f\u00fcr die Lebensmittel- und Getr\u00e4nkeindustrie \u2013 nach Kundenwunsch, von der Auslegung bis zur Inbetriebnahme. Ob Lagerung, Mischen, Temperieren oder Kristallisation: Wir liefern L\u00f6sungen f\u00fcr anspruchsvolle Anwendungen bis zu 12.000 m\u00b3.<\/p>\t\t\t\t\t\t\t\t<\/div>\n\t\t\t\t<div class=\"elementor-element elementor-element-216abad elementor-widget elementor-widget-checklist\" data-id=\"216abad\" data-element_type=\"widget\" data-widget_type=\"checklist.default\">\n\t\t\t\t<div class=\"elementor-widget-container\">\n\t\t\t\t\t<!-- <span class=\"material-symbols-outlined\">\ntask_alt\n<\/span> -->\n\n\t<div class=\"checklist-wrapper\">\n\t\t\t\t\t<span class=\"checklist-item\">Lebensmitteltanks und Anlagen von bis zu 12.000m\u00b3<\/span>\n\t\t\t\t\t<span class=\"checklist-item\">Entwurf und Produktion nach Kundenwunsch<\/span>\n\t\t\t\t\t<span class=\"checklist-item\">Zertifizierte Tanks f\u00fcr verschiedene Verarbeitungsprozesse<\/span>\n\t\t\t<\/div>\n\t\t\t\t<\/div>\n\t\t\t\t<\/div>\n\t\t\t\t<div class=\"elementor-element elementor-element-fa87b5a elementor-widget elementor-widget-spacer\" data-id=\"fa87b5a\" data-element_type=\"widget\" data-widget_type=\"spacer.default\">\n\t\t\t\t\t\t\t<div class=\"elementor-spacer\">\n\t\t\t<div class=\"elementor-spacer-inner\"><\/div>\n\t\t<\/div>\n\t\t\t\t\t\t<\/div>\n\t\t\t\t<div class=\"elementor-element elementor-element-7425fda elementor-widget elementor-widget-text-editor\" data-id=\"7425fda\" data-element_type=\"widget\" data-widget_type=\"text-editor.default\">\n\t\t\t\t\t\t\t\t\t<h2><strong>Hygienisch lagern, sicher verarbeiten<\/strong><\/h2>\n<p>Unsere Tanks unterst\u00fctzen eine prozesssichere Produktion \u2013 mit durchdachtem Entwurf, sauber ausgef\u00fchrten Schwei\u00dfn\u00e4hten und Technik, die Reinigung und Wartung vereinfacht. So bleiben Qualit\u00e4t, Geschmack und Produktsicherheit stabil \u2013 auch bei sensiblen Medien und wechselnden Chargen.<\/p>\t\t\t\t\t\t\t\t<\/div>\n\t\t\t\t<div class=\"elementor-element elementor-element-ffc62be elementor-widget elementor-widget-text-editor\" data-id=\"ffc62be\" data-element_type=\"widget\" data-widget_type=\"text-editor.default\">\n\t\t\t\t\t\t\t\t\t<h2><strong>Tank-R\u00fchrwerk-Kombinationen<\/strong><\/h2>\n<p>Lassen Sie uns neben dem <a href=\"https:\/\/gpi-tanks.com\/de\/\">Tankbau und Beh\u00e4lterbau<\/a> auch f\u00fcr das R\u00fchrwerk sorgen. Gpi hat gute Beziehungen zu\u00a0allen renommierten R\u00fchrwerklieferanten und sorgt f\u00fcr eine problemlose Abwicklung und Montage.<\/p>\n<h2><strong>Verarbeitungsniveau<\/strong><\/h2>\n<p>Wir produzieren unsere Lebensmitteltanks regul\u00e4r mit einer Rauheit von Ra 0,8, aber wir k\u00f6nnen auf Wunsch auch Beh\u00e4lter mit viel glatteren (und dementsprechend hygienischeren) Innenw\u00e4nden produzieren. Wir haben bereits viele Projekte gestemmt, zum Beispiel f\u00fcr die\u00a0<a href=\"https:\/\/gpi-tanks.com\/de\/industrie\/milchverarbeitung\/\">Milchverarbeitung<\/a>.<\/p>\n<h2><strong>Erw\u00e4rmen und K\u00fchlen<\/strong><\/h2>\n<p>Bei Prozessen wie etwa Pasteurisierung oder Fermentierung ist die Erw\u00e4rmung oder K\u00fchlung des Tanks \/ Beh\u00e4lter von gro\u00dfer Bedeutung. Sorgen Sie f\u00fcr die richtige Kombination von Erw\u00e4rmungs-\/K\u00fchlungsverm\u00f6gen und Isolierung des Tanks, um Ihr Produkt innerhalb der gew\u00fcnschten Zeit zu erw\u00e4rmen oder abzuk\u00fchlen. Legen Sie uns Ihre K\u00fchlungs-\/Erw\u00e4rmungs-Anforderungen direkt bei der Anfrage vor, wir denken gerne mit Ihnen \u00fcber die effizienteste L\u00f6sung nach. Ob dies nun Thermobleche, Doppelmantel oder Halbrohr betrifft.<\/p>\n<h2><strong>Reinigung &amp; Hygiene<\/strong><\/h2>\n<p>In der Lebensmittelproduktion steht Hygiene an oberster Stelle. Tanks und Beh\u00e4lter m\u00fcssen nicht nur robust und langlebig sein, sondern auch so konstruiert werden, dass sie sich effizient und r\u00fcckstandslos reinigen lassen. Moderne Reinigungsverfahren wie CIP (Cleaning in Place) erm\u00f6glichen eine gr\u00fcndliche Reinigung der Innenfl\u00e4chen, ohne dass der Tank zerlegt werden muss. Ein speziell daf\u00fcr ausgelegter <a href=\"https:\/\/gpi-tanks.com\/de\/produkt\/cip-anlage-cip-tanks\/\">CIP-Tank<\/a> sorgt daf\u00fcr, dass Reinigungs- und Desinfektionsl\u00f6sungen zentral bereitgestellt und im Kreislauf gef\u00fchrt werden k\u00f6nnen. Auf diese Weise wird ein konstant hoher Hygienestandard gew\u00e4hrleistet, die Prozesssicherheit erh\u00f6ht und gleichzeitig der Verbrauch von Wasser, Energie und Reinigungsmitteln reduziert.<\/p>\t\t\t\t\t\t\t\t<\/div>\n\t\t\t\t<div class=\"elementor-element elementor-element-af1d78b elementor-widget elementor-widget-text-editor\" data-id=\"af1d78b\" data-element_type=\"widget\" data-widget_type=\"text-editor.default\">\n\t\t\t\t\t\t\t\t\t<div class=\"elementor-element elementor-element-c9e40af elementor-widget elementor-widget-text-editor\" data-id=\"c9e40af\" data-element_type=\"widget\" data-widget_type=\"text-editor.default\">\n<div class=\"elementor-widget-container\">\n<div class=\"elementor-text-editor elementor-clearfix\">\n<h2 data-start=\"819\" data-end=\"883\"><strong>Ma\u00dfgeschneiderte Edelstahltanks f\u00fcr Lebensmittel und Getr\u00e4nke<\/strong><\/h2>\n<p data-start=\"885\" data-end=\"1262\">Jede Produktion ist anders. Deshalb entstehen unsere Lebensmitteltanks und Prozessbeh\u00e4lter auf Basis Ihrer Anforderungen \u2013 z. B. zu Produkt, Viskosit\u00e4t, Temperaturf\u00fchrung, R\u00fchrwerk, Standzeiten und Reinigungsstrategie. Gemeinsam definieren wir Volumen, Anschl\u00fcsse, Instrumentierung und Ausr\u00fcstung, damit Ihr Tank nicht nur \u201epasst\u201c, sondern Ihren Prozess messbar verbessert.<\/p>\n<p data-start=\"1264\" data-end=\"1307\"><strong data-start=\"1264\" data-end=\"1307\">Typische Einsatzbereiche und Tanktypen:<\/strong><\/p>\n<ul data-start=\"1308\" data-end=\"1720\">\n<li data-start=\"1308\" data-end=\"1363\">\n<p data-start=\"1310\" data-end=\"1363\"><a href=\"https:\/\/gpi-tanks.com\/de\/produkt\/kze-tanks\/\">KZE-Tanks <\/a>(Fruchts\u00e4fte und Konzentrate)<\/p>\n<\/li>\n<li data-start=\"1364\" data-end=\"1440\">\n<p data-start=\"1366\" data-end=\"1440\"><a href=\"https:\/\/gpi-tanks.com\/de\/produkt\/milchtank-rohmilchtank\/\">Rohmilchtanks<\/a>, Sahnetanks und weitere Tanks f\u00fcr Molkereiprozesse<\/p>\n<\/li>\n<li data-start=\"1441\" data-end=\"1492\">\n<p data-start=\"1443\" data-end=\"1492\">Speise\u00f6ltanks und Tanks f\u00fcr pflanzliche Fette<\/p>\n<\/li>\n<li data-start=\"1493\" data-end=\"1561\">\n<p data-start=\"1495\" data-end=\"1561\"><a href=\"https:\/\/gpi-tanks.com\/de\/produkt\/fischoeltank\/\">Fisch\u00f6ltanks<\/a> f\u00fcr empfindliche, oxidationsempfindliche Produkte<\/p>\n<\/li>\n<li data-start=\"1562\" data-end=\"1657\">\n<p data-start=\"1564\" data-end=\"1657\"><a href=\"https:\/\/gpi-tanks.com\/de\/produkt\/kristallisator\/\">Kristallisatortanks<\/a> f\u00fcr kontrollierte Struktur- und Temperaturprozesse<\/p>\n<\/li>\n<li data-start=\"1658\" data-end=\"1720\">\n<p data-start=\"1660\" data-end=\"1720\">Aseptische Tanks f\u00fcr besonders hohe Hygieneanforderungen<\/p>\n<\/li>\n<\/ul>\n<p data-start=\"1722\" data-end=\"1911\">Je nach Anwendung integrieren wir Funktionen wie Heizen\/K\u00fchlen, Isolierung, R\u00fchr- und Mischtechnik, Niveaumessung, Probenahme sowie produktgerechte Ein- und Austragssysteme.<\/p>\n<\/div>\n<\/div>\n<\/div>\t\t\t\t\t\t\t\t<\/div>\n\t\t\t\t<div class=\"elementor-element elementor-element-7217eaa elementor-widget elementor-widget-spacer\" data-id=\"7217eaa\" data-element_type=\"widget\" data-widget_type=\"spacer.default\">\n\t\t\t\t\t\t\t<div class=\"elementor-spacer\">\n\t\t\t<div class=\"elementor-spacer-inner\"><\/div>\n\t\t<\/div>\n\t\t\t\t\t\t<\/div>\n\t\t\t\t<div class=\"elementor-element elementor-element-1744059 elementor-widget elementor-widget-text-editor\" data-id=\"1744059\" data-element_type=\"widget\" data-widget_type=\"text-editor.default\">\n\t\t\t\t\t\t\t\t\t<div class=\"elementor-element elementor-element-c9e40af elementor-widget elementor-widget-text-editor\" data-id=\"c9e40af\" data-element_type=\"widget\" data-widget_type=\"text-editor.default\">\n<div class=\"elementor-widget-container\">\n<div class=\"elementor-text-editor elementor-clearfix\">\n<h2 data-start=\"1918\" data-end=\"1971\"><strong>Hygienisches Design f\u00fcr maximale Produktsicherheit<\/strong><\/h2>\n<p data-start=\"1973\" data-end=\"2285\">In der Lebensmittelindustrie z\u00e4hlt jedes Detail: Oberfl\u00e4chen, Totr\u00e4ume, Dichtungen, Entleerbarkeit und Reinigbarkeit wirken direkt auf Produktsicherheit und Effizienz. Unsere hygienischen Edelstahltanks werden so ausgelegt, dass sie eine zuverl\u00e4ssige Reinigung unterst\u00fctzen und Kreuzkontamination minimieren.<\/p>\n<p data-start=\"2287\" data-end=\"2359\">Konstruktive Merkmale f\u00fcr Hygiene und Effizienz (projektspezifisch):<\/p>\n<ul data-start=\"2360\" data-end=\"2797\">\n<li data-start=\"2360\" data-end=\"2460\">\n<p data-start=\"2362\" data-end=\"2460\">Hygienische Ausf\u00fchrung mit Fokus auf gute Reinigbarkeit<\/p>\n<\/li>\n<li data-start=\"2461\" data-end=\"2566\">\n<p data-start=\"2463\" data-end=\"2566\">Effiziente R\u00fchrwerke zur Homogenisierung und Qualit\u00e4tssicherung \u2013 abgestimmt auf Medium und Prozess<\/p>\n<\/li>\n<li data-start=\"2567\" data-end=\"2642\">\n<p data-start=\"2569\" data-end=\"2642\">Au\u00dfenisolierung zur Reduktion von W\u00e4rmeverlusten und Energieverbrauch<\/p>\n<\/li>\n<li data-start=\"2643\" data-end=\"2729\">\n<p data-start=\"2645\" data-end=\"2729\">Optionen f\u00fcr <a href=\"https:\/\/gpi-tanks.com\/de\/produkt\/cip-anlage-cip-tanks\/\">CIP-Reinigung<\/a> (Cleaning in Place) und passende Anschl\u00fcsse\/Einbauten<\/p>\n<\/li>\n<li data-start=\"2730\" data-end=\"2797\">\n<p data-start=\"2732\" data-end=\"2797\">Robuste Auslegung f\u00fcr lange Standzeiten und zuverl\u00e4ssigen Betrieb<\/p>\n<\/li>\n<\/ul>\n<\/div>\n<\/div>\n<\/div>\t\t\t\t\t\t\t\t<\/div>\n\t\t\t\t<div class=\"elementor-element elementor-element-da0de81 elementor-widget elementor-widget-spacer\" data-id=\"da0de81\" data-element_type=\"widget\" data-widget_type=\"spacer.default\">\n\t\t\t\t\t\t\t<div class=\"elementor-spacer\">\n\t\t\t<div class=\"elementor-spacer-inner\"><\/div>\n\t\t<\/div>\n\t\t\t\t\t\t<\/div>\n\t\t\t\t<div class=\"elementor-element elementor-element-d4ca222 elementor-widget elementor-widget-text-editor\" data-id=\"d4ca222\" data-element_type=\"widget\" data-widget_type=\"text-editor.default\">\n\t\t\t\t\t\t\t\t\t<div class=\"elementor-element elementor-element-c9e40af elementor-widget elementor-widget-text-editor\" data-id=\"c9e40af\" data-element_type=\"widget\" data-widget_type=\"text-editor.default\">\n<div class=\"elementor-widget-container\">\n<div class=\"elementor-text-editor elementor-clearfix\">\n<h2 data-start=\"2804\" data-end=\"2853\"><strong>Zertifizierte Tanks und dokumentierte Qualit\u00e4t<\/strong><\/h2>\n<p data-start=\"2855\" data-end=\"3260\">Wenn Prozesse audit- oder nachweispflichtig sind, braucht es klare Dokumentation. Wir liefern zertifizierte Tanks bzw. unterst\u00fctzen \u2013 je nach Projekt \u2013 die erforderlichen Nachweise und Abnahmen (z. B. f\u00fcr Druckger\u00e4te, Material- und Schwei\u00dfdokumentation). Dadurch erhalten Sie eine L\u00f6sung, die nicht nur technisch \u00fcberzeugt, sondern auch in der Praxis reibungslos freigegeben und betrieben werden kann.<\/p>\n<\/div>\n<\/div>\n<\/div>\t\t\t\t\t\t\t\t<\/div>\n\t\t\t\t<div class=\"elementor-element elementor-element-5fc1da4 elementor-widget elementor-widget-spacer\" data-id=\"5fc1da4\" data-element_type=\"widget\" data-widget_type=\"spacer.default\">\n\t\t\t\t\t\t\t<div class=\"elementor-spacer\">\n\t\t\t<div class=\"elementor-spacer-inner\"><\/div>\n\t\t<\/div>\n\t\t\t\t\t\t<\/div>\n\t\t\t\t<div class=\"elementor-element elementor-element-b828f84 elementor-widget elementor-widget-text-editor\" data-id=\"b828f84\" data-element_type=\"widget\" data-widget_type=\"text-editor.default\">\n\t\t\t\t\t\t\t\t\t<div class=\"elementor-element elementor-element-c9e40af elementor-widget elementor-widget-text-editor\" data-id=\"c9e40af\" data-element_type=\"widget\" data-widget_type=\"text-editor.default\">\n<div class=\"elementor-widget-container\">\n<div class=\"elementor-text-editor elementor-clearfix\">\n<h2><strong>Warum Gpi Tanks?<\/strong><\/h2>\n<p>Ganz gleich, ob Sie auf der Suche nach Lager- oder Verarbeitungsl\u00f6sungen f\u00fcr Ihre Branche sind, Gpi Tanks bietet Ihnen ma\u00dfgeschneiderte Lebensmitteltanks aus Edelstahl, die all Ihren Anforderungen entsprechen. Entdecken Sie also noch heute unser Angebot und finden Sie die perfekte L\u00f6sung f\u00fcr Ihr Unternehmen.<\/p>\n<\/div>\n<\/div>\n<\/div>\t\t\t\t\t\t\t\t<\/div>\n\t\t\t\t<div class=\"elementor-element elementor-element-b8b9e52 elementor-widget elementor-widget-spacer\" data-id=\"b8b9e52\" data-element_type=\"widget\" data-widget_type=\"spacer.default\">\n\t\t\t\t\t\t\t<div class=\"elementor-spacer\">\n\t\t\t<div class=\"elementor-spacer-inner\"><\/div>\n\t\t<\/div>\n\t\t\t\t\t\t<\/div>\n\t\t\t\t<div class=\"elementor-element elementor-element-3807030 elementor-widget elementor-widget-spacer\" data-id=\"3807030\" data-element_type=\"widget\" data-widget_type=\"spacer.default\">\n\t\t\t\t\t\t\t<div class=\"elementor-spacer\">\n\t\t\t<div class=\"elementor-spacer-inner\"><\/div>\n\t\t<\/div>\n\t\t\t\t\t\t<\/div>\n\t\t\t\t<section class=\"elementor-section elementor-inner-section elementor-element elementor-element-e262339 elementor-section-boxed elementor-section-height-default elementor-section-height-default\" data-id=\"e262339\" data-element_type=\"section\">\n\t\t\t\t\t\t<div class=\"elementor-container elementor-column-gap-default\">\n\t\t\t\t\t<div class=\"elementor-column elementor-col-50 elementor-inner-column elementor-element elementor-element-62ec3f7\" data-id=\"62ec3f7\" data-element_type=\"column\">\n\t\t\t<div class=\"elementor-widget-wrap elementor-element-populated\">\n\t\t\t\t\t\t<div class=\"elementor-element elementor-element-9269262 elementor-widget elementor-widget-text-editor\" data-id=\"9269262\" data-element_type=\"widget\" data-widget_type=\"text-editor.default\">\n\t\t\t\t\t\t\t\t\t<h5 class=\"h5-cto\">Haben Sie Fragen zu unseren Lebensmitteltanks?<\/h5>\t\t\t\t\t\t\t\t<\/div>\n\t\t\t\t\t<\/div>\n\t\t<\/div>\n\t\t\t\t<div class=\"elementor-column elementor-col-50 elementor-inner-column elementor-element elementor-element-6d16013\" data-id=\"6d16013\" data-element_type=\"column\">\n\t\t\t<div class=\"elementor-widget-wrap elementor-element-populated\">\n\t\t\t\t\t\t<div class=\"elementor-element elementor-element-bd9d7c8 elementor-widget elementor-widget-request-button\" data-id=\"bd9d7c8\" data-element_type=\"widget\" data-widget_type=\"request-button.default\">\n\t\t\t\t<div class=\"elementor-widget-container\">\n\t\t\t\t\t\t<div style=\"text-align: center;\">\n\t<a rel=\"nofollow\" href=\"https:\/\/gpi-tanks.com\/de\/request\/?request=89003\" class=\"arrow-button\">\n\t\t<span style=\"\">Kontakt<\/span>\n\t\t<div class=\"cirlce-box\">\n\t\t\t<i class=\"fal fa-arrow-right\" style=\"\"><\/i>\n\t\t\t<svg width=\"52\" height=\"52\" class=\"outer-circle\">\n\t\t\t\t<circle cx=\"26\" cy=\"26\" r=\"24\" stroke=\"#efefef90\" stroke-width=\"1\" fill-opacity=\"0\" \/>\n\t\t\t\t<circle class=\"circle\" cx=\"26\" cy=\"26\" r=\"24\" stroke=\"#00a799\" fill=\"#fff\" stroke-width=\"3\" \/>\n\t\t\t<\/svg>\n\t\t<\/div>\n\t<\/a>\n\t<\/div>\n\t\t\t\t<\/div>\n\t\t\t\t<\/div>\n\t\t\t\t\t<\/div>\n\t\t<\/div>\n\t\t\t\t\t<\/div>\n\t\t<\/section>\n\t\t\t\t<div class=\"elementor-element elementor-element-683d8b7 elementor-widget elementor-widget-spacer\" data-id=\"683d8b7\" data-element_type=\"widget\" data-widget_type=\"spacer.default\">\n\t\t\t\t\t\t\t<div class=\"elementor-spacer\">\n\t\t\t<div class=\"elementor-spacer-inner\"><\/div>\n\t\t<\/div>\n\t\t\t\t\t\t<\/div>\n\t\t\t\t\t<\/div>\n\t\t<\/div>\n\t\t\t\t\t<\/div>\n\t\t<\/section>\n\t\t\t\t<\/div>\n\t\t","protected":false},"excerpt":{"rendered":"<p>Lebensmitteltank aus Edelstahl Sie ben\u00f6tigen einen Lebensmitteltank aus Edelstahl, der hygienisch, langlebig und exakt auf Ihren Prozess abgestimmt ist? Gpi Tanks entwickelt und fertigt Edelstahltanks und komplette Anlagen f\u00fcr die Lebensmittel- und Getr\u00e4nkeindustrie \u2013 nach Kundenwunsch, von der Auslegung bis zur Inbetriebnahme. Ob Lagerung, Mischen, Temperieren oder Kristallisation: Wir liefern L\u00f6sungen f\u00fcr anspruchsvolle Anwendungen bis<\/p>\n","protected":false},"author":26,"featured_media":3432,"parent":0,"menu_order":0,"comment_status":"closed","ping_status":"closed","template":"","meta":{"_acf_changed":false,"footnotes":""},"class_list":["post-89003","page","type-page","status-publish","has-post-thumbnail","hentry"],"acf":[],"_links":{"self":[{"href":"https:\/\/gpi-tanks.com\/de\/wp-json\/wp\/v2\/pages\/89003","targetHints":{"allow":["GET"]}}],"collection":[{"href":"https:\/\/gpi-tanks.com\/de\/wp-json\/wp\/v2\/pages"}],"about":[{"href":"https:\/\/gpi-tanks.com\/de\/wp-json\/wp\/v2\/types\/page"}],"author":[{"embeddable":true,"href":"https:\/\/gpi-tanks.com\/de\/wp-json\/wp\/v2\/users\/26"}],"replies":[{"embeddable":true,"href":"https:\/\/gpi-tanks.com\/de\/wp-json\/wp\/v2\/comments?post=89003"}],"version-history":[{"count":10,"href":"https:\/\/gpi-tanks.com\/de\/wp-json\/wp\/v2\/pages\/89003\/revisions"}],"predecessor-version":[{"id":92397,"href":"https:\/\/gpi-tanks.com\/de\/wp-json\/wp\/v2\/pages\/89003\/revisions\/92397"}],"wp:featuredmedia":[{"embeddable":true,"href":"https:\/\/gpi-tanks.com\/de\/wp-json\/wp\/v2\/media\/3432"}],"wp:attachment":[{"href":"https:\/\/gpi-tanks.com\/de\/wp-json\/wp\/v2\/media?parent=89003"}],"curies":[{"name":"wp","href":"https:\/\/api.w.org\/{rel}","templated":true}]}}