{"id":89072,"date":"2025-11-27T14:49:16","date_gmt":"2025-11-27T14:49:16","guid":{"rendered":"https:\/\/gpi-tanks.com\/?page_id=89072"},"modified":"2026-01-28T11:54:09","modified_gmt":"2026-01-28T11:54:09","slug":"biertanks","status":"publish","type":"page","link":"https:\/\/gpi-tanks.com\/de\/biertanks\/","title":{"rendered":"Biertanks"},"content":{"rendered":"\t\t<div data-elementor-type=\"wp-page\" data-elementor-id=\"89072\" class=\"elementor elementor-89072 elementor-89070\" data-elementor-post-type=\"page\">\n\t\t\t\t\t\t<section class=\"elementor-section elementor-top-section elementor-element elementor-element-48fedb8 elementor-section-boxed elementor-section-height-default elementor-section-height-default\" data-id=\"48fedb8\" data-element_type=\"section\">\n\t\t\t\t\t\t<div class=\"elementor-container elementor-column-gap-default\">\n\t\t\t\t\t<div class=\"elementor-column elementor-col-100 elementor-top-column elementor-element elementor-element-c351957\" data-id=\"c351957\" data-element_type=\"column\">\n\t\t\t<div class=\"elementor-widget-wrap elementor-element-populated\">\n\t\t\t\t\t\t<div class=\"elementor-element elementor-element-574a95b elementor-widget elementor-widget-heading\" data-id=\"574a95b\" data-element_type=\"widget\" data-widget_type=\"heading.default\">\n\t\t\t\t\t<h1 class=\"elementor-heading-title elementor-size-default\">Biertanks<\/h1>\t\t\t\t<\/div>\n\t\t\t\t<div class=\"elementor-element elementor-element-1a0dcb9 elementor-widget elementor-widget-spacer\" data-id=\"1a0dcb9\" data-element_type=\"widget\" data-widget_type=\"spacer.default\">\n\t\t\t\t\t\t\t<div class=\"elementor-spacer\">\n\t\t\t<div class=\"elementor-spacer-inner\"><\/div>\n\t\t<\/div>\n\t\t\t\t\t\t<\/div>\n\t\t\t\t<div class=\"elementor-element elementor-element-a6d762f elementor-widget elementor-widget-text-editor\" data-id=\"a6d762f\" data-element_type=\"widget\" data-widget_type=\"text-editor.default\">\n\t\t\t\t\t\t\t\t\t<p>Gpi Tanks konstruiert und fertigt Ihren Biertank aus Edelstahl nach Ihren individuellen Anforderungen. So bekommen Sie den Edelstahltank, den Sie f\u00fcr Ihren Brauprozess ben\u00f6tigen. Wir legen die Tanks nach Ihren Vorgaben und zu Ihrem Prozess passend aus, unterst\u00fctzen Sie bei der Wahl des geeigneten Werkstoffs, der richtigen Ausstattung sowie wichtiger Baugruppen. Dabei achten wir sorgf\u00e4ltig auf die \u00f6rtlichen Gegebenheiten in Ihrer Brauerei sowie die Einbausituation und die Anbindung an vorhandene Rohrleitungssysteme. So k\u00f6nnen Ihre neuen Tanks schnell in Ihren Prozess eingebunden werden. Zudem k\u00f6nnen wir Ihren Tank mit Armaturen wie Absperrklappen oder Sicherheitsventil sowie mit Instrumentierung mit den von Ihnen gew\u00fcnschten Prozessanschl\u00fcssen ausstatten.<\/p>\t\t\t\t\t\t\t\t<\/div>\n\t\t\t\t<div class=\"elementor-element elementor-element-80f5d22 elementor-widget elementor-widget-checklist\" data-id=\"80f5d22\" data-element_type=\"widget\" data-widget_type=\"checklist.default\">\n\t\t\t\t<div class=\"elementor-widget-container\">\n\t\t\t\t\t<!-- <span class=\"material-symbols-outlined\">\ntask_alt\n<\/span> -->\n\n\t<div class=\"checklist-wrapper\">\n\t\t\t\t\t<span class=\"checklist-item\">Biertanks, Bierlagerbeh\u00e4lter, zylindrokonische G\u00e4r- und Drucktanks<\/span>\n\t\t\t\t\t<span class=\"checklist-item\">Edelstahltanks f\u00fcr Brauereien mit 100 L bis 5.000 HL<\/span>\n\t\t\t\t\t<span class=\"checklist-item\">Entwurf und Produktion nach Kundenwunsch<\/span>\n\t\t\t\t\t<span class=\"checklist-item\">Fabriksbau oder Tankbau vor Ort<\/span>\n\t\t\t<\/div>\n\t\t\t\t<\/div>\n\t\t\t\t<\/div>\n\t\t\t\t<div class=\"elementor-element elementor-element-e486c47 elementor-widget elementor-widget-spacer\" data-id=\"e486c47\" data-element_type=\"widget\" data-widget_type=\"spacer.default\">\n\t\t\t\t\t\t\t<div class=\"elementor-spacer\">\n\t\t\t<div class=\"elementor-spacer-inner\"><\/div>\n\t\t<\/div>\n\t\t\t\t\t\t<\/div>\n\t\t\t\t<div class=\"elementor-element elementor-element-f963db3 elementor-widget elementor-widget-text-editor\" data-id=\"f963db3\" data-element_type=\"widget\" data-widget_type=\"text-editor.default\">\n\t\t\t\t\t\t\t\t\t<h2 class=\"elementor-heading-title elementor-size-large\">Sicherheit und Qualit\u00e4t\u00a0<\/h2>\t\t\t\t\t\t\t\t<\/div>\n\t\t\t\t<div class=\"elementor-element elementor-element-cc00ab2 elementor-widget elementor-widget-text-editor\" data-id=\"cc00ab2\" data-element_type=\"widget\" data-widget_type=\"text-editor.default\">\n\t\t\t\t\t\t\t\t\t<p>Wir k\u00f6nnen alle relevanten Zertifizierungen und Normen erf\u00fcllen, einschlie\u00dflich NEN-EN 13445, NEN-EN 14015, NEN-EN 1090, ISO 9001, ISO 3824-2, ASME U-Stamp und KIWA BRL-K756\/03. Lesen Sie mehr auf unserer Seite \u00fcber\u00a0<a href=\"https:\/\/gpi-tanks.com\/de\/qualitaet\/\">Sicherheit und Qualit\u00e4t<\/a>\u00a0oder kontaktieren Sie einen unserer Experten.<\/p>\t\t\t\t\t\t\t\t<\/div>\n\t\t\t\t<div class=\"elementor-element elementor-element-0685ce6 elementor-widget elementor-widget-text-editor\" data-id=\"0685ce6\" data-element_type=\"widget\" data-widget_type=\"text-editor.default\">\n\t\t\t\t\t\t\t\t\t<h2 class=\"elementor-heading-title elementor-size-large\">K\u00fchlung und Isolierung<\/h2>\t\t\t\t\t\t\t\t<\/div>\n\t\t\t\t<div class=\"elementor-element elementor-element-a177e0d elementor-widget elementor-widget-text-editor\" data-id=\"a177e0d\" data-element_type=\"widget\" data-widget_type=\"text-editor.default\">\n\t\t\t\t\t\t\t\t\t<p>Wir realisieren Biertanks und Bierlagerbeh\u00e4lter mit Mantelk\u00fchlung unter Ber\u00fccksichtigung der effizientesten L\u00f6sung f\u00fcr Ihren technologischen Prozess. Je nach Anforderung an die K\u00fchlleistung f\u00fchren wir die K\u00fchlung als Doppelmantelk\u00fchlung, mit Halbrohren oder als Thermobleche aus. Durch die richtige Dimensionierung kann die K\u00fchlung an die jeweilige Aufgabe angepasst werden. Die perfekte Temperatur f\u00fcr Ihr Bier kann so durch effektive Ausnutzung der K\u00fchlenergie Ihres K\u00fchlmediums gesteuert werden. Um K\u00e4lteverluste zu minimieren und die Tankk\u00fchlung zu optimieren, kann der Biertank auch isoliert und verkleidet werden.<\/p>\t\t\t\t\t\t\t\t<\/div>\n\t\t\t\t<div class=\"elementor-element elementor-element-27769d0 elementor-widget elementor-widget-image\" data-id=\"27769d0\" data-element_type=\"widget\" data-widget_type=\"image.default\">\n\t\t\t\t\t\t\t\t\t\t\t\t\t\t\t<img fetchpriority=\"high\" decoding=\"async\" width=\"1024\" height=\"683\" src=\"https:\/\/gpi-tanks.com\/wp-content\/uploads\/2022\/06\/MG_8476-1_cctbeertank-gpi-1024x683.jpg\" class=\"attachment-large size-large wp-image-3478\" alt=\"Cylindrical Conical Tanks von 50 hl bis 5.000 hl\" srcset=\"https:\/\/gpi-tanks.com\/wp-content\/uploads\/2022\/06\/MG_8476-1_cctbeertank-gpi-1024x683.jpg 1024w, https:\/\/gpi-tanks.com\/wp-content\/uploads\/2022\/06\/MG_8476-1_cctbeertank-gpi-300x200.jpg 300w, https:\/\/gpi-tanks.com\/wp-content\/uploads\/2022\/06\/MG_8476-1_cctbeertank-gpi-768x512.jpg 768w, https:\/\/gpi-tanks.com\/wp-content\/uploads\/2022\/06\/MG_8476-1_cctbeertank-gpi-1536x1024.jpg 1536w, https:\/\/gpi-tanks.com\/wp-content\/uploads\/2022\/06\/MG_8476-1_cctbeertank-gpi.jpg 1600w\" sizes=\"(max-width: 1024px) 100vw, 1024px\" \/>\t\t\t\t\t\t\t\t\t\t\t\t\t\t\t<\/div>\n\t\t\t\t<div class=\"elementor-element elementor-element-960e1a2 elementor-widget elementor-widget-spacer\" data-id=\"960e1a2\" data-element_type=\"widget\" data-widget_type=\"spacer.default\">\n\t\t\t\t\t\t\t<div class=\"elementor-spacer\">\n\t\t\t<div class=\"elementor-spacer-inner\"><\/div>\n\t\t<\/div>\n\t\t\t\t\t\t<\/div>\n\t\t\t\t<section class=\"elementor-section elementor-inner-section elementor-element elementor-element-9f87f65 elementor-section-boxed elementor-section-height-default elementor-section-height-default\" data-id=\"9f87f65\" data-element_type=\"section\">\n\t\t\t\t\t\t<div class=\"elementor-container elementor-column-gap-default\">\n\t\t\t\t\t<div class=\"elementor-column elementor-col-50 elementor-inner-column elementor-element elementor-element-70c37cf\" data-id=\"70c37cf\" data-element_type=\"column\">\n\t\t\t<div class=\"elementor-widget-wrap elementor-element-populated\">\n\t\t\t\t\t\t<div class=\"elementor-element elementor-element-48e82b4 elementor-widget elementor-widget-text-editor\" data-id=\"48e82b4\" data-element_type=\"widget\" data-widget_type=\"text-editor.default\">\n\t\t\t\t\t\t\t\t\t<h5 class=\"h5-cto\">Haben Sie noch Fragen<br \/>zu Biertanks?<br \/>Wir helfen Ihnen gerne weiter!<\/h5>\t\t\t\t\t\t\t\t<\/div>\n\t\t\t\t\t<\/div>\n\t\t<\/div>\n\t\t\t\t<div class=\"elementor-column elementor-col-50 elementor-inner-column elementor-element elementor-element-0293227\" data-id=\"0293227\" data-element_type=\"column\">\n\t\t\t<div class=\"elementor-widget-wrap elementor-element-populated\">\n\t\t\t\t\t\t<div class=\"elementor-element elementor-element-4578f61 elementor-widget elementor-widget-ttp-button\" data-id=\"4578f61\" data-element_type=\"widget\" data-widget_type=\"ttp-button.default\">\n\t\t\t\t<div class=\"elementor-widget-container\">\n\t\t\t\t\t\t<div style=\"text-align: center;\">\n\t<a href=\"https:\/\/gpi-tanks.com\/request\/?request=29145\" class=\"arrow-button\">\n\t\t<span style=\"\">Kontakt<\/span>\n\t\t<div class=\"cirlce-box\">\n\t\t\t<i class=\"fal fa-arrow-right\" style=\"\"><\/i>\n\t\t\t<svg width=\"52\" height=\"52\" class=\"outer-circle\">\n\t\t\t\t<circle cx=\"26\" cy=\"26\" r=\"24\" stroke=\"#efefef90\" stroke-width=\"1\" fill-opacity=\"0\" \/>\n\t\t\t\t<circle class=\"circle\" cx=\"26\" cy=\"26\" r=\"24\" stroke=\"#00a799\" fill=\"#fff\" stroke-width=\"3\" \/>\n\t\t\t<\/svg>\n\t\t<\/div>\n\t<\/a>\n\t<\/div>\n\t\t\t\t<\/div>\n\t\t\t\t<\/div>\n\t\t\t\t\t<\/div>\n\t\t<\/div>\n\t\t\t\t\t<\/div>\n\t\t<\/section>\n\t\t\t\t<div class=\"elementor-element elementor-element-f0aeb96 elementor-widget elementor-widget-spacer\" data-id=\"f0aeb96\" data-element_type=\"widget\" data-widget_type=\"spacer.default\">\n\t\t\t\t\t\t\t<div class=\"elementor-spacer\">\n\t\t\t<div class=\"elementor-spacer-inner\"><\/div>\n\t\t<\/div>\n\t\t\t\t\t\t<\/div>\n\t\t\t\t<div class=\"elementor-element elementor-element-79403f9 elementor-widget elementor-widget-heading\" data-id=\"79403f9\" data-element_type=\"widget\" data-widget_type=\"heading.default\">\n\t\t\t\t\t<h2 class=\"elementor-heading-title elementor-size-default\">Ein Biertank f\u00fcr jede Anwendung<\/h2>\t\t\t\t<\/div>\n\t\t\t\t<div class=\"elementor-element elementor-element-c222e69 elementor-widget elementor-widget-text-editor\" data-id=\"c222e69\" data-element_type=\"widget\" data-widget_type=\"text-editor.default\">\n\t\t\t\t\t\t\t\t\t<p>Gpi produziert Beh\u00e4lter f\u00fcr die Brauindustrie von 2,5 hl f\u00fcr den Einsatz als Ausschanktank in der Gastronomie bis hin zu ZKTs mit einer Gr\u00f6\u00dfe bis 5.000 HL als G\u00e4r- und Lagertanks f\u00fcr gro\u00dfe Brauereien. Bis zu einem Durchmesser von 10 m fertigen wir die Biertanks in unserer Fabrik. Die fertigen Tanks k\u00f6nnen dann mit einem LKW oder per Schiff zu Ihrem Standort transportiert werden. Ist der Transport gro\u00dfer Tanks zu Ihnen nicht m\u00f6glich oder wird der Einbau durch die Einbringsituation verhindert, k\u00f6nnen wir Tanks aller Formate auch direkt bei Ihnen vor Ort fertigen, aufstellen und abnehmen.<\/p>\t\t\t\t\t\t\t\t<\/div>\n\t\t\t\t<div class=\"elementor-element elementor-element-21bff53 elementor-widget elementor-widget-heading\" data-id=\"21bff53\" data-element_type=\"widget\" data-widget_type=\"heading.default\">\n\t\t\t\t\t<h2 class=\"elementor-heading-title elementor-size-default\">ZKTs - zylindrokonische G\u00e4r- und Lagertanks<\/h2>\t\t\t\t<\/div>\n\t\t\t\t<div class=\"elementor-element elementor-element-84d190c elementor-widget elementor-widget-text-editor\" data-id=\"84d190c\" data-element_type=\"widget\" data-widget_type=\"text-editor.default\">\n\t\t\t\t\t\t\t\t\t<p>Zylindrokonische Tanks werden in der Brauerei f\u00fcr die G\u00e4rung und Lagerung eingesetzt. Gpi stellt diese Biertanks immer individuell nach Ma\u00df her, um den Platz, der Ihnen zur Verf\u00fcgung steht, optimal zu nutzen. Standardm\u00e4\u00dfig werden die Tanks mit hygienischer Oberfl\u00e4chenverarbeitung und m\u00f6glichst totraumfrei gefertigt. Sollten h\u00f6here Anforderungen an die Hygiene-Ausf\u00fchrung der Tanks bestehen, k\u00f6nnen diese auch vollst\u00e4ndig geschliffen oder elektropoliert werden, um eine Oberfl\u00e4chenrauhigkeit von \u2264 0,5 \u00b5m zu erreichen.<br \/>ZKTs und Bierlagerbeh\u00e4lter k\u00f6nnen, wie alle Tanks von Gpi, isoliert und mit Mantelk\u00fchlung gefertigt werden. Bei den\u00a0<a href=\"https:\/\/gpi-tanks.com\/de\/produkt\/zylindrokonischer-gaertank\/\" target=\"_blank\" rel=\"noopener\">zylindrokonischen G\u00e4rtanks<\/a>\u00a0und Lagertanks kann diese auch als Zonenk\u00fchlung ausgef\u00fchrt werden.<\/p>\t\t\t\t\t\t\t\t<\/div>\n\t\t\t\t<div class=\"elementor-element elementor-element-36cb9d2 elementor-widget elementor-widget-image\" data-id=\"36cb9d2\" data-element_type=\"widget\" data-widget_type=\"image.default\">\n\t\t\t\t\t\t\t\t\t\t\t\t\t\t\t<img decoding=\"async\" width=\"1024\" height=\"996\" src=\"https:\/\/gpi-tanks.com\/wp-content\/uploads\/2022\/09\/Image-1-1-1024x996.jpg\" class=\"attachment-large size-large wp-image-16114\" alt=\"BBT tanks\" srcset=\"https:\/\/gpi-tanks.com\/wp-content\/uploads\/2022\/09\/Image-1-1-1024x996.jpg 1024w, https:\/\/gpi-tanks.com\/wp-content\/uploads\/2022\/09\/Image-1-1-300x292.jpg 300w, https:\/\/gpi-tanks.com\/wp-content\/uploads\/2022\/09\/Image-1-1-768x747.jpg 768w, https:\/\/gpi-tanks.com\/wp-content\/uploads\/2022\/09\/Image-1-1.jpg 1053w\" sizes=\"(max-width: 1024px) 100vw, 1024px\" \/>\t\t\t\t\t\t\t\t\t\t\t\t\t\t\t<\/div>\n\t\t\t\t<div class=\"elementor-element elementor-element-518d209 elementor-widget elementor-widget-spacer\" data-id=\"518d209\" data-element_type=\"widget\" data-widget_type=\"spacer.default\">\n\t\t\t\t\t\t\t<div class=\"elementor-spacer\">\n\t\t\t<div class=\"elementor-spacer-inner\"><\/div>\n\t\t<\/div>\n\t\t\t\t\t\t<\/div>\n\t\t\t\t<div class=\"elementor-element elementor-element-4d9e85f elementor-widget elementor-widget-heading\" data-id=\"4d9e85f\" data-element_type=\"widget\" data-widget_type=\"heading.default\">\n\t\t\t\t\t<h2 class=\"elementor-heading-title elementor-size-default\">Drucktanks f\u00fcr filtriertes Bier<\/h2>\t\t\t\t<\/div>\n\t\t\t\t<div class=\"elementor-element elementor-element-0c8096e elementor-widget elementor-widget-text-editor\" data-id=\"0c8096e\" data-element_type=\"widget\" data-widget_type=\"text-editor.default\">\n\t\t\t\t\t\t\t\t\t<p>Wie die ZKTs von Gpi werden auch die\u00a0<a href=\"https:\/\/gpi-tanks.com\/de\/produkt\/bright-beer-tank-bbt\/\" target=\"_blank\" rel=\"noopener\">Drucktanks f\u00fcr filtriertes Bier<\/a>\u00a0nach Ihren Vorstellungen und Anforderungen passend zu Ihrem tats\u00e4chlichen Bedarf gefertigt, um sicherzustellen, dass Sie einen Tank in der ben\u00f6tigten Gr\u00f6\u00dfe und mit den ben\u00f6tigten Armaturen bekommen. Sie geben vor, f\u00fcr welche Druckstufe Ihr Drucktank gefertigt werden muss, und Gpi setzt den Tank nach den Vorgaben Ihrer Design-Daten um.<\/p><p>Neben ZKTs und Drucktanks liefert Gpi auch weitere Tanks f\u00fcr den Brauprozess wie liegende Lagertanks, Siruptanks, Wasserstapeltanks und vieles mehr.<\/p><h2>Innovativer und schneller Entwurfsprozess<\/h2><p>Wie kaum ein anderer Tankbauer verf\u00fcgen wir \u00fcber spezielle Technologie und Rechenkapazit\u00e4t, die in k\u00fcrzester Zeit mit Ihren Anforderungsdaten einen Zeichnungsentwurf in 2D und 3D erstellt. Auf diese Weise k\u00f6nnen wir Ihnen sehr schnell einen Kostenvoranschlag erstellen f\u00fcr das entsprechende Konzept nach Wunsch.<\/p>\t\t\t\t\t\t\t\t<\/div>\n\t\t\t\t<div class=\"elementor-element elementor-element-3ee364f elementor-widget elementor-widget-image\" data-id=\"3ee364f\" data-element_type=\"widget\" data-widget_type=\"image.default\">\n\t\t\t\t\t\t\t\t\t\t\t\t\t\t\t<img decoding=\"async\" width=\"600\" height=\"400\" src=\"https:\/\/gpi-tanks.com\/wp-content\/uploads\/2022\/09\/MG_8427-600x400-1.jpg\" class=\"attachment-large size-large wp-image-29149\" alt=\"Drucktanks f\u00fcr filtriertes Bier\" srcset=\"https:\/\/gpi-tanks.com\/wp-content\/uploads\/2022\/09\/MG_8427-600x400-1.jpg 600w, https:\/\/gpi-tanks.com\/wp-content\/uploads\/2022\/09\/MG_8427-600x400-1-300x200.jpg 300w\" sizes=\"(max-width: 600px) 100vw, 600px\" \/>\t\t\t\t\t\t\t\t\t\t\t\t\t\t\t<\/div>\n\t\t\t\t<div class=\"elementor-element elementor-element-5fbc68d elementor-widget elementor-widget-spacer\" data-id=\"5fbc68d\" data-element_type=\"widget\" data-widget_type=\"spacer.default\">\n\t\t\t\t\t\t\t<div class=\"elementor-spacer\">\n\t\t\t<div class=\"elementor-spacer-inner\"><\/div>\n\t\t<\/div>\n\t\t\t\t\t\t<\/div>\n\t\t\t\t\t<\/div>\n\t\t<\/div>\n\t\t\t\t\t<\/div>\n\t\t<\/section>\n\t\t\t\t<section class=\"elementor-section elementor-top-section elementor-element elementor-element-46321e8 elementor-section-boxed elementor-section-height-default elementor-section-height-default\" data-id=\"46321e8\" data-element_type=\"section\">\n\t\t\t\t\t\t<div class=\"elementor-container elementor-column-gap-default\">\n\t\t\t\t\t<div class=\"elementor-column elementor-col-100 elementor-top-column elementor-element elementor-element-d0fe740\" data-id=\"d0fe740\" data-element_type=\"column\">\n\t\t\t<div class=\"elementor-widget-wrap elementor-element-populated\">\n\t\t\t\t\t\t<div class=\"elementor-element elementor-element-2beef37 elementor-widget elementor-widget-heading\" data-id=\"2beef37\" data-element_type=\"widget\" data-widget_type=\"heading.default\">\n\t\t\t\t\t<h2 class=\"elementor-heading-title elementor-size-default\">Unsere Biertanks<\/h2>\t\t\t\t<\/div>\n\t\t\t\t<div class=\"elementor-element elementor-element-ea681a2 elementor-grid-1 elementor-grid-tablet-2 elementor-grid-mobile-1 elementor-widget elementor-widget-posts\" data-id=\"ea681a2\" data-element_type=\"widget\" data-settings=\"{&quot;archive_small_columns&quot;:&quot;1&quot;,&quot;archive_small_columns_tablet&quot;:&quot;2&quot;,&quot;archive_small_columns_mobile&quot;:&quot;1&quot;,&quot;archive_small_row_gap&quot;:{&quot;unit&quot;:&quot;px&quot;,&quot;size&quot;:35,&quot;sizes&quot;:[]},&quot;archive_small_row_gap_tablet&quot;:{&quot;unit&quot;:&quot;px&quot;,&quot;size&quot;:&quot;&quot;,&quot;sizes&quot;:[]},&quot;archive_small_row_gap_mobile&quot;:{&quot;unit&quot;:&quot;px&quot;,&quot;size&quot;:&quot;&quot;,&quot;sizes&quot;:[]}}\" data-widget_type=\"posts.archive_small\">\n\t\t\t\t<div class=\"elementor-widget-container\">\n\t\t\t\t\t\t\t<div class=\"elementor-posts-container elementor-posts elementor-posts--skin-small elementor-grid\" role=\"list\">\n\t\t\t\t<article class=\"elementor-post elementor-grid-item post-4598 products type-products status-publish has-post-thumbnail hentry tag-beer-de tag-bier-tanks tag-drinks-and-juices-de tag-getraenke-und-saefte tag-lagertanks tag-storage-tanks-de product-category-biertanks-de\" role=\"listitem\">\n\t\t<article class=\"post-card-small ttp-post-card\">\n\t<div class=\"post-card-small-image\">\n\t\t<a href=\"https:\/\/gpi-tanks.com\/de\/produkt\/zylindrokonischer-gaertank\/\">\n\t\t\t<img loading=\"lazy\" decoding=\"async\" width=\"1600\" height=\"1067\" src=\"https:\/\/gpi-tanks.com\/wp-content\/uploads\/2022\/06\/MG_8476-1_cctbeertank-gpi.jpg\" class=\"attachment-full size-full wp-post-image\" alt=\"Cylindrical Conical Tanks von 50 hl bis 5.000 hl\" srcset=\"https:\/\/gpi-tanks.com\/wp-content\/uploads\/2022\/06\/MG_8476-1_cctbeertank-gpi.jpg 1600w, https:\/\/gpi-tanks.com\/wp-content\/uploads\/2022\/06\/MG_8476-1_cctbeertank-gpi-300x200.jpg 300w, https:\/\/gpi-tanks.com\/wp-content\/uploads\/2022\/06\/MG_8476-1_cctbeertank-gpi-1024x683.jpg 1024w, https:\/\/gpi-tanks.com\/wp-content\/uploads\/2022\/06\/MG_8476-1_cctbeertank-gpi-768x512.jpg 768w, https:\/\/gpi-tanks.com\/wp-content\/uploads\/2022\/06\/MG_8476-1_cctbeertank-gpi-1536x1024.jpg 1536w\" sizes=\"(max-width: 1600px) 100vw, 1600px\" \/>\t\t<\/a>\n\t<\/div>\n\n\t<div class=\"post-card-small-content\">\n\t\t<a href=\"https:\/\/gpi-tanks.com\/de\/produkt\/zylindrokonischer-gaertank\/\">\n\t\t\t<h3 class=\"post-card-small-title\">Zylindrokonischer G\u00e4rtank (CCT)<\/h3>\t\t\t<p>Zylindrokonische G\u00e4rtanks\u200b (ZKG) Gpi Tanks fertigt zylindrokonische G\u00e4rtanks (ZKG) f\u00fcr zahlreiche Brauereien...<\/p>\n\t\t<\/a>\n\t<\/div>\n\n\t<a href=\"https:\/\/gpi-tanks.com\/de\/produkt\/zylindrokonischer-gaertank\/\" class=\"read-more arrow-button\">\n\t\t<div class=\"cirlce-box\">\n\t\t\t<i class=\"fal fa-arrow-right\"><\/i>\n\t\t\t<svg width=\"52\" height=\"52\" class=\"outer-circle\">\n\t\t\t\t<circle cx=\"26\" cy=\"26\" r=\"24\" stroke=\"#efefef90\" stroke-width=\"1\" fill-opacity=\"0\" \/>\n\t\t\t\t<circle class=\"circle\" cx=\"26\" cy=\"26\" r=\"24\" stroke=\"#00a799\" fill=\"#fff\" stroke-width=\"3\" \/>\n\t\t\t<\/svg>\n\t\t<\/div>\n\t<\/a>\n<\/article>\n\t\t<\/article>\n\t\t\t\t<article class=\"elementor-post elementor-grid-item post-4547 products type-products status-publish has-post-thumbnail hentry tag-beer-de tag-bier-tanks tag-drinks-and-juices-de tag-lagertanks tag-storage-tanks-de tag-storage-tanks product-category-biertanks-de\" role=\"listitem\">\n\t\t<article class=\"post-card-small ttp-post-card\">\n\t<div class=\"post-card-small-image\">\n\t\t<a href=\"https:\/\/gpi-tanks.com\/de\/produkt\/bright-beer-tank-bbt\/\">\n\t\t\t<img loading=\"lazy\" decoding=\"async\" width=\"2560\" height=\"1707\" src=\"https:\/\/gpi-tanks.com\/wp-content\/uploads\/2021\/11\/Biertanks_header-1.jpg\" class=\"attachment-full size-full wp-post-image\" alt=\"Biertanks\" srcset=\"https:\/\/gpi-tanks.com\/wp-content\/uploads\/2021\/11\/Biertanks_header-1.jpg 2560w, https:\/\/gpi-tanks.com\/wp-content\/uploads\/2021\/11\/Biertanks_header-1-300x200.jpg 300w, https:\/\/gpi-tanks.com\/wp-content\/uploads\/2021\/11\/Biertanks_header-1-1024x683.jpg 1024w, https:\/\/gpi-tanks.com\/wp-content\/uploads\/2021\/11\/Biertanks_header-1-768x512.jpg 768w, https:\/\/gpi-tanks.com\/wp-content\/uploads\/2021\/11\/Biertanks_header-1-1536x1024.jpg 1536w, https:\/\/gpi-tanks.com\/wp-content\/uploads\/2021\/11\/Biertanks_header-1-2048x1366.jpg 2048w\" sizes=\"(max-width: 2560px) 100vw, 2560px\" \/>\t\t<\/a>\n\t<\/div>\n\n\t<div class=\"post-card-small-content\">\n\t\t<a href=\"https:\/\/gpi-tanks.com\/de\/produkt\/bright-beer-tank-bbt\/\">\n\t\t\t<h3 class=\"post-card-small-title\">Bright Beer Tank (BBT)<\/h3>\t\t\t<p>Bright Beer Tank (BBT) Bright Beer Tanks und Bier Druckbeh\u00e4lter Professionelle Drucktanks...<\/p>\n\t\t<\/a>\n\t<\/div>\n\n\t<a href=\"https:\/\/gpi-tanks.com\/de\/produkt\/bright-beer-tank-bbt\/\" class=\"read-more arrow-button\">\n\t\t<div class=\"cirlce-box\">\n\t\t\t<i class=\"fal fa-arrow-right\"><\/i>\n\t\t\t<svg width=\"52\" height=\"52\" class=\"outer-circle\">\n\t\t\t\t<circle cx=\"26\" cy=\"26\" r=\"24\" stroke=\"#efefef90\" stroke-width=\"1\" fill-opacity=\"0\" \/>\n\t\t\t\t<circle class=\"circle\" cx=\"26\" cy=\"26\" r=\"24\" stroke=\"#00a799\" fill=\"#fff\" stroke-width=\"3\" \/>\n\t\t\t<\/svg>\n\t\t<\/div>\n\t<\/a>\n<\/article>\n\t\t<\/article>\n\t\t\t\t<\/div>\n\t\t\n\t\t\t\t\t\t<\/div>\n\t\t\t\t<\/div>\n\t\t\t\t\t<\/div>\n\t\t<\/div>\n\t\t\t\t\t<\/div>\n\t\t<\/section>\n\t\t\t\t<\/div>\n\t\t","protected":false},"excerpt":{"rendered":"<p>Biertanks Gpi Tanks konstruiert und fertigt Ihren Biertank aus Edelstahl nach Ihren individuellen Anforderungen. So bekommen Sie den Edelstahltank, den Sie f\u00fcr Ihren Brauprozess ben\u00f6tigen. Wir legen die Tanks nach Ihren Vorgaben und zu Ihrem Prozess passend aus, unterst\u00fctzen Sie bei der Wahl des geeigneten Werkstoffs, der richtigen Ausstattung sowie wichtiger Baugruppen. Dabei achten wir<\/p>\n","protected":false},"author":26,"featured_media":688,"parent":0,"menu_order":0,"comment_status":"closed","ping_status":"closed","template":"","meta":{"_acf_changed":false,"footnotes":""},"class_list":["post-89072","page","type-page","status-publish","has-post-thumbnail","hentry"],"acf":[],"_links":{"self":[{"href":"https:\/\/gpi-tanks.com\/de\/wp-json\/wp\/v2\/pages\/89072","targetHints":{"allow":["GET"]}}],"collection":[{"href":"https:\/\/gpi-tanks.com\/de\/wp-json\/wp\/v2\/pages"}],"about":[{"href":"https:\/\/gpi-tanks.com\/de\/wp-json\/wp\/v2\/types\/page"}],"author":[{"embeddable":true,"href":"https:\/\/gpi-tanks.com\/de\/wp-json\/wp\/v2\/users\/26"}],"replies":[{"embeddable":true,"href":"https:\/\/gpi-tanks.com\/de\/wp-json\/wp\/v2\/comments?post=89072"}],"version-history":[{"count":10,"href":"https:\/\/gpi-tanks.com\/de\/wp-json\/wp\/v2\/pages\/89072\/revisions"}],"predecessor-version":[{"id":90209,"href":"https:\/\/gpi-tanks.com\/de\/wp-json\/wp\/v2\/pages\/89072\/revisions\/90209"}],"wp:featuredmedia":[{"embeddable":true,"href":"https:\/\/gpi-tanks.com\/de\/wp-json\/wp\/v2\/media\/688"}],"wp:attachment":[{"href":"https:\/\/gpi-tanks.com\/de\/wp-json\/wp\/v2\/media?parent=89072"}],"curies":[{"name":"wp","href":"https:\/\/api.w.org\/{rel}","templated":true}]}}