{"id":89092,"date":"2025-11-28T07:39:15","date_gmt":"2025-11-28T07:39:15","guid":{"rendered":"https:\/\/gpi-tanks.com\/?page_id=89092"},"modified":"2026-03-24T15:23:18","modified_gmt":"2026-03-24T15:23:18","slug":"prozessbehaelter","status":"publish","type":"page","link":"https:\/\/gpi-tanks.com\/de\/prozessbehaelter\/","title":{"rendered":"Prozessbeh\u00e4lter"},"content":{"rendered":"\t\t<div data-elementor-type=\"wp-page\" data-elementor-id=\"89092\" class=\"elementor elementor-89092 elementor-89090\" data-elementor-post-type=\"page\">\n\t\t\t\t\t\t<section class=\"elementor-section elementor-top-section elementor-element elementor-element-7a8aae7 elementor-section-boxed elementor-section-height-default elementor-section-height-default\" data-id=\"7a8aae7\" data-element_type=\"section\">\n\t\t\t\t\t\t<div class=\"elementor-container elementor-column-gap-default\">\n\t\t\t\t\t<div class=\"elementor-column elementor-col-100 elementor-top-column elementor-element elementor-element-d88bea1\" data-id=\"d88bea1\" data-element_type=\"column\">\n\t\t\t<div class=\"elementor-widget-wrap elementor-element-populated\">\n\t\t\t\t\t\t<div class=\"elementor-element elementor-element-a629160 elementor-widget elementor-widget-heading\" data-id=\"a629160\" data-element_type=\"widget\" data-widget_type=\"heading.default\">\n\t\t\t\t\t<h1 class=\"elementor-heading-title elementor-size-default\">Prozessbeh\u00e4lter<\/h1>\t\t\t\t<\/div>\n\t\t\t\t<div class=\"elementor-element elementor-element-d9923d4 elementor-widget elementor-widget-text-editor\" data-id=\"d9923d4\" data-element_type=\"widget\" data-widget_type=\"text-editor.default\">\n\t\t\t\t\t\t\t\t\t<p>Ein <strong data-start=\"4\" data-end=\"23\">Prozesstank<\/strong>\u00a0ist das Herzst\u00fcck vieler Produktions- und Verfahrensschritte \u2013 flexibel einsetzbar, skalierbar und exakt auf den jeweiligen Prozess anpassbar. <strong data-start=\"167\" data-end=\"180\">Gpi Tanks<\/strong> entwickelt und fertigt <strong data-start=\"204\" data-end=\"237\">Prozessbeh\u00e4lter aus Edelstahl<\/strong> nach Ma\u00df, die sich f\u00fcr unterschiedlichste Anwendungen eignen: vom Mischen und R\u00fchren \u00fcber Zwischenlagerung, Dosieren und Temperieren bis hin zu speziellen Prozessanforderungen in verschiedensten Branchen. Gemeinsam definieren wir Volumen, Ausr\u00fcstung, Anschl\u00fcsse und Automatisierung, damit der Beh\u00e4lter optimal in Ihre Anlage passt und zuverl\u00e4ssig im Dauerbetrieb arbeitet. Wenn Sie eine robuste, hygienische und prozesssichere L\u00f6sung suchen, unterst\u00fctzen wir Sie von der Auslegung bis zur Umsetzung.<\/p>\t\t\t\t\t\t\t\t<\/div>\n\t\t\t\t<div class=\"elementor-element elementor-element-0e21eee elementor-widget elementor-widget-checklist\" data-id=\"0e21eee\" data-element_type=\"widget\" data-widget_type=\"checklist.default\">\n\t\t\t\t<div class=\"elementor-widget-container\">\n\t\t\t\t\t<!-- <span class=\"material-symbols-outlined\">\ntask_alt\n<\/span> -->\n\n\t<div class=\"checklist-wrapper\">\n\t\t\t\t\t<span class=\"checklist-item\">Sichere und hygienische Prozessbeh\u00e4lter aus Edelstahl<\/span>\n\t\t\t\t\t<span class=\"checklist-item\">Entwurf und Produktion nach Kundenwunsch<\/span>\n\t\t\t\t\t<span class=\"checklist-item\">F\u00fcr jeden Industriezweig, f\u00fcr jeden Prozess der richtige Tank<\/span>\n\t\t\t<\/div>\n\t\t\t\t<\/div>\n\t\t\t\t<\/div>\n\t\t\t\t<div class=\"elementor-element elementor-element-4301a20 elementor-widget elementor-widget-spacer\" data-id=\"4301a20\" data-element_type=\"widget\" data-widget_type=\"spacer.default\">\n\t\t\t\t\t\t\t<div class=\"elementor-spacer\">\n\t\t\t<div class=\"elementor-spacer-inner\"><\/div>\n\t\t<\/div>\n\t\t\t\t\t\t<\/div>\n\t\t\t\t<div class=\"elementor-element elementor-element-8d22044 elementor-widget elementor-widget-heading\" data-id=\"8d22044\" data-element_type=\"widget\" data-widget_type=\"heading.default\">\n\t\t\t\t\t<h2 class=\"elementor-heading-title elementor-size-default\">Prozessbeh\u00e4lter nach Kundenwunsch<\/h2>\t\t\t\t<\/div>\n\t\t\t\t<div class=\"elementor-element elementor-element-e8a96cd elementor-widget elementor-widget-text-editor\" data-id=\"e8a96cd\" data-element_type=\"widget\" data-widget_type=\"text-editor.default\">\n\t\t\t\t\t\t\t\t\t<p>Wir beraten Sie bez\u00fcglich Materialauswahl und Design, der Auswahl von R\u00fchrwerken f\u00fcr Pulver oder Fl\u00fcssigkeiten, der Druckbeh\u00e4lter, den Anforderungen an das Erhitzen und K\u00fchlen. Gerne setzen wir auch strenge hygienische Anforderungen um. Wir haben die Expertise, um mit Ihnen \u00fcber die richtigen Anschlusstypen, die Installation des Spr\u00fchballs und die m\u00f6glichen Verarbeitungsniveaus nachzudenken. Au\u00dferdem kennen wir alle g\u00e4ngigen Tankausf\u00fchrungen und Armaturen, die in Ihrer Branche genutzt werden. Egal, ob es um <a href=\"https:\/\/gpi-tanks.com\/de\/produkt\/mobile-prozesstanks\/\">mobile Prozessbeh\u00e4lter<\/a> f\u00fcr die Pharmaindustrie oder\u00a0oder Reaktoren f\u00fcr chemische Verfahren geht.<\/p>\t\t\t\t\t\t\t\t<\/div>\n\t\t\t\t<div class=\"elementor-element elementor-element-7468002 elementor-widget elementor-widget-text-editor\" data-id=\"7468002\" data-element_type=\"widget\" data-widget_type=\"text-editor.default\">\n\t\t\t\t\t\t\t\t\t<h2>F\u00fcr jeden Prozess der richtige Beh\u00e4lter\u200b<\/h2><p>Komplex, komplexer, Prozessbeh\u00e4lter aus Edelstahl: Unseren Ingenieuren kann es gar nicht komplex genug sein. Jeder Edelstahlbeh\u00e4lter und <a href=\"https:\/\/gpi-tanks.com\/de\/produkt\/chemische-reaktoren\/\">Reaktor<\/a> ist ein individuelles Projekt, bei dem ganz unterschiedliche Aspekte zum Tragen kommen. Deshalb sollten Sie unsere Ingenieure von Anfang an in die Planung einbeziehen. Lassen Sie uns mitdenken und gemeinsam die optimale L\u00f6sung f\u00fcr Ihren Prozessbeh\u00e4lter entwickeln.<\/p>\t\t\t\t\t\t\t\t<\/div>\n\t\t\t\t<div class=\"elementor-element elementor-element-3693dd5 elementor-widget elementor-widget-image\" data-id=\"3693dd5\" data-element_type=\"widget\" data-widget_type=\"image.default\">\n\t\t\t\t\t\t\t\t\t\t\t\t\t\t\t<img fetchpriority=\"high\" decoding=\"async\" width=\"1024\" height=\"683\" src=\"https:\/\/gpi-tanks.com\/wp-content\/uploads\/2021\/11\/Gpi_procestanks-1-1024x683.jpg\" class=\"attachment-large size-large wp-image-680\" alt=\"Prozessbeh\u00e4lter Edelstahl\" srcset=\"https:\/\/gpi-tanks.com\/wp-content\/uploads\/2021\/11\/Gpi_procestanks-1-1024x683.jpg 1024w, https:\/\/gpi-tanks.com\/wp-content\/uploads\/2021\/11\/Gpi_procestanks-1-300x200.jpg 300w, https:\/\/gpi-tanks.com\/wp-content\/uploads\/2021\/11\/Gpi_procestanks-1-768x512.jpg 768w, https:\/\/gpi-tanks.com\/wp-content\/uploads\/2021\/11\/Gpi_procestanks-1-1536x1024.jpg 1536w, https:\/\/gpi-tanks.com\/wp-content\/uploads\/2021\/11\/Gpi_procestanks-1-2048x1365.jpg 2048w\" sizes=\"(max-width: 1024px) 100vw, 1024px\" \/>\t\t\t\t\t\t\t\t\t\t\t\t\t\t\t<\/div>\n\t\t\t\t<section class=\"elementor-section elementor-inner-section elementor-element elementor-element-bd64e3f elementor-section-boxed elementor-section-height-default elementor-section-height-default\" data-id=\"bd64e3f\" data-element_type=\"section\">\n\t\t\t\t\t\t<div class=\"elementor-container elementor-column-gap-default\">\n\t\t\t\t\t<div class=\"elementor-column elementor-col-50 elementor-inner-column elementor-element elementor-element-f68ed8f\" data-id=\"f68ed8f\" data-element_type=\"column\">\n\t\t\t<div class=\"elementor-widget-wrap elementor-element-populated\">\n\t\t\t\t\t\t<div class=\"elementor-element elementor-element-30050af elementor-widget elementor-widget-text-editor\" data-id=\"30050af\" data-element_type=\"widget\" data-widget_type=\"text-editor.default\">\n\t\t\t\t\t\t\t\t\t<h5 class=\"h5-cto\">Ben\u00f6tigen Sie eine spezielle Art Prozessbeh\u00e4lter?<\/h5>\t\t\t\t\t\t\t\t<\/div>\n\t\t\t\t\t<\/div>\n\t\t<\/div>\n\t\t\t\t<div class=\"elementor-column elementor-col-50 elementor-inner-column elementor-element elementor-element-8a84369\" data-id=\"8a84369\" data-element_type=\"column\">\n\t\t\t<div class=\"elementor-widget-wrap elementor-element-populated\">\n\t\t\t\t\t\t<div class=\"elementor-element elementor-element-1cd7774 elementor-widget elementor-widget-ttp-button\" data-id=\"1cd7774\" data-element_type=\"widget\" data-widget_type=\"ttp-button.default\">\n\t\t\t\t<div class=\"elementor-widget-container\">\n\t\t\t\t\t\t<div style=\"text-align: center;\">\n\t<a href=\"https:\/\/gpi-tanks.com\/request\/?request=29221\" class=\"arrow-button\">\n\t\t<span style=\"\">Kontakt<\/span>\n\t\t<div class=\"cirlce-box\">\n\t\t\t<i class=\"fal fa-arrow-right\" style=\"\"><\/i>\n\t\t\t<svg width=\"52\" height=\"52\" class=\"outer-circle\">\n\t\t\t\t<circle cx=\"26\" cy=\"26\" r=\"24\" stroke=\"#efefef90\" stroke-width=\"1\" fill-opacity=\"0\" \/>\n\t\t\t\t<circle class=\"circle\" cx=\"26\" cy=\"26\" r=\"24\" stroke=\"#00a799\" fill=\"#fff\" stroke-width=\"3\" \/>\n\t\t\t<\/svg>\n\t\t<\/div>\n\t<\/a>\n\t<\/div>\n\t\t\t\t<\/div>\n\t\t\t\t<\/div>\n\t\t\t\t\t<\/div>\n\t\t<\/div>\n\t\t\t\t\t<\/div>\n\t\t<\/section>\n\t\t\t\t<div class=\"elementor-element elementor-element-1123cb0 elementor-widget elementor-widget-spacer\" data-id=\"1123cb0\" data-element_type=\"widget\" data-widget_type=\"spacer.default\">\n\t\t\t\t\t\t\t<div class=\"elementor-spacer\">\n\t\t\t<div class=\"elementor-spacer-inner\"><\/div>\n\t\t<\/div>\n\t\t\t\t\t\t<\/div>\n\t\t\t\t<div class=\"elementor-element elementor-element-fd67fab elementor-widget elementor-widget-text-editor\" data-id=\"fd67fab\" data-element_type=\"widget\" data-widget_type=\"text-editor.default\">\n\t\t\t\t\t\t\t\t\t<h2>Tank-R\u00fchrwerk-Kombinationen<\/h2><p>Viele Tanks verf\u00fcgen \u00fcber ein R\u00fchrwerk. Wussten Sie schon, dass wir Ihnen auch dabei behilflich sein k\u00f6nnen? Wir haben beste Beziehungen zu renommierten Lieferanten von R\u00fchrwerken. Deshalb k\u00f6nnen wir f\u00fcr eine reibungslose Abwicklung und Montage sorgen. Und Sie haben nur einen Ansprechpartner f\u00fcr den Beh\u00e4lterbau.<\/p>\t\t\t\t\t\t\t\t<\/div>\n\t\t\t\t<div class=\"elementor-element elementor-element-fb904f6 elementor-widget elementor-widget-image\" data-id=\"fb904f6\" data-element_type=\"widget\" data-widget_type=\"image.default\">\n\t\t\t\t\t\t\t\t\t\t\t\t\t\t\t<img decoding=\"async\" width=\"1024\" height=\"683\" src=\"https:\/\/gpi-tanks.com\/wp-content\/uploads\/2022\/09\/proces-tank-roerwerk-1024x683.jpg\" class=\"attachment-large size-large wp-image-16368\" alt=\"Prozessbeh\u00e4lter Edelstahl\" srcset=\"https:\/\/gpi-tanks.com\/wp-content\/uploads\/2022\/09\/proces-tank-roerwerk-1024x683.jpg 1024w, https:\/\/gpi-tanks.com\/wp-content\/uploads\/2022\/09\/proces-tank-roerwerk-300x200.jpg 300w, https:\/\/gpi-tanks.com\/wp-content\/uploads\/2022\/09\/proces-tank-roerwerk-768x512.jpg 768w, https:\/\/gpi-tanks.com\/wp-content\/uploads\/2022\/09\/proces-tank-roerwerk-1536x1024.jpg 1536w, https:\/\/gpi-tanks.com\/wp-content\/uploads\/2022\/09\/proces-tank-roerwerk-2048x1365.jpg 2048w\" sizes=\"(max-width: 1024px) 100vw, 1024px\" \/>\t\t\t\t\t\t\t\t\t\t\t\t\t\t\t<\/div>\n\t\t\t\t<div class=\"elementor-element elementor-element-98d1293 elementor-widget elementor-widget-text-editor\" data-id=\"98d1293\" data-element_type=\"widget\" data-widget_type=\"text-editor.default\">\n\t\t\t\t\t\t\t\t\t<div class=\"elementor-element elementor-element-5768f542 elementor-widget elementor-widget-text-editor\" data-id=\"5768f542\" data-element_type=\"widget\" data-widget_type=\"text-editor.default\"><div class=\"elementor-widget-container\"><div class=\"elementor-text-editor elementor-clearfix\"><div class=\"wpb_text_column globa_ vc_custom_1584600776604\"><div class=\"wpb_wrapper\"><h2>Qualit\u00e4tsmanagement f\u00fcr Prozessbeh\u00e4lter aus Edelstahl<\/h2><p>In unserem Engineering und unserer Produktion erf\u00fcllen wir die strengsten Anforderungen und Normen. Dementsprechend k\u00f6nnen wir\u00a0<a href=\"https:\/\/gpi-tanks.com\/de\/produkt\/druckbehaelter\/\">PED-zertifizierte Druckbeh\u00e4lter<\/a>\u00a0gem\u00e4\u00df den Normen NEN-EN13445 und AD2000 konstruieren und fertigen \u2013 in dem f\u00fcr Sie passenden Design.<\/p><p>Von\u00a0<a href=\"https:\/\/gpi-tanks.com\/de\/uber-uns\/\">Engineering<\/a>\u00a0bis Endkontrolle decken wir alle Schritte im eigenen Haus ab. Die Grundlage f\u00fcr unser umfassendes\u00a0<a href=\"https:\/\/gpi-tanks.com\/de\/qualitaet\/\">Qualit\u00e4tsmanagement<\/a>. Dazu z\u00e4hlen auch die gewissenhafte Dokumentation und die l\u00fcckenlose R\u00fcckverfolgbarkeit der verwendeten Werkstoffe. Denn Edelstahl ist nicht gleich Edelstahl. Unser Ziel: Der perfekte Prozessbeh\u00e4lter f\u00fcr Ihre Anwendung.<\/p><\/div><\/div><\/div><\/div><\/div>\t\t\t\t\t\t\t\t<\/div>\n\t\t\t\t<div class=\"elementor-element elementor-element-3bba70b elementor-widget elementor-widget-image\" data-id=\"3bba70b\" data-element_type=\"widget\" data-widget_type=\"image.default\">\n\t\t\t\t\t\t\t\t\t\t\t\t\t\t\t<img decoding=\"async\" width=\"1000\" height=\"667\" src=\"https:\/\/gpi-tanks.com\/wp-content\/uploads\/2022\/06\/Scraped-surface-heat-exchanger-Gpi.jpg\" class=\"attachment-large size-large wp-image-3593\" alt=\"chabew\u00e4rmetauscher f\u00fcr das Inline-K\u00fchlen und -Erw\u00e4rmen von (hoch)viskosen Produkten\" srcset=\"https:\/\/gpi-tanks.com\/wp-content\/uploads\/2022\/06\/Scraped-surface-heat-exchanger-Gpi.jpg 1000w, https:\/\/gpi-tanks.com\/wp-content\/uploads\/2022\/06\/Scraped-surface-heat-exchanger-Gpi-300x200.jpg 300w, https:\/\/gpi-tanks.com\/wp-content\/uploads\/2022\/06\/Scraped-surface-heat-exchanger-Gpi-768x512.jpg 768w\" sizes=\"(max-width: 1000px) 100vw, 1000px\" \/>\t\t\t\t\t\t\t\t\t\t\t\t\t\t\t<\/div>\n\t\t\t\t<div class=\"elementor-element elementor-element-0eb4f35 elementor-widget elementor-widget-text-editor\" data-id=\"0eb4f35\" data-element_type=\"widget\" data-widget_type=\"text-editor.default\">\n\t\t\t\t\t\t\t\t\t<div class=\"elementor-element elementor-element-5768f542 elementor-widget elementor-widget-text-editor\" data-id=\"5768f542\" data-element_type=\"widget\" data-widget_type=\"text-editor.default\"><div class=\"elementor-widget-container\"><div class=\"elementor-text-editor elementor-clearfix\"><div class=\"wpb_text_column globa_ vc_custom_1584600776604\"><div class=\"wpb_wrapper\"><h2>Verarbeitungsniveau\u200b<\/h2><p>H\u00f6chste Qualit\u00e4t ist unser Standard. F\u00fcr manche Anwendungen, zum Beispiel in der Lebensmittel- oder Pharmaindustrie, gelten dar\u00fcber hinaus branchenspezifische Vorgaben \u2013 vor allem hinsichtlich der Hygiene. Deshalb produzieren wir unsere Lebensmitteltanks im Normalfall mit einer inneren Oberfl\u00e4chenrauheit von Ra 0,8. Das ist nicht genug? Kein Problem: Bei Bedarf fertigen wir auch Beh\u00e4lter mit noch glatteren (und dementsprechend hygienischeren) Innenw\u00e4nden.<\/p><\/div><\/div><\/div><\/div><\/div>\t\t\t\t\t\t\t\t<\/div>\n\t\t\t\t<div class=\"elementor-element elementor-element-65cc40a elementor-widget elementor-widget-text-editor\" data-id=\"65cc40a\" data-element_type=\"widget\" data-widget_type=\"text-editor.default\">\n\t\t\t\t\t\t\t\t\t<div class=\"elementor-element elementor-element-5768f542 elementor-widget elementor-widget-text-editor\" data-id=\"5768f542\" data-element_type=\"widget\" data-widget_type=\"text-editor.default\"><div class=\"elementor-widget-container\"><div class=\"elementor-text-editor elementor-clearfix\"><div class=\"wpb_text_column globa_ vc_custom_1584600776604\"><div class=\"wpb_wrapper\"><h2>Erw\u00e4rmen und K\u00fchlen<\/h2><p>Hei\u00df oder kalt? Bei Prozessen wie Pasteurisierung oder Fermentierung werden Tanks gek\u00fchlt oder erw\u00e4rmt \u2013 die korrekte Temperatur ist entscheidend f\u00fcr das Ergebnis des Verfahrens. Und das wiederum ist eine gro\u00dfe Herausforderung f\u00fcr den Prozessbeh\u00e4lter aus Edelstahl. Eine Frage des Materials und der Isolierung \u2013 und eine Frage, die schon zu Beginn des Projekts beantwortet werden sollte. Deshalb denken wir gerne mit Ihnen \u00fcber die effizienteste L\u00f6sung nach. Thermobleche, Doppelmantel oder Halbrohr-Systeme? Gemeinsam finden wir die passende L\u00f6sung!<\/p><\/div><\/div><\/div><\/div><\/div>\t\t\t\t\t\t\t\t<\/div>\n\t\t\t\t<div class=\"elementor-element elementor-element-fe8b7b2 elementor-widget elementor-widget-spacer\" data-id=\"fe8b7b2\" data-element_type=\"widget\" data-widget_type=\"spacer.default\">\n\t\t\t\t\t\t\t<div class=\"elementor-spacer\">\n\t\t\t<div class=\"elementor-spacer-inner\"><\/div>\n\t\t<\/div>\n\t\t\t\t\t\t<\/div>\n\t\t\t\t\t<\/div>\n\t\t<\/div>\n\t\t\t\t\t<\/div>\n\t\t<\/section>\n\t\t\t\t<section class=\"elementor-section elementor-top-section elementor-element elementor-element-fcf2e7d elementor-section-boxed elementor-section-height-default elementor-section-height-default\" data-id=\"fcf2e7d\" data-element_type=\"section\">\n\t\t\t\t\t\t<div class=\"elementor-container elementor-column-gap-default\">\n\t\t\t\t\t<div class=\"elementor-column elementor-col-100 elementor-top-column elementor-element elementor-element-d7b82c8\" data-id=\"d7b82c8\" data-element_type=\"column\">\n\t\t\t<div class=\"elementor-widget-wrap elementor-element-populated\">\n\t\t\t\t\t\t<div class=\"elementor-element elementor-element-54b0fcd elementor-widget elementor-widget-heading\" data-id=\"54b0fcd\" data-element_type=\"widget\" data-widget_type=\"heading.default\">\n\t\t\t\t\t<h2 class=\"elementor-heading-title elementor-size-default\">Unsere Prozesstanks<\/h2>\t\t\t\t<\/div>\n\t\t\t\t<div class=\"elementor-element elementor-element-e1f6d8c elementor-grid-1 elementor-grid-tablet-2 elementor-grid-mobile-1 elementor-widget elementor-widget-posts\" data-id=\"e1f6d8c\" data-element_type=\"widget\" data-settings=\"{&quot;archive_small_columns&quot;:&quot;1&quot;,&quot;archive_small_columns_tablet&quot;:&quot;2&quot;,&quot;archive_small_columns_mobile&quot;:&quot;1&quot;,&quot;archive_small_row_gap&quot;:{&quot;unit&quot;:&quot;px&quot;,&quot;size&quot;:35,&quot;sizes&quot;:[]},&quot;archive_small_row_gap_tablet&quot;:{&quot;unit&quot;:&quot;px&quot;,&quot;size&quot;:&quot;&quot;,&quot;sizes&quot;:[]},&quot;archive_small_row_gap_mobile&quot;:{&quot;unit&quot;:&quot;px&quot;,&quot;size&quot;:&quot;&quot;,&quot;sizes&quot;:[]}}\" data-widget_type=\"posts.archive_small\">\n\t\t\t\t<div class=\"elementor-widget-container\">\n\t\t\t\t\t\t\t<div class=\"elementor-posts-container elementor-posts elementor-posts--skin-small elementor-grid\" role=\"list\">\n\t\t\t\t<article class=\"elementor-post elementor-grid-item post-4621 products type-products status-publish has-post-thumbnail hentry tag-chemicals-de tag-chemiebehaelter tag-prozessanlagen product-category-chemiebehaelter product-category-lagertanks-und-lagerbehaelter\" role=\"listitem\">\n\t\t<article class=\"post-card-small ttp-post-card\">\n\t<div class=\"post-card-small-image\">\n\t\t<a href=\"https:\/\/gpi-tanks.com\/de\/produkt\/kiwa-tanks\/\">\n\t\t\t<img loading=\"lazy\" decoding=\"async\" width=\"2048\" height=\"1365\" src=\"https:\/\/gpi-tanks.com\/wp-content\/uploads\/2022\/06\/IMG_6550_KIWAtank_gpitanks.jpg\" class=\"attachment-full size-full wp-post-image\" alt=\"KIWA - Gpi tanks\" srcset=\"https:\/\/gpi-tanks.com\/wp-content\/uploads\/2022\/06\/IMG_6550_KIWAtank_gpitanks.jpg 2048w, https:\/\/gpi-tanks.com\/wp-content\/uploads\/2022\/06\/IMG_6550_KIWAtank_gpitanks-300x200.jpg 300w, https:\/\/gpi-tanks.com\/wp-content\/uploads\/2022\/06\/IMG_6550_KIWAtank_gpitanks-1024x683.jpg 1024w, https:\/\/gpi-tanks.com\/wp-content\/uploads\/2022\/06\/IMG_6550_KIWAtank_gpitanks-768x512.jpg 768w, https:\/\/gpi-tanks.com\/wp-content\/uploads\/2022\/06\/IMG_6550_KIWAtank_gpitanks-1536x1024.jpg 1536w\" sizes=\"(max-width: 2048px) 100vw, 2048px\" \/>\t\t<\/a>\n\t<\/div>\n\n\t<div class=\"post-card-small-content\">\n\t\t<a href=\"https:\/\/gpi-tanks.com\/de\/produkt\/kiwa-tanks\/\">\n\t\t\t<h3 class=\"post-card-small-title\">KIWA Tank<\/h3>\t\t\t<p>KIWA Tank KIWA-zertifizierte Tanks Entwurf und Produktion nach Kundenwunsch Prozesstanks f\u00fcr die...<\/p>\n\t\t<\/a>\n\t<\/div>\n\n\t<a href=\"https:\/\/gpi-tanks.com\/de\/produkt\/kiwa-tanks\/\" class=\"read-more arrow-button\">\n\t\t<div class=\"cirlce-box\">\n\t\t\t<i class=\"fal fa-arrow-right\"><\/i>\n\t\t\t<svg width=\"52\" height=\"52\" class=\"outer-circle\">\n\t\t\t\t<circle cx=\"26\" cy=\"26\" r=\"24\" stroke=\"#efefef90\" stroke-width=\"1\" fill-opacity=\"0\" \/>\n\t\t\t\t<circle class=\"circle\" cx=\"26\" cy=\"26\" r=\"24\" stroke=\"#00a799\" fill=\"#fff\" stroke-width=\"3\" \/>\n\t\t\t<\/svg>\n\t\t<\/div>\n\t<\/a>\n<\/article>\n\t\t<\/article>\n\t\t\t\t<article class=\"elementor-post elementor-grid-item post-35872 products type-products status-publish has-post-thumbnail hentry tag-prozessbehaelter product-category-prozessbehaelter-edelstahl\" role=\"listitem\">\n\t\t<article class=\"post-card-small ttp-post-card\">\n\t<div class=\"post-card-small-image\">\n\t\t<a href=\"https:\/\/gpi-tanks.com\/de\/produkt\/prozessanlagen\/\">\n\t\t\t<img loading=\"lazy\" decoding=\"async\" width=\"1024\" height=\"683\" src=\"https:\/\/gpi-tanks.com\/wp-content\/uploads\/2022\/12\/gpi_de_gouwe_prozessanlage.jpeg\" class=\"attachment-full size-full wp-post-image\" alt=\"Prozessanlagen von Gpi de Gouwe\" srcset=\"https:\/\/gpi-tanks.com\/wp-content\/uploads\/2022\/12\/gpi_de_gouwe_prozessanlage.jpeg 1024w, https:\/\/gpi-tanks.com\/wp-content\/uploads\/2022\/12\/gpi_de_gouwe_prozessanlage-300x200.jpeg 300w, https:\/\/gpi-tanks.com\/wp-content\/uploads\/2022\/12\/gpi_de_gouwe_prozessanlage-768x512.jpeg 768w\" sizes=\"(max-width: 1024px) 100vw, 1024px\" \/>\t\t<\/a>\n\t<\/div>\n\n\t<div class=\"post-card-small-content\">\n\t\t<a href=\"https:\/\/gpi-tanks.com\/de\/produkt\/prozessanlagen\/\">\n\t\t\t<h3 class=\"post-card-small-title\">Prozessanlagen<\/h3>\t\t\t<p>Prozessanlagen Ma\u00dfgeschneiderte Anlagen und Systeme F\u00fcr die Lebensmittelindustrie und Kosmetikherstellung Entwurf und...<\/p>\n\t\t<\/a>\n\t<\/div>\n\n\t<a href=\"https:\/\/gpi-tanks.com\/de\/produkt\/prozessanlagen\/\" class=\"read-more arrow-button\">\n\t\t<div class=\"cirlce-box\">\n\t\t\t<i class=\"fal fa-arrow-right\"><\/i>\n\t\t\t<svg width=\"52\" height=\"52\" class=\"outer-circle\">\n\t\t\t\t<circle cx=\"26\" cy=\"26\" r=\"24\" stroke=\"#efefef90\" stroke-width=\"1\" fill-opacity=\"0\" \/>\n\t\t\t\t<circle class=\"circle\" cx=\"26\" cy=\"26\" r=\"24\" stroke=\"#00a799\" fill=\"#fff\" stroke-width=\"3\" \/>\n\t\t\t<\/svg>\n\t\t<\/div>\n\t<\/a>\n<\/article>\n\t\t<\/article>\n\t\t\t\t<article class=\"elementor-post elementor-grid-item post-4760 products type-products status-publish has-post-thumbnail hentry tag-chemicals-de tag-chemiebehaelter tag-food tag-food-de tag-kosmetik tag-lebensmittel tag-pharmaceuticals-de tag-pharmazie tag-prozessanlagen product-category-chemiebehaelter product-category-prozessbehaelter-edelstahl\" role=\"listitem\">\n\t\t<article class=\"post-card-small ttp-post-card\">\n\t<div class=\"post-card-small-image\">\n\t\t<a href=\"https:\/\/gpi-tanks.com\/de\/produkt\/mobile-prozesstanks\/\">\n\t\t\t<img loading=\"lazy\" decoding=\"async\" width=\"2365\" height=\"1330\" src=\"https:\/\/gpi-tanks.com\/wp-content\/uploads\/2022\/06\/Mobiele-procestank-1.jpeg\" class=\"attachment-full size-full wp-post-image\" alt=\"Mobile Edelstahlbeh\u00e4lter f\u00fcr verschiedene Prozesse\" srcset=\"https:\/\/gpi-tanks.com\/wp-content\/uploads\/2022\/06\/Mobiele-procestank-1.jpeg 2365w, https:\/\/gpi-tanks.com\/wp-content\/uploads\/2022\/06\/Mobiele-procestank-1-300x169.jpeg 300w, https:\/\/gpi-tanks.com\/wp-content\/uploads\/2022\/06\/Mobiele-procestank-1-1024x576.jpeg 1024w, https:\/\/gpi-tanks.com\/wp-content\/uploads\/2022\/06\/Mobiele-procestank-1-768x432.jpeg 768w, https:\/\/gpi-tanks.com\/wp-content\/uploads\/2022\/06\/Mobiele-procestank-1-1536x864.jpeg 1536w, https:\/\/gpi-tanks.com\/wp-content\/uploads\/2022\/06\/Mobiele-procestank-1-2048x1152.jpeg 2048w\" sizes=\"(max-width: 2365px) 100vw, 2365px\" \/>\t\t<\/a>\n\t<\/div>\n\n\t<div class=\"post-card-small-content\">\n\t\t<a href=\"https:\/\/gpi-tanks.com\/de\/produkt\/mobile-prozesstanks\/\">\n\t\t\t<h3 class=\"post-card-small-title\">Mobile Prozesstanks<\/h3>\t\t\t<p>Mobile Prozesstanks Mobile Prozesstanks erh\u00f6hen die Flexibilit\u00e4t moderner Produktionsanlagen. Sie erm\u00f6glichen den...<\/p>\n\t\t<\/a>\n\t<\/div>\n\n\t<a href=\"https:\/\/gpi-tanks.com\/de\/produkt\/mobile-prozesstanks\/\" class=\"read-more arrow-button\">\n\t\t<div class=\"cirlce-box\">\n\t\t\t<i class=\"fal fa-arrow-right\"><\/i>\n\t\t\t<svg width=\"52\" height=\"52\" class=\"outer-circle\">\n\t\t\t\t<circle cx=\"26\" cy=\"26\" r=\"24\" stroke=\"#efefef90\" stroke-width=\"1\" fill-opacity=\"0\" \/>\n\t\t\t\t<circle class=\"circle\" cx=\"26\" cy=\"26\" r=\"24\" stroke=\"#00a799\" fill=\"#fff\" stroke-width=\"3\" \/>\n\t\t\t<\/svg>\n\t\t<\/div>\n\t<\/a>\n<\/article>\n\t\t<\/article>\n\t\t\t\t<\/div>\n\t\t\n\t\t\t\t\t\t<\/div>\n\t\t\t\t<\/div>\n\t\t\t\t\t<\/div>\n\t\t<\/div>\n\t\t\t\t\t<\/div>\n\t\t<\/section>\n\t\t\t\t<\/div>\n\t\t","protected":false},"excerpt":{"rendered":"<p>Prozessbeh\u00e4lter Ein Prozesstank\u00a0ist das Herzst\u00fcck vieler Produktions- und Verfahrensschritte \u2013 flexibel einsetzbar, skalierbar und exakt auf den jeweiligen Prozess anpassbar. Gpi Tanks entwickelt und fertigt Prozessbeh\u00e4lter aus Edelstahl nach Ma\u00df, die sich f\u00fcr unterschiedlichste Anwendungen eignen: vom Mischen und R\u00fchren \u00fcber Zwischenlagerung, Dosieren und Temperieren bis hin zu speziellen Prozessanforderungen in verschiedensten Branchen. Gemeinsam definieren<\/p>\n","protected":false},"author":26,"featured_media":680,"parent":0,"menu_order":0,"comment_status":"closed","ping_status":"closed","template":"","meta":{"_acf_changed":false,"footnotes":""},"class_list":["post-89092","page","type-page","status-publish","has-post-thumbnail","hentry"],"acf":[],"_links":{"self":[{"href":"https:\/\/gpi-tanks.com\/de\/wp-json\/wp\/v2\/pages\/89092","targetHints":{"allow":["GET"]}}],"collection":[{"href":"https:\/\/gpi-tanks.com\/de\/wp-json\/wp\/v2\/pages"}],"about":[{"href":"https:\/\/gpi-tanks.com\/de\/wp-json\/wp\/v2\/types\/page"}],"author":[{"embeddable":true,"href":"https:\/\/gpi-tanks.com\/de\/wp-json\/wp\/v2\/users\/26"}],"replies":[{"embeddable":true,"href":"https:\/\/gpi-tanks.com\/de\/wp-json\/wp\/v2\/comments?post=89092"}],"version-history":[{"count":10,"href":"https:\/\/gpi-tanks.com\/de\/wp-json\/wp\/v2\/pages\/89092\/revisions"}],"predecessor-version":[{"id":93535,"href":"https:\/\/gpi-tanks.com\/de\/wp-json\/wp\/v2\/pages\/89092\/revisions\/93535"}],"wp:featuredmedia":[{"embeddable":true,"href":"https:\/\/gpi-tanks.com\/de\/wp-json\/wp\/v2\/media\/680"}],"wp:attachment":[{"href":"https:\/\/gpi-tanks.com\/de\/wp-json\/wp\/v2\/media?parent=89092"}],"curies":[{"name":"wp","href":"https:\/\/api.w.org\/{rel}","templated":true}]}}