{"id":89155,"date":"2025-11-28T08:56:13","date_gmt":"2025-11-28T08:56:13","guid":{"rendered":"https:\/\/gpi-tanks.com\/?page_id=89155"},"modified":"2025-11-28T08:56:13","modified_gmt":"2025-11-28T08:56:13","slug":"tankbau-vor-ort","status":"publish","type":"page","link":"https:\/\/gpi-tanks.com\/de\/tankbau-vor-ort\/","title":{"rendered":"Tankbau vor Ort"},"content":{"rendered":"\t\t<div data-elementor-type=\"wp-page\" data-elementor-id=\"89155\" class=\"elementor elementor-89155 elementor-89153\" data-elementor-post-type=\"page\">\n\t\t\t\t\t\t<section class=\"elementor-section elementor-top-section elementor-element elementor-element-d1aedef elementor-section-boxed elementor-section-height-default elementor-section-height-default\" data-id=\"d1aedef\" data-element_type=\"section\">\n\t\t\t\t\t\t<div class=\"elementor-container elementor-column-gap-default\">\n\t\t\t\t\t<div class=\"elementor-column elementor-col-100 elementor-top-column elementor-element elementor-element-f73cb00\" data-id=\"f73cb00\" data-element_type=\"column\">\n\t\t\t<div class=\"elementor-widget-wrap elementor-element-populated\">\n\t\t\t\t\t\t<div class=\"elementor-element elementor-element-3fd014d elementor-widget elementor-widget-heading\" data-id=\"3fd014d\" data-element_type=\"widget\" data-widget_type=\"heading.default\">\n\t\t\t\t\t<h1 class=\"elementor-heading-title elementor-size-default\">Tankbau vor Ort<\/h1>\t\t\t\t<\/div>\n\t\t\t\t<div class=\"elementor-element elementor-element-0838132 elementor-widget elementor-widget-heading\" data-id=\"0838132\" data-element_type=\"widget\" data-widget_type=\"heading.default\">\n\t\t\t\t\t<h2 class=\"elementor-heading-title elementor-size-default\">Wir bauen gro\u00dfformatige Edelstahltanks vor Ort auf Ihrem Gel\u00e4nde<\/h2>\t\t\t\t<\/div>\n\t\t\t\t<div class=\"elementor-element elementor-element-ba451b1 elementor-widget elementor-widget-spacer\" data-id=\"ba451b1\" data-element_type=\"widget\" data-widget_type=\"spacer.default\">\n\t\t\t\t\t\t\t<div class=\"elementor-spacer\">\n\t\t\t<div class=\"elementor-spacer-inner\"><\/div>\n\t\t<\/div>\n\t\t\t\t\t\t<\/div>\n\t\t\t\t<div class=\"elementor-element elementor-element-042b8d6 elementor-widget elementor-widget-heading\" data-id=\"042b8d6\" data-element_type=\"widget\" data-widget_type=\"heading.default\">\n\t\t\t\t\t<h2 class=\"elementor-heading-title elementor-size-default\">Vor Ort gebaute Tanks<\/h2>\t\t\t\t<\/div>\n\t\t\t\t<div class=\"elementor-element elementor-element-568db3d elementor-widget elementor-widget-text-editor\" data-id=\"568db3d\" data-element_type=\"widget\" data-widget_type=\"text-editor.default\">\n\t\t\t\t\t\t\t\t\t<p>Gpi kann den Tankbau f\u00fcr gro\u00dfformatige Tanks auch vor Ort ausf\u00fchren. F\u00fcr schwer zug\u00e4ngliche Betriebsorte oder auch bei Platzmangel, denken wir gerne mit Ihnen mit und beraten Sie \u00fcber die M\u00f6glichkeit, um\u00a0<a href=\"https:\/\/gpi-tanks.com\/de\/edelstahltank\/\">Edelstahltanks<\/a>\u00a0vor Ort zu bauen. H\u00e4ufig wird hierf\u00fcr unsere Decoil-Anlage genutzt, mit der Beh\u00e4lter von bis zu 30 Meter Durchmesser und 30 Meter H\u00f6he sehr effizient hergestellt werden k\u00f6nnen.<\/p>\t\t\t\t\t\t\t\t<\/div>\n\t\t\t\t<div class=\"elementor-element elementor-element-867db9a elementor-widget elementor-widget-heading\" data-id=\"867db9a\" data-element_type=\"widget\" data-widget_type=\"heading.default\">\n\t\t\t\t\t<h2 class=\"elementor-heading-title elementor-size-default\">Tankbau vor Ort<\/h2>\t\t\t\t<\/div>\n\t\t\t\t<div class=\"elementor-element elementor-element-006bc9a elementor-widget elementor-widget-text-editor\" data-id=\"006bc9a\" data-element_type=\"widget\" data-widget_type=\"text-editor.default\">\n\t\t\t\t\t\t\t\t\t<p>Sollte es nicht m\u00f6glich sein, den Beh\u00e4lter \u00fcber Land oder Wasser anzuliefern, kann Gpi die Tanks auch direkt vor Ort bauen. H\u00e4ufig wird hierf\u00fcr unsere Decoil-Anlage genutzt, mit der Beh\u00e4lter von bis zu 30 Meter Durchmesser und 30 Meter H\u00f6he sehr effizient hergestellt werden k\u00f6nnen. Dieses eigens entwickelte Coil-Building-System bietet die weitaus effizienteste L\u00f6sung, um einen einzelnen Tank oder mehrere gro\u00dfe Tanks direkt vor Ort herzustellen. F\u00fcr gro\u00dfe Gruppen an\u00a0<a href=\"https:\/\/gpi-tanks.com\/de\/product-types\/lagertanks\/\">Lagertanks<\/a>\u00a0k\u00f6nnen wir mehrere dieser Systeme parallel laufen lassen, oder alternative Methoden einsetzen.<\/p>\t\t\t\t\t\t\t\t<\/div>\n\t\t\t\t<div class=\"elementor-element elementor-element-04e5cf0 elementor-widget elementor-widget-text-editor\" data-id=\"04e5cf0\" data-element_type=\"widget\" data-widget_type=\"text-editor.default\">\n\t\t\t\t\t\t\t\t\t<p>Obwohl es beim Bau vor Ort\u00a0 meist um gro\u00dfe Lagertanks geht, k\u00f6nnen wir auch kleinere Tanks von zum Beispiel 10m3 vor Ort bauen.\u00a0Muss ein solcher Beh\u00e4lter in eine Fabrik eingebaut werden, in die er nicht hinein gehoben werden kann, k\u00f6nnen wir diesen Tank so weit es geht voranfertigen und dann vor Ort zusammensetzen.<\/p><p>F\u00fcr jegliche Gr\u00f6\u00dfe und Bauweise gilt h\u00f6chstes Sicherheitsgebot w\u00e4hrend des Baus und der Nutzung. Tanks k\u00f6nnen gem\u00e4\u00df allen relevanten Normen wie dem Eurocode 3, EN 14015, ASME und API 650 aufgebaut werden. Auch wenn\u00a0Ihre Anlage den Richtlinien PGS 29 \/30 \/31 unterliegt, k\u00f6nnen wir Sie beim Genehmigungsantrag unterst\u00fctzen.<\/p>\t\t\t\t\t\t\t\t<\/div>\n\t\t\t\t<div class=\"elementor-element elementor-element-1b96123 elementor-widget elementor-widget-video\" data-id=\"1b96123\" data-element_type=\"widget\" data-settings=\"{&quot;youtube_url&quot;:&quot;https:\\\/\\\/www.youtube.com\\\/watch?v=w-ARF26P2rI&quot;,&quot;video_type&quot;:&quot;youtube&quot;,&quot;controls&quot;:&quot;yes&quot;}\" data-widget_type=\"video.default\">\n\t\t\t\t\t\t\t<div class=\"elementor-wrapper elementor-open-inline\">\n\t\t\t<div class=\"elementor-video\"><\/div>\t\t<\/div>\n\t\t\t\t\t\t<\/div>\n\t\t\t\t<div class=\"elementor-element elementor-element-88c09b2 elementor-widget elementor-widget-spacer\" data-id=\"88c09b2\" data-element_type=\"widget\" data-widget_type=\"spacer.default\">\n\t\t\t\t\t\t\t<div class=\"elementor-spacer\">\n\t\t\t<div class=\"elementor-spacer-inner\"><\/div>\n\t\t<\/div>\n\t\t\t\t\t\t<\/div>\n\t\t\t\t<div class=\"elementor-element elementor-element-d6ca6a8 elementor-widget elementor-widget-spacer\" data-id=\"d6ca6a8\" data-element_type=\"widget\" data-widget_type=\"spacer.default\">\n\t\t\t\t\t\t\t<div class=\"elementor-spacer\">\n\t\t\t<div class=\"elementor-spacer-inner\"><\/div>\n\t\t<\/div>\n\t\t\t\t\t\t<\/div>\n\t\t\t\t<section class=\"elementor-section elementor-inner-section elementor-element elementor-element-f0fb955 elementor-section-boxed elementor-section-height-default elementor-section-height-default\" data-id=\"f0fb955\" data-element_type=\"section\">\n\t\t\t\t\t\t<div class=\"elementor-container elementor-column-gap-default\">\n\t\t\t\t\t<div class=\"elementor-column elementor-col-50 elementor-inner-column elementor-element elementor-element-a5a2030\" data-id=\"a5a2030\" data-element_type=\"column\">\n\t\t\t<div class=\"elementor-widget-wrap elementor-element-populated\">\n\t\t\t\t\t\t<div class=\"elementor-element elementor-element-faccef5 elementor-widget elementor-widget-text-editor\" data-id=\"faccef5\" data-element_type=\"widget\" data-widget_type=\"text-editor.default\">\n\t\t\t\t\t\t\t\t\t<h5 class=\"h5-cto\">M\u00f6chten Sie an Ihrem Standort einen Tank bauen lassen?<\/h5>\t\t\t\t\t\t\t\t<\/div>\n\t\t\t\t\t<\/div>\n\t\t<\/div>\n\t\t\t\t<div class=\"elementor-column elementor-col-50 elementor-inner-column elementor-element elementor-element-4330163\" data-id=\"4330163\" data-element_type=\"column\">\n\t\t\t<div class=\"elementor-widget-wrap elementor-element-populated\">\n\t\t\t\t\t\t<div class=\"elementor-element elementor-element-0b57836 elementor-widget elementor-widget-ttp-button\" data-id=\"0b57836\" data-element_type=\"widget\" data-widget_type=\"ttp-button.default\">\n\t\t\t\t<div class=\"elementor-widget-container\">\n\t\t\t\t\t\t<div style=\"text-align: center;\">\n\t<a href=\"https:\/\/gpi-tanks.com\/request\/?request=29239\" class=\"arrow-button\">\n\t\t<span style=\"\">Kontakt<\/span>\n\t\t<div class=\"cirlce-box\">\n\t\t\t<i class=\"fal fa-arrow-right\" style=\"\"><\/i>\n\t\t\t<svg width=\"52\" height=\"52\" class=\"outer-circle\">\n\t\t\t\t<circle cx=\"26\" cy=\"26\" r=\"24\" stroke=\"#efefef90\" stroke-width=\"1\" fill-opacity=\"0\" \/>\n\t\t\t\t<circle class=\"circle\" cx=\"26\" cy=\"26\" r=\"24\" stroke=\"#00a799\" fill=\"#fff\" stroke-width=\"3\" \/>\n\t\t\t<\/svg>\n\t\t<\/div>\n\t<\/a>\n\t<\/div>\n\t\t\t\t<\/div>\n\t\t\t\t<\/div>\n\t\t\t\t\t<\/div>\n\t\t<\/div>\n\t\t\t\t\t<\/div>\n\t\t<\/section>\n\t\t\t\t<div class=\"elementor-element elementor-element-d609693 elementor-widget elementor-widget-spacer\" data-id=\"d609693\" data-element_type=\"widget\" data-widget_type=\"spacer.default\">\n\t\t\t\t\t\t\t<div class=\"elementor-spacer\">\n\t\t\t<div class=\"elementor-spacer-inner\"><\/div>\n\t\t<\/div>\n\t\t\t\t\t\t<\/div>\n\t\t\t\t<div class=\"elementor-element elementor-element-187c278 elementor-widget elementor-widget-text-editor\" data-id=\"187c278\" data-element_type=\"widget\" data-widget_type=\"text-editor.default\">\n\t\t\t\t\t\t\t\t\t<h2 class=\"elementor-heading-title elementor-size-large\">Gpi Coil-Building<\/h2>\t\t\t\t\t\t\t\t<\/div>\n\t\t\t\t<div class=\"elementor-element elementor-element-bd2574e elementor-widget elementor-widget-text-editor\" data-id=\"bd2574e\" data-element_type=\"widget\" data-widget_type=\"text-editor.default\">\n\t\t\t\t\t\t\t\t\t<p>Das Gpi Coil-Building-System ist eine Produktionsmethode, womit Tanks von bis zu 30 Meter Durchmesser und 30 Meter H\u00f6he produziert werden k\u00f6nnen. Die Maschine nutzt ein Abwickelsystem, welches den Edelstahl ausrollt und einen Rumpfteil abschneidet, wonach dieser automatisch geschwei\u00dft wird. Die Tanks werden mithilfe von computergesteuerten hydraulischen Liften hochgehoben, sodass der Rumpf darunter geschwei\u00dft werden kann. Das kompakte System macht es m\u00f6glich, direkt vor Ort gro\u00dfe Edelstahltanks von hoher Qualit\u00e4t zu bauen.<\/p>\t\t\t\t\t\t\t\t<\/div>\n\t\t\t\t<div class=\"elementor-element elementor-element-ebf16a9 elementor-widget elementor-widget-image\" data-id=\"ebf16a9\" data-element_type=\"widget\" data-widget_type=\"image.default\">\n\t\t\t\t\t\t\t\t\t\t\t\t\t\t\t<img fetchpriority=\"high\" decoding=\"async\" width=\"1024\" height=\"767\" src=\"https:\/\/gpi-tanks.com\/wp-content\/uploads\/2022\/08\/Afbeelding2.1-2.jpeg\" class=\"attachment-large size-large wp-image-16037\" alt=\"Storage tanks, Tank zur Lagerung von Industrieprodukten\" srcset=\"https:\/\/gpi-tanks.com\/wp-content\/uploads\/2022\/08\/Afbeelding2.1-2.jpeg 1024w, https:\/\/gpi-tanks.com\/wp-content\/uploads\/2022\/08\/Afbeelding2.1-2-300x225.jpeg 300w, https:\/\/gpi-tanks.com\/wp-content\/uploads\/2022\/08\/Afbeelding2.1-2-768x575.jpeg 768w\" sizes=\"(max-width: 1024px) 100vw, 1024px\" \/>\t\t\t\t\t\t\t\t\t\t\t\t\t\t\t<\/div>\n\t\t\t\t<div class=\"elementor-element elementor-element-0739a4a elementor-widget elementor-widget-spacer\" data-id=\"0739a4a\" data-element_type=\"widget\" data-widget_type=\"spacer.default\">\n\t\t\t\t\t\t\t<div class=\"elementor-spacer\">\n\t\t\t<div class=\"elementor-spacer-inner\"><\/div>\n\t\t<\/div>\n\t\t\t\t\t\t<\/div>\n\t\t\t\t<div class=\"elementor-element elementor-element-951760f elementor-widget elementor-widget-heading\" data-id=\"951760f\" data-element_type=\"widget\" data-widget_type=\"heading.default\">\n\t\t\t\t\t<h2 class=\"elementor-heading-title elementor-size-default\">Parallelproduktion<\/h2>\t\t\t\t<\/div>\n\t\t\t\t<div class=\"elementor-element elementor-element-f0ec30c elementor-widget elementor-widget-text-editor\" data-id=\"f0ec30c\" data-element_type=\"widget\" data-widget_type=\"text-editor.default\">\n\t\t\t\t\t\t\t\t\t<p>Wenn an Ihrem Standort innerhalb k\u00fcrzester Zeit mehrere identische Beh\u00e4lter hergestellt werden m\u00fcssen, k\u00f6nnen wir auch eine Parallelproduktion anwenden. Im Gegensatz zu unserem Coil-Building-System bauen wir dabei mehrere Beh\u00e4lter gleichzeitig, wobei 1 zentral platzierter Kran die Hubarbeit erledigt.<\/p>\t\t\t\t\t\t\t\t<\/div>\n\t\t\t\t<div class=\"elementor-element elementor-element-63cebc0 elementor-widget elementor-widget-image\" data-id=\"63cebc0\" data-element_type=\"widget\" data-widget_type=\"image.default\">\n\t\t\t\t\t\t\t\t\t\t\t\t\t\t\t<img decoding=\"async\" width=\"1024\" height=\"768\" src=\"https:\/\/gpi-tanks.com\/wp-content\/uploads\/2021\/11\/Storage-tanks_site-built-tanks-1024x768.jpg\" class=\"attachment-large size-large wp-image-676\" alt=\"Tankbau von Edelstahltanks vor Ort\" srcset=\"https:\/\/gpi-tanks.com\/wp-content\/uploads\/2021\/11\/Storage-tanks_site-built-tanks-1024x768.jpg 1024w, https:\/\/gpi-tanks.com\/wp-content\/uploads\/2021\/11\/Storage-tanks_site-built-tanks-300x225.jpg 300w, https:\/\/gpi-tanks.com\/wp-content\/uploads\/2021\/11\/Storage-tanks_site-built-tanks-768x576.jpg 768w, https:\/\/gpi-tanks.com\/wp-content\/uploads\/2021\/11\/Storage-tanks_site-built-tanks-1536x1152.jpg 1536w, https:\/\/gpi-tanks.com\/wp-content\/uploads\/2021\/11\/Storage-tanks_site-built-tanks.jpg 1600w\" sizes=\"(max-width: 1024px) 100vw, 1024px\" \/>\t\t\t\t\t\t\t\t\t\t\t\t\t\t\t<\/div>\n\t\t\t\t\t<\/div>\n\t\t<\/div>\n\t\t\t\t\t<\/div>\n\t\t<\/section>\n\t\t\t\t<section class=\"elementor-section elementor-top-section elementor-element elementor-element-f927f5c elementor-section-boxed elementor-section-height-default elementor-section-height-default\" data-id=\"f927f5c\" data-element_type=\"section\">\n\t\t\t\t\t\t<div class=\"elementor-container elementor-column-gap-default\">\n\t\t\t\t\t<div class=\"elementor-column elementor-col-100 elementor-top-column elementor-element elementor-element-b82d29e\" data-id=\"b82d29e\" data-element_type=\"column\">\n\t\t\t<div class=\"elementor-widget-wrap elementor-element-populated\">\n\t\t\t\t\t\t<div class=\"elementor-element elementor-element-ea6b435 elementor-widget elementor-widget-heading\" data-id=\"ea6b435\" data-element_type=\"widget\" data-widget_type=\"heading.default\">\n\t\t\t\t\t<h2 class=\"elementor-heading-title elementor-size-default\">Relevante Kundenprojekte<\/h2>\t\t\t\t<\/div>\n\t\t\t\t\t<\/div>\n\t\t<\/div>\n\t\t\t\t\t<\/div>\n\t\t<\/section>\n\t\t\t\t<\/div>\n\t\t","protected":false},"excerpt":{"rendered":"<p>Tankbau vor Ort Wir bauen gro\u00dfformatige Edelstahltanks vor Ort auf Ihrem Gel\u00e4nde Vor Ort gebaute Tanks Gpi kann den Tankbau f\u00fcr gro\u00dfformatige Tanks auch vor Ort ausf\u00fchren. F\u00fcr schwer zug\u00e4ngliche Betriebsorte oder auch bei Platzmangel, denken wir gerne mit Ihnen mit und beraten Sie \u00fcber die M\u00f6glichkeit, um\u00a0Edelstahltanks\u00a0vor Ort zu bauen. H\u00e4ufig wird hierf\u00fcr unsere<\/p>\n","protected":false},"author":26,"featured_media":676,"parent":0,"menu_order":0,"comment_status":"closed","ping_status":"closed","template":"","meta":{"_acf_changed":false,"footnotes":""},"class_list":["post-89155","page","type-page","status-publish","has-post-thumbnail","hentry"],"acf":[],"_links":{"self":[{"href":"https:\/\/gpi-tanks.com\/de\/wp-json\/wp\/v2\/pages\/89155","targetHints":{"allow":["GET"]}}],"collection":[{"href":"https:\/\/gpi-tanks.com\/de\/wp-json\/wp\/v2\/pages"}],"about":[{"href":"https:\/\/gpi-tanks.com\/de\/wp-json\/wp\/v2\/types\/page"}],"author":[{"embeddable":true,"href":"https:\/\/gpi-tanks.com\/de\/wp-json\/wp\/v2\/users\/26"}],"replies":[{"embeddable":true,"href":"https:\/\/gpi-tanks.com\/de\/wp-json\/wp\/v2\/comments?post=89155"}],"version-history":[{"count":7,"href":"https:\/\/gpi-tanks.com\/de\/wp-json\/wp\/v2\/pages\/89155\/revisions"}],"predecessor-version":[{"id":89171,"href":"https:\/\/gpi-tanks.com\/de\/wp-json\/wp\/v2\/pages\/89155\/revisions\/89171"}],"wp:featuredmedia":[{"embeddable":true,"href":"https:\/\/gpi-tanks.com\/de\/wp-json\/wp\/v2\/media\/676"}],"wp:attachment":[{"href":"https:\/\/gpi-tanks.com\/de\/wp-json\/wp\/v2\/media?parent=89155"}],"curies":[{"name":"wp","href":"https:\/\/api.w.org\/{rel}","templated":true}]}}