{"id":91516,"date":"2025-11-26T14:30:52","date_gmt":"2025-11-26T14:30:52","guid":{"rendered":"https:\/\/gpi-tanks.com\/rvs-opslagtanks\/"},"modified":"2026-02-24T13:30:12","modified_gmt":"2026-02-24T13:30:12","slug":"oppbevaringstanker","status":"publish","type":"page","link":"https:\/\/gpi-tanks.com\/no\/oppbevaringstanker\/","title":{"rendered":"Oppbevaringstanker"},"content":{"rendered":"\t\t<div data-elementor-type=\"wp-page\" data-elementor-id=\"91516\" class=\"elementor elementor-91516 elementor-88917\" data-elementor-post-type=\"page\">\n\t\t\t\t\t\t<section class=\"elementor-section elementor-top-section elementor-element elementor-element-39cf21a4 elementor-section-boxed elementor-section-height-default elementor-section-height-default\" data-id=\"39cf21a4\" data-element_type=\"section\">\n\t\t\t\t\t\t<div class=\"elementor-container elementor-column-gap-default\">\n\t\t\t\t\t<div class=\"elementor-column elementor-col-100 elementor-top-column elementor-element elementor-element-32bb3332\" data-id=\"32bb3332\" data-element_type=\"column\">\n\t\t\t<div class=\"elementor-widget-wrap elementor-element-populated\">\n\t\t\t\t\t\t<div class=\"elementor-element elementor-element-7c1c7e8c elementor-widget elementor-widget-heading\" data-id=\"7c1c7e8c\" data-element_type=\"widget\" data-widget_type=\"heading.default\">\n\t\t\t\t\t<h1 class=\"elementor-heading-title elementor-size-default\">Oppbevaringstanker i rustfritt st\u00e5l<\/h1>\t\t\t\t<\/div>\n\t\t\t\t<div class=\"elementor-element elementor-element-448febd elementor-widget elementor-widget-heading\" data-id=\"448febd\" data-element_type=\"widget\" data-widget_type=\"heading.default\">\n\t\t\t\t\t<h2 class=\"elementor-heading-title elementor-size-default\">Tanker i rustfritt st\u00e5l fra 500 liter til 15 000 m3<\/h2>\t\t\t\t<\/div>\n\t\t\t\t<div class=\"elementor-element elementor-element-218e3350 elementor-widget elementor-widget-text-editor\" data-id=\"218e3350\" data-element_type=\"widget\" data-widget_type=\"text-editor.default\">\n\t\t\t\t\t\t\t\t\t<p>Gpi produserer alle former for oppbevaringstanker, og i alle st\u00f8rrelser, for alle bransjer og industrier du kan tenke deg. Dette produktutvalget spenner fra 500-literstanker med overflate av h\u00f8y kvalitet for farmas\u00f8ytiske sluttprodukter, til tanker p\u00e5 opptil 15 000 m3 for drikkevann eller oppbevaring av halvferdige produkter til kjemisk industri.<\/p>\t\t\t\t\t\t\t\t<\/div>\n\t\t\t\t<div class=\"elementor-element elementor-element-7ffa342b elementor-widget elementor-widget-heading\" data-id=\"7ffa342b\" data-element_type=\"widget\" data-widget_type=\"heading.default\">\n\t\t\t\t\t<h2 class=\"elementor-heading-title elementor-size-default\">Tanker i rustfritt st\u00e5l for oppbevaring av produkter av h\u00f8y kvalitet<\/h2>\t\t\t\t<\/div>\n\t\t\t\t<div class=\"elementor-element elementor-element-4522b813 elementor-widget elementor-widget-text-editor\" data-id=\"4522b813\" data-element_type=\"widget\" data-widget_type=\"text-editor.default\">\n\t\t\t\t\t\t\t\t\t<p>Gpi produserer oppbevaringstanker i rustfritt st\u00e5l i st\u00f8rrelser fra 500 liter til 15 000 m\u00b3. Avhengig av destinasjonen, kan vi bygge tankene i v\u00e5r fabrikk i Lopik, fabrikken i Groot-Ammers, eller sette de sammen p\u00e5 stedet. Vi produserer tanker og oppbevaringstanker av h\u00f8y kvalitet, og med en diameter p\u00e5 opptil 6 m i Lopik. Derfra kan vi n\u00e5 de fleste lokasjoner raskt via veinettet.<\/p>\t\t\t\t\t\t\t\t<\/div>\n\t\t\t\t<div class=\"elementor-element elementor-element-5df3b11a elementor-widget elementor-widget-image\" data-id=\"5df3b11a\" data-element_type=\"widget\" data-widget_type=\"image.default\">\n\t\t\t\t\t\t\t\t\t\t\t\t\t\t\t<img fetchpriority=\"high\" decoding=\"async\" width=\"1024\" height=\"427\" src=\"https:\/\/gpi-tanks.com\/wp-content\/uploads\/2022\/08\/Edelstahlbehalter-Tanks-und-Reactoren-hersteller-1024x427.jpg\" class=\"attachment-large size-large wp-image-16031\" alt=\"delst\u00e4hlbeh\u00e4lter-Tanks-und-Reactoren-hersteller\" srcset=\"https:\/\/gpi-tanks.com\/wp-content\/uploads\/2022\/08\/Edelstahlbehalter-Tanks-und-Reactoren-hersteller-1024x427.jpg 1024w, https:\/\/gpi-tanks.com\/wp-content\/uploads\/2022\/08\/Edelstahlbehalter-Tanks-und-Reactoren-hersteller-300x125.jpg 300w, https:\/\/gpi-tanks.com\/wp-content\/uploads\/2022\/08\/Edelstahlbehalter-Tanks-und-Reactoren-hersteller-768x320.jpg 768w, https:\/\/gpi-tanks.com\/wp-content\/uploads\/2022\/08\/Edelstahlbehalter-Tanks-und-Reactoren-hersteller-1536x640.jpg 1536w, https:\/\/gpi-tanks.com\/wp-content\/uploads\/2022\/08\/Edelstahlbehalter-Tanks-und-Reactoren-hersteller.jpg 1920w\" sizes=\"(max-width: 1024px) 100vw, 1024px\" \/>\t\t\t\t\t\t\t\t\t\t\t\t\t\t\t<\/div>\n\t\t\t\t<section class=\"elementor-section elementor-inner-section elementor-element elementor-element-391a7891 elementor-section-boxed elementor-section-height-default elementor-section-height-default\" data-id=\"391a7891\" data-element_type=\"section\">\n\t\t\t\t\t\t<div class=\"elementor-container elementor-column-gap-default\">\n\t\t\t\t\t<div class=\"elementor-column elementor-col-50 elementor-inner-column elementor-element elementor-element-2e54c87d\" data-id=\"2e54c87d\" data-element_type=\"column\">\n\t\t\t<div class=\"elementor-widget-wrap elementor-element-populated\">\n\t\t\t\t\t\t<div class=\"elementor-element elementor-element-2c1a3e50 elementor-widget elementor-widget-text-editor\" data-id=\"2c1a3e50\" data-element_type=\"widget\" data-widget_type=\"text-editor.default\">\n\t\t\t\t\t\t\t\t\t<h5 class=\"h5-cto\">Har du sp\u00f8rsm\u00e5l om v\u00e5re oppbevaringstanker?<\/h5>\t\t\t\t\t\t\t\t<\/div>\n\t\t\t\t\t<\/div>\n\t\t<\/div>\n\t\t\t\t<div class=\"elementor-column elementor-col-50 elementor-inner-column elementor-element elementor-element-b360c92\" data-id=\"b360c92\" data-element_type=\"column\">\n\t\t\t<div class=\"elementor-widget-wrap elementor-element-populated\">\n\t\t\t\t\t\t<div class=\"elementor-element elementor-element-3f159d35 elementor-widget elementor-widget-request-button\" data-id=\"3f159d35\" data-element_type=\"widget\" data-widget_type=\"request-button.default\">\n\t\t\t\t<div class=\"elementor-widget-container\">\n\t\t\t\t\t\t<div style=\"text-align: center;\">\n\t<a rel=\"nofollow\" href=\"https:\/\/gpi-tanks.com\/no\/request\/?request=91516\" class=\"arrow-button\">\n\t\t<span style=\"\">Kontaktinformasjon<\/span>\n\t\t<div class=\"cirlce-box\">\n\t\t\t<i class=\"fal fa-arrow-right\" style=\"\"><\/i>\n\t\t\t<svg width=\"52\" height=\"52\" class=\"outer-circle\">\n\t\t\t\t<circle cx=\"26\" cy=\"26\" r=\"24\" stroke=\"#efefef90\" stroke-width=\"1\" fill-opacity=\"0\" \/>\n\t\t\t\t<circle class=\"circle\" cx=\"26\" cy=\"26\" r=\"24\" stroke=\"#00a799\" fill=\"#fff\" stroke-width=\"3\" \/>\n\t\t\t<\/svg>\n\t\t<\/div>\n\t<\/a>\n\t<\/div>\n\t\t\t\t<\/div>\n\t\t\t\t<\/div>\n\t\t\t\t\t<\/div>\n\t\t<\/div>\n\t\t\t\t\t<\/div>\n\t\t<\/section>\n\t\t\t\t<div class=\"elementor-element elementor-element-3da183f8 elementor-widget elementor-widget-spacer\" data-id=\"3da183f8\" data-element_type=\"widget\" data-widget_type=\"spacer.default\">\n\t\t\t\t\t\t\t<div class=\"elementor-spacer\">\n\t\t\t<div class=\"elementor-spacer-inner\"><\/div>\n\t\t<\/div>\n\t\t\t\t\t\t<\/div>\n\t\t\t\t<div class=\"elementor-element elementor-element-773f9287 elementor-widget elementor-widget-text-editor\" data-id=\"773f9287\" data-element_type=\"widget\" data-widget_type=\"text-editor.default\">\n\t\t\t\t\t\t\t\t\t<h2 class=\"elementor-heading-title elementor-size-large\">Standarder for tanker i rustfritt st\u00e5l<\/h2>\t\t\t\t\t\t\t\t<\/div>\n\t\t\t\t<div class=\"elementor-element elementor-element-79bc6cbe elementor-widget elementor-widget-text-editor\" data-id=\"79bc6cbe\" data-element_type=\"widget\" data-widget_type=\"text-editor.default\">\n\t\t\t\t\t\t\t\t\t<p class=\"elementor-heading-title elementor-size-large\">Oppbevaringstanker omfattes ofte av spesielle standarder, lover eller reguleringer.<\/p>\t\t\t\t\t\t\t\t<\/div>\n\t\t\t\t<div class=\"elementor-element elementor-element-596958e6 elementor-widget elementor-widget-text-editor\" data-id=\"596958e6\" data-element_type=\"widget\" data-widget_type=\"text-editor.default\">\n\t\t\t\t\t\t\t\t\t<div class=\"elementor-element elementor-element-c9e40af elementor-widget elementor-widget-text-editor\" data-id=\"c9e40af\" data-element_type=\"widget\" data-widget_type=\"text-editor.default\"><div class=\"elementor-widget-container\"><div class=\"elementor-text-editor elementor-clearfix\"><h3>PGS 29, NEN-EN14015, Eurocode 3, API 650, DIN 4119<\/h3><\/div><\/div><\/div><div class=\"elementor-element elementor-element-85f0232 elementor-widget elementor-widget-text-editor\" data-id=\"85f0232\" data-element_type=\"widget\" data-widget_type=\"text-editor.default\"><div class=\"elementor-widget-container\"><div class=\"elementor-text-editor elementor-clearfix\"><div class=\"elementor-element elementor-element-543c7bb elementor-widget elementor-widget-text-editor\" data-id=\"543c7bb\" data-element_type=\"widget\" data-widget_type=\"text-editor.default\"><div class=\"elementor-widget-container\"><div class=\"elementor-text-editor elementor-clearfix\"><p>Hvis din installasjon i Nederland m\u00e5 f\u00f8lge PGS 29 (retningslinjene for oppbevaring av brennbare v\u00e6sker p\u00e5 bakkeniv\u00e5), m\u00e5 tankene som regel oppfylle kravene til\u00a0<a href=\"https:\/\/gpi-tanks.com\/products\/en-14015-tank\/\">NEN-EN14015<\/a>\u00a0i kombinasjon med Eurocode 3. Merk f\u00f8lgende: PGS29 ble nylig endret. Gpi kan fortelle deg hva dette inneb\u00e6rer for deg.<\/p><p>Andre standarder som Gpi ofte m\u00e5 f\u00f8lge n\u00e5r det gjelder oppbevaringstanker er\u00a0<a href=\"https:\/\/gpi-tanks.com\/products\/api-650-tank\/\">API 650<\/a>\u00a0og DIN 4119. Vi kan ogs\u00e5 naturligvis ogs\u00e5 hjelpe til hvis PGS30 eller PGS31 gjelder din installasjon.<\/p><h2>PED trykkbeholdere i henhold til NEN-EN13445<\/h2><p>Lloyds reviderte Gpi og akkrediterte selskapet til \u00e5 uavhengig kunne konstruere og produsere trykktanker med trykk h\u00f8yere enn 0,5 bar (H + H1-sertifisert). Hvis oppbevaringstanken din er en del av en PED-installasjon, vil prosjektingeni\u00f8ren samarbeide tett med klienten og v\u00e5r egne QA\/QC-ansatte for \u00e5 gjennomf\u00f8re en risikoanalyse, og i tillegg sette opp en test- og inspeksjonsplan. Disse tankene blir normalt konstruert for \u00e5 oppfylle kravene til NEN-EN13445.<\/p><h2>KIWA BRL-K756 oppbevaringstank<\/h2><p>Gpi er BRL-K756-2-sertifisert av KIWA for konstruksjon av vertikale oppbevaringstanker opptil 150\u00a0000\u00a0m3 med enkel eller dobbel vegg. Tankene, med spesiell konstruksjon, brukes i kjemiske lagringsanlegg, som etter januar 2008 m\u00e5 v\u00e6re i henhold til\u00a0<span class=\"caps\">BRL<\/span>-K903\/08.<\/p><p>Dette er bare et utvalg av det vil tilbyr. Hvis din byggekode eller forskrift ikke er listet opp her, m\u00e5 du ta kontakt med Gpi.<\/p><\/div><\/div><\/div><\/div><\/div><\/div>\t\t\t\t\t\t\t\t<\/div>\n\t\t\t\t<div class=\"elementor-element elementor-element-282b64fc elementor-widget elementor-widget-spacer\" data-id=\"282b64fc\" data-element_type=\"widget\" data-widget_type=\"spacer.default\">\n\t\t\t\t\t\t\t<div class=\"elementor-spacer\">\n\t\t\t<div class=\"elementor-spacer-inner\"><\/div>\n\t\t<\/div>\n\t\t\t\t\t\t<\/div>\n\t\t\t\t<div class=\"elementor-element elementor-element-266e9ca3 elementor-widget elementor-widget-image\" data-id=\"266e9ca3\" data-element_type=\"widget\" data-widget_type=\"image.default\">\n\t\t\t\t\t\t\t\t\t\t\t\t\t\t\t<img decoding=\"async\" width=\"1024\" height=\"683\" src=\"https:\/\/gpi-tanks.com\/wp-content\/uploads\/2022\/06\/EN-14015-1024x683.jpg\" class=\"attachment-large size-large wp-image-9901\" alt=\"API 650 Verticale vlakbodem tanks\" srcset=\"https:\/\/gpi-tanks.com\/wp-content\/uploads\/2022\/06\/EN-14015-1024x683.jpg 1024w, https:\/\/gpi-tanks.com\/wp-content\/uploads\/2022\/06\/EN-14015-300x200.jpg 300w, https:\/\/gpi-tanks.com\/wp-content\/uploads\/2022\/06\/EN-14015-768x512.jpg 768w, https:\/\/gpi-tanks.com\/wp-content\/uploads\/2022\/06\/EN-14015-1536x1024.jpg 1536w, https:\/\/gpi-tanks.com\/wp-content\/uploads\/2022\/06\/EN-14015-2048x1365.jpg 2048w\" sizes=\"(max-width: 1024px) 100vw, 1024px\" \/>\t\t\t\t\t\t\t\t\t\t\t\t\t\t\t<\/div>\n\t\t\t\t<div class=\"elementor-element elementor-element-53b8b190 elementor-widget elementor-widget-spacer\" data-id=\"53b8b190\" data-element_type=\"widget\" data-widget_type=\"spacer.default\">\n\t\t\t\t\t\t\t<div class=\"elementor-spacer\">\n\t\t\t<div class=\"elementor-spacer-inner\"><\/div>\n\t\t<\/div>\n\t\t\t\t\t\t<\/div>\n\t\t\t\t\t<\/div>\n\t\t<\/div>\n\t\t\t\t\t<\/div>\n\t\t<\/section>\n\t\t\t\t<\/div>\n\t\t","protected":false},"excerpt":{"rendered":"<p>Oppbevaringstanker i rustfritt st\u00e5l Tanker i rustfritt st\u00e5l fra 500 liter til 15 000 m3 Gpi produserer alle former for oppbevaringstanker, og i alle st\u00f8rrelser, for alle bransjer og industrier du kan tenke deg. Dette produktutvalget spenner fra 500-literstanker med overflate av h\u00f8y kvalitet for farmas\u00f8ytiske sluttprodukter, til tanker p\u00e5 opptil 15 000 m3 for<\/p>\n","protected":false},"author":12,"featured_media":9793,"parent":0,"menu_order":0,"comment_status":"closed","ping_status":"closed","template":"","meta":{"_acf_changed":false,"footnotes":""},"class_list":["post-91516","page","type-page","status-publish","has-post-thumbnail","hentry"],"acf":[],"_links":{"self":[{"href":"https:\/\/gpi-tanks.com\/no\/wp-json\/wp\/v2\/pages\/91516","targetHints":{"allow":["GET"]}}],"collection":[{"href":"https:\/\/gpi-tanks.com\/no\/wp-json\/wp\/v2\/pages"}],"about":[{"href":"https:\/\/gpi-tanks.com\/no\/wp-json\/wp\/v2\/types\/page"}],"author":[{"embeddable":true,"href":"https:\/\/gpi-tanks.com\/no\/wp-json\/wp\/v2\/users\/12"}],"replies":[{"embeddable":true,"href":"https:\/\/gpi-tanks.com\/no\/wp-json\/wp\/v2\/comments?post=91516"}],"version-history":[{"count":5,"href":"https:\/\/gpi-tanks.com\/no\/wp-json\/wp\/v2\/pages\/91516\/revisions"}],"predecessor-version":[{"id":91522,"href":"https:\/\/gpi-tanks.com\/no\/wp-json\/wp\/v2\/pages\/91516\/revisions\/91522"}],"wp:featuredmedia":[{"embeddable":true,"href":"https:\/\/gpi-tanks.com\/no\/wp-json\/wp\/v2\/media\/9793"}],"wp:attachment":[{"href":"https:\/\/gpi-tanks.com\/no\/wp-json\/wp\/v2\/media?parent=91516"}],"curies":[{"name":"wp","href":"https:\/\/api.w.org\/{rel}","templated":true}]}}