{"id":12607,"date":"2022-07-25T08:54:17","date_gmt":"2022-07-25T08:54:17","guid":{"rendered":"https:\/\/gpi-tanks.com\/disclaimer\/"},"modified":"2024-02-13T13:07:41","modified_gmt":"2024-02-13T13:07:41","slug":"wylaczenie-odpowiedzialnosci","status":"publish","type":"page","link":"https:\/\/gpi-tanks.com\/pl\/wylaczenie-odpowiedzialnosci\/","title":{"rendered":"Wy\u0142\u0105czenie odpowiedzialno\u015bci"},"content":{"rendered":"\t\t<div data-elementor-type=\"wp-page\" data-elementor-id=\"12607\" class=\"elementor elementor-12607\" data-elementor-post-type=\"page\">\n\t\t\t\t\t\t<section class=\"elementor-section elementor-top-section elementor-element elementor-element-d70ccc2 elementor-section-full_width elementor-section-height-default elementor-section-height-default\" data-id=\"d70ccc2\" data-element_type=\"section\">\n\t\t\t\t\t\t<div class=\"elementor-container elementor-column-gap-default\">\n\t\t\t\t\t<div class=\"elementor-column elementor-col-100 elementor-top-column elementor-element elementor-element-b47e658\" data-id=\"b47e658\" data-element_type=\"column\">\n\t\t\t<div class=\"elementor-widget-wrap elementor-element-populated\">\n\t\t\t\t\t\t<div class=\"elementor-element elementor-element-5058388 brandbox-button elementor-widget elementor-widget-brandbox\" data-id=\"5058388\" data-element_type=\"widget\" data-widget_type=\"brandbox.default\">\n\t\t\t\t<div class=\"elementor-widget-container\">\n\t\t\t\t\t<div class=\"brandbox\" style=\"background-color: #F7F7F7\">\n\t<div class=\"brandbox-content\">\n\t\t<div class=\"brandbox-content-wrapper\">\n\t\t\t\t\t\t\t<h1>Ograniczenie odpowiedzialno\u015bci<\/h1>\n\t\t\t\n\t\t\t\t\t\t\t<h3>Co musicie Pa\u0144stwo wiedzie\u0107 o informacjach zawartych na tej stronie<\/h3>\n\t\t\t\n\t\t\t\t\t\t\t\t\t\t\t\t<a href=\"#\" class=\"arrow-button\">\n\t\t\t\t\t\t<span style=\"\">Kontakt<\/span>\n\t\t\t\t\t\t<div class=\"cirlce-box\">\n\t\t\t\t\t\t\t<i class=\"fal fa-arrow-right\" style=\"\"><\/i>\n\t\t\t\t\t\t\t<svg width=\"52\" height=\"52\" class=\"outer-circle\">\n\t\t\t\t\t\t\t\t<circle cx=\"26\" cy=\"26\" r=\"24\" stroke=\"#efefef90\" stroke-width=\"1\" fill-opacity=\"0\"><\/circle>\n\t\t\t\t\t\t\t\t<circle class=\"circle\" cx=\"26\" cy=\"26\" r=\"24\" stroke=\"#00a799\" fill-opacity=\"0\" stroke-width=\"3\"><\/circle>\n\t\t\t\t\t\t\t<\/svg>\n\t\t\t\t\t\t<\/div>\n\t\t\t\t\t<\/a>\n\t\t\t\t\t\t\t\t\t<\/div>\n\t<\/div>\n\n\t<div class=\"brandbox-image\" style=\"background-image: url( https:\/\/gpi-tanks.com\/wp-content\/uploads\/2021\/11\/verticaal-PL-1.jpg );\"><\/div>\n<\/div>\n\t\t\t\t<\/div>\n\t\t\t\t<\/div>\n\t\t\t\t\t<\/div>\n\t\t<\/div>\n\t\t\t\t\t<\/div>\n\t\t<\/section>\n\t\t\t\t<section class=\"elementor-section elementor-top-section elementor-element elementor-element-3b3e5b3e elementor-section-boxed elementor-section-height-default elementor-section-height-default\" data-id=\"3b3e5b3e\" data-element_type=\"section\">\n\t\t\t\t\t\t<div class=\"elementor-container elementor-column-gap-default\">\n\t\t\t\t\t<div class=\"elementor-column elementor-col-100 elementor-top-column elementor-element elementor-element-4ddc8fe\" data-id=\"4ddc8fe\" data-element_type=\"column\">\n\t\t\t<div class=\"elementor-widget-wrap elementor-element-populated\">\n\t\t\t\t\t\t<div class=\"elementor-element elementor-element-f32c86e elementor-widget elementor-widget-text-editor\" data-id=\"f32c86e\" data-element_type=\"widget\" data-widget_type=\"text-editor.default\">\n\t\t\t\t\t\t\t\t\t<p>Firma GPI Roestvast BV (Izba Handlowa: KvK ), zwana dalej Gpi, oferuje Pa\u0144stwu dost\u0119p do strony www.gpi-tanks.com\u00a0 \u00a0 \u00a0 \u00a0 \u00a0 (dalej jako \u201eStrona\u201d), na kt\u00f3rej Gpi publikuje teksty, zdj\u0119cia i inne materia\u0142y w celach informacyjnych.<\/p><p>Gpi zastrzega sobie prawo do zmiany tre\u015bci w dowolnym momencie oraz do usuni\u0119cia cz\u0119\u015bci z nich bez konieczno\u015bci powiadomienia Pa\u0144stwa o tym fakcie.<\/p><p>Charakter informacji przedstawionych na stronie nie jest wi\u0105\u017c\u0105cy i informacje te nie s\u0105 uznawane za wi\u0105\u017c\u0105c\u0105 ofert\u0119, na podstawie kt\u00f3rej mo\u017cna zawrze\u0107 umow\u0119. Umowy mog\u0105 by\u0107 zawierane jedynie po zaakceptowaniu warunk\u00f3w w\u0142a\u015bciwej oferty, z\u0142o\u017conej Pa\u0144stwu poprzez nasz\u0105 Stron\u0119 lub w drodze przes\u0142anej oferty drog\u0105 mailow\u0105.<\/p><h2>Ograniczenie odpowiedzialno\u015bci<\/h2><p>Firma Gpi dok\u0142ada wszelkich stara\u0144, aby aktualizowa\u0107 i\/lub dodawa\u0107 tre\u015bci na Stronie tak cz\u0119sto, jak to mo\u017cliwe. Pomimo naszej dba\u0142o\u015bci i uwagi, istnieje mo\u017cliwo\u015b\u0107, \u017ce tre\u015bci opublikowane na Stronie mog\u0105 by\u0107 niepe\u0142ne i\/lub b\u0142\u0119dne.<\/p><p>Materia\u0142y na Stronie przedstawiane s\u0105 bez udzielania \u017cadnych gwarancji ani zapewnie\u0144 co do poprawno\u015bci tych informacji. Materia\u0142y te mog\u0105 by\u0107 zmieniane w dowolnym momencie, bez powiadomienia Pa\u0144stwa o tym fakcie przez firm\u0119 Gpi.<\/p><p>W szczeg\u00f3lno\u015bci, wszystkie podane na Stronie ceny mog\u0105 zawiera\u0107 b\u0142\u0119dy maszynowe i programistyczne. Firma Gpi nie ponosi odpowiedzialno\u015bci za konsekwencje takich b\u0142\u0119d\u00f3w. \u017badna umowa nie jest zawierana na podstawie takich informacji.<\/p><p>Firma Gpi nie ponosi odpowiedzialno\u015bci, bez wzgl\u0119du na okoliczno\u015bci, za opublikowane na Stronie odno\u015bniki do innych witryn internetowych lub us\u0142ug oferowanych przez osoby trzecie.<\/p><h2>Prawa autorskie<\/h2><p>Wszystkie prawa w\u0142asno\u015bci intelektualnej do w\/w materia\u0142\u00f3w nale\u017c\u0105 do Gpi.<\/p><p>Kopiowanie, dystrybucja i wszelkie inne wykorzystanie tych materia\u0142\u00f3w bez pisemnej zgody Gpi jest niedozwolone, chyba \u017ce i wy\u0142\u0105cznie w zakresie, w jakim takie czynno\u015bci s\u0105 dozwolone przez obowi\u0105zuj\u0105ce prawo.<\/p><h2>Postanowienie ko\u0144cowe<\/h2><p>Niniejsze o\u015bwiadczenie mo\u017ce ulega\u0107 okresowym zmianom.<\/p>\t\t\t\t\t\t\t\t<\/div>\n\t\t\t\t\t<\/div>\n\t\t<\/div>\n\t\t\t\t\t<\/div>\n\t\t<\/section>\n\t\t\t\t<\/div>\n\t\t","protected":false},"excerpt":{"rendered":"<p>Ograniczenie odpowiedzialno\u015bci Co musicie Pa\u0144stwo wiedzie\u0107 o informacjach zawartych na tej stronie Kontakt Firma GPI Roestvast BV (Izba Handlowa: KvK ), zwana dalej Gpi, oferuje Pa\u0144stwu dost\u0119p do strony www.gpi-tanks.com\u00a0 \u00a0 \u00a0 \u00a0 \u00a0 (dalej jako \u201eStrona\u201d), na kt\u00f3rej Gpi publikuje teksty, zdj\u0119cia i inne materia\u0142y w celach informacyjnych. Gpi zastrzega sobie prawo do zmiany<\/p>\n","protected":false},"author":9,"featured_media":0,"parent":0,"menu_order":0,"comment_status":"closed","ping_status":"closed","template":"elementor_header_footer","meta":{"_acf_changed":false,"footnotes":""},"class_list":["post-12607","page","type-page","status-publish","hentry"],"acf":[],"_links":{"self":[{"href":"https:\/\/gpi-tanks.com\/pl\/wp-json\/wp\/v2\/pages\/12607","targetHints":{"allow":["GET"]}}],"collection":[{"href":"https:\/\/gpi-tanks.com\/pl\/wp-json\/wp\/v2\/pages"}],"about":[{"href":"https:\/\/gpi-tanks.com\/pl\/wp-json\/wp\/v2\/types\/page"}],"author":[{"embeddable":true,"href":"https:\/\/gpi-tanks.com\/pl\/wp-json\/wp\/v2\/users\/9"}],"replies":[{"embeddable":true,"href":"https:\/\/gpi-tanks.com\/pl\/wp-json\/wp\/v2\/comments?post=12607"}],"version-history":[{"count":0,"href":"https:\/\/gpi-tanks.com\/pl\/wp-json\/wp\/v2\/pages\/12607\/revisions"}],"wp:attachment":[{"href":"https:\/\/gpi-tanks.com\/pl\/wp-json\/wp\/v2\/media?parent=12607"}],"curies":[{"name":"wp","href":"https:\/\/api.w.org\/{rel}","templated":true}]}}