{"id":12705,"date":"2022-07-28T11:13:23","date_gmt":"2022-07-28T11:13:23","guid":{"rendered":"https:\/\/gpi-tanks.com\/about-gpi-group\/"},"modified":"2025-07-18T12:04:14","modified_gmt":"2025-07-18T12:04:14","slug":"o-grupie-gpi","status":"publish","type":"page","link":"https:\/\/gpi-tanks.com\/pl\/o-grupie-gpi\/","title":{"rendered":"O Grupie Gpi"},"content":{"rendered":"\t\t<div data-elementor-type=\"wp-page\" data-elementor-id=\"12705\" class=\"elementor elementor-12705 elementor-12503\" data-elementor-post-type=\"page\">\n\t\t\t\t\t\t<section class=\"elementor-section elementor-top-section elementor-element elementor-element-2e3b6a2a elementor-section-full_width elementor-section-height-default elementor-section-height-default\" data-id=\"2e3b6a2a\" data-element_type=\"section\">\n\t\t\t\t\t\t<div class=\"elementor-container elementor-column-gap-default\">\n\t\t\t\t\t<div class=\"elementor-column elementor-col-100 elementor-top-column elementor-element elementor-element-3425fef6\" data-id=\"3425fef6\" data-element_type=\"column\">\n\t\t\t<div class=\"elementor-widget-wrap elementor-element-populated\">\n\t\t\t\t\t\t<div class=\"elementor-element elementor-element-1909eab8 brandbox-button elementor-widget elementor-widget-brandbox\" data-id=\"1909eab8\" data-element_type=\"widget\" data-widget_type=\"brandbox.default\">\n\t\t\t\t<div class=\"elementor-widget-container\">\n\t\t\t\t\t<div class=\"brandbox\" style=\"background-color: #F7F7F7\">\n\t<div class=\"brandbox-content\">\n\t\t<div class=\"brandbox-content-wrapper\">\n\t\t\t\t\t\t\t<h1><b>O Grupie Gpi<\/b><\/h1>\n\t\t\t\n\t\t\t\t\t\t\t<h3>Gpi Tanks i sprz\u0119t procesowy<\/h3>\n\t\t\t\n\t\t\t\t\t\t\t\t\t\t\t\t<a href=\"https:\/\/gpi-tanks.com\/pl\/contact\/\" class=\"arrow-button\">\n\t\t\t\t\t\t<span style=\"\">Skontaktuj si\u0119 z nami<\/span>\n\t\t\t\t\t\t<div class=\"cirlce-box\">\n\t\t\t\t\t\t\t<i class=\"fal fa-arrow-right\" style=\"\"><\/i>\n\t\t\t\t\t\t\t<svg width=\"52\" height=\"52\" class=\"outer-circle\">\n\t\t\t\t\t\t\t\t<circle cx=\"26\" cy=\"26\" r=\"24\" stroke=\"#efefef90\" stroke-width=\"1\" fill-opacity=\"0\"><\/circle>\n\t\t\t\t\t\t\t\t<circle class=\"circle\" cx=\"26\" cy=\"26\" r=\"24\" stroke=\"#00a799\" fill-opacity=\"0\" stroke-width=\"3\"><\/circle>\n\t\t\t\t\t\t\t<\/svg>\n\t\t\t\t\t\t<\/div>\n\t\t\t\t\t<\/a>\n\t\t\t\t\t\t\t\t\t<\/div>\n\t<\/div>\n\n\t<div class=\"brandbox-image\" style=\"background-image: url( https:\/\/gpi-tanks.com\/wp-content\/uploads\/2022\/08\/lopik-e1659344487208.jpg );\"><\/div>\n<\/div>\n\t\t\t\t<\/div>\n\t\t\t\t<\/div>\n\t\t\t\t\t<\/div>\n\t\t<\/div>\n\t\t\t\t\t<\/div>\n\t\t<\/section>\n\t\t\t\t<section class=\"elementor-section elementor-top-section elementor-element elementor-element-26dbc5cb elementor-section-boxed elementor-section-height-default elementor-section-height-default\" data-id=\"26dbc5cb\" data-element_type=\"section\">\n\t\t\t\t\t\t<div class=\"elementor-container elementor-column-gap-default\">\n\t\t\t\t\t<div class=\"elementor-column elementor-col-100 elementor-top-column elementor-element elementor-element-3646dbf8\" data-id=\"3646dbf8\" data-element_type=\"column\">\n\t\t\t<div class=\"elementor-widget-wrap elementor-element-populated\">\n\t\t\t\t\t\t<div class=\"elementor-element elementor-element-4ec82e7e elementor-widget elementor-widget-heading\" data-id=\"4ec82e7e\" data-element_type=\"widget\" data-widget_type=\"heading.default\">\n\t\t\t\t\t<h3 class=\"elementor-heading-title elementor-size-default\">Zbiorniki procesowe i magazynowe ze stali nierdzewnej do 10 000 m3 oraz urz\u0105dzenia procesowe<\/h3>\t\t\t\t<\/div>\n\t\t\t\t<div class=\"elementor-element elementor-element-2fa81813 elementor-widget elementor-widget-text-editor\" data-id=\"2fa81813\" data-element_type=\"widget\" data-widget_type=\"text-editor.default\">\n\t\t\t\t\t\t\t\t\t<p>Gpi Tanks jest cz\u0119\u015bci\u0105 Grupy Gpi. Gpi Group (lub Gpi Tanks &amp; Process Equipment) to wiod\u0105ca firma zajmuj\u0105ca si\u0119 budow\u0105 zbiornik\u00f3w, specjalizuj\u0105ca si\u0119 w in\u017cynierii, produkcji i monta\u017cu zbiornik\u00f3w procesowych i magazynowych ze stali nierdzewnej o pojemno\u015bci do 10 000 m3 oraz sprz\u0119tu procesowego. Firma wyr\u00f3\u017cnia si\u0119 inteligentnymi rozwi\u0105zaniami dla lepszych proces\u00f3w w czo\u0142owych firmach produkcyjnych w r\u00f3\u017cnych bran\u017cach, takich jak farmaceutycznej, olejarskiej, spo\u017cywczej, mleczarskiej i chemicznej.<\/p><p>Dzi\u0119ki r\u00f3\u017cnym firmom operacyjnym \u2013 Gpi Tanks, Gpi Tanks XL, Gpi De Gouwe Process Equipment, Gpi Pharma, Gpi Tanks Poland, Gpi Tanks GmbH, Gpi India oraz naszej w\u0142asnej wytrawialni BMN \u2013 zapewniamy wiedz\u0119 fachow\u0105 w ka\u017cdej dziedzinie.<\/p><p>Zatrudniaj\u0105c ponad 300 pracownik\u00f3w, posiadamy biura w Holandii, Polsce, Niemczech i Indiach oraz liczne zak\u0142ady produkcyjne w Holandii i Polsce.<\/p>\t\t\t\t\t\t\t\t<\/div>\n\t\t\t\t<div class=\"elementor-element elementor-element-5b006715 elementor-widget elementor-widget-heading\" data-id=\"5b006715\" data-element_type=\"widget\" data-widget_type=\"heading.default\">\n\t\t\t\t\t<h3 class=\"elementor-heading-title elementor-size-default\">Fred Boere i Arno Rodenburg<\/h3>\t\t\t\t<\/div>\n\t\t\t\t<div class=\"elementor-element elementor-element-16b1135a elementor-widget elementor-widget-image\" data-id=\"16b1135a\" data-element_type=\"widget\" data-widget_type=\"image.default\">\n\t\t\t\t\t\t\t\t\t\t\t\t\t\t\t<img fetchpriority=\"high\" decoding=\"async\" width=\"1000\" height=\"562\" src=\"https:\/\/gpi-tanks.com\/wp-content\/uploads\/2022\/07\/MG_8364-e1649845021642.jpg\" class=\"attachment-large size-large wp-image-12204\" alt=\"\" srcset=\"https:\/\/gpi-tanks.com\/wp-content\/uploads\/2022\/07\/MG_8364-e1649845021642.jpg 1000w, https:\/\/gpi-tanks.com\/wp-content\/uploads\/2022\/07\/MG_8364-e1649845021642-300x169.jpg 300w, https:\/\/gpi-tanks.com\/wp-content\/uploads\/2022\/07\/MG_8364-e1649845021642-768x432.jpg 768w\" sizes=\"(max-width: 1000px) 100vw, 1000px\" \/>\t\t\t\t\t\t\t\t\t\t\t\t\t\t\t<\/div>\n\t\t\t\t<div class=\"elementor-element elementor-element-46961411 elementor-widget elementor-widget-text-editor\" data-id=\"46961411\" data-element_type=\"widget\" data-widget_type=\"text-editor.default\">\n\t\t\t\t\t\t\t\t\t<p>Do 2024 roku Fred i Arno kierowali Grup\u0105 Gpi jako dyrektorzy zarz\u0105dzaj\u0105cy. Dzi\u015b pozostaj\u0105 cz\u0142onkami zarz\u0105du niewykonawczego.<\/p><p>Fred Boere zacz\u0105\u0142 25 lat temu jako zast\u0119pca brygadzisty w Gpi. Zaczyna\u0142 jako sz\u00f3sty pracownik. Jego zadania obejmowa\u0142y prace spawalnicze, budowlane i nadzorowanie produkcji. Ponadto Fred sp\u0119dza\u0142 w biurze od 1 do 2 dni, przygotowuj\u0105c projekty rysunkowe. Z biegiem czasu sytuacja zmieni\u0142a si\u0119 ca\u0142kowicie: od spawacza do przyuczenia do Managera, a nast\u0119pnie do Dyrektora Technicznego i ostatecznie Dyrektora Generalnego. Od 2009 roku Fred jest Dyrektorem Generalnym, wsp\u00f3\u0142w\u0142a\u015bcicielem i udzia\u0142owcem w Gpi.<\/p><p>Arno Rodenburg jest wsp\u00f3\u0142w\u0142a\u015bcicielem i udzia\u0142owcem Gpi od 2012 roku. Pracuje w Gpi od ponad dwudziestu lat i przeszed\u0142 drog\u0119 od spawacza do brygadzisty\/kierownika warsztatu, kierownika produkcji i operacyjnego dyrektora technicznego. W 2012 roku Arno Rodenburg zosta\u0142 wsp\u00f3\u0142w\u0142a\u015bcicielem i udzia\u0142owcem jako COO.<\/p>\t\t\t\t\t\t\t\t<\/div>\n\t\t\t\t\t<\/div>\n\t\t<\/div>\n\t\t\t\t\t<\/div>\n\t\t<\/section>\n\t\t\t\t<section class=\"elementor-section elementor-top-section elementor-element elementor-element-443370e9 elementor-section-boxed elementor-section-height-default elementor-section-height-default\" data-id=\"443370e9\" data-element_type=\"section\">\n\t\t\t\t\t\t<div class=\"elementor-container elementor-column-gap-default\">\n\t\t\t\t\t<div class=\"elementor-column elementor-col-100 elementor-top-column elementor-element elementor-element-2c363594\" data-id=\"2c363594\" data-element_type=\"column\">\n\t\t\t<div class=\"elementor-widget-wrap elementor-element-populated\">\n\t\t\t\t\t\t<div class=\"elementor-element elementor-element-74a9adf elementor-widget elementor-widget-heading\" data-id=\"74a9adf\" data-element_type=\"widget\" data-widget_type=\"heading.default\">\n\t\t\t\t\t<h3 class=\"elementor-heading-title elementor-size-default\">Nasze sp\u00f3\u0142ki operacyjne w pigu\u0142ce<\/h3>\t\t\t\t<\/div>\n\t\t\t\t<div class=\"elementor-element elementor-element-6a1622f elementor--h-position-center elementor--v-position-middle elementor-arrows-position-inside elementor-widget elementor-widget-slides\" data-id=\"6a1622f\" data-element_type=\"widget\" data-settings=\"{&quot;_animation&quot;:&quot;none&quot;,&quot;navigation&quot;:&quot;arrows&quot;,&quot;autoplay&quot;:&quot;yes&quot;,&quot;pause_on_hover&quot;:&quot;yes&quot;,&quot;pause_on_interaction&quot;:&quot;yes&quot;,&quot;autoplay_speed&quot;:5000,&quot;infinite&quot;:&quot;yes&quot;,&quot;transition&quot;:&quot;slide&quot;,&quot;transition_speed&quot;:500}\" data-widget_type=\"slides.default\">\n\t\t\t\t\t\t\t\t\t\t<div class=\"elementor-slides-wrapper elementor-main-swiper swiper\" role=\"region\" aria-roledescription=\"carousel\" aria-label=\"Slajdy\" dir=\"ltr\" data-animation=\"fadeInRight\">\n\t\t\t\t<div class=\"swiper-wrapper elementor-slides\">\n\t\t\t\t\t\t\t\t\t\t<div class=\"elementor-repeater-item-1947860 swiper-slide\" role=\"group\" aria-roledescription=\"slide\"><div class=\"swiper-slide-bg\"><\/div><div class=\"swiper-slide-inner\" ><div class=\"swiper-slide-contents\"><div class=\"elementor-slide-heading\">Gpi Tanks<\/div><div class=\"elementor-slide-description\">Gpi Tanks specjalizuje si\u0119 w projektowaniu, produkcji i instalacji zbiornik\u00f3w procesowych i magazynowych ze stali nierdzewnej o pojemno\u015bci do oko\u0142o 1000 m3. Zbiorniki s\u0105 w pe\u0142ni projektowane i produkowane na zam\u00f3wienie w fabryce i dostarczane transportem drogowym lub wodnym do Holandii i za granic\u0119. G\u0142\u00f3wna\n\nsiedziba Gpi Tanks znajduje si\u0119 w Lopik, w po\u0142\u0105czeniu z szeregiem hal produkcyjnych. W Groot-Ammers znajduje si\u0119 fabryka, w kt\u00f3rej mo\u017cna bezpo\u015brednio za\u0142adowa\u0107 zbiorniki do transportu wodnego.<\/div><a href=\"https:\/\/gpi-tanks.com\/\" target=\"_blank\" class=\"elementor-button elementor-slide-button elementor-size-sm\">Do strony g\u0142\u00f3wnej<\/a><\/div><\/div><\/div><div class=\"elementor-repeater-item-3c1a294 swiper-slide\" role=\"group\" aria-roledescription=\"slide\"><div class=\"swiper-slide-bg\"><\/div><div class=\"swiper-slide-inner\" ><div class=\"swiper-slide-contents\"><div class=\"elementor-slide-heading\">Gpi Tanks Poland, Gpi Tanks GmbH, Gpi Tanks India<\/div><div class=\"elementor-slide-description\">Gpi Tanks posiada r\u00f3wnie\u017c biura w Niemczech i Indiach. Gpi Tanks Poland jest samodzieln\u0105 firm\u0105, kt\u00f3ra zapewnia projektowanie i produkcj\u0119 zbiornik\u00f3w w Skarbimierzu i Brzegu w Polsce, ze zbiornikami produkowanymi w fabryce i transportowanymi transportem drogowym.<\/div><a href=\"https:\/\/gpi-tanks.com\/\" target=\"_blank\" class=\"elementor-button elementor-slide-button elementor-size-sm\">Do strony g\u0142\u00f3wnej<\/a><\/div><\/div><\/div><div class=\"elementor-repeater-item-069cd04 swiper-slide\" role=\"group\" aria-roledescription=\"slide\"><div class=\"swiper-slide-bg\"><\/div><div class=\"swiper-slide-inner\" ><div class=\"swiper-slide-contents\"><div class=\"elementor-slide-heading\">Gpi Tanks XL<\/div><div class=\"elementor-slide-description\">Gpi Tanks XL specjalizuje si\u0119 w niestandardowej in\u017cynierii i produkcji wielogabarytowych zbiornik\u00f3w ze stali nierdzewnej do 10.000 m3. Zbiorniki nie s\u0105 produkowane w fabryce, ale bezpo\u015brednio na miejscu. Dzi\u0119ki innowacyjnym i wydajnym metodom konstrukcyjnym mo\u017cna jednocze\u015bnie budowa\u0107 wiele zbiornik\u00f3w. Biuro Gpi Tanks XL znajduje si\u0119 w IJsselstein, a produkcja na miejscu odbywa si\u0119 w kraju i za granic\u0105.<\/div><a href=\"https:\/\/gpi-tanksxl.com\/\" target=\"_blank\" class=\"elementor-button elementor-slide-button elementor-size-sm\" rel=\"noopener\">Do strony g\u0142\u00f3wnej<\/a><\/div><\/div><\/div><div class=\"elementor-repeater-item-1bab2f5 swiper-slide\" role=\"group\" aria-roledescription=\"slide\"><div class=\"swiper-slide-bg\"><\/div><div class=\"swiper-slide-inner\" ><div class=\"swiper-slide-contents\"><div class=\"elementor-slide-heading\">Gpi De Gouwe Process Equipment<\/div><div class=\"elementor-slide-description\">Gpi De Gouwe specjalizuje si\u0119 w in\u017cynierii i produkcji niestandardowych urz\u0105dze\u0144 i instalacji procesowych ze stali nierdzewnej dla firm dzia\u0142aj\u0105cych w przemy\u015ble spo\u017cywczym i kosmetycznym na ca\u0142ym \u015bwiecie. Biuro Gpi De Gouwe znajduje si\u0119 w Gouda, w po\u0142\u0105czeniu z hal\u0105 produkcyjn\u0105. Firma Gpi De Gouwe powsta\u0142a w 2019 roku z po\u0142\u0105czenia firm Altermij - De Gouwe oraz Gpi Process Equipment.<\/div><a href=\"https:\/\/gpi-degouwe.com\/\" target=\"_blank\" class=\"elementor-button elementor-slide-button elementor-size-sm\" rel=\"noopener\">Do strony g\u0142\u00f3wnej<\/a><\/div><\/div><\/div><div class=\"elementor-repeater-item-04d298a swiper-slide\" role=\"group\" aria-roledescription=\"slide\"><div class=\"swiper-slide-bg\"><\/div><div class=\"swiper-slide-inner\" ><div class=\"swiper-slide-contents\"><div class=\"elementor-slide-heading\">Gpi Pharma<\/div><div class=\"elementor-slide-description\">Gpi Pharma specjalizuje si\u0119 w in\u017cynierii i produkcji niestandardowych zbiornik\u00f3w procesowych i magazynowych ze stali nierdzewnej dla przemys\u0142u farmaceutycznego w kraju i za granic\u0105. Gpi Pharma dzia\u0142a z siedziby Gpi Tanks w Lopiku. Produkcja odbywa si\u0119 w s\u0105siedniej hali produkcyjnej.<\/div><a href=\"https:\/\/gpi-pharmaceutical.com\/\" target=\"_blank\" class=\"elementor-button elementor-slide-button elementor-size-sm\" rel=\"noopener\">Do strony g\u0142\u00f3wnej<\/a><\/div><\/div><\/div><div class=\"elementor-repeater-item-8583d93 swiper-slide\" role=\"group\" aria-roledescription=\"slide\"><div class=\"swiper-slide-bg\"><\/div><div class=\"swiper-slide-inner\" ><div class=\"swiper-slide-contents\"><div class=\"elementor-slide-heading\">BMN<\/div><div class=\"elementor-slide-description\">Gpi Tanks specjalizuje si\u0119 w projektowaniu, produkcji i instalacji zbiornik\u00f3w procesowych i magazynowych ze stali nierdzewnej o pojemno\u015bci do oko\u0142o 1000 m3. Zbiorniki s\u0105 w pe\u0142ni projektowane i produkowane na zam\u00f3wienie w fabryce i transportowane transportem drogowym lub wodnym do Holandii i za granic\u0119. G\u0142\u00f3wna siedziba Gpi Tanks znajduje si\u0119 w Lopiku, w po\u0142\u0105czeniu z szeregiem hal produkcyjnych. W Groot-Ammers znajduje si\u0119 fabryka, w kt\u00f3rej mo\u017cna bezpo\u015brednio za\u0142adowa\u0107 zbiorniki do transportu wody. <\/div><a href=\"https:\/\/bmn-bv.nl\/\" target=\"_blank\" class=\"elementor-button elementor-slide-button elementor-size-sm\" rel=\"noopener\">Do strony g\u0142\u00f3wnej<\/a><\/div><\/div><\/div>\t\t\t\t<\/div>\n\t\t\t\t\t\t\t\t\t\t\t\t\t\t\t<div class=\"elementor-swiper-button elementor-swiper-button-prev\" role=\"button\" tabindex=\"0\" aria-label=\"Previous slide\">\n\t\t\t\t\t\t\t<svg aria-hidden=\"true\" class=\"e-font-icon-svg e-eicon-chevron-left\" viewBox=\"0 0 1000 1000\" xmlns=\"http:\/\/www.w3.org\/2000\/svg\"><path d=\"M646 125C629 125 613 133 604 142L308 442C296 454 292 471 292 487 292 504 296 521 308 533L604 854C617 867 629 875 646 875 663 875 679 871 692 858 704 846 713 829 713 812 713 796 708 779 692 767L438 487 692 225C700 217 708 204 708 187 708 171 704 154 692 142 675 129 663 125 646 125Z\"><\/path><\/svg>\t\t\t\t\t\t<\/div>\n\t\t\t\t\t\t<div class=\"elementor-swiper-button elementor-swiper-button-next\" role=\"button\" tabindex=\"0\" aria-label=\"Next slide\">\n\t\t\t\t\t\t\t<svg aria-hidden=\"true\" class=\"e-font-icon-svg e-eicon-chevron-right\" viewBox=\"0 0 1000 1000\" xmlns=\"http:\/\/www.w3.org\/2000\/svg\"><path d=\"M696 533C708 521 713 504 713 487 713 471 708 454 696 446L400 146C388 133 375 125 354 125 338 125 325 129 313 142 300 154 292 171 292 187 292 204 296 221 308 233L563 492 304 771C292 783 288 800 288 817 288 833 296 850 308 863 321 871 338 875 354 875 371 875 388 867 400 854L696 533Z\"><\/path><\/svg>\t\t\t\t\t\t<\/div>\n\t\t\t\t\t\t\t\t\t\t\t\t\t\t\t\t\t<\/div>\n\t\t\t\t\t\t\t\t<\/div>\n\t\t\t\t\t<\/div>\n\t\t<\/div>\n\t\t\t\t\t<\/div>\n\t\t<\/section>\n\t\t\t\t<section class=\"elementor-section elementor-top-section elementor-element elementor-element-42cec98 elementor-section-boxed elementor-section-height-default elementor-section-height-default\" data-id=\"42cec98\" data-element_type=\"section\" data-settings=\"{&quot;background_background&quot;:&quot;classic&quot;}\">\n\t\t\t\t\t\t<div class=\"elementor-container elementor-column-gap-default\">\n\t\t\t\t\t<div class=\"elementor-column elementor-col-100 elementor-top-column elementor-element elementor-element-915798a\" data-id=\"915798a\" data-element_type=\"column\">\n\t\t\t<div class=\"elementor-widget-wrap elementor-element-populated\">\n\t\t\t\t\t\t<div class=\"elementor-element elementor-element-10bd4820 elementor-widget elementor-widget-heading\" data-id=\"10bd4820\" data-element_type=\"widget\" data-widget_type=\"heading.default\">\n\t\t\t\t\t<h1 class=\"elementor-heading-title elementor-size-default\"><b>Wi\u0119cej o nas<\/b><\/h1>\t\t\t\t<\/div>\n\t\t\t\t<section class=\"elementor-section elementor-inner-section elementor-element elementor-element-605b5a8 elementor-section-boxed elementor-section-height-default elementor-section-height-default\" data-id=\"605b5a8\" data-element_type=\"section\">\n\t\t\t\t\t\t<div class=\"elementor-container elementor-column-gap-default\">\n\t\t\t\t\t<div class=\"elementor-column elementor-col-50 elementor-inner-column elementor-element elementor-element-5345497a\" data-id=\"5345497a\" data-element_type=\"column\">\n\t\t\t<div class=\"elementor-widget-wrap elementor-element-populated\">\n\t\t\t\t\t\t<div class=\"elementor-element elementor-element-fa6ceb8 elementor-widget elementor-widget-ttp-image-box\" data-id=\"fa6ceb8\" data-element_type=\"widget\" data-widget_type=\"ttp-image-box.default\">\n\t\t\t\t<div class=\"elementor-widget-container\">\n\t\t\t\t\t\n<div class=\"ttp-image-box\">\n\t<div class=\"ttp-image-box-image\" style=\"background-image: url('https:\/\/gpi-tanks.com\/wp-content\/uploads\/2022\/07\/Werken-bij-Gpi-productie.jpg')\"><\/div>\n\n\t<div class=\"ttp-image-box-content\">\n\t\t<h2>O zbiornikach Gpi<\/h2>\n\t\t<p>Twoja partner w zakresie konstrukcji i budowy zbiornik\u00f3w. Gpi Tanks jest profesjonalnym producentem zbiornik\u00f3w z ponad 25-letnim do\u015bwiadczeniem, a nasz\u0105 misj\u0105 jest dodawanie warto\u015bci do Twoich proces\u00f3w.<\/p>\n\n\t\t<a href=\"https:\/\/gpi-tanks.com\/pl\/o-nas\/ target=\" rel=\"nofollow\" class=\"arrow-button\">\n\t\t\t<span style=\"\">Czytaj wi\u0119cej<\/span>\n\t\t\t<div class=\"cirlce-box\">\n\t\t\t\t<i class=\"fal fa-arrow-right\" style=\"\"><\/i>\n\t\t\t\t<svg width=\"52\" height=\"52\" class=\"outer-circle\">\n\t\t\t\t\t<circle cx=\"26\" cy=\"26\" r=\"24\" stroke=\"#efefef90\" stroke-width=\"1\" fill-opacity=\"0\"><\/circle>\n\t\t\t\t\t<circle class=\"circle\" cx=\"26\" cy=\"26\" r=\"24\" stroke=\"#00a799\" fill-opacity=\"0\" stroke-width=\"3\"><\/circle>\n\t\t\t\t<\/svg>\n\t\t\t<\/div>\n\t\t<\/a>\n    <\/div>\n<\/div>\n\t\t\t\t<\/div>\n\t\t\t\t<\/div>\n\t\t\t\t\t<\/div>\n\t\t<\/div>\n\t\t\t\t<div class=\"elementor-column elementor-col-50 elementor-inner-column elementor-element elementor-element-632d4884\" data-id=\"632d4884\" data-element_type=\"column\">\n\t\t\t<div class=\"elementor-widget-wrap elementor-element-populated\">\n\t\t\t\t\t\t<div class=\"elementor-element elementor-element-362388b4 elementor-widget elementor-widget-ttp-image-box\" data-id=\"362388b4\" data-element_type=\"widget\" data-widget_type=\"ttp-image-box.default\">\n\t\t\t\t<div class=\"elementor-widget-container\">\n\t\t\t\t\t\n<div class=\"ttp-image-box\">\n\t<div class=\"ttp-image-box-image\" style=\"background-image: url('https:\/\/gpi-tanks.com\/wp-content\/uploads\/2022\/07\/werken-bij-Gpi-productie-21.jpg')\"><\/div>\n\n\t<div class=\"ttp-image-box-content\">\n\t\t<h2>Jako\u015b\u0107<\/h2>\n\t\t<p>Jako\u015b\u0107 to nasza mentalno\u015b\u0107, dlatego nasze produkty i procesy s\u0105 zgodne z r\u00f3\u017cnymi normami, potwierdzone certyfikatami. Projektujemy zgodnie ze wszystkimi znormalizowanymi przepisami budowlanymi.<\/p>\n\n\t\t<a href=\"https:\/\/gpi-tanks.com\/pl\/quality\/ target=\" rel=\"nofollow\" class=\"arrow-button\">\n\t\t\t<span style=\"\">Czytaj wi\u0119cej<\/span>\n\t\t\t<div class=\"cirlce-box\">\n\t\t\t\t<i class=\"fal fa-arrow-right\" style=\"\"><\/i>\n\t\t\t\t<svg width=\"52\" height=\"52\" class=\"outer-circle\">\n\t\t\t\t\t<circle cx=\"26\" cy=\"26\" r=\"24\" stroke=\"#efefef90\" stroke-width=\"1\" fill-opacity=\"0\"><\/circle>\n\t\t\t\t\t<circle class=\"circle\" cx=\"26\" cy=\"26\" r=\"24\" stroke=\"#00a799\" fill-opacity=\"0\" stroke-width=\"3\"><\/circle>\n\t\t\t\t<\/svg>\n\t\t\t<\/div>\n\t\t<\/a>\n    <\/div>\n<\/div>\n\t\t\t\t<\/div>\n\t\t\t\t<\/div>\n\t\t\t\t\t<\/div>\n\t\t<\/div>\n\t\t\t\t\t<\/div>\n\t\t<\/section>\n\t\t\t\t<div class=\"elementor-element elementor-element-724951cb standard-width-button elementor-widget elementor-widget-subpage-cards\" data-id=\"724951cb\" data-element_type=\"widget\" data-widget_type=\"subpage-cards.default\">\n\t\t\t\t<div class=\"elementor-widget-container\">\n\t\t\t\t\t\n<div class=\"row\">\n    <\/div>\t\t\t\t<\/div>\n\t\t\t\t<\/div>\n\t\t\t\t\t<\/div>\n\t\t<\/div>\n\t\t\t\t\t<\/div>\n\t\t<\/section>\n\t\t\t\t<section class=\"elementor-section elementor-top-section elementor-element elementor-element-d9ac6d1 elementor-section-boxed elementor-section-height-default elementor-section-height-default\" data-id=\"d9ac6d1\" data-element_type=\"section\">\n\t\t\t\t\t\t<div class=\"elementor-container elementor-column-gap-default\">\n\t\t\t\t\t<div class=\"elementor-column elementor-col-100 elementor-top-column elementor-element elementor-element-544b7a7f\" data-id=\"544b7a7f\" data-element_type=\"column\">\n\t\t\t<div class=\"elementor-widget-wrap elementor-element-populated\">\n\t\t\t\t\t\t<div class=\"elementor-element elementor-element-557e8457 elementor-widget elementor-widget-spacer\" data-id=\"557e8457\" data-element_type=\"widget\" data-widget_type=\"spacer.default\">\n\t\t\t\t\t\t\t<div class=\"elementor-spacer\">\n\t\t\t<div class=\"elementor-spacer-inner\"><\/div>\n\t\t<\/div>\n\t\t\t\t\t\t<\/div>\n\t\t\t\t<div class=\"elementor-element elementor-element-2d1b7ed2 elementor-widget elementor-widget-overlapping-card\" data-id=\"2d1b7ed2\" data-element_type=\"widget\" data-widget_type=\"overlapping-card.default\">\n\t\t\t\t<div class=\"elementor-widget-container\">\n\t\t\t\t\t\n<div class=\"overlapping-card \">\n    <div class=\"overlapping-card--image\" style=\"background-image: url('https:\/\/gpi-tanks.com\/wp-content\/uploads\/2022\/07\/werken-bij-Gpi-kantoor-2.jpg')\"><\/div>\n    <div class=\"overlapping-card--content\">\n        <h2><b>Ch\u0119tnie Ci pomo\u017cemy!<\/b><\/h2>\n        <p>Chcesz wiedzie\u0107 wi\u0119cej? Wy\u015blij do nas wiadomo\u015b\u0107 lub zadzwo\u0144, a my pomo\u017cemy Ci tak szybko, jak to mo\u017cliwe!<\/p>\n        \n        <a class=\"gpi-button\" href=\"https:\/\/gpi-tanks.com\/pl\/contact\/\" style=\"\">\n            <span class=\"arrow-link-text\">Skontaktuj si\u0119 z nami<\/span>\n            <div class=\"arrow-btn\">\n                <i class=\"fal fa-arrow-right\"><\/i>\n            <\/div>\n        <\/a>\n    <\/div>\n<\/div>\n\t\t\t\t<\/div>\n\t\t\t\t<\/div>\n\t\t\t\t<div class=\"elementor-element elementor-element-de1642b elementor-widget elementor-widget-spacer\" data-id=\"de1642b\" data-element_type=\"widget\" data-widget_type=\"spacer.default\">\n\t\t\t\t\t\t\t<div class=\"elementor-spacer\">\n\t\t\t<div class=\"elementor-spacer-inner\"><\/div>\n\t\t<\/div>\n\t\t\t\t\t\t<\/div>\n\t\t\t\t\t<\/div>\n\t\t<\/div>\n\t\t\t\t\t<\/div>\n\t\t<\/section>\n\t\t\t\t<\/div>\n\t\t","protected":false},"excerpt":{"rendered":"<p>O Grupie Gpi Gpi Tanks i sprz\u0119t procesowy Skontaktuj si\u0119 z nami Zbiorniki procesowe i magazynowe ze stali nierdzewnej do 10 000 m3 oraz urz\u0105dzenia procesowe Gpi Tanks jest cz\u0119\u015bci\u0105 Grupy Gpi. Gpi Group (lub Gpi Tanks &amp; Process Equipment) to wiod\u0105ca firma zajmuj\u0105ca si\u0119 budow\u0105 zbiornik\u00f3w, specjalizuj\u0105ca si\u0119 w in\u017cynierii, produkcji i monta\u017cu zbiornik\u00f3w<\/p>\n","protected":false},"author":9,"featured_media":0,"parent":0,"menu_order":0,"comment_status":"closed","ping_status":"closed","template":"elementor_header_footer","meta":{"_acf_changed":false,"footnotes":""},"class_list":["post-12705","page","type-page","status-publish","hentry"],"acf":[],"_links":{"self":[{"href":"https:\/\/gpi-tanks.com\/pl\/wp-json\/wp\/v2\/pages\/12705","targetHints":{"allow":["GET"]}}],"collection":[{"href":"https:\/\/gpi-tanks.com\/pl\/wp-json\/wp\/v2\/pages"}],"about":[{"href":"https:\/\/gpi-tanks.com\/pl\/wp-json\/wp\/v2\/types\/page"}],"author":[{"embeddable":true,"href":"https:\/\/gpi-tanks.com\/pl\/wp-json\/wp\/v2\/users\/9"}],"replies":[{"embeddable":true,"href":"https:\/\/gpi-tanks.com\/pl\/wp-json\/wp\/v2\/comments?post=12705"}],"version-history":[{"count":10,"href":"https:\/\/gpi-tanks.com\/pl\/wp-json\/wp\/v2\/pages\/12705\/revisions"}],"predecessor-version":[{"id":85860,"href":"https:\/\/gpi-tanks.com\/pl\/wp-json\/wp\/v2\/pages\/12705\/revisions\/85860"}],"wp:attachment":[{"href":"https:\/\/gpi-tanks.com\/pl\/wp-json\/wp\/v2\/media?parent=12705"}],"curies":[{"name":"wp","href":"https:\/\/api.w.org\/{rel}","templated":true}]}}