{"id":34540,"date":"2021-12-10T12:52:49","date_gmt":"2021-12-10T12:52:49","guid":{"rendered":"https:\/\/gpi-tanks.com\/about-us\/"},"modified":"2025-11-14T12:59:06","modified_gmt":"2025-11-14T12:59:06","slug":"o-nas","status":"publish","type":"page","link":"https:\/\/gpi-tanks.com\/pl\/o-nas\/","title":{"rendered":"O nas"},"content":{"rendered":"\t\t<div data-elementor-type=\"wp-page\" data-elementor-id=\"34540\" class=\"elementor elementor-34540 elementor-12251\" data-elementor-post-type=\"page\">\n\t\t\t\t\t\t<section class=\"elementor-section elementor-top-section elementor-element elementor-element-24ef8fa elementor-section-full_width elementor-section-height-default elementor-section-height-default\" data-id=\"24ef8fa\" data-element_type=\"section\">\n\t\t\t\t\t\t<div class=\"elementor-container elementor-column-gap-default\">\n\t\t\t\t\t<div class=\"elementor-column elementor-col-100 elementor-top-column elementor-element elementor-element-33d73062\" data-id=\"33d73062\" data-element_type=\"column\">\n\t\t\t<div class=\"elementor-widget-wrap elementor-element-populated\">\n\t\t\t\t\t\t<div class=\"elementor-element elementor-element-4a965f6c brandbox-button elementor-widget elementor-widget-brandbox\" data-id=\"4a965f6c\" data-element_type=\"widget\" data-widget_type=\"brandbox.default\">\n\t\t\t\t<div class=\"elementor-widget-container\">\n\t\t\t\t\t<div class=\"brandbox\" style=\"background-color: #F7F7F7\">\n\t<div class=\"brandbox-content\">\n\t\t<div class=\"brandbox-content-wrapper\">\n\t\t\t\t\t\t\t<h1><b>Gpi Tanks<\/b><\/h1>\n\t\t\t\n\t\t\t\t\t\t\t<h3>Tw\u00f3j partner w zakresie konstrukcji i budowy zbiornik\u00f3w<\/h3>\n\t\t\t\n\t\t\t\t\t\t\t\t\t\t\t\t<a href=\"https:\/\/gpi-tanks.com\/pl\/contact\/\" class=\"arrow-button\">\n\t\t\t\t\t\t<span style=\"\">Skontaktuj si\u0119 z nami<\/span>\n\t\t\t\t\t\t<div class=\"cirlce-box\">\n\t\t\t\t\t\t\t<i class=\"fal fa-arrow-right\" style=\"\"><\/i>\n\t\t\t\t\t\t\t<svg width=\"52\" height=\"52\" class=\"outer-circle\">\n\t\t\t\t\t\t\t\t<circle cx=\"26\" cy=\"26\" r=\"24\" stroke=\"#efefef90\" stroke-width=\"1\" fill-opacity=\"0\"><\/circle>\n\t\t\t\t\t\t\t\t<circle class=\"circle\" cx=\"26\" cy=\"26\" r=\"24\" stroke=\"#00a799\" fill-opacity=\"0\" stroke-width=\"3\"><\/circle>\n\t\t\t\t\t\t\t<\/svg>\n\t\t\t\t\t\t<\/div>\n\t\t\t\t\t<\/a>\n\t\t\t\t\t\t\t\t\t<\/div>\n\t<\/div>\n\n\t<div class=\"brandbox-image\" style=\"background-image: url( https:\/\/gpi-tanks.com\/wp-content\/uploads\/2022\/07\/Werken-bij-Gpi-productie.jpg );\"><\/div>\n<\/div>\n\t\t\t\t<\/div>\n\t\t\t\t<\/div>\n\t\t\t\t\t<\/div>\n\t\t<\/div>\n\t\t\t\t\t<\/div>\n\t\t<\/section>\n\t\t\t\t<section class=\"elementor-section elementor-top-section elementor-element elementor-element-55d2e98a elementor-section-boxed elementor-section-height-default elementor-section-height-default\" data-id=\"55d2e98a\" data-element_type=\"section\">\n\t\t\t\t\t\t<div class=\"elementor-container elementor-column-gap-default\">\n\t\t\t\t\t<div class=\"elementor-column elementor-col-100 elementor-top-column elementor-element elementor-element-d4920bc\" data-id=\"d4920bc\" data-element_type=\"column\">\n\t\t\t<div class=\"elementor-widget-wrap elementor-element-populated\">\n\t\t\t\t\t\t<div class=\"elementor-element elementor-element-3be1d06d elementor-widget elementor-widget-heading\" data-id=\"3be1d06d\" data-element_type=\"widget\" data-widget_type=\"heading.default\">\n\t\t\t\t\t<h2 class=\"elementor-heading-title elementor-size-default\">Co robimy<\/h2>\t\t\t\t<\/div>\n\t\t\t\t<div class=\"elementor-element elementor-element-6f857cd2 condensed text-xl elementor-widget elementor-widget-text-editor\" data-id=\"6f857cd2\" data-element_type=\"widget\" data-widget_type=\"text-editor.default\">\n\t\t\t\t\t\t\t\t\t<p>Jeste\u015bmy profesjonalnym producentem zbiornik\u00f3w z ponad 25-letnim do\u015bwiadczeniem. Nasz\u0105 misj\u0105 jest wnoszenie warto\u015bci dodanej do Twoich proces\u00f3w jako partnera w zakresie zbiornik\u00f3w. Cenimy prac\u0119 z klientami i wykorzystujemy nasze do\u015bwiadczenie i wiedz\u0119, aby pom\u00f3c jak najlepiej wykorzysta\u0107 zbiorniki w Waszych fabrykach. Ch\u0119tnie wsp\u00f3lnie zastanowimy si\u0119, jak mo\u017cemy przyczyni\u0107 si\u0119 do usprawnienia proces\u00f3w produkcyjnych. Nasi eksperci oferuj\u0105 zaanga\u017cowanie, innowacyjno\u015b\u0107 i wiedz\u0119 na ka\u017cdym etapie projektu.<\/p>\t\t\t\t\t\t\t\t<\/div>\n\t\t\t\t<div class=\"elementor-element elementor-element-7f8d461f elementor-widget elementor-widget-text-editor\" data-id=\"7f8d461f\" data-element_type=\"widget\" data-widget_type=\"text-editor.default\">\n\t\t\t\t\t\t\t\t\t<p>Specjalizujemy si\u0119 w in\u017cynierii, produkcji i instalacji zbiornik\u00f3w procesowych i magazynowych ze stali nierdzewnej o pojemno\u015bci do oko\u0142o 10,000 m3. Projektujemy zbiorniki na zam\u00f3wienie i produkujemy je w jednej z naszych fabryk. Za po\u015brednictwem transportu drogowego dostarczamy zam\u00f3wienie do dowolnej lokalizacji.<\/p>\t\t\t\t\t\t\t\t<\/div>\n\t\t\t\t<div class=\"elementor-element elementor-element-1027a2d6 elementor-widget elementor-widget-heading\" data-id=\"1027a2d6\" data-element_type=\"widget\" data-widget_type=\"heading.default\">\n\t\t\t\t\t<h2 class=\"elementor-heading-title elementor-size-default\">Co oferujemy<\/h2>\t\t\t\t<\/div>\n\t\t\t\t<div class=\"elementor-element elementor-element-289cf1d0 elementor-widget elementor-widget-checklist\" data-id=\"289cf1d0\" data-element_type=\"widget\" data-widget_type=\"checklist.default\">\n\t\t\t\t<div class=\"elementor-widget-container\">\n\t\t\t\t\t<!-- <span class=\"material-symbols-outlined\">\ntask_alt\n<\/span> -->\n\n\t<div class=\"checklist-wrapper\">\n\t\t\t\t\t<span class=\"checklist-item\">W pe\u0142ni dostosowane do Ciebie zbiorniki ze stali nierdzewnej<\/span>\n\t\t\t\t\t<span class=\"checklist-item\">D\u0142ugoletnia wytrzyma\u0142o\u015b\u0107 dzi\u0119ki wysokiej jako\u015bci stali nierdzewnej<\/span>\n\t\t\t\t\t<span class=\"checklist-item\">Ekonomiczne i innowacyjne rozwi\u0105zania<\/span>\n\t\t\t\t\t<span class=\"checklist-item\">Koncentracja na doskonaleniu Twoich proces\u00f3w<\/span>\n\t\t\t\t\t<span class=\"checklist-item\">Produkty zgodne ze wszystkimi ustalonymi standardami i wymaganiami<\/span>\n\t\t\t\t\t<span class=\"checklist-item\">Szybka dostawa dzi\u0119ki efektywnej i wydajnej pracy<\/span>\n\t\t\t\t\t<span class=\"checklist-item\">Bez obaw, zajmiemy si\u0119 Twoim projektem od A do Z<\/span>\n\t\t\t<\/div>\n\t\t\t\t<\/div>\n\t\t\t\t<\/div>\n\t\t\t\t<div class=\"elementor-element elementor-element-7d5798e5 elementor-widget elementor-widget-text-editor\" data-id=\"7d5798e5\" data-element_type=\"widget\" data-widget_type=\"text-editor.default\">\n\t\t\t\t\t\t\t\t\t<h3>Gdzie nas znale\u017a\u0107<\/h3><p>Nasza siedziba g\u0142\u00f3wna wraz z nale\u017c\u0105cymi do niej halami produkcyjnymi znajduje si\u0119 w centrum Lopik w Holandii. W Groot-Ammers znajduje si\u0119 nasza fabryka, w kt\u00f3rej (wielogabarytowe) zbiorniki mog\u0105 by\u0107 transportowane drog\u0105 \u015br\u00f3dl\u0105dow\u0105.<\/p><p><strong>Mi\u0119dzynarodowe oddzia\u0142y: Gpi Poland, Gpi Tanks GmbH, Gpi Tanks India<\/strong><\/p><p>Gpi Tanks posiada r\u00f3wnie\u017c biura w Niemczech i Indiach. Gpi Poland jest samodzieln\u0105 firm\u0105, kt\u00f3ra zapewnia projektowanie i budow\u0119 zbiornik\u00f3w w Skarbimierzu i Brzegu.<\/p>\t\t\t\t\t\t\t\t<\/div>\n\t\t\t\t\t<\/div>\n\t\t<\/div>\n\t\t\t\t\t<\/div>\n\t\t<\/section>\n\t\t\t\t<section class=\"elementor-section elementor-top-section elementor-element elementor-element-ec9816c elementor-section-boxed elementor-section-height-default elementor-section-height-default\" data-id=\"ec9816c\" data-element_type=\"section\" data-settings=\"{&quot;background_background&quot;:&quot;classic&quot;}\">\n\t\t\t\t\t\t<div class=\"elementor-container elementor-column-gap-default\">\n\t\t\t\t\t<div class=\"elementor-column elementor-col-100 elementor-top-column elementor-element elementor-element-11ce11b\" data-id=\"11ce11b\" data-element_type=\"column\">\n\t\t\t<div class=\"elementor-widget-wrap elementor-element-populated\">\n\t\t\t\t\t\t<section class=\"elementor-section elementor-inner-section elementor-element elementor-element-0499bbf elementor-section-boxed elementor-section-height-default elementor-section-height-default\" data-id=\"0499bbf\" data-element_type=\"section\">\n\t\t\t\t\t\t<div class=\"elementor-container elementor-column-gap-default\">\n\t\t\t\t\t<div class=\"elementor-column elementor-col-33 elementor-inner-column elementor-element elementor-element-1f12f21\" data-id=\"1f12f21\" data-element_type=\"column\">\n\t\t\t<div class=\"elementor-widget-wrap elementor-element-populated\">\n\t\t\t\t\t\t<div class=\"elementor-element elementor-element-eedc83e elementor-widget elementor-widget-heading\" data-id=\"eedc83e\" data-element_type=\"widget\" data-widget_type=\"heading.default\">\n\t\t\t\t\t<h1 class=\"elementor-heading-title elementor-size-default\">\nCo reprezentujemy<\/h1>\t\t\t\t<\/div>\n\t\t\t\t\t<\/div>\n\t\t<\/div>\n\t\t\t\t<div class=\"elementor-column elementor-col-33 elementor-inner-column elementor-element elementor-element-911dc4c\" data-id=\"911dc4c\" data-element_type=\"column\">\n\t\t\t<div class=\"elementor-widget-wrap elementor-element-populated\">\n\t\t\t\t\t\t<div class=\"elementor-element elementor-element-ac3671a elementor-invisible elementor-widget elementor-widget-image-box\" data-id=\"ac3671a\" data-element_type=\"widget\" data-settings=\"{&quot;motion_fx_motion_fx_scrolling&quot;:&quot;yes&quot;,&quot;_animation&quot;:&quot;zoomIn&quot;,&quot;motion_fx_devices&quot;:[&quot;desktop&quot;,&quot;tablet&quot;,&quot;mobile&quot;]}\" data-widget_type=\"image-box.default\">\n\t\t\t\t\t<div class=\"elementor-image-box-wrapper\"><div class=\"elementor-image-box-content\"><h3 class=\"elementor-image-box-title\">Wiedza ekspercka<\/h3><p class=\"elementor-image-box-description\">Nasi ludzie znaj\u0105 si\u0119 na swojej pracy. Na ka\u017cdym etapie projektu masz pewno\u015b\u0107 fachowej wiedzy. Wsp\u00f3\u0142pracujemy z ekspertami w ka\u017cdej bran\u017cy, dlatego te\u017c jeste\u015bmy godnym zaufania partnerem biznesowym.<\/p><\/div><\/div>\t\t\t\t<\/div>\n\t\t\t\t<div class=\"elementor-element elementor-element-8cb4976 elementor-invisible elementor-widget elementor-widget-image-box\" data-id=\"8cb4976\" data-element_type=\"widget\" data-settings=\"{&quot;motion_fx_motion_fx_scrolling&quot;:&quot;yes&quot;,&quot;_animation&quot;:&quot;zoomIn&quot;,&quot;motion_fx_devices&quot;:[&quot;desktop&quot;,&quot;tablet&quot;,&quot;mobile&quot;]}\" data-widget_type=\"image-box.default\">\n\t\t\t\t\t<div class=\"elementor-image-box-wrapper\"><div class=\"elementor-image-box-content\"><h3 class=\"elementor-image-box-title\">Prowadzenie<\/h3><p class=\"elementor-image-box-description\">Po prostu dzia\u0142amy. Przy odpowiednim zaanga\u017cowaniu i nastawieniu zawsze osiagamy to, z czego mo\u017cemy by\u0107 dumni.\n<\/p><\/div><\/div>\t\t\t\t<\/div>\n\t\t\t\t\t<\/div>\n\t\t<\/div>\n\t\t\t\t<div class=\"elementor-column elementor-col-33 elementor-inner-column elementor-element elementor-element-2ce8f81\" data-id=\"2ce8f81\" data-element_type=\"column\">\n\t\t\t<div class=\"elementor-widget-wrap elementor-element-populated\">\n\t\t\t\t\t\t<div class=\"elementor-element elementor-element-55b6c5e elementor-invisible elementor-widget elementor-widget-image-box\" data-id=\"55b6c5e\" data-element_type=\"widget\" data-settings=\"{&quot;motion_fx_motion_fx_scrolling&quot;:&quot;yes&quot;,&quot;_animation&quot;:&quot;zoomIn&quot;,&quot;motion_fx_devices&quot;:[&quot;desktop&quot;,&quot;tablet&quot;,&quot;mobile&quot;]}\" data-widget_type=\"image-box.default\">\n\t\t\t\t\t<div class=\"elementor-image-box-wrapper\"><div class=\"elementor-image-box-content\"><h3 class=\"elementor-image-box-title\">Innowacja<\/h3><p class=\"elementor-image-box-description\">\nNieustannie pracujemy nad inteligentnymi (IT) narz\u0119dziami i ulepszamy procesy dla naszych klient\u00f3w.<\/p><\/div><\/div>\t\t\t\t<\/div>\n\t\t\t\t<div class=\"elementor-element elementor-element-ab6ebfa elementor-invisible elementor-widget elementor-widget-image-box\" data-id=\"ab6ebfa\" data-element_type=\"widget\" data-settings=\"{&quot;motion_fx_motion_fx_scrolling&quot;:&quot;yes&quot;,&quot;_animation&quot;:&quot;zoomIn&quot;,&quot;motion_fx_devices&quot;:[&quot;desktop&quot;,&quot;tablet&quot;,&quot;mobile&quot;]}\" data-widget_type=\"image-box.default\">\n\t\t\t\t\t<div class=\"elementor-image-box-wrapper\"><div class=\"elementor-image-box-content\"><h3 class=\"elementor-image-box-title\">Zaanga\u017cowanie<\/h3><p class=\"elementor-image-box-description\">Niezale\u017cnie od tego, czy realizujemy projekty, czy szukamy rozwi\u0105za\u0144 \u2013 pracujemy razem. Jeste\u015bmy odpowiedzialnym partnerem biznesowym, a nasi klienci wiedz\u0105, czego od nas wymaga\u0107.<\/p><\/div><\/div>\t\t\t\t<\/div>\n\t\t\t\t\t<\/div>\n\t\t<\/div>\n\t\t\t\t\t<\/div>\n\t\t<\/section>\n\t\t\t\t\t<\/div>\n\t\t<\/div>\n\t\t\t\t\t<\/div>\n\t\t<\/section>\n\t\t\t\t<section class=\"elementor-section elementor-top-section elementor-element elementor-element-9e3cd32 elementor-section-boxed elementor-section-height-default elementor-section-height-default\" data-id=\"9e3cd32\" data-element_type=\"section\" data-settings=\"{&quot;background_background&quot;:&quot;classic&quot;}\">\n\t\t\t\t\t\t<div class=\"elementor-container elementor-column-gap-default\">\n\t\t\t\t\t<div class=\"elementor-column elementor-col-100 elementor-top-column elementor-element elementor-element-17d15b3\" data-id=\"17d15b3\" data-element_type=\"column\">\n\t\t\t<div class=\"elementor-widget-wrap elementor-element-populated\">\n\t\t\t\t\t\t<div class=\"elementor-element elementor-element-6bfed03b elementor-widget elementor-widget-heading\" data-id=\"6bfed03b\" data-element_type=\"widget\" data-widget_type=\"heading.default\">\n\t\t\t\t\t<h1 class=\"elementor-heading-title elementor-size-default\"><b>Wi\u0119cej o nas<\/b><\/h1>\t\t\t\t<\/div>\n\t\t\t\t<section class=\"elementor-section elementor-inner-section elementor-element elementor-element-4e468faa elementor-section-boxed elementor-section-height-default elementor-section-height-default\" data-id=\"4e468faa\" data-element_type=\"section\">\n\t\t\t\t\t\t<div class=\"elementor-container elementor-column-gap-default\">\n\t\t\t\t\t<div class=\"elementor-column elementor-col-50 elementor-inner-column elementor-element elementor-element-a5f3a24\" data-id=\"a5f3a24\" data-element_type=\"column\">\n\t\t\t<div class=\"elementor-widget-wrap elementor-element-populated\">\n\t\t\t\t\t\t<div class=\"elementor-element elementor-element-431fd8d0 elementor-widget elementor-widget-ttp-image-box\" data-id=\"431fd8d0\" data-element_type=\"widget\" data-widget_type=\"ttp-image-box.default\">\n\t\t\t\t<div class=\"elementor-widget-container\">\n\t\t\t\t\t\n<div class=\"ttp-image-box\">\n\t<div class=\"ttp-image-box-image\" style=\"background-image: url('https:\/\/gpi-tanks.com\/wp-content\/uploads\/2022\/08\/lopik.jpg')\"><\/div>\n\n\t<div class=\"ttp-image-box-content\">\n\t\t<h2>Gpi Tanks & Process Equipment<\/h2>\n\t\t<p>Szukasz urz\u0105dze\u0144 procesowych, du\u017cych zbiornik\u00f3w ze stali nierdzewnej lub zaawansowanych zbiornik\u00f3w farmaceutycznych? Gpi Tanks jest cz\u0119\u015bci\u0105 Grupy Gpi. Przeczytaj wi\u0119cej o naszych oddzia\u0142ach i mo\u017cliwo\u015bciach.<\/p>\n\n\t\t<a href=\"https:\/\/gpi-tanks.com\/pl\/about-gpi-group\/\" class=\"arrow-button\">\n\t\t\t<span style=\"\">Czytaj wi\u0119cej<\/span>\n\t\t\t<div class=\"cirlce-box\">\n\t\t\t\t<i class=\"fal fa-arrow-right\" style=\"\"><\/i>\n\t\t\t\t<svg width=\"52\" height=\"52\" class=\"outer-circle\">\n\t\t\t\t\t<circle cx=\"26\" cy=\"26\" r=\"24\" stroke=\"#efefef90\" stroke-width=\"1\" fill-opacity=\"0\"><\/circle>\n\t\t\t\t\t<circle class=\"circle\" cx=\"26\" cy=\"26\" r=\"24\" stroke=\"#00a799\" fill-opacity=\"0\" stroke-width=\"3\"><\/circle>\n\t\t\t\t<\/svg>\n\t\t\t<\/div>\n\t\t<\/a>\n    <\/div>\n<\/div>\n\t\t\t\t<\/div>\n\t\t\t\t<\/div>\n\t\t\t\t\t<\/div>\n\t\t<\/div>\n\t\t\t\t<div class=\"elementor-column elementor-col-50 elementor-inner-column elementor-element elementor-element-589782b1\" data-id=\"589782b1\" data-element_type=\"column\">\n\t\t\t<div class=\"elementor-widget-wrap elementor-element-populated\">\n\t\t\t\t\t\t<div class=\"elementor-element elementor-element-2578409e elementor-widget elementor-widget-ttp-image-box\" data-id=\"2578409e\" data-element_type=\"widget\" data-widget_type=\"ttp-image-box.default\">\n\t\t\t\t<div class=\"elementor-widget-container\">\n\t\t\t\t\t\n<div class=\"ttp-image-box\">\n\t<div class=\"ttp-image-box-image\" style=\"background-image: url('https:\/\/gpi-tanks.com\/wp-content\/uploads\/2022\/07\/werken-bij-Gpi-productie-21.jpg')\"><\/div>\n\n\t<div class=\"ttp-image-box-content\">\n\t\t<h2>Jako\u015b\u0107<\/h2>\n\t\t<p>Jako\u015b\u0107 to nasza mentalno\u015b\u0107, dlatego produkty i procesy Gpi s\u0105 zgodne z r\u00f3\u017cnymi normami, potwierdzone certyfikatami. Projektujemy zbiorniki zgodnie z przepisami budowlanymi.<\/p>\n\n\t\t<a href=\"https:\/\/gpi-tanks.com\/pl\/quality\/\" class=\"arrow-button\">\n\t\t\t<span style=\"\">Czytaj wi\u0119cej<\/span>\n\t\t\t<div class=\"cirlce-box\">\n\t\t\t\t<i class=\"fal fa-arrow-right\" style=\"\"><\/i>\n\t\t\t\t<svg width=\"52\" height=\"52\" class=\"outer-circle\">\n\t\t\t\t\t<circle cx=\"26\" cy=\"26\" r=\"24\" stroke=\"#efefef90\" stroke-width=\"1\" fill-opacity=\"0\"><\/circle>\n\t\t\t\t\t<circle class=\"circle\" cx=\"26\" cy=\"26\" r=\"24\" stroke=\"#00a799\" fill-opacity=\"0\" stroke-width=\"3\"><\/circle>\n\t\t\t\t<\/svg>\n\t\t\t<\/div>\n\t\t<\/a>\n    <\/div>\n<\/div>\n\t\t\t\t<\/div>\n\t\t\t\t<\/div>\n\t\t\t\t\t<\/div>\n\t\t<\/div>\n\t\t\t\t\t<\/div>\n\t\t<\/section>\n\t\t\t\t<div class=\"elementor-element elementor-element-3cbb0234 standard-width-button elementor-widget elementor-widget-subpage-cards\" data-id=\"3cbb0234\" data-element_type=\"widget\" data-widget_type=\"subpage-cards.default\">\n\t\t\t\t<div class=\"elementor-widget-container\">\n\t\t\t\t\t\n<div class=\"row\">\n    <\/div>\t\t\t\t<\/div>\n\t\t\t\t<\/div>\n\t\t\t\t\t<\/div>\n\t\t<\/div>\n\t\t\t\t\t<\/div>\n\t\t<\/section>\n\t\t\t\t<section class=\"elementor-section elementor-top-section elementor-element elementor-element-50fd8cf1 elementor-section-boxed elementor-section-height-default elementor-section-height-default\" data-id=\"50fd8cf1\" data-element_type=\"section\">\n\t\t\t\t\t\t<div class=\"elementor-container elementor-column-gap-default\">\n\t\t\t\t\t<div class=\"elementor-column elementor-col-100 elementor-top-column elementor-element elementor-element-67030717\" data-id=\"67030717\" data-element_type=\"column\">\n\t\t\t<div class=\"elementor-widget-wrap elementor-element-populated\">\n\t\t\t\t\t\t<div class=\"elementor-element elementor-element-294e2558 elementor-widget elementor-widget-spacer\" data-id=\"294e2558\" data-element_type=\"widget\" data-widget_type=\"spacer.default\">\n\t\t\t\t\t\t\t<div class=\"elementor-spacer\">\n\t\t\t<div class=\"elementor-spacer-inner\"><\/div>\n\t\t<\/div>\n\t\t\t\t\t\t<\/div>\n\t\t\t\t<div class=\"elementor-element elementor-element-3df2ef0f elementor-widget elementor-widget-overlapping-card\" data-id=\"3df2ef0f\" data-element_type=\"widget\" data-widget_type=\"overlapping-card.default\">\n\t\t\t\t<div class=\"elementor-widget-container\">\n\t\t\t\t\t\n<div class=\"overlapping-card reverse\">\n    <div class=\"overlapping-card--image\" style=\"background-image: url('https:\/\/gpi-tanks.com\/wp-content\/uploads\/2022\/07\/werken-bij-Gpi-kantoor-12-e1659013115160.jpg')\"><\/div>\n    <div class=\"overlapping-card--content\">\n        <h2><b>Ch\u0119tnie Ci pomo\u017cemy!<\/b><\/h2>\n        <p>Chcesz wiedzie\u0107 wi\u0119cej? Wy\u015blij do nas wiadomo\u015b\u0107 lub zadzwo\u0144, a my odpowiemy Ci tak szybko, jak to mo\u017cliwe!<\/p>\n        \n        <a class=\"gpi-button\" href=\"https:\/\/gpi-tanks.com\/pl\/contact\/\" style=\"\">\n            <span class=\"arrow-link-text\">Skontaktuj si\u0119 z nami<\/span>\n            <div class=\"arrow-btn\">\n                <i class=\"fal fa-arrow-right\"><\/i>\n            <\/div>\n        <\/a>\n    <\/div>\n<\/div>\n\t\t\t\t<\/div>\n\t\t\t\t<\/div>\n\t\t\t\t<div class=\"elementor-element elementor-element-3b0621bf elementor-widget elementor-widget-spacer\" data-id=\"3b0621bf\" data-element_type=\"widget\" data-widget_type=\"spacer.default\">\n\t\t\t\t\t\t\t<div class=\"elementor-spacer\">\n\t\t\t<div class=\"elementor-spacer-inner\"><\/div>\n\t\t<\/div>\n\t\t\t\t\t\t<\/div>\n\t\t\t\t\t<\/div>\n\t\t<\/div>\n\t\t\t\t\t<\/div>\n\t\t<\/section>\n\t\t\t\t<\/div>\n\t\t","protected":false},"excerpt":{"rendered":"<p>Gpi Tanks Tw\u00f3j partner w zakresie konstrukcji i budowy zbiornik\u00f3w Skontaktuj si\u0119 z nami Co robimy Jeste\u015bmy profesjonalnym producentem zbiornik\u00f3w z ponad 25-letnim do\u015bwiadczeniem. Nasz\u0105 misj\u0105 jest wnoszenie warto\u015bci dodanej do Twoich proces\u00f3w jako partnera w zakresie zbiornik\u00f3w. Cenimy prac\u0119 z klientami i wykorzystujemy nasze do\u015bwiadczenie i wiedz\u0119, aby pom\u00f3c jak najlepiej wykorzysta\u0107 zbiorniki w<\/p>\n","protected":false},"author":2,"featured_media":12192,"parent":0,"menu_order":0,"comment_status":"closed","ping_status":"closed","template":"elementor_header_footer","meta":{"_acf_changed":false,"footnotes":""},"class_list":["post-34540","page","type-page","status-publish","has-post-thumbnail","hentry"],"acf":[],"_links":{"self":[{"href":"https:\/\/gpi-tanks.com\/pl\/wp-json\/wp\/v2\/pages\/34540","targetHints":{"allow":["GET"]}}],"collection":[{"href":"https:\/\/gpi-tanks.com\/pl\/wp-json\/wp\/v2\/pages"}],"about":[{"href":"https:\/\/gpi-tanks.com\/pl\/wp-json\/wp\/v2\/types\/page"}],"author":[{"embeddable":true,"href":"https:\/\/gpi-tanks.com\/pl\/wp-json\/wp\/v2\/users\/2"}],"replies":[{"embeddable":true,"href":"https:\/\/gpi-tanks.com\/pl\/wp-json\/wp\/v2\/comments?post=34540"}],"version-history":[{"count":5,"href":"https:\/\/gpi-tanks.com\/pl\/wp-json\/wp\/v2\/pages\/34540\/revisions"}],"predecessor-version":[{"id":88894,"href":"https:\/\/gpi-tanks.com\/pl\/wp-json\/wp\/v2\/pages\/34540\/revisions\/88894"}],"wp:featuredmedia":[{"embeddable":true,"href":"https:\/\/gpi-tanks.com\/pl\/wp-json\/wp\/v2\/media\/12192"}],"wp:attachment":[{"href":"https:\/\/gpi-tanks.com\/pl\/wp-json\/wp\/v2\/media?parent=34540"}],"curies":[{"name":"wp","href":"https:\/\/api.w.org\/{rel}","templated":true}]}}