{"id":34550,"date":"2022-08-01T10:00:45","date_gmt":"2022-08-01T10:00:45","guid":{"rendered":"https:\/\/gpi-tanks.com\/quality\/"},"modified":"2025-11-05T10:40:22","modified_gmt":"2025-11-05T10:40:22","slug":"quality","status":"publish","type":"page","link":"https:\/\/gpi-tanks.com\/pl\/quality\/","title":{"rendered":"Quality"},"content":{"rendered":"\t\t<div data-elementor-type=\"wp-page\" data-elementor-id=\"34550\" class=\"elementor elementor-34550 elementor-12858\" data-elementor-post-type=\"page\">\n\t\t\t\t\t\t<section class=\"elementor-section elementor-top-section elementor-element elementor-element-724a730c elementor-section-full_width elementor-section-height-default elementor-section-height-default\" data-id=\"724a730c\" data-element_type=\"section\">\n\t\t\t\t\t\t<div class=\"elementor-container elementor-column-gap-default\">\n\t\t\t\t\t<div class=\"elementor-column elementor-col-100 elementor-top-column elementor-element elementor-element-1a399f20\" data-id=\"1a399f20\" data-element_type=\"column\">\n\t\t\t<div class=\"elementor-widget-wrap elementor-element-populated\">\n\t\t\t\t\t\t<div class=\"elementor-element elementor-element-4646897e brandbox-button elementor-widget elementor-widget-brandbox\" data-id=\"4646897e\" data-element_type=\"widget\" data-widget_type=\"brandbox.default\">\n\t\t\t\t<div class=\"elementor-widget-container\">\n\t\t\t\t\t<div class=\"brandbox\" style=\"background-color: #F7F7F7\">\n\t<div class=\"brandbox-content\">\n\t\t<div class=\"brandbox-content-wrapper\">\n\t\t\t\t\t\t\t<h1><b>Jako\u015b\u0107<\/b><\/h1>\n\t\t\t\n\t\t\t\t\t\t\t<h3>Nasza mentalno\u015b\u0107.<\/h3>\n\t\t\t\n\t\t\t\t\t\t\t\t\t\t\t\t<a href=\"https:\/\/gpi-tanks.com\/pl\/kontakt\/\" class=\"arrow-button\">\n\t\t\t\t\t\t<span style=\"\">Skontaktuj si\u0119 z nami<\/span>\n\t\t\t\t\t\t<div class=\"cirlce-box\">\n\t\t\t\t\t\t\t<i class=\"fal fa-arrow-right\" style=\"\"><\/i>\n\t\t\t\t\t\t\t<svg width=\"52\" height=\"52\" class=\"outer-circle\">\n\t\t\t\t\t\t\t\t<circle cx=\"26\" cy=\"26\" r=\"24\" stroke=\"#efefef90\" stroke-width=\"1\" fill-opacity=\"0\"><\/circle>\n\t\t\t\t\t\t\t\t<circle class=\"circle\" cx=\"26\" cy=\"26\" r=\"24\" stroke=\"#00a799\" fill-opacity=\"0\" stroke-width=\"3\"><\/circle>\n\t\t\t\t\t\t\t<\/svg>\n\t\t\t\t\t\t<\/div>\n\t\t\t\t\t<\/a>\n\t\t\t\t\t\t\t\t\t<\/div>\n\t<\/div>\n\n\t<div class=\"brandbox-image\" style=\"background-image: url( https:\/\/gpi-tanks.com\/wp-content\/uploads\/2022\/08\/werken-bij-Gpi-productie-21.jpg );\"><\/div>\n<\/div>\n\t\t\t\t<\/div>\n\t\t\t\t<\/div>\n\t\t\t\t\t<\/div>\n\t\t<\/div>\n\t\t\t\t\t<\/div>\n\t\t<\/section>\n\t\t\t\t<section class=\"elementor-section elementor-top-section elementor-element elementor-element-2c339141 elementor-section-boxed elementor-section-height-default elementor-section-height-default\" data-id=\"2c339141\" data-element_type=\"section\">\n\t\t\t\t\t\t<div class=\"elementor-container elementor-column-gap-default\">\n\t\t\t\t\t<div class=\"elementor-column elementor-col-100 elementor-top-column elementor-element elementor-element-52f1057a\" data-id=\"52f1057a\" data-element_type=\"column\">\n\t\t\t<div class=\"elementor-widget-wrap elementor-element-populated\">\n\t\t\t\t\t\t<div class=\"elementor-element elementor-element-5a8f0995 elementor-widget elementor-widget-text-editor\" data-id=\"5a8f0995\" data-element_type=\"widget\" data-widget_type=\"text-editor.default\">\n\t\t\t\t\t\t\t\t\t<p>Zapewnianie jako\u015bci jest zawsze naszym priorytetem, dlatego nasze produkty i procesy spe\u0142niaj\u0105 normy i posiadaj\u0105 certyfikaty. Projektujemy zgodnie ze wszystkimi znormalizowanymi przepisami budowlanymi.<\/p>\t\t\t\t\t\t\t\t<\/div>\n\t\t\t\t<div class=\"elementor-element elementor-element-47d9c9b0 elementor-widget elementor-widget-heading\" data-id=\"47d9c9b0\" data-element_type=\"widget\" data-widget_type=\"heading.default\">\n\t\t\t\t\t<h3 class=\"elementor-heading-title elementor-size-default\">Kontrola jako\u015bci<\/h3>\t\t\t\t<\/div>\n\t\t\t\t<div class=\"elementor-element elementor-element-288db2b9 elementor-widget elementor-widget-text-editor\" data-id=\"288db2b9\" data-element_type=\"widget\" data-widget_type=\"text-editor.default\">\n\t\t\t\t\t\t\t\t\t<p>Posiadamy niezale\u017cny od produkcji dzia\u0142 kontroli jako\u015bci. Przed przyst\u0105pieniem do produkcji ustalamy jakie badania i kontrole s\u0105 potrzebne zgodnie z norm\u0105 budowlan\u0105 oraz aby spe\u0142ni\u0107 Pa\u0144stwa wymagania. Nasz dzia\u0142 kontroli jako\u015bci przeprowadza kontrole i testy cz\u0105stkowe podczas produkcji. Przy odbiorze ko\u0144cowym zbiornika zapraszamy Pa\u0144stwa do udzia\u0142u w kontroli finalnej, przeprowadzanej przez naszych pracownik\u00f3w kontroli jako\u015bci. Dysponujemy pe\u0142nym wyposa\u017ceniem do wykonywania r\u00f3\u017cnych bada\u0144 jako\u015bciowych:<\/p><ul><li>Test ryboflawiny<\/li><li>Test rentgenowski<\/li><li>Badanie penetracyjne<\/li><li>Wizualna kontrola spawania<\/li><li>Pr\u00f3ba odp\u0142ywu<\/li><li>Pr\u00f3ba ci\u015bnieniowa\/Badanie szczelno\u015bci na pe\u0142nym zbiorniku<\/li><li>Pomiar chropowato\u015bci<\/li><li>Testy podci\u015bnienia<\/li><li>Pomiar grubo\u015bci<\/li><\/ul>\t\t\t\t\t\t\t\t<\/div>\n\t\t\t\t<div class=\"elementor-element elementor-element-30db0638 elementor-widget elementor-widget-heading\" data-id=\"30db0638\" data-element_type=\"widget\" data-widget_type=\"heading.default\">\n\t\t\t\t\t<h3 class=\"elementor-heading-title elementor-size-default\">Certyfikaty i normy<\/h3>\t\t\t\t<\/div>\n\t\t\t\t<div class=\"elementor-element elementor-element-6290d27b elementor-widget elementor-widget-text-editor\" data-id=\"6290d27b\" data-element_type=\"widget\" data-widget_type=\"text-editor.default\">\n\t\t\t\t\t\t\t\t\t<p>Aby zapewni\u0107 jako\u015b\u0107, nasze produkty i us\u0142ugi s\u0105 zgodne z odpowiednimi certyfikatami i normami:<\/p><ul><li>ISO 9001:2015<\/li><li>ISO 14001:2015<\/li><li>ISO 45001:2018<\/li><li>ASME U<\/li><li>PED Module H &amp; H1<\/li><li>UKCA &#8211; PER Module H &amp; H1<\/li><li>DIN EN ISO 3834-2<\/li><li>EN 1090-2 EX3<\/li><li>KIWA BRL-K756-03<\/li><li>KIWA BRL-K21051-01<\/li><\/ul><p>PED modu\u0142 H+H1 \u2013 Jeste\u015bmy audytowani i akredytowani przez Lloyd&#8217;s Register do samodzielnego projektowania i budowy zbiornik\u00f3w ci\u015bnieniowych od 0,5 bara. Dlatego dla tych zbiornik\u00f3w ci\u015bnieniowych PED mo\u017cemy wystawi\u0107 w\u0142asn\u0105 deklaracj\u0119 CE, co oznacza dla Pa\u0144stwa szybszy czas dostawy.<\/p><p>EHEDG \u2013 Nasi in\u017cynierowie s\u0105 zaznajomieni z wytycznymi EHEDG.<\/p><p>ATEX \u2013 Certyfikat mo\u017ce by\u0107 dla Ciebie wa\u017cny w przypadku instalacji przeciwwybuchowej. Ch\u0119tnie doradzimy w tej kwestii, aby zapewni\u0107 bezpieczn\u0105 i zatwierdzon\u0105 instalacj\u0119 ATEX.<\/p>\t\t\t\t\t\t\t\t<\/div>\n\t\t\t\t<div class=\"elementor-element elementor-element-8c40e70 elementor-widget elementor-widget-heading\" data-id=\"8c40e70\" data-element_type=\"widget\" data-widget_type=\"heading.default\">\n\t\t\t\t\t<h3 class=\"elementor-heading-title elementor-size-default\">Kodeksy budowlane<\/h3>\t\t\t\t<\/div>\n\t\t\t\t<div class=\"elementor-element elementor-element-49c8340e elementor-widget elementor-widget-text-editor\" data-id=\"49c8340e\" data-element_type=\"widget\" data-widget_type=\"text-editor.default\">\n\t\t\t\t\t\t\t\t\t<ul><li>EN13445<\/li><li>EN14015<\/li><li>KIWA BRL-K756-03<\/li><li>KIWA BRL-K21051-01<\/li><li>PG 29<\/li><li>PG 30<\/li><li>AD Merkbl\u00e4tter<\/li><li>RTOD<\/li><li>Norma brytyjska 2654<\/li><li>JAK JA<\/li><li>VLAREM<\/li><\/ul>\t\t\t\t\t\t\t\t<\/div>\n\t\t\t\t\t<\/div>\n\t\t<\/div>\n\t\t\t\t\t<\/div>\n\t\t<\/section>\n\t\t\t\t<section class=\"elementor-section elementor-top-section elementor-element elementor-element-27cbcbcf elementor-section-boxed elementor-section-height-default elementor-section-height-default\" data-id=\"27cbcbcf\" data-element_type=\"section\">\n\t\t\t\t\t\t<div class=\"elementor-container elementor-column-gap-default\">\n\t\t\t\t\t<div class=\"elementor-column elementor-col-100 elementor-top-column elementor-element elementor-element-1304be03\" data-id=\"1304be03\" data-element_type=\"column\">\n\t\t\t<div class=\"elementor-widget-wrap elementor-element-populated\">\n\t\t\t\t\t\t<div class=\"elementor-element elementor-element-602af6be elementor-widget elementor-widget-overlapping-card\" data-id=\"602af6be\" data-element_type=\"widget\" data-widget_type=\"overlapping-card.default\">\n\t\t\t\t<div class=\"elementor-widget-container\">\n\t\t\t\t\t\n<div class=\"overlapping-card reverse\">\n    <div class=\"overlapping-card--image\" style=\"background-image: url('https:\/\/gpi-tanks.com\/wp-content\/uploads\/2022\/08\/Werken-bij-Gpi-on-site-12-1.jpg')\"><\/div>\n    <div class=\"overlapping-card--content\">\n        <h2><b>Instalacja<\/b><\/h2>\n        <p>Opr\u00f3cz in\u017cynierii i produkcji zajmujemy si\u0119 r\u00f3wnie\u017c instalacj\u0105 Twojego zbiornika i akcesori\u00f3w. Gpi posiada certyfikat VCA** do monta\u017cu zbiornik\u00f3w, osprz\u0119tu i instalacji ze stali nierdzewnej (ci\u015bnieniowych). Nasz wykwalifikowany dzia\u0142 instalacyjny dzia\u0142a zgodnie ze \u015bcis\u0142ymi procedurami i instrukcjami, kt\u00f3re s\u0105 regularnie sprawdzane przez Lloyd's Register.<\/p>\n        \n        <a class=\"gpi-button\" href=\"https:\/\/gpi-tanks.com\/pl\/kontakt\/\" style=\"\">\n            <span class=\"arrow-link-text\">Pytania?<\/span>\n            <div class=\"arrow-btn\">\n                <i class=\"fal fa-arrow-right\"><\/i>\n            <\/div>\n        <\/a>\n    <\/div>\n<\/div>\n\t\t\t\t<\/div>\n\t\t\t\t<\/div>\n\t\t\t\t\t<\/div>\n\t\t<\/div>\n\t\t\t\t\t<\/div>\n\t\t<\/section>\n\t\t\t\t<section class=\"elementor-section elementor-top-section elementor-element elementor-element-788f3b56 elementor-section-boxed elementor-section-height-default elementor-section-height-default\" data-id=\"788f3b56\" data-element_type=\"section\">\n\t\t\t\t\t\t<div class=\"elementor-container elementor-column-gap-default\">\n\t\t\t\t\t<div class=\"elementor-column elementor-col-100 elementor-top-column elementor-element elementor-element-6296af5d\" data-id=\"6296af5d\" data-element_type=\"column\">\n\t\t\t<div class=\"elementor-widget-wrap elementor-element-populated\">\n\t\t\t\t\t\t<div class=\"elementor-element elementor-element-32f963d elementor-widget elementor-widget-heading\" data-id=\"32f963d\" data-element_type=\"widget\" data-widget_type=\"heading.default\">\n\t\t\t\t\t<h3 class=\"elementor-heading-title elementor-size-default\">Audyty<\/h3>\t\t\t\t<\/div>\n\t\t\t\t<div class=\"elementor-element elementor-element-fc4e95e elementor-widget elementor-widget-text-editor\" data-id=\"fc4e95e\" data-element_type=\"widget\" data-widget_type=\"text-editor.default\">\n\t\t\t\t\t\t\t\t\t<p>Ch\u0119tnie podejmiemy wsp\u00f3\u0142prac\u0119 w przypadku ch\u0119ci samodzielnego wykonania dodatkowych bada\u0144 i kontroli przez firm\u0119 zewn\u0119trzn\u0105. Zapraszamy do audytu w naszych oddzia\u0142ach, aby\u015b m\u00f3g\u0142 sam przekona\u0107 si\u0119 o naszej jako\u015bci. Ponadto wspieramy Ci\u0119 w prowadzeniu bie\u017c\u0105cych bada\u0144 okresowych przez ca\u0142y okres eksploatacji Twoich instalacji.<\/p>\t\t\t\t\t\t\t\t<\/div>\n\t\t\t\t<div class=\"elementor-element elementor-element-15e393e0 elementor-widget elementor-widget-heading\" data-id=\"15e393e0\" data-element_type=\"widget\" data-widget_type=\"heading.default\">\n\t\t\t\t\t<h3 class=\"elementor-heading-title elementor-size-default\">Pozwolenia i przepisy prawne<\/h3>\t\t\t\t<\/div>\n\t\t\t\t<div class=\"elementor-element elementor-element-3613a83a elementor-widget elementor-widget-text-editor\" data-id=\"3613a83a\" data-element_type=\"widget\" data-widget_type=\"text-editor.default\">\n\t\t\t\t\t\t\t\t\t<p>Wa\u017cne jest, aby\u015b wcze\u015bniej sporz\u0105dzi\u0142 dobr\u0105 inwentaryzacj\u0119 wymaga\u0144, kt\u00f3re musi spe\u0142nia\u0107 Twoja instalacja i zbiornik. Przy wydawaniu zezwole\u0144 rz\u0105d mo\u017ce powo\u0142ywa\u0107 si\u0119 na r\u00f3\u017cne normy i standardy, takie jak PGS 29, 30 i 31 oraz EN 14015 i EN 13445. Nasi eksperci znaj\u0105 te przepisy i s\u0142u\u017c\u0105 fachow\u0105 porad\u0105 w zakresie uzyskania pozwolenia. Ponadto w razie potrzeby mo\u017cemy Ci\u0119 wesprze\u0107 podczas rozm\u00f3w z agencjami rz\u0105dowymi.<\/p>\t\t\t\t\t\t\t\t<\/div>\n\t\t\t\t\t<\/div>\n\t\t<\/div>\n\t\t\t\t\t<\/div>\n\t\t<\/section>\n\t\t\t\t<section class=\"elementor-section elementor-top-section elementor-element elementor-element-3b71a490 elementor-section-boxed elementor-section-height-default elementor-section-height-default\" data-id=\"3b71a490\" data-element_type=\"section\" data-settings=\"{&quot;background_background&quot;:&quot;classic&quot;}\">\n\t\t\t\t\t\t<div class=\"elementor-container elementor-column-gap-default\">\n\t\t\t\t\t<div class=\"elementor-column elementor-col-100 elementor-top-column elementor-element elementor-element-7a78e8a1\" data-id=\"7a78e8a1\" data-element_type=\"column\">\n\t\t\t<div class=\"elementor-widget-wrap elementor-element-populated\">\n\t\t\t\t\t\t<div class=\"elementor-element elementor-element-6e3017f0 elementor-widget elementor-widget-heading\" data-id=\"6e3017f0\" data-element_type=\"widget\" data-widget_type=\"heading.default\">\n\t\t\t\t\t<h1 class=\"elementor-heading-title elementor-size-default\"><b>Wi\u0119cej o nas<\/b><\/h1>\t\t\t\t<\/div>\n\t\t\t\t<section class=\"elementor-section elementor-inner-section elementor-element elementor-element-7af21158 elementor-section-boxed elementor-section-height-default elementor-section-height-default\" data-id=\"7af21158\" data-element_type=\"section\">\n\t\t\t\t\t\t<div class=\"elementor-container elementor-column-gap-default\">\n\t\t\t\t\t<div class=\"elementor-column elementor-col-50 elementor-inner-column elementor-element elementor-element-15ea3372\" data-id=\"15ea3372\" data-element_type=\"column\">\n\t\t\t<div class=\"elementor-widget-wrap elementor-element-populated\">\n\t\t\t\t\t\t<div class=\"elementor-element elementor-element-54bdd2d7 elementor-widget elementor-widget-ttp-image-box\" data-id=\"54bdd2d7\" data-element_type=\"widget\" data-widget_type=\"ttp-image-box.default\">\n\t\t\t\t<div class=\"elementor-widget-container\">\n\t\t\t\t\t\n<div class=\"ttp-image-box\">\n\t<div class=\"ttp-image-box-image\" style=\"background-image: url('https:\/\/gpi-tanks.com\/wp-content\/uploads\/2022\/08\/Werken-bij-Gpi-productie.jpg')\"><\/div>\n\n\t<div class=\"ttp-image-box-content\">\n\t\t<h2>O zbiornikach Gpi<\/h2>\n\t\t<p>Twoja partner w zakresie konstrukcji i budowy zbiornik\u00f3w. Gpi Tanks jest profesjonalnym producentem zbiornik\u00f3w z ponad 25-letnim do\u015bwiadczeniem, a nasz\u0105 misj\u0105 jest dodawanie warto\u015bci do Twoich proces\u00f3w.<\/p>\n\n\t\t<a href=\"https:\/\/gpi-tanks.com\/pl\/o-nas\/ target=\"_blank\" rel=\"nofollow\"\" class=\"arrow-button\">\n\t\t\t<span style=\"\">Czytaj wi\u0119cej<\/span>\n\t\t\t<div class=\"cirlce-box\">\n\t\t\t\t<i class=\"fal fa-arrow-right\" style=\"\"><\/i>\n\t\t\t\t<svg width=\"52\" height=\"52\" class=\"outer-circle\">\n\t\t\t\t\t<circle cx=\"26\" cy=\"26\" r=\"24\" stroke=\"#efefef90\" stroke-width=\"1\" fill-opacity=\"0\"><\/circle>\n\t\t\t\t\t<circle class=\"circle\" cx=\"26\" cy=\"26\" r=\"24\" stroke=\"#00a799\" fill-opacity=\"0\" stroke-width=\"3\"><\/circle>\n\t\t\t\t<\/svg>\n\t\t\t<\/div>\n\t\t<\/a>\n    <\/div>\n<\/div>\n\t\t\t\t<\/div>\n\t\t\t\t<\/div>\n\t\t\t\t\t<\/div>\n\t\t<\/div>\n\t\t\t\t<div class=\"elementor-column elementor-col-50 elementor-inner-column elementor-element elementor-element-1fd48236\" data-id=\"1fd48236\" data-element_type=\"column\">\n\t\t\t<div class=\"elementor-widget-wrap elementor-element-populated\">\n\t\t\t\t\t\t<div class=\"elementor-element elementor-element-f29c5eb elementor-widget elementor-widget-ttp-image-box\" data-id=\"f29c5eb\" data-element_type=\"widget\" data-widget_type=\"ttp-image-box.default\">\n\t\t\t\t<div class=\"elementor-widget-container\">\n\t\t\t\t\t\n<div class=\"ttp-image-box\">\n\t<div class=\"ttp-image-box-image\" style=\"background-image: url('https:\/\/gpi-tanks.com\/wp-content\/uploads\/2022\/08\/lopik-e1659344487208-1.jpg')\"><\/div>\n\n\t<div class=\"ttp-image-box-content\">\n\t\t<h2>Gpi Tanks i sprz\u0119t procesowy<\/h2>\n\t\t<p>Szukasz urz\u0105dze\u0144 procesowych, wielkogabarytowych zbiornik\u00f3w ze stali nierdzewnej lub z\u0142o\u017conych zbiornik\u00f3w farmaceutycznych? Gpi Tanks jest cz\u0119\u015bci\u0105 Grupy Gpi. Przeczytaj wi\u0119cej o naszych firmach i mo\u017cliwo\u015bciach.<\/p>\n\n\t\t<a href=\"https:\/\/gpi-tanks.com\/pl\/o-nas\/ target=\"_blank\" rel=\"nofollow\"\" class=\"arrow-button\">\n\t\t\t<span style=\"\">Czytaj wi\u0119cej<\/span>\n\t\t\t<div class=\"cirlce-box\">\n\t\t\t\t<i class=\"fal fa-arrow-right\" style=\"\"><\/i>\n\t\t\t\t<svg width=\"52\" height=\"52\" class=\"outer-circle\">\n\t\t\t\t\t<circle cx=\"26\" cy=\"26\" r=\"24\" stroke=\"#efefef90\" stroke-width=\"1\" fill-opacity=\"0\"><\/circle>\n\t\t\t\t\t<circle class=\"circle\" cx=\"26\" cy=\"26\" r=\"24\" stroke=\"#00a799\" fill-opacity=\"0\" stroke-width=\"3\"><\/circle>\n\t\t\t\t<\/svg>\n\t\t\t<\/div>\n\t\t<\/a>\n    <\/div>\n<\/div>\n\t\t\t\t<\/div>\n\t\t\t\t<\/div>\n\t\t\t\t\t<\/div>\n\t\t<\/div>\n\t\t\t\t\t<\/div>\n\t\t<\/section>\n\t\t\t\t<div class=\"elementor-element elementor-element-146051f8 standard-width-button elementor-widget elementor-widget-subpage-cards\" data-id=\"146051f8\" data-element_type=\"widget\" data-widget_type=\"subpage-cards.default\">\n\t\t\t\t<div class=\"elementor-widget-container\">\n\t\t\t\t\t\n<div class=\"row\">\n    <\/div>\t\t\t\t<\/div>\n\t\t\t\t<\/div>\n\t\t\t\t\t<\/div>\n\t\t<\/div>\n\t\t\t\t\t<\/div>\n\t\t<\/section>\n\t\t\t\t<section class=\"elementor-section elementor-top-section elementor-element elementor-element-1e9da1f4 elementor-section-boxed elementor-section-height-default elementor-section-height-default\" data-id=\"1e9da1f4\" data-element_type=\"section\">\n\t\t\t\t\t\t<div class=\"elementor-container elementor-column-gap-default\">\n\t\t\t\t\t<div class=\"elementor-column elementor-col-100 elementor-top-column elementor-element elementor-element-5dbf70e5\" data-id=\"5dbf70e5\" data-element_type=\"column\">\n\t\t\t<div class=\"elementor-widget-wrap elementor-element-populated\">\n\t\t\t\t\t\t<div class=\"elementor-element elementor-element-6e67ca4d elementor-widget elementor-widget-spacer\" data-id=\"6e67ca4d\" data-element_type=\"widget\" data-widget_type=\"spacer.default\">\n\t\t\t\t\t\t\t<div class=\"elementor-spacer\">\n\t\t\t<div class=\"elementor-spacer-inner\"><\/div>\n\t\t<\/div>\n\t\t\t\t\t\t<\/div>\n\t\t\t\t<div class=\"elementor-element elementor-element-55db9976 elementor-widget elementor-widget-overlapping-card\" data-id=\"55db9976\" data-element_type=\"widget\" data-widget_type=\"overlapping-card.default\">\n\t\t\t\t<div class=\"elementor-widget-container\">\n\t\t\t\t\t\n<div class=\"overlapping-card \">\n    <div class=\"overlapping-card--image\" style=\"background-image: url('https:\/\/gpi-tanks.com\/wp-content\/uploads\/2022\/08\/werken-bij-Gpi-kantoor-6.jpg')\"><\/div>\n    <div class=\"overlapping-card--content\">\n        <h2><b>Ch\u0119tnie Ci pomo\u017cemy!<\/b><\/h2>\n        <p>Chcesz wiedzie\u0107 wi\u0119cej? Wy\u015blij do nas wiadomo\u015b\u0107 lub zadzwo\u0144, a my pomo\u017cemy Ci tak szybko, jak to mo\u017cliwe!<\/p>\n        \n        <a class=\"gpi-button\" href=\"https:\/\/gpi-tanks.com\/pl\/kontakt\/\" style=\"\">\n            <span class=\"arrow-link-text\">Skontaktuj si\u0119 z nami<\/span>\n            <div class=\"arrow-btn\">\n                <i class=\"fal fa-arrow-right\"><\/i>\n            <\/div>\n        <\/a>\n    <\/div>\n<\/div>\n\t\t\t\t<\/div>\n\t\t\t\t<\/div>\n\t\t\t\t<div class=\"elementor-element elementor-element-11e8f0ea elementor-widget elementor-widget-spacer\" data-id=\"11e8f0ea\" data-element_type=\"widget\" data-widget_type=\"spacer.default\">\n\t\t\t\t\t\t\t<div class=\"elementor-spacer\">\n\t\t\t<div class=\"elementor-spacer-inner\"><\/div>\n\t\t<\/div>\n\t\t\t\t\t\t<\/div>\n\t\t\t\t\t<\/div>\n\t\t<\/div>\n\t\t\t\t\t<\/div>\n\t\t<\/section>\n\t\t\t\t<\/div>\n\t\t","protected":false},"excerpt":{"rendered":"<p>Jako\u015b\u0107 Nasza mentalno\u015b\u0107. Skontaktuj si\u0119 z nami Zapewnianie jako\u015bci jest zawsze naszym priorytetem, dlatego nasze produkty i procesy spe\u0142niaj\u0105 normy i posiadaj\u0105 certyfikaty. Projektujemy zgodnie ze wszystkimi znormalizowanymi przepisami budowlanymi. Kontrola jako\u015bci Posiadamy niezale\u017cny od produkcji dzia\u0142 kontroli jako\u015bci. Przed przyst\u0105pieniem do produkcji ustalamy jakie badania i kontrole s\u0105 potrzebne zgodnie z norm\u0105 budowlan\u0105 oraz<\/p>\n","protected":false},"author":9,"featured_media":0,"parent":0,"menu_order":0,"comment_status":"closed","ping_status":"closed","template":"elementor_header_footer","meta":{"_acf_changed":false,"footnotes":""},"class_list":["post-34550","page","type-page","status-publish","hentry"],"acf":[],"_links":{"self":[{"href":"https:\/\/gpi-tanks.com\/pl\/wp-json\/wp\/v2\/pages\/34550","targetHints":{"allow":["GET"]}}],"collection":[{"href":"https:\/\/gpi-tanks.com\/pl\/wp-json\/wp\/v2\/pages"}],"about":[{"href":"https:\/\/gpi-tanks.com\/pl\/wp-json\/wp\/v2\/types\/page"}],"author":[{"embeddable":true,"href":"https:\/\/gpi-tanks.com\/pl\/wp-json\/wp\/v2\/users\/9"}],"replies":[{"embeddable":true,"href":"https:\/\/gpi-tanks.com\/pl\/wp-json\/wp\/v2\/comments?post=34550"}],"version-history":[{"count":9,"href":"https:\/\/gpi-tanks.com\/pl\/wp-json\/wp\/v2\/pages\/34550\/revisions"}],"predecessor-version":[{"id":88750,"href":"https:\/\/gpi-tanks.com\/pl\/wp-json\/wp\/v2\/pages\/34550\/revisions\/88750"}],"wp:attachment":[{"href":"https:\/\/gpi-tanks.com\/pl\/wp-json\/wp\/v2\/media?parent=34550"}],"curies":[{"name":"wp","href":"https:\/\/api.w.org\/{rel}","templated":true}]}}