{"id":75798,"date":"2024-04-23T13:36:58","date_gmt":"2024-04-23T13:36:58","guid":{"rendered":"https:\/\/gpi-tanks.com\/?page_id=75798"},"modified":"2025-04-30T10:32:10","modified_gmt":"2025-04-30T10:32:10","slug":"wylaczenie-odpowiedzialnosci-2","status":"publish","type":"page","link":"https:\/\/gpi-tanks.com\/pl\/wylaczenie-odpowiedzialnosci-2\/","title":{"rendered":"Wy\u0142\u0105czenie odpowiedzialno\u015bci"},"content":{"rendered":"","protected":false},"excerpt":{"rendered":"","protected":false},"author":12,"featured_media":0,"parent":0,"menu_order":0,"comment_status":"closed","ping_status":"closed","template":"","meta":{"_acf_changed":false,"footnotes":""},"class_list":["post-75798","page","type-page","status-publish","hentry"],"acf":[],"_links":{"self":[{"href":"https:\/\/gpi-tanks.com\/pl\/wp-json\/wp\/v2\/pages\/75798","targetHints":{"allow":["GET"]}}],"collection":[{"href":"https:\/\/gpi-tanks.com\/pl\/wp-json\/wp\/v2\/pages"}],"about":[{"href":"https:\/\/gpi-tanks.com\/pl\/wp-json\/wp\/v2\/types\/page"}],"author":[{"embeddable":true,"href":"https:\/\/gpi-tanks.com\/pl\/wp-json\/wp\/v2\/users\/12"}],"replies":[{"embeddable":true,"href":"https:\/\/gpi-tanks.com\/pl\/wp-json\/wp\/v2\/comments?post=75798"}],"version-history":[{"count":1,"href":"https:\/\/gpi-tanks.com\/pl\/wp-json\/wp\/v2\/pages\/75798\/revisions"}],"predecessor-version":[{"id":83443,"href":"https:\/\/gpi-tanks.com\/pl\/wp-json\/wp\/v2\/pages\/75798\/revisions\/83443"}],"wp:attachment":[{"href":"https:\/\/gpi-tanks.com\/pl\/wp-json\/wp\/v2\/media?parent=75798"}],"curies":[{"name":"wp","href":"https:\/\/api.w.org\/{rel}","templated":true}]}}