{"id":89073,"date":"2025-11-27T14:52:48","date_gmt":"2025-11-27T14:52:48","guid":{"rendered":"https:\/\/gpi-tanks.com\/?page_id=89073"},"modified":"2025-11-27T14:52:48","modified_gmt":"2025-11-27T14:52:48","slug":"zbiorniki-piwowarskie","status":"publish","type":"page","link":"https:\/\/gpi-tanks.com\/pl\/zbiorniki-piwowarskie\/","title":{"rendered":"Zbiorniki piwowarskie\u200b"},"content":{"rendered":"\t\t<div data-elementor-type=\"wp-page\" data-elementor-id=\"89073\" class=\"elementor elementor-89073 elementor-89070\" data-elementor-post-type=\"page\">\n\t\t\t\t\t\t<section class=\"elementor-section elementor-top-section elementor-element elementor-element-5225f60 elementor-section-boxed elementor-section-height-default elementor-section-height-default\" data-id=\"5225f60\" data-element_type=\"section\">\n\t\t\t\t\t\t<div class=\"elementor-container elementor-column-gap-default\">\n\t\t\t\t\t<div class=\"elementor-column elementor-col-100 elementor-top-column elementor-element elementor-element-fcc9c45\" data-id=\"fcc9c45\" data-element_type=\"column\">\n\t\t\t<div class=\"elementor-widget-wrap elementor-element-populated\">\n\t\t\t\t\t\t<div class=\"elementor-element elementor-element-db17cae elementor-widget elementor-widget-heading\" data-id=\"db17cae\" data-element_type=\"widget\" data-widget_type=\"heading.default\">\n\t\t\t\t\t<h1 class=\"elementor-heading-title elementor-size-default\">Zbiorniki piwowarskie<\/h1>\t\t\t\t<\/div>\n\t\t\t\t<div class=\"elementor-element elementor-element-0c83b25 elementor-widget elementor-widget-heading\" data-id=\"0c83b25\" data-element_type=\"widget\" data-widget_type=\"heading.default\">\n\t\t\t\t\t<h2 class=\"elementor-heading-title elementor-size-default\">Nierdzewne zbiorniki dla browar\u00f3w<\/h2>\t\t\t\t<\/div>\n\t\t\t\t<div class=\"elementor-element elementor-element-a2a0b8e elementor-widget elementor-widget-checklist\" data-id=\"a2a0b8e\" data-element_type=\"widget\" data-widget_type=\"checklist.default\">\n\t\t\t\t<div class=\"elementor-widget-container\">\n\t\t\t\t\t<!-- <span class=\"material-symbols-outlined\">\ntask_alt\n<\/span> -->\n\n\t<div class=\"checklist-wrapper\">\n\t\t\t\t\t<span class=\"checklist-item\">Zbiorniki fermentacyjne (CCT) i zbiorniki na piwo jasne (BBT)<\/span>\n\t\t\t\t\t<span class=\"checklist-item\">Niestandardowy projekt i produkcja zbiornik\u00f3w\u200b<\/span>\n\t\t\t\t\t<span class=\"checklist-item\">Budowa w naszej fabryce lub u klienta<\/span>\n\t\t\t<\/div>\n\t\t\t\t<\/div>\n\t\t\t\t<\/div>\n\t\t\t\t<div class=\"elementor-element elementor-element-087a2f4 elementor-widget elementor-widget-spacer\" data-id=\"087a2f4\" data-element_type=\"widget\" data-widget_type=\"spacer.default\">\n\t\t\t\t\t\t\t<div class=\"elementor-spacer\">\n\t\t\t<div class=\"elementor-spacer-inner\"><\/div>\n\t\t<\/div>\n\t\t\t\t\t\t<\/div>\n\t\t\t\t<div class=\"elementor-element elementor-element-a5fd6c1 elementor-widget elementor-widget-text-editor\" data-id=\"a5fd6c1\" data-element_type=\"widget\" data-widget_type=\"text-editor.default\">\n\t\t\t\t\t\t\t\t\t<p>Jeste\u015bmy producentem zbiornik\u00f3w dla browarnictwa. W szczeg\u00f3lno\u015bci polecamy zbiorniki fermentacyjne ze stali nierdzewnej oraz zbiorniki na piwo jasne BBT o pojemno\u015bci od 100 l do 5 000 hl. W naszej ofercie znajduj\u0105 si\u0119 r\u00f3wnie\u017c zbiorniki do magazynowania wody czy te\u017c innych p\u00f3\u0142produkt\u00f3w piwowarskich.<\/p>\t\t\t\t\t\t\t\t<\/div>\n\t\t\t\t<div class=\"elementor-element elementor-element-be268a2 elementor-widget elementor-widget-heading\" data-id=\"be268a2\" data-element_type=\"widget\" data-widget_type=\"heading.default\">\n\t\t\t\t\t<h2 class=\"elementor-heading-title elementor-size-default\">Zbiorniki na piwo<\/h2>\t\t\t\t<\/div>\n\t\t\t\t<div class=\"elementor-element elementor-element-8e40752 elementor-widget elementor-widget-text-editor\" data-id=\"8e40752\" data-element_type=\"widget\" data-widget_type=\"text-editor.default\">\n\t\t\t\t\t\t\t\t\t<p>Dobre piwo zaczyna si\u0119 w zbiorniku. Korzystaj\u0105c z naszych rozwi\u0105za\u0144 masz gwarancj\u0119 sukcesu! Wszystkie zbiorniki ze stali nierdzewnej 304 (L) oraz 316 (L) budujemy zgodnie z wymaganiami klienta. Zawsze opracowujemy projekt, kt\u00f3ry jest zoptymalizowany wzgl\u0119dem dost\u0119pnej powierzchni i jednocze\u015bnie b\u0119dzie wydajny. Maj\u0105c du\u017ce do\u015bwiadczenie w tworzeniu zbiornik\u00f3w do piwa, ch\u0119tnie doradzamy w zakresie pomiar\u00f3w, wymaganych funkcji grzania\/ch\u0142odzenia produkt\u00f3w oraz dostarczamy niezb\u0119dne elementy.<\/p>\t\t\t\t\t\t\t\t<\/div>\n\t\t\t\t<div class=\"elementor-element elementor-element-d9ea6fd elementor-widget elementor-widget-text-editor\" data-id=\"d9ea6fd\" data-element_type=\"widget\" data-widget_type=\"text-editor.default\">\n\t\t\t\t\t\t\t\t\t<div class=\"elementor-element elementor-element-34663571 elementor-widget elementor-widget-heading\" data-id=\"34663571\" data-element_type=\"widget\" data-widget_type=\"heading.default\"><div class=\"elementor-widget-container\"><h2 class=\"elementor-heading-title elementor-size-large\">Nierdzewne zbiorniki piwowarskie<\/h2><\/div><\/div><div class=\"elementor-element elementor-element-2676f601 elementor-widget elementor-widget-text-editor\" data-id=\"2676f601\" data-element_type=\"widget\" data-widget_type=\"text-editor.default\"><div class=\"elementor-widget-container\"><div class=\"elementor-text-editor elementor-clearfix\"><p>Tam, gdzie do niedawna u\u017cywane by\u0142y tradycyjne d\u0119bowe beczki, wi\u0119kszo\u015b\u0107 browar\u00f3w wybiera zbiorniki ze stali nierdzewnej, kt\u00f3re wymagaj\u0105 niewielkiej konserwacji i jest \u0142atwa do utrzymania w czysto\u015bci. Produkujemy zbiorniki g\u0142\u00f3wnie ze stali nierdzewnej 304 (L) i 316 (L). W naszej ofercie znajdziecie Pa\u0144stwo r\u00f3wnie\u017c inne rozwi\u0105zanie, jakim jest zbiornik duplex. Poniewa\u017c duplex jest wytrzyma\u0142ym materia\u0142em, ten rodzaj stali mo\u017ce by\u0107 stosowany jako cie\u0144sza warstwa, co jest ta\u0144szym rozwi\u0105zaniem w przypadku du\u017cych zbiornik\u00f3w.<\/p><\/div><\/div><\/div>\t\t\t\t\t\t\t\t<\/div>\n\t\t\t\t<div class=\"elementor-element elementor-element-415e2c2 elementor-widget elementor-widget-text-editor\" data-id=\"415e2c2\" data-element_type=\"widget\" data-widget_type=\"text-editor.default\">\n\t\t\t\t\t\t\t\t\t<div class=\"elementor-element elementor-element-c9e40af elementor-widget elementor-widget-text-editor\" data-id=\"c9e40af\" data-element_type=\"widget\" data-widget_type=\"text-editor.default\"><div class=\"elementor-widget-container\"><div class=\"elementor-text-editor elementor-clearfix\"><div class=\"elementor-element elementor-element-479929ad elementor-widget elementor-widget-heading\" data-id=\"479929ad\" data-element_type=\"widget\" data-widget_type=\"heading.default\"><div class=\"elementor-widget-container\"><h2 class=\"elementor-heading-title elementor-size-large\">Zbiorniki fermentacyjne<\/h2><\/div><\/div><div class=\"elementor-element elementor-element-4cf9d7a9 elementor-widget elementor-widget-text-editor\" data-id=\"4cf9d7a9\" data-element_type=\"widget\" data-widget_type=\"text-editor.default\"><div class=\"elementor-widget-container\"><div class=\"elementor-text-editor elementor-clearfix\"><p>Zbiornik cylindryczno-sto\u017ckowy to popularny produkt w\u015br\u00f3d browarnik\u00f3w. Jako producent wysokiej klasy zbiornik\u00f3w fermentacyjnych zwracamy szczeg\u00f3ln\u0105 uwag\u0119 na \u0142atwo\u015b\u0107 utrzymania higieny. Mo\u017cemy zaproponowa\u0107 te\u017c zbiorniki polerowane elektrolitycznie, z funkcj\u0105 ch\u0142odzenia, podgrzewania i z opcj\u0105 doboru odpowiedniego ci\u015bnienia. Wszystkie dodatkowe opcje w zbiornikach Gpi s\u0105 instalowane wed\u0142ug potrzeb klienta.<\/p><\/div><\/div><\/div><\/div><\/div><\/div>\t\t\t\t\t\t\t\t<\/div>\n\t\t\t\t<div class=\"elementor-element elementor-element-e88032e elementor-widget elementor-widget-image\" data-id=\"e88032e\" data-element_type=\"widget\" data-widget_type=\"image.default\">\n\t\t\t\t\t\t\t\t\t\t\t\t\t\t\t<img fetchpriority=\"high\" decoding=\"async\" width=\"1024\" height=\"683\" src=\"https:\/\/gpi-tanks.com\/wp-content\/uploads\/2022\/06\/MG_8476-1_cctbeertank-gpi-1024x683.jpg\" class=\"attachment-large size-large wp-image-3479\" alt=\"Cilindrisch conische tanks (cct)\" srcset=\"https:\/\/gpi-tanks.com\/wp-content\/uploads\/2022\/06\/MG_8476-1_cctbeertank-gpi-1024x683.jpg 1024w, https:\/\/gpi-tanks.com\/wp-content\/uploads\/2022\/06\/MG_8476-1_cctbeertank-gpi-300x200.jpg 300w, https:\/\/gpi-tanks.com\/wp-content\/uploads\/2022\/06\/MG_8476-1_cctbeertank-gpi-768x512.jpg 768w, https:\/\/gpi-tanks.com\/wp-content\/uploads\/2022\/06\/MG_8476-1_cctbeertank-gpi-1536x1024.jpg 1536w, https:\/\/gpi-tanks.com\/wp-content\/uploads\/2022\/06\/MG_8476-1_cctbeertank-gpi.jpg 1600w\" sizes=\"(max-width: 1024px) 100vw, 1024px\" \/>\t\t\t\t\t\t\t\t\t\t\t\t\t\t\t<\/div>\n\t\t\t\t<div class=\"elementor-element elementor-element-aa04ea0 elementor-widget elementor-widget-spacer\" data-id=\"aa04ea0\" data-element_type=\"widget\" data-widget_type=\"spacer.default\">\n\t\t\t\t\t\t\t<div class=\"elementor-spacer\">\n\t\t\t<div class=\"elementor-spacer-inner\"><\/div>\n\t\t<\/div>\n\t\t\t\t\t\t<\/div>\n\t\t\t\t<section class=\"elementor-section elementor-inner-section elementor-element elementor-element-648b9a4 elementor-section-boxed elementor-section-height-default elementor-section-height-default\" data-id=\"648b9a4\" data-element_type=\"section\">\n\t\t\t\t\t\t<div class=\"elementor-container elementor-column-gap-default\">\n\t\t\t\t\t<div class=\"elementor-column elementor-col-50 elementor-inner-column elementor-element elementor-element-ae95e2c\" data-id=\"ae95e2c\" data-element_type=\"column\">\n\t\t\t<div class=\"elementor-widget-wrap elementor-element-populated\">\n\t\t\t\t\t\t<div class=\"elementor-element elementor-element-29499dc elementor-widget elementor-widget-text-editor\" data-id=\"29499dc\" data-element_type=\"widget\" data-widget_type=\"text-editor.default\">\n\t\t\t\t\t\t\t\t\t<h5 class=\"h5-cto\">Chcesz zapyta\u0107 o zbiornik fermentacyjny?<\/h5>\t\t\t\t\t\t\t\t<\/div>\n\t\t\t\t\t<\/div>\n\t\t<\/div>\n\t\t\t\t<div class=\"elementor-column elementor-col-50 elementor-inner-column elementor-element elementor-element-ad8e425\" data-id=\"ad8e425\" data-element_type=\"column\">\n\t\t\t<div class=\"elementor-widget-wrap elementor-element-populated\">\n\t\t\t\t\t\t<div class=\"elementor-element elementor-element-74205de elementor-widget elementor-widget-request-button\" data-id=\"74205de\" data-element_type=\"widget\" data-widget_type=\"request-button.default\">\n\t\t\t\t<div class=\"elementor-widget-container\">\n\t\t\t\t\t\t<div style=\"text-align: center;\">\n\t<a rel=\"nofollow\" href=\"https:\/\/gpi-tanks.com\/pl\/request\/?request=89073\" class=\"arrow-button\">\n\t\t<span style=\"\">Kontakt<\/span>\n\t\t<div class=\"cirlce-box\">\n\t\t\t<i class=\"fal fa-arrow-right\" style=\"\"><\/i>\n\t\t\t<svg width=\"52\" height=\"52\" class=\"outer-circle\">\n\t\t\t\t<circle cx=\"26\" cy=\"26\" r=\"24\" stroke=\"#efefef90\" stroke-width=\"1\" fill-opacity=\"0\" \/>\n\t\t\t\t<circle class=\"circle\" cx=\"26\" cy=\"26\" r=\"24\" stroke=\"#00a799\" fill=\"#fff\" stroke-width=\"3\" \/>\n\t\t\t<\/svg>\n\t\t<\/div>\n\t<\/a>\n\t<\/div>\n\t\t\t\t<\/div>\n\t\t\t\t<\/div>\n\t\t\t\t\t<\/div>\n\t\t<\/div>\n\t\t\t\t\t<\/div>\n\t\t<\/section>\n\t\t\t\t<div class=\"elementor-element elementor-element-15c8d99 elementor-widget elementor-widget-spacer\" data-id=\"15c8d99\" data-element_type=\"widget\" data-widget_type=\"spacer.default\">\n\t\t\t\t\t\t\t<div class=\"elementor-spacer\">\n\t\t\t<div class=\"elementor-spacer-inner\"><\/div>\n\t\t<\/div>\n\t\t\t\t\t\t<\/div>\n\t\t\t\t<div class=\"elementor-element elementor-element-d75aa76 elementor-widget elementor-widget-text-editor\" data-id=\"d75aa76\" data-element_type=\"widget\" data-widget_type=\"text-editor.default\">\n\t\t\t\t\t\t\t\t\t<div class=\"elementor-element elementor-element-579482da elementor-widget elementor-widget-heading\" data-id=\"579482da\" data-element_type=\"widget\" data-widget_type=\"heading.default\"><div class=\"elementor-widget-container\"><h3>Ogrzewanie, ch\u0142odzenie i izolacja<\/h3><\/div><\/div><div class=\"elementor-element elementor-element-65385f54 elementor-widget elementor-widget-text-editor\" data-id=\"65385f54\" data-element_type=\"widget\" data-widget_type=\"text-editor.default\"><div class=\"elementor-widget-container\"><div class=\"elementor-text-editor elementor-clearfix\"><p>In\u017cynierowie Gpi doskonale wiedz\u0105, jakie funkcje b\u0119d\u0105 niezb\u0119dne dla danego projektu. We wsp\u00f3\u0142pracy z naszymi klientami znajdujemy najlepsze rozwi\u0105zania, takie jak zastosowanie p\u0142aszcza grzewczego\/ch\u0142odz\u0105cego, podw\u00f3jnych \u015bcian lub p\u00f3\u0142rur. W ten spos\u00f3b dostarczamy kompletny zbiornik do piwa.<\/p><p>Produkujemy ze stali nierdzewnej, aby zapewni\u0107 produkty wysokiej jako\u015bci. Zbiorniki fermentacyjne ze stali nierdzewnej wymagaj\u0105 minimalnej konserwacji oraz mog\u0105 mie\u0107 wiele dodatkowych opcji.<\/p><h3>Efekt<\/h3><p>Z przyjemno\u015bci\u0105 opracujemy dla Ciebie najlepszy zbiornik do fermentacji piwa. Standardowo, zbiorniki piwowarskie maj\u0105 higieniczne wyko\u0144czenie ale w razie potrzeby mo\u017cemy wybudowa\u0107 zbiorniki elektrolityczne w celu uzyskania jeszcze wy\u017cszej jako\u015bci wyko\u0144czenia.<\/p><h3>Projektowanie zbiornika<\/h3><p>Zale\u017cy nam na najwy\u017cszej jako\u015bci ju\u017c od momentu projektowania. Z my\u015bl\u0105 o tym stworzyli\u015bmy autorski program TankDesign. Klienci otrzymuj\u0105 projekt zbiornika, dzi\u0119ki temu maj\u0105 wp\u0142yw na jego ko\u0144cowy wygl\u0105d i zastosowane funkcje.<\/p><p>Przeczytaj wi\u0119cej o naszych zbiornikach fermentacyjnych.<\/p><\/div><\/div><\/div>\t\t\t\t\t\t\t\t<\/div>\n\t\t\t\t<div class=\"elementor-element elementor-element-df93103 elementor-widget elementor-widget-text-editor\" data-id=\"df93103\" data-element_type=\"widget\" data-widget_type=\"text-editor.default\">\n\t\t\t\t\t\t\t\t\t<div class=\"elementor-element elementor-element-579482da elementor-widget elementor-widget-heading\" data-id=\"579482da\" data-element_type=\"widget\" data-widget_type=\"heading.default\"><div class=\"elementor-widget-container\"><h2 class=\"elementor-heading-title elementor-size-large\">BBT Zbiornik do piwa jasnego<\/h2><\/div><\/div><div class=\"elementor-element elementor-element-65385f54 elementor-widget elementor-widget-text-editor\" data-id=\"65385f54\" data-element_type=\"widget\" data-widget_type=\"text-editor.default\"><div class=\"elementor-widget-container\"><div class=\"elementor-text-editor elementor-clearfix\"><p>Tak jak nasze zbiorniki CCT,\u00a0<a href=\"https:\/\/gpi-tanks.com\/pl\/products\/zbiornik-piwa-jasnego-bbt\/\" rel=\"noopener noreferrer\">zbiorniki BBT<\/a>\u00a0na piwo filtrowane s\u0105 projektowane zgodnie z wymaganiami klienta w celu zapewnienia po\u017c\u0105danego standardu wyko\u0144czenia, poziomu ci\u015bnienia i optymalnych wymiar\u00f3w. Poza<a href=\"https:\/\/gpi-tanks.com\/pl\/product-types\/beer-tanks\/\" rel=\"noopener noreferrer\">\u00a0zbiornikami fermentacyjnymi CCT<\/a>\u00a0i zbiornikami BBT, firma Gpi produkuje tak\u017ce inne\u00a0<a href=\"https:\/\/gpi-tanks.com\/pl\/product-types\/stainless-steel-storage-tanks\/\" rel=\"noopener noreferrer\">zbiorniki s\u0142u\u017c\u0105ce do magazynowania produkt\u00f3w<\/a>\u00a0i p\u00f3\u0142produkt\u00f3w piwowarskich, takich jak woda i syrop. Dodatkowo jeste\u015bmy producentem poziomych zbiornik\u00f3w fermentacyjnych.<\/p><\/div><\/div><\/div>\t\t\t\t\t\t\t\t<\/div>\n\t\t\t\t<div class=\"elementor-element elementor-element-29358c4 elementor-widget elementor-widget-image\" data-id=\"29358c4\" data-element_type=\"widget\" data-widget_type=\"image.default\">\n\t\t\t\t\t\t\t\t\t\t\t\t\t\t\t<img decoding=\"async\" width=\"1024\" height=\"996\" src=\"https:\/\/gpi-tanks.com\/wp-content\/uploads\/2022\/09\/Image-1-1-1024x996.jpg\" class=\"attachment-large size-large wp-image-16116\" alt=\"BBT tanks\" srcset=\"https:\/\/gpi-tanks.com\/wp-content\/uploads\/2022\/09\/Image-1-1-1024x996.jpg 1024w, https:\/\/gpi-tanks.com\/wp-content\/uploads\/2022\/09\/Image-1-1-300x292.jpg 300w, https:\/\/gpi-tanks.com\/wp-content\/uploads\/2022\/09\/Image-1-1-768x747.jpg 768w, https:\/\/gpi-tanks.com\/wp-content\/uploads\/2022\/09\/Image-1-1.jpg 1053w\" sizes=\"(max-width: 1024px) 100vw, 1024px\" \/>\t\t\t\t\t\t\t\t\t\t\t\t\t\t\t<\/div>\n\t\t\t\t<div class=\"elementor-element elementor-element-c001ee6 elementor-widget elementor-widget-text-editor\" data-id=\"c001ee6\" data-element_type=\"widget\" data-widget_type=\"text-editor.default\">\n\t\t\t\t\t\t\t\t\t<div class=\"elementor-element elementor-element-4c1b6b02 elementor-widget elementor-widget-heading\" data-id=\"4c1b6b02\" data-element_type=\"widget\" data-widget_type=\"heading.default\"><div class=\"elementor-widget-container\"><h2 class=\"elementor-heading-title elementor-size-large\">Zbiorniki piwowarskie budujemy w naszych fabrykach lub u klienta<\/h2><\/div><\/div><div class=\"elementor-element elementor-element-18c74db2 elementor-widget elementor-widget-text-editor\" data-id=\"18c74db2\" data-element_type=\"widget\" data-widget_type=\"text-editor.default\"><div class=\"elementor-widget-container\"><div class=\"elementor-text-editor elementor-clearfix\"><p>W zale\u017cno\u015bci od rozmiaru oraz mo\u017cliwo\u015bci transportu, zbiorniki zbudujemy w jednej z naszych fabryk lub bezpo\u015brednio w Twoim zak\u0142adzie. Zajmujemy si\u0119 ca\u0142ym procesem: od projektowania i produkcji po transport z monta\u017cem. Dodatkowo dla du\u017cych zbiornik\u00f3w opracowali\u015bmy specjaln\u0105 metod\u0119 konstrukcyjn\u0105, dzi\u0119ki kt\u00f3rej mo\u017cemy zbudowa\u0107 jeszcze wi\u0119cej zbiornik\u00f3w u klienta. Przyk\u0142adem takich produkt\u00f3w s\u0105 nierdzewne zbiorniki fermentacyjne do 10 000 hl i zbiorniki magazynowe do 15 000 hl.<\/p><p>Ka\u017cdy zbiornik buforowy, ci\u015bnieniowy, fermentacyjny itp. wyposa\u017cony jest w niezb\u0119dne przy\u0142\u0105cza, czujniki oraz akcesoria wed\u0142ug potrzeb procesu technologicznego lub wymaga\u0144 klienta.<\/p><h2>Zbiorniki sto\u017ckowe ze stali nierdzewnej oraz zbiorniki magazynowe z gwarancj\u0105 jako\u015bci<\/h2><p>Nasze zbiorniki produkujemy wed\u0142ug okre\u015blonych norm. Niekt\u00f3re z nich to\u00a0<a href=\"https:\/\/gpi-tanks.com\/pl\/products\/zbiorniki-cisnieniowe\/\" target=\"_blank\" rel=\"noopener\">EN 13445<\/a>,\u00a0EN 14015, EN 1090, ISO 9001, ISO 3824-2 i KIWA BRL-K756\/03.\u00a0\u00a0<\/p><p>Wi\u0119cej o naszych certyfikatach przeczytasz\u00a0<a href=\"https:\/\/gpi-tanks.com\/pl\/o-nas\/\" target=\"_blank\" rel=\"noopener\">tutaj<\/a>.\u00a0<\/p><\/div><\/div><\/div>\t\t\t\t\t\t\t\t<\/div>\n\t\t\t\t<div class=\"elementor-element elementor-element-df003c6 elementor-widget elementor-widget-spacer\" data-id=\"df003c6\" data-element_type=\"widget\" data-widget_type=\"spacer.default\">\n\t\t\t\t\t\t\t<div class=\"elementor-spacer\">\n\t\t\t<div class=\"elementor-spacer-inner\"><\/div>\n\t\t<\/div>\n\t\t\t\t\t\t<\/div>\n\t\t\t\t\t<\/div>\n\t\t<\/div>\n\t\t\t\t\t<\/div>\n\t\t<\/section>\n\t\t\t\t<section class=\"elementor-section elementor-top-section elementor-element elementor-element-feaf2c6 elementor-section-boxed elementor-section-height-default elementor-section-height-default\" data-id=\"feaf2c6\" data-element_type=\"section\">\n\t\t\t\t\t\t<div class=\"elementor-container elementor-column-gap-default\">\n\t\t\t\t\t<div class=\"elementor-column elementor-col-100 elementor-top-column elementor-element elementor-element-fe97aa2\" data-id=\"fe97aa2\" data-element_type=\"column\">\n\t\t\t<div class=\"elementor-widget-wrap elementor-element-populated\">\n\t\t\t\t\t\t<div class=\"elementor-element elementor-element-da062db elementor-widget elementor-widget-heading\" data-id=\"da062db\" data-element_type=\"widget\" data-widget_type=\"heading.default\">\n\t\t\t\t\t<h2 class=\"elementor-heading-title elementor-size-default\">Zbiorniki dla browar\u00f3w<\/h2>\t\t\t\t<\/div>\n\t\t\t\t<div class=\"elementor-element elementor-element-32c3e42 elementor-grid-1 elementor-grid-tablet-2 elementor-grid-mobile-1 elementor-widget elementor-widget-posts\" data-id=\"32c3e42\" data-element_type=\"widget\" data-settings=\"{&quot;archive_small_columns&quot;:&quot;1&quot;,&quot;archive_small_columns_tablet&quot;:&quot;2&quot;,&quot;archive_small_columns_mobile&quot;:&quot;1&quot;,&quot;archive_small_row_gap&quot;:{&quot;unit&quot;:&quot;px&quot;,&quot;size&quot;:35,&quot;sizes&quot;:[]},&quot;archive_small_row_gap_tablet&quot;:{&quot;unit&quot;:&quot;px&quot;,&quot;size&quot;:&quot;&quot;,&quot;sizes&quot;:[]},&quot;archive_small_row_gap_mobile&quot;:{&quot;unit&quot;:&quot;px&quot;,&quot;size&quot;:&quot;&quot;,&quot;sizes&quot;:[]}}\" data-widget_type=\"posts.archive_small\">\n\t\t\t\t<div class=\"elementor-widget-container\">\n\t\t\t\t\t\t\t<div class=\"elementor-posts-container elementor-posts elementor-posts--skin-small elementor-grid\" role=\"list\">\n\t\t\t\t<article class=\"elementor-post elementor-grid-item post-9560 products type-products status-publish has-post-thumbnail hentry tag-beer-pl tag-drinks-and-juices-pl tag-piwo tag-storage-tanks-pl tag-zbiorniki-piwowarskie product-category-zbiorniki-piwowarskie\" role=\"listitem\">\n\t\t<article class=\"post-card-small ttp-post-card\">\n\t<div class=\"post-card-small-image\">\n\t\t<a href=\"https:\/\/gpi-tanks.com\/pl\/produkt\/zbiorniki-fermentacyjne-cct\/\">\n\t\t\t<img decoding=\"async\" width=\"1600\" height=\"1067\" src=\"https:\/\/gpi-tanks.com\/wp-content\/uploads\/2022\/06\/MG_8476-1_cctbeertank-gpi.jpg\" class=\"attachment-full size-full wp-post-image\" alt=\"Cilindrisch conische tanks (cct)\" srcset=\"https:\/\/gpi-tanks.com\/wp-content\/uploads\/2022\/06\/MG_8476-1_cctbeertank-gpi.jpg 1600w, https:\/\/gpi-tanks.com\/wp-content\/uploads\/2022\/06\/MG_8476-1_cctbeertank-gpi-300x200.jpg 300w, https:\/\/gpi-tanks.com\/wp-content\/uploads\/2022\/06\/MG_8476-1_cctbeertank-gpi-1024x683.jpg 1024w, https:\/\/gpi-tanks.com\/wp-content\/uploads\/2022\/06\/MG_8476-1_cctbeertank-gpi-768x512.jpg 768w, https:\/\/gpi-tanks.com\/wp-content\/uploads\/2022\/06\/MG_8476-1_cctbeertank-gpi-1536x1024.jpg 1536w\" sizes=\"(max-width: 1600px) 100vw, 1600px\" \/>\t\t<\/a>\n\t<\/div>\n\n\t<div class=\"post-card-small-content\">\n\t\t<a href=\"https:\/\/gpi-tanks.com\/pl\/produkt\/zbiorniki-fermentacyjne-cct\/\">\n\t\t\t<h3 class=\"post-card-small-title\">Zbiorniki fermentacyjne cylindryczno-sto\u017ckowe<\/h3>\t\t\t<p>Zbiorniki fermentacyjne do piwa Zbiorniki cylindryczno-sto\u017ckowe (CCT) Nierdzewne zbiorniki fermentacyjne Projekt i...<\/p>\n\t\t<\/a>\n\t<\/div>\n\n\t<a href=\"https:\/\/gpi-tanks.com\/pl\/produkt\/zbiorniki-fermentacyjne-cct\/\" class=\"read-more arrow-button\">\n\t\t<div class=\"cirlce-box\">\n\t\t\t<i class=\"fal fa-arrow-right\"><\/i>\n\t\t\t<svg width=\"52\" height=\"52\" class=\"outer-circle\">\n\t\t\t\t<circle cx=\"26\" cy=\"26\" r=\"24\" stroke=\"#efefef90\" stroke-width=\"1\" fill-opacity=\"0\" \/>\n\t\t\t\t<circle class=\"circle\" cx=\"26\" cy=\"26\" r=\"24\" stroke=\"#00a799\" fill=\"#fff\" stroke-width=\"3\" \/>\n\t\t\t<\/svg>\n\t\t<\/div>\n\t<\/a>\n<\/article>\n\t\t<\/article>\n\t\t\t\t<article class=\"elementor-post elementor-grid-item post-9535 products type-products status-publish has-post-thumbnail hentry tag-beer-pl tag-drinks-and-juices-pl tag-piwo tag-storage-tanks-pl tag-storage-tanks tag-zbiorniki-piwowarskie product-category-zbiorniki-piwowarskie\" role=\"listitem\">\n\t\t<article class=\"post-card-small ttp-post-card\">\n\t<div class=\"post-card-small-image\">\n\t\t<a href=\"https:\/\/gpi-tanks.com\/pl\/produkt\/zbiornik-piwa-jasnego-bbt\/\">\n\t\t\t<img loading=\"lazy\" decoding=\"async\" width=\"2560\" height=\"1707\" src=\"https:\/\/gpi-tanks.com\/wp-content\/uploads\/2021\/11\/Biertanks_header-1.jpg\" class=\"attachment-full size-full wp-post-image\" alt=\"Bright beer tanks (bbt)\" srcset=\"https:\/\/gpi-tanks.com\/wp-content\/uploads\/2021\/11\/Biertanks_header-1.jpg 2560w, https:\/\/gpi-tanks.com\/wp-content\/uploads\/2021\/11\/Biertanks_header-1-300x200.jpg 300w, https:\/\/gpi-tanks.com\/wp-content\/uploads\/2021\/11\/Biertanks_header-1-1024x683.jpg 1024w, https:\/\/gpi-tanks.com\/wp-content\/uploads\/2021\/11\/Biertanks_header-1-768x512.jpg 768w, https:\/\/gpi-tanks.com\/wp-content\/uploads\/2021\/11\/Biertanks_header-1-1536x1024.jpg 1536w, https:\/\/gpi-tanks.com\/wp-content\/uploads\/2021\/11\/Biertanks_header-1-2048x1366.jpg 2048w\" sizes=\"(max-width: 2560px) 100vw, 2560px\" \/>\t\t<\/a>\n\t<\/div>\n\n\t<div class=\"post-card-small-content\">\n\t\t<a href=\"https:\/\/gpi-tanks.com\/pl\/produkt\/zbiornik-piwa-jasnego-bbt\/\">\n\t\t\t<h3 class=\"post-card-small-title\">Zbiorniki piwa jasnego (BBT)<\/h3>\t\t\t<p>Zbiorniki piwowarskie Zbiorniki magazynowe do piwa jasnego (BBT) zbiorniki ci\u015bnieniowe zbiorniki magazynowe...<\/p>\n\t\t<\/a>\n\t<\/div>\n\n\t<a href=\"https:\/\/gpi-tanks.com\/pl\/produkt\/zbiornik-piwa-jasnego-bbt\/\" class=\"read-more arrow-button\">\n\t\t<div class=\"cirlce-box\">\n\t\t\t<i class=\"fal fa-arrow-right\"><\/i>\n\t\t\t<svg width=\"52\" height=\"52\" class=\"outer-circle\">\n\t\t\t\t<circle cx=\"26\" cy=\"26\" r=\"24\" stroke=\"#efefef90\" stroke-width=\"1\" fill-opacity=\"0\" \/>\n\t\t\t\t<circle class=\"circle\" cx=\"26\" cy=\"26\" r=\"24\" stroke=\"#00a799\" fill=\"#fff\" stroke-width=\"3\" \/>\n\t\t\t<\/svg>\n\t\t<\/div>\n\t<\/a>\n<\/article>\n\t\t<\/article>\n\t\t\t\t<\/div>\n\t\t\n\t\t\t\t\t\t<\/div>\n\t\t\t\t<\/div>\n\t\t\t\t\t<\/div>\n\t\t<\/div>\n\t\t\t\t\t<\/div>\n\t\t<\/section>\n\t\t\t\t<\/div>\n\t\t","protected":false},"excerpt":{"rendered":"<p>Zbiorniki piwowarskie Nierdzewne zbiorniki dla browar\u00f3w Zbiorniki fermentacyjne (CCT) i zbiorniki na piwo jasne (BBT) Niestandardowy projekt i produkcja zbiornik\u00f3w\u200b Budowa w naszej fabryce lub u klienta Jeste\u015bmy producentem zbiornik\u00f3w dla browarnictwa. W szczeg\u00f3lno\u015bci polecamy zbiorniki fermentacyjne ze stali nierdzewnej oraz zbiorniki na piwo jasne BBT o pojemno\u015bci od 100 l do 5 000 hl.<\/p>\n","protected":false},"author":26,"featured_media":689,"parent":0,"menu_order":0,"comment_status":"closed","ping_status":"closed","template":"","meta":{"_acf_changed":false,"footnotes":""},"class_list":["post-89073","page","type-page","status-publish","has-post-thumbnail","hentry"],"acf":[],"_links":{"self":[{"href":"https:\/\/gpi-tanks.com\/pl\/wp-json\/wp\/v2\/pages\/89073","targetHints":{"allow":["GET"]}}],"collection":[{"href":"https:\/\/gpi-tanks.com\/pl\/wp-json\/wp\/v2\/pages"}],"about":[{"href":"https:\/\/gpi-tanks.com\/pl\/wp-json\/wp\/v2\/types\/page"}],"author":[{"embeddable":true,"href":"https:\/\/gpi-tanks.com\/pl\/wp-json\/wp\/v2\/users\/26"}],"replies":[{"embeddable":true,"href":"https:\/\/gpi-tanks.com\/pl\/wp-json\/wp\/v2\/comments?post=89073"}],"version-history":[{"count":3,"href":"https:\/\/gpi-tanks.com\/pl\/wp-json\/wp\/v2\/pages\/89073\/revisions"}],"predecessor-version":[{"id":89089,"href":"https:\/\/gpi-tanks.com\/pl\/wp-json\/wp\/v2\/pages\/89073\/revisions\/89089"}],"wp:featuredmedia":[{"embeddable":true,"href":"https:\/\/gpi-tanks.com\/pl\/wp-json\/wp\/v2\/media\/689"}],"wp:attachment":[{"href":"https:\/\/gpi-tanks.com\/pl\/wp-json\/wp\/v2\/media?parent=89073"}],"curies":[{"name":"wp","href":"https:\/\/api.w.org\/{rel}","templated":true}]}}