{"id":89093,"date":"2025-11-28T07:42:47","date_gmt":"2025-11-28T07:42:47","guid":{"rendered":"https:\/\/gpi-tanks.com\/?page_id=89093"},"modified":"2025-11-28T07:42:47","modified_gmt":"2025-11-28T07:42:47","slug":"zbiorniki-procesowe","status":"publish","type":"page","link":"https:\/\/gpi-tanks.com\/pl\/zbiorniki-procesowe\/","title":{"rendered":"Zbiorniki procesowe"},"content":{"rendered":"\t\t<div data-elementor-type=\"wp-page\" data-elementor-id=\"89093\" class=\"elementor elementor-89093 elementor-89090\" data-elementor-post-type=\"page\">\n\t\t\t\t\t\t<section class=\"elementor-section elementor-top-section elementor-element elementor-element-5e67e83 elementor-section-boxed elementor-section-height-default elementor-section-height-default\" data-id=\"5e67e83\" data-element_type=\"section\">\n\t\t\t\t\t\t<div class=\"elementor-container elementor-column-gap-default\">\n\t\t\t\t\t<div class=\"elementor-column elementor-col-100 elementor-top-column elementor-element elementor-element-c902054\" data-id=\"c902054\" data-element_type=\"column\">\n\t\t\t<div class=\"elementor-widget-wrap elementor-element-populated\">\n\t\t\t\t\t\t<div class=\"elementor-element elementor-element-d8d66e9 elementor-widget elementor-widget-heading\" data-id=\"d8d66e9\" data-element_type=\"widget\" data-widget_type=\"heading.default\">\n\t\t\t\t\t<h1 class=\"elementor-heading-title elementor-size-default\">Zbiorniki procesowe<\/h1>\t\t\t\t<\/div>\n\t\t\t\t<div class=\"elementor-element elementor-element-bab9b15 elementor-widget elementor-widget-heading\" data-id=\"bab9b15\" data-element_type=\"widget\" data-widget_type=\"heading.default\">\n\t\t\t\t\t<h2 class=\"elementor-heading-title elementor-size-default\">Idealny zbiornik dla ka\u017cdego sektora i wszystkich proces\u00f3w<\/h2>\t\t\t\t<\/div>\n\t\t\t\t<div class=\"elementor-element elementor-element-1823b6f elementor-widget elementor-widget-text-editor\" data-id=\"1823b6f\" data-element_type=\"widget\" data-widget_type=\"text-editor.default\">\n\t\t\t\t\t\t\t\t\t<p>Do efektywnej pracy w ka\u017cdej ga\u0142\u0119zi przemys\u0142u, potrzebne s\u0105 najwy\u017cszej jako\u015bci zbiorniki. W\u0142a\u015bnie takie dostarcza Gpi. Posiadamy wiedz\u0119 potrzebn\u0105 do zaprojektowania wydajnych zbiornik\u00f3w, przystosowanych do po\u017c\u0105danych proces\u00f3w.<\/p>\t\t\t\t\t\t\t\t<\/div>\n\t\t\t\t<div class=\"elementor-element elementor-element-abb8501 elementor-widget elementor-widget-text-editor\" data-id=\"abb8501\" data-element_type=\"widget\" data-widget_type=\"text-editor.default\">\n\t\t\t\t\t\t\t\t\t<h2 class=\"elementor-heading-title elementor-size-large\">Zbiorniki dla wszystkich bran\u017c, do wszystkich proces\u00f3w<\/h2><p><br \/>Zbiorniki procesowe s\u0105 zawsze z\u0142o\u017conymi produktami, w kt\u00f3rych rol\u0119 odgrywaj\u0105 r\u00f3\u017cne czynniki. Pozw\u00f3l naszym in\u017cynierom znale\u017a\u0107 najlepsze rozwi\u0105zanie w celu optymalnej kombinacji\u00a0 takich funkcji jak mieszanie proszk\u00f3w lub cieczy, odpowiednie ci\u015bnienie, ogrzewanie \/ ch\u0142odzenie substancji.<\/p>\t\t\t\t\t\t\t\t<\/div>\n\t\t\t\t<div class=\"elementor-element elementor-element-6040eba elementor-widget elementor-widget-image\" data-id=\"6040eba\" data-element_type=\"widget\" data-widget_type=\"image.default\">\n\t\t\t\t\t\t\t\t\t\t\t\t\t\t\t<img fetchpriority=\"high\" decoding=\"async\" width=\"1024\" height=\"683\" src=\"https:\/\/gpi-tanks.com\/wp-content\/uploads\/2021\/11\/Gpi_procestanks-1-1024x683.jpg\" class=\"attachment-large size-large wp-image-681\" alt=\"Process tank\" srcset=\"https:\/\/gpi-tanks.com\/wp-content\/uploads\/2021\/11\/Gpi_procestanks-1-1024x683.jpg 1024w, https:\/\/gpi-tanks.com\/wp-content\/uploads\/2021\/11\/Gpi_procestanks-1-300x200.jpg 300w, https:\/\/gpi-tanks.com\/wp-content\/uploads\/2021\/11\/Gpi_procestanks-1-768x512.jpg 768w, https:\/\/gpi-tanks.com\/wp-content\/uploads\/2021\/11\/Gpi_procestanks-1-1536x1024.jpg 1536w, https:\/\/gpi-tanks.com\/wp-content\/uploads\/2021\/11\/Gpi_procestanks-1-2048x1365.jpg 2048w\" sizes=\"(max-width: 1024px) 100vw, 1024px\" \/>\t\t\t\t\t\t\t\t\t\t\t\t\t\t\t<\/div>\n\t\t\t\t<div class=\"elementor-element elementor-element-464c051 elementor-widget elementor-widget-spacer\" data-id=\"464c051\" data-element_type=\"widget\" data-widget_type=\"spacer.default\">\n\t\t\t\t\t\t\t<div class=\"elementor-spacer\">\n\t\t\t<div class=\"elementor-spacer-inner\"><\/div>\n\t\t<\/div>\n\t\t\t\t\t\t<\/div>\n\t\t\t\t<section class=\"elementor-section elementor-inner-section elementor-element elementor-element-3225982 elementor-section-boxed elementor-section-height-default elementor-section-height-default\" data-id=\"3225982\" data-element_type=\"section\">\n\t\t\t\t\t\t<div class=\"elementor-container elementor-column-gap-default\">\n\t\t\t\t\t<div class=\"elementor-column elementor-col-50 elementor-inner-column elementor-element elementor-element-7bada81\" data-id=\"7bada81\" data-element_type=\"column\">\n\t\t\t<div class=\"elementor-widget-wrap elementor-element-populated\">\n\t\t\t\t\t\t<div class=\"elementor-element elementor-element-5250b03 elementor-widget elementor-widget-text-editor\" data-id=\"5250b03\" data-element_type=\"widget\" data-widget_type=\"text-editor.default\">\n\t\t\t\t\t\t\t\t\t<h5 class=\"h5-cto\">Szukasz zbiornika procesowego?<\/h5>\t\t\t\t\t\t\t\t<\/div>\n\t\t\t\t\t<\/div>\n\t\t<\/div>\n\t\t\t\t<div class=\"elementor-column elementor-col-50 elementor-inner-column elementor-element elementor-element-e9c1418\" data-id=\"e9c1418\" data-element_type=\"column\">\n\t\t\t<div class=\"elementor-widget-wrap elementor-element-populated\">\n\t\t\t\t\t\t<div class=\"elementor-element elementor-element-e0b97cb elementor-widget elementor-widget-request-button\" data-id=\"e0b97cb\" data-element_type=\"widget\" data-widget_type=\"request-button.default\">\n\t\t\t\t<div class=\"elementor-widget-container\">\n\t\t\t\t\t\t<div style=\"text-align: center;\">\n\t<a rel=\"nofollow\" href=\"https:\/\/gpi-tanks.com\/pl\/request\/?request=89093\" class=\"arrow-button\">\n\t\t<span style=\"\">Kontakt<\/span>\n\t\t<div class=\"cirlce-box\">\n\t\t\t<i class=\"fal fa-arrow-right\" style=\"\"><\/i>\n\t\t\t<svg width=\"52\" height=\"52\" class=\"outer-circle\">\n\t\t\t\t<circle cx=\"26\" cy=\"26\" r=\"24\" stroke=\"#efefef90\" stroke-width=\"1\" fill-opacity=\"0\" \/>\n\t\t\t\t<circle class=\"circle\" cx=\"26\" cy=\"26\" r=\"24\" stroke=\"#00a799\" fill=\"#fff\" stroke-width=\"3\" \/>\n\t\t\t<\/svg>\n\t\t<\/div>\n\t<\/a>\n\t<\/div>\n\t\t\t\t<\/div>\n\t\t\t\t<\/div>\n\t\t\t\t\t<\/div>\n\t\t<\/div>\n\t\t\t\t\t<\/div>\n\t\t<\/section>\n\t\t\t\t<div class=\"elementor-element elementor-element-80d1a71 elementor-widget elementor-widget-spacer\" data-id=\"80d1a71\" data-element_type=\"widget\" data-widget_type=\"spacer.default\">\n\t\t\t\t\t\t\t<div class=\"elementor-spacer\">\n\t\t\t<div class=\"elementor-spacer-inner\"><\/div>\n\t\t<\/div>\n\t\t\t\t\t\t<\/div>\n\t\t\t\t<div class=\"elementor-element elementor-element-c8a2bd5 elementor-widget elementor-widget-text-editor\" data-id=\"c8a2bd5\" data-element_type=\"widget\" data-widget_type=\"text-editor.default\">\n\t\t\t\t\t\t\t\t\t<p>Do\u015bwiadczenie naszych in\u017cynier\u00f3w i ich wsparcie, pozwoli na wyb\u00f3r w\u0142a\u015bciwego typu z\u0142\u0105czy, optymalnej pozycji g\u0142owicy myj\u0105cej, a tak\u017ce okre\u015blenie standardu wyko\u0144czenia. Zesp\u00f3\u0142 Gpi doskonale zna rodzaje zbiornik\u00f3w i oprzyrz\u0105dowania wykorzystywanego w r\u00f3\u017cnych bran\u017cach, jak np.\u00a0<a href=\"https:\/\/gpi-tanks.com\/pl\/products\/mobilny-zbiornik-procesowy-gpi-tanks-polska\/\" rel=\"noopener noreferrer\">mobilne zbiorniki procesowe<\/a>\u00a0w\u00a0<a href=\"https:\/\/gpi-pharmaceutical.com\/\" target=\"_blank\" rel=\"noopener noreferrer\">bran\u017cy farmaceutycznej<\/a>\u00a0i\u00a0<a href=\"https:\/\/gpi-tanks.com\/pl\/product-types\/beer-tanks\/\" rel=\"noopener noreferrer\">zbiorniki CCT w bran\u017cy piwowarskiej.<\/a><\/p><h2>Normy w zbiornikach ci\u015bnieniowych<\/h2><p>Nasze dzia\u0142y in\u017cynierii oraz produkcji mog\u0105 przystosowa\u0107 zbiorniki do najbardziej wymagaj\u0105cych i rygorystycznych norm. W Gpi samodzielnie projektujemy i budujemy<a href=\"https:\/\/gpi-tanks.com\/pl\/products\/zbiorniki-cisnieniowe\/\" target=\"_blank\" rel=\"noopener\">\u00a0zbiorniki ci\u015bnieniowe<\/a>\u00a0z certyfikacj\u0105 PED, zgodnie z normami PN-EN 13445 i AD 2000. Skupienie dzia\u0142\u00f3w in\u017cynierii, produkcji i kontroli jako\u015bci pod jednym dachem umo\u017cliwia nam monitorowanie okre\u015blonych standard\u00f3w w bardzo szerokim spektrum i oferowanie rozwi\u0105za\u0144, kt\u00f3re zadowol\u0105 nawet najbardziej wymagaj\u0105cych klient\u00f3w.<\/p><p>Warto podkre\u015bli\u0107, \u017ce poza profesjonalnym wykonaniem naszych zbiornik\u00f3w, skupiamy si\u0119 r\u00f3wnie\u017c na rzetelnie przygotowanej dokumentacji i identyfikowalno\u015b\u0107 naszych materia\u0142\u00f3w.<\/p>\t\t\t\t\t\t\t\t<\/div>\n\t\t\t\t<div class=\"elementor-element elementor-element-b71eb3f elementor-widget elementor-widget-image\" data-id=\"b71eb3f\" data-element_type=\"widget\" data-widget_type=\"image.default\">\n\t\t\t\t\t\t\t\t\t\t\t\t\t\t\t<img decoding=\"async\" width=\"600\" height=\"400\" src=\"https:\/\/gpi-tanks.com\/wp-content\/uploads\/2021\/11\/026-600x400_mobileprocesstank_gpitanks-e1655896565806-1.jpg\" class=\"attachment-large size-large wp-image-4067\" alt=\"\" srcset=\"https:\/\/gpi-tanks.com\/wp-content\/uploads\/2021\/11\/026-600x400_mobileprocesstank_gpitanks-e1655896565806-1.jpg 600w, https:\/\/gpi-tanks.com\/wp-content\/uploads\/2021\/11\/026-600x400_mobileprocesstank_gpitanks-e1655896565806-1-300x200.jpg 300w\" sizes=\"(max-width: 600px) 100vw, 600px\" \/>\t\t\t\t\t\t\t\t\t\t\t\t\t\t\t<\/div>\n\t\t\t\t<div class=\"elementor-element elementor-element-d7b12b5 elementor-widget elementor-widget-text-editor\" data-id=\"d7b12b5\" data-element_type=\"widget\" data-widget_type=\"text-editor.default\">\n\t\t\t\t\t\t\t\t\t<div class=\"elementor-element elementor-element-5b78e60c elementor-widget elementor-widget-text-editor\" data-id=\"5b78e60c\" data-element_type=\"widget\" data-widget_type=\"text-editor.default\"><div class=\"elementor-widget-container\"><div class=\"elementor-text-editor elementor-clearfix\"><h3>Po\u0142\u0105czenie zbiornika z mieszad\u0142em<\/h3><p>Mo\u017cemy dostarczy\u0107 zar\u00f3wno zbiornik jak i mieszad\u0142a. Gpi utrzymuje doskona\u0142e relacje ze wszystkimi renomowanymi dostawcami mieszade\u0142, co pozwala na ich bezproblemow\u0105 obr\u00f3bk\u0119, integracj\u0119 ze zbiornikiem oraz monta\u017c.<\/p><\/div><\/div><\/div><div class=\"elementor-element elementor-element-75fc1442 elementor-widget elementor-widget-text-editor\" data-id=\"75fc1442\" data-element_type=\"widget\" data-widget_type=\"text-editor.default\"><div class=\"elementor-widget-container\"><div class=\"elementor-text-editor elementor-clearfix\"><h3>Standard wyko\u0144czenia<\/h3><p>Gpi gwarantuje wysoki standard wyko\u0144czenia wszystkich zbiornik\u00f3w. W przypadku niekt\u00f3rych zastosowa\u0144, na przyk\u0142ad w przemy\u015ble spo\u017cywczym i farmaceutycznym, trzeba uwzgl\u0119dni\u0107 specjalne wymogi. Standardem jest, \u017ce wewn\u0119trzna chropowato\u015b\u0107 naszych zbiornik\u00f3w (dla\u00a0<a href=\"https:\/\/gpi-tanks.com\/pl\/product-types\/zbiorniki-na-zywnosc\/\">bran\u017cy spo\u017cywczej<\/a>) wynosi Ra 0,8 \u00b5m.<\/p><p>Jeste\u015bmy otwarci na r\u00f3\u017cnego typu modyfikacje. Na \u017cyczenie klienta mo\u017cemy stworzy\u0107 zbiorniki o du\u017co g\u0142adszych (bardziej higienicznych) \u015bcianach wewn\u0119trznych.<\/p><\/div><\/div><\/div><div class=\"elementor-element elementor-element-183b524 elementor-widget elementor-widget-text-editor\" data-id=\"183b524\" data-element_type=\"widget\" data-widget_type=\"text-editor.default\"><div class=\"elementor-widget-container\"><div class=\"elementor-text-editor elementor-clearfix\"><h3>Ogrzewanie i ch\u0142odzenie<\/h3><p>Dla proces\u00f3w takich jak pasteryzacja i fermentacja, ogrzewanie, czy ch\u0142odzenie zbiornika jest kluczowe. Nale\u017cy zapewni\u0107 w\u0142a\u015bciwe po\u0142\u0105czenia z\u00a0izolacj\u0105 zbiornika, tak aby ogrzewanie i ch\u0142odzenie produktu odbywa\u0142o si\u0119 we w\u0142a\u015bciwych odst\u0119pach czasowych. Prosimy o bezpo\u015bredni\u0105 informacj\u0119, jakie funkcje s\u0105 potrzebne. Razem opracujemy najbardziej efektywne rozwi\u0105zania, takie jak zastosowanie p\u0142aszcza grzewczego\/ch\u0142odz\u0105cego, podw\u00f3jnych \u015bcian czy p\u00f3\u0142rur.<\/p><\/div><\/div><\/div>\t\t\t\t\t\t\t\t<\/div>\n\t\t\t\t<div class=\"elementor-element elementor-element-f162292 elementor-widget elementor-widget-spacer\" data-id=\"f162292\" data-element_type=\"widget\" data-widget_type=\"spacer.default\">\n\t\t\t\t\t\t\t<div class=\"elementor-spacer\">\n\t\t\t<div class=\"elementor-spacer-inner\"><\/div>\n\t\t<\/div>\n\t\t\t\t\t\t<\/div>\n\t\t\t\t\t<\/div>\n\t\t<\/div>\n\t\t\t\t\t<\/div>\n\t\t<\/section>\n\t\t\t\t<\/div>\n\t\t","protected":false},"excerpt":{"rendered":"<p>Zbiorniki procesowe Idealny zbiornik dla ka\u017cdego sektora i wszystkich proces\u00f3w Do efektywnej pracy w ka\u017cdej ga\u0142\u0119zi przemys\u0142u, potrzebne s\u0105 najwy\u017cszej jako\u015bci zbiorniki. W\u0142a\u015bnie takie dostarcza Gpi. Posiadamy wiedz\u0119 potrzebn\u0105 do zaprojektowania wydajnych zbiornik\u00f3w, przystosowanych do po\u017c\u0105danych proces\u00f3w. Zbiorniki dla wszystkich bran\u017c, do wszystkich proces\u00f3w Zbiorniki procesowe s\u0105 zawsze z\u0142o\u017conymi produktami, w kt\u00f3rych rol\u0119 odgrywaj\u0105 r\u00f3\u017cne<\/p>\n","protected":false},"author":26,"featured_media":681,"parent":0,"menu_order":0,"comment_status":"closed","ping_status":"closed","template":"","meta":{"_acf_changed":false,"footnotes":""},"class_list":["post-89093","page","type-page","status-publish","has-post-thumbnail","hentry"],"acf":[],"_links":{"self":[{"href":"https:\/\/gpi-tanks.com\/pl\/wp-json\/wp\/v2\/pages\/89093","targetHints":{"allow":["GET"]}}],"collection":[{"href":"https:\/\/gpi-tanks.com\/pl\/wp-json\/wp\/v2\/pages"}],"about":[{"href":"https:\/\/gpi-tanks.com\/pl\/wp-json\/wp\/v2\/types\/page"}],"author":[{"embeddable":true,"href":"https:\/\/gpi-tanks.com\/pl\/wp-json\/wp\/v2\/users\/26"}],"replies":[{"embeddable":true,"href":"https:\/\/gpi-tanks.com\/pl\/wp-json\/wp\/v2\/comments?post=89093"}],"version-history":[{"count":4,"href":"https:\/\/gpi-tanks.com\/pl\/wp-json\/wp\/v2\/pages\/89093\/revisions"}],"predecessor-version":[{"id":89112,"href":"https:\/\/gpi-tanks.com\/pl\/wp-json\/wp\/v2\/pages\/89093\/revisions\/89112"}],"wp:featuredmedia":[{"embeddable":true,"href":"https:\/\/gpi-tanks.com\/pl\/wp-json\/wp\/v2\/media\/681"}],"wp:attachment":[{"href":"https:\/\/gpi-tanks.com\/pl\/wp-json\/wp\/v2\/media?parent=89093"}],"curies":[{"name":"wp","href":"https:\/\/api.w.org\/{rel}","templated":true}]}}