{"id":89156,"date":"2025-11-28T08:59:50","date_gmt":"2025-11-28T08:59:50","guid":{"rendered":"https:\/\/gpi-tanks.com\/?page_id=89156"},"modified":"2025-11-28T08:59:50","modified_gmt":"2025-11-28T08:59:50","slug":"zbiorniki-budowane-na-miejsc","status":"publish","type":"page","link":"https:\/\/gpi-tanks.com\/pl\/zbiorniki-budowane-na-miejsc\/","title":{"rendered":"Zbiorniki budowane na miejscu"},"content":{"rendered":"\t\t<div data-elementor-type=\"wp-page\" data-elementor-id=\"89156\" class=\"elementor elementor-89156 elementor-89153\" data-elementor-post-type=\"page\">\n\t\t\t\t\t\t<section class=\"elementor-section elementor-top-section elementor-element elementor-element-f467da3 elementor-section-boxed elementor-section-height-default elementor-section-height-default\" data-id=\"f467da3\" data-element_type=\"section\">\n\t\t\t\t\t\t<div class=\"elementor-container elementor-column-gap-default\">\n\t\t\t\t\t<div class=\"elementor-column elementor-col-100 elementor-top-column elementor-element elementor-element-389ebbb\" data-id=\"389ebbb\" data-element_type=\"column\">\n\t\t\t<div class=\"elementor-widget-wrap elementor-element-populated\">\n\t\t\t\t\t\t<div class=\"elementor-element elementor-element-c1fec61 elementor-widget elementor-widget-heading\" data-id=\"c1fec61\" data-element_type=\"widget\" data-widget_type=\"heading.default\">\n\t\t\t\t\t<h1 class=\"elementor-heading-title elementor-size-default\">Zbiorniki budowane na miejscu<\/h1>\t\t\t\t<\/div>\n\t\t\t\t<div class=\"elementor-element elementor-element-3bfbdb8 elementor-widget elementor-widget-heading\" data-id=\"3bfbdb8\" data-element_type=\"widget\" data-widget_type=\"heading.default\">\n\t\t\t\t\t<h2 class=\"elementor-heading-title elementor-size-default\">Wysokogatunkowe zbiorniki ze stali nierdzewnej budowane bezpo\u015brednio u klienta<\/h2>\t\t\t\t<\/div>\n\t\t\t\t<div class=\"elementor-element elementor-element-c4d5647 elementor-widget elementor-widget-checklist\" data-id=\"c4d5647\" data-element_type=\"widget\" data-widget_type=\"checklist.default\">\n\t\t\t\t<div class=\"elementor-widget-container\">\n\t\t\t\t\t<!-- <span class=\"material-symbols-outlined\">\ntask_alt\n<\/span> -->\n\n\t<div class=\"checklist-wrapper\">\n\t\t\t\t\t<span class=\"checklist-item\">do 30 m wysoko\u015bci i do 30 m \u015brednicy<\/span>\n\t\t\t\t\t<span class=\"checklist-item\">specjalny projekt i konstrukcja<\/span>\n\t\t\t\t\t<span class=\"checklist-item\">budowane na miejscu dzi\u0119ki wydajnym procesom<\/span>\n\t\t\t<\/div>\n\t\t\t\t<\/div>\n\t\t\t\t<\/div>\n\t\t\t\t<div class=\"elementor-element elementor-element-6925e52 elementor-widget elementor-widget-text-editor\" data-id=\"6925e52\" data-element_type=\"widget\" data-widget_type=\"text-editor.default\">\n\t\t\t\t\t\t\t\t\t<p>Gpi mo\u017ce wybudowa\u0107 zbiorniki bezpo\u015brednio w miejscu wskazanym przez klienta. W tym celu korzystamy z naszego wyj\u0105tkowego systemu rozwijarek, kt\u00f3ry umo\u017cliwia nam opcj\u0119 wydajnej produkcji zbiornik\u00f3w o \u015brednicy i wysoko\u015bci do 30 metr\u00f3w.<\/p>\t\t\t\t\t\t\t\t<\/div>\n\t\t\t\t<div class=\"elementor-element elementor-element-9a66a66 elementor-widget elementor-widget-text-editor\" data-id=\"9a66a66\" data-element_type=\"widget\" data-widget_type=\"text-editor.default\">\n\t\t\t\t\t\t\t\t\t<div class=\"elementor-element elementor-element-88db1c4 elementor-widget elementor-widget-heading\" data-id=\"88db1c4\" data-element_type=\"widget\" data-widget_type=\"heading.default\"><div class=\"elementor-widget-container\"><h2 class=\"elementor-heading-title elementor-size-large\">Zbiorniki o r\u00f3\u017cnych pojemno\u015bciach<\/h2><\/div><\/div><div class=\"elementor-element elementor-element-8dfcfd2 elementor-widget elementor-widget-text-editor\" data-id=\"8dfcfd2\" data-element_type=\"widget\" data-widget_type=\"text-editor.default\"><div class=\"elementor-widget-container\"><div class=\"elementor-text-editor elementor-clearfix\"><p>Zbiorniki budowane na miejscu to bardzo cz\u0119sto zbiorniki magazynowe o du\u017cej pojemno\u015bci. W Gpi jeste\u015bmy otwarci na potrzeby naszych klient\u00f3w i mo\u017cemy wybudowa\u0107 mniejsze zbiorniki o pojemno\u015bci np. 10 m3.<\/p><p>Je\u015bli zbiornik z uwagi na jego rozmiary lub utrudnion\u0105 infrastruktur\u0119 nie mo\u017ce by\u0107 zainstalowany od razu u klienta, mo\u017cemy go pierw prefabrykowa\u0107, a nast\u0119pnie usadowi\u0107 na miejscu.<\/p><h3><strong>Certyfikaty<\/strong><\/h3><p>Bezpiecze\u0144stwo jest najwa\u017cniejszym aspektem naszej pracy. Przek\u0142ada si\u0119 ono r\u00f3wnie\u017c na dalsz\u0105 eksploatacj\u0119 zbiornik\u00f3w u naszych klient\u00f3w. Konfiguracja zbiornik\u00f3w mo\u017ce by\u0107 zgodna z normami, takimi jak Eurokod 3, EN 14015, ASME i API 650. Mo\u017cemy tak\u017ce pom\u00f3c, je\u015bli instalacja podlega przepisom PGS 29 \/ 30 \/31.<\/p><\/div><\/div><\/div>\t\t\t\t\t\t\t\t<\/div>\n\t\t\t\t<div class=\"elementor-element elementor-element-2754cba elementor-widget elementor-widget-video\" data-id=\"2754cba\" data-element_type=\"widget\" data-settings=\"{&quot;youtube_url&quot;:&quot;https:\\\/\\\/www.youtube.com\\\/watch?v=w-ARF26P2rI&quot;,&quot;video_type&quot;:&quot;youtube&quot;,&quot;controls&quot;:&quot;yes&quot;}\" data-widget_type=\"video.default\">\n\t\t\t\t\t\t\t<div class=\"elementor-wrapper elementor-open-inline\">\n\t\t\t<div class=\"elementor-video\"><\/div>\t\t<\/div>\n\t\t\t\t\t\t<\/div>\n\t\t\t\t<div class=\"elementor-element elementor-element-0df0ff6 elementor-widget elementor-widget-spacer\" data-id=\"0df0ff6\" data-element_type=\"widget\" data-widget_type=\"spacer.default\">\n\t\t\t\t\t\t\t<div class=\"elementor-spacer\">\n\t\t\t<div class=\"elementor-spacer-inner\"><\/div>\n\t\t<\/div>\n\t\t\t\t\t\t<\/div>\n\t\t\t\t<section class=\"elementor-section elementor-inner-section elementor-element elementor-element-a523e51 elementor-section-boxed elementor-section-height-default elementor-section-height-default\" data-id=\"a523e51\" data-element_type=\"section\">\n\t\t\t\t\t\t<div class=\"elementor-container elementor-column-gap-default\">\n\t\t\t\t\t<div class=\"elementor-column elementor-col-50 elementor-inner-column elementor-element elementor-element-726e35b\" data-id=\"726e35b\" data-element_type=\"column\">\n\t\t\t<div class=\"elementor-widget-wrap elementor-element-populated\">\n\t\t\t\t\t\t<div class=\"elementor-element elementor-element-8407c6a elementor-widget elementor-widget-text-editor\" data-id=\"8407c6a\" data-element_type=\"widget\" data-widget_type=\"text-editor.default\">\n\t\t\t\t\t\t\t\t\t<h5 class=\"h5-cto\">Chcesz dowiedzie\u0107 si\u0119 wi\u0119cej o zbiornikach budowanych na miejscu?<\/h5>\t\t\t\t\t\t\t\t<\/div>\n\t\t\t\t\t<\/div>\n\t\t<\/div>\n\t\t\t\t<div class=\"elementor-column elementor-col-50 elementor-inner-column elementor-element elementor-element-44b6b76\" data-id=\"44b6b76\" data-element_type=\"column\">\n\t\t\t<div class=\"elementor-widget-wrap elementor-element-populated\">\n\t\t\t\t\t\t<div class=\"elementor-element elementor-element-48c9a71 elementor-widget elementor-widget-request-button\" data-id=\"48c9a71\" data-element_type=\"widget\" data-widget_type=\"request-button.default\">\n\t\t\t\t<div class=\"elementor-widget-container\">\n\t\t\t\t\t\t<div style=\"text-align: center;\">\n\t<a rel=\"nofollow\" href=\"https:\/\/gpi-tanks.com\/pl\/request\/?request=89156\" class=\"arrow-button\">\n\t\t<span style=\"\">Kontakt<\/span>\n\t\t<div class=\"cirlce-box\">\n\t\t\t<i class=\"fal fa-arrow-right\" style=\"\"><\/i>\n\t\t\t<svg width=\"52\" height=\"52\" class=\"outer-circle\">\n\t\t\t\t<circle cx=\"26\" cy=\"26\" r=\"24\" stroke=\"#efefef90\" stroke-width=\"1\" fill-opacity=\"0\" \/>\n\t\t\t\t<circle class=\"circle\" cx=\"26\" cy=\"26\" r=\"24\" stroke=\"#00a799\" fill=\"#fff\" stroke-width=\"3\" \/>\n\t\t\t<\/svg>\n\t\t<\/div>\n\t<\/a>\n\t<\/div>\n\t\t\t\t<\/div>\n\t\t\t\t<\/div>\n\t\t\t\t\t<\/div>\n\t\t<\/div>\n\t\t\t\t\t<\/div>\n\t\t<\/section>\n\t\t\t\t<div class=\"elementor-element elementor-element-b3347d7 elementor-widget elementor-widget-spacer\" data-id=\"b3347d7\" data-element_type=\"widget\" data-widget_type=\"spacer.default\">\n\t\t\t\t\t\t\t<div class=\"elementor-spacer\">\n\t\t\t<div class=\"elementor-spacer-inner\"><\/div>\n\t\t<\/div>\n\t\t\t\t\t\t<\/div>\n\t\t\t\t<div class=\"elementor-element elementor-element-a3081ab elementor-widget elementor-widget-text-editor\" data-id=\"a3081ab\" data-element_type=\"widget\" data-widget_type=\"text-editor.default\">\n\t\t\t\t\t\t\t\t\t<h2 class=\"elementor-heading-title elementor-size-large\">Rozwijarki Gpi<\/h2>\t\t\t\t\t\t\t\t<\/div>\n\t\t\t\t<div class=\"elementor-element elementor-element-631544e elementor-widget elementor-widget-text-editor\" data-id=\"631544e\" data-element_type=\"widget\" data-widget_type=\"text-editor.default\">\n\t\t\t\t\t\t\t\t\t<p>System rozwijarek Gpi pozwala na budow\u0119 zbiornik\u00f3w o \u015brednicy do 30 metr\u00f3w i wysoko\u015bci do 30 metr\u00f3w. Maszyna rozwija arkusze stali nierdzewnej i rozcina je, aby stworzy\u0107 cz\u0119\u015b\u0107 korpusu, po czym automatycznie przyst\u0119puje do spawania. Zbiorniki s\u0105 podnoszone za pomoc\u0105 sterowanego numerycznie podno\u015bnika hydraulicznego, aby przyst\u0105pi\u0107 do \u0142\u0105czenia korpusu ze spodem. Ten kompaktowy system umo\u017cliwia budow\u0119 du\u017cych, wysokiej jako\u015bci zbiornik\u00f3w ze stali nierdzewnej w dowolnej lokalizacji.<\/p>\t\t\t\t\t\t\t\t<\/div>\n\t\t\t\t<div class=\"elementor-element elementor-element-9bc610b elementor-widget elementor-widget-image\" data-id=\"9bc610b\" data-element_type=\"widget\" data-widget_type=\"image.default\">\n\t\t\t\t\t\t\t\t\t\t\t\t\t\t\t<img fetchpriority=\"high\" decoding=\"async\" width=\"1024\" height=\"767\" src=\"https:\/\/gpi-tanks.com\/wp-content\/uploads\/2022\/08\/Afbeelding2.1-2.jpeg\" class=\"attachment-large size-large wp-image-16039\" alt=\"Storage tanks\" srcset=\"https:\/\/gpi-tanks.com\/wp-content\/uploads\/2022\/08\/Afbeelding2.1-2.jpeg 1024w, https:\/\/gpi-tanks.com\/wp-content\/uploads\/2022\/08\/Afbeelding2.1-2-300x225.jpeg 300w, https:\/\/gpi-tanks.com\/wp-content\/uploads\/2022\/08\/Afbeelding2.1-2-768x575.jpeg 768w\" sizes=\"(max-width: 1024px) 100vw, 1024px\" \/>\t\t\t\t\t\t\t\t\t\t\t\t\t\t\t<\/div>\n\t\t\t\t<div class=\"elementor-element elementor-element-d81f284 elementor-widget elementor-widget-spacer\" data-id=\"d81f284\" data-element_type=\"widget\" data-widget_type=\"spacer.default\">\n\t\t\t\t\t\t\t<div class=\"elementor-spacer\">\n\t\t\t<div class=\"elementor-spacer-inner\"><\/div>\n\t\t<\/div>\n\t\t\t\t\t\t<\/div>\n\t\t\t\t<div class=\"elementor-element elementor-element-919459a elementor-widget elementor-widget-text-editor\" data-id=\"919459a\" data-element_type=\"widget\" data-widget_type=\"text-editor.default\">\n\t\t\t\t\t\t\t\t\t<h2 class=\"elementor-heading-title elementor-size-large\">Produkcja r\u00f3wnoleg\u0142a<\/h2><p>Je\u017celi wymagana jest budowa takich samych zbiornik\u00f3w w kr\u00f3tkim czasie, mo\u017cemy skorzysta\u0107 z procesu produkcji r\u00f3wnoleg\u0142ej. W przeciwie\u0144stwie do metody konstrukcji zbiornik\u00f3w przy pomocy rozwijarek,\u00a0 jeste\u015bmy przygotowani na budow\u0119 kilku zbiornik\u00f3w r\u00f3wnocze\u015bnie, podczas gdy jeden centralny d\u017awig wykonuje wszystkie operacje zwi\u0105zane z ich podnoszeniem.<\/p><p>Przeczytaj wi\u0119cej o tej metodzie na stronie\u00a0<a href=\"https:\/\/gpi-tanksxl.com\/\" target=\"_blank\" rel=\"noopener noreferrer\">Gpi XL<\/a><\/p><p><a href=\"https:\/\/gpi-tanks.com\/pl\/products\/\" target=\"_blank\" rel=\"noopener noreferrer\"><strong>Zobacz jakie jeszcze rodzaje zbiornik\u00f3w mo\u017cemy zbudowa\u0107<\/strong><\/a><\/p>\t\t\t\t\t\t\t\t<\/div>\n\t\t\t\t<div class=\"elementor-element elementor-element-a395dfd elementor-widget elementor-widget-image\" data-id=\"a395dfd\" data-element_type=\"widget\" data-widget_type=\"image.default\">\n\t\t\t\t\t\t\t\t\t\t\t\t\t\t\t<img decoding=\"async\" width=\"1024\" height=\"768\" src=\"https:\/\/gpi-tanks.com\/wp-content\/uploads\/2021\/11\/Storage-tanks_site-built-tanks-1024x768.jpg\" class=\"attachment-large size-large wp-image-677\" alt=\"Gpi tanks on location\" srcset=\"https:\/\/gpi-tanks.com\/wp-content\/uploads\/2021\/11\/Storage-tanks_site-built-tanks-1024x768.jpg 1024w, https:\/\/gpi-tanks.com\/wp-content\/uploads\/2021\/11\/Storage-tanks_site-built-tanks-300x225.jpg 300w, https:\/\/gpi-tanks.com\/wp-content\/uploads\/2021\/11\/Storage-tanks_site-built-tanks-768x576.jpg 768w, https:\/\/gpi-tanks.com\/wp-content\/uploads\/2021\/11\/Storage-tanks_site-built-tanks-1536x1152.jpg 1536w, https:\/\/gpi-tanks.com\/wp-content\/uploads\/2021\/11\/Storage-tanks_site-built-tanks.jpg 1600w\" sizes=\"(max-width: 1024px) 100vw, 1024px\" \/>\t\t\t\t\t\t\t\t\t\t\t\t\t\t\t<\/div>\n\t\t\t\t\t<\/div>\n\t\t<\/div>\n\t\t\t\t\t<\/div>\n\t\t<\/section>\n\t\t\t\t<section class=\"elementor-section elementor-top-section elementor-element elementor-element-b45ec69 elementor-section-boxed elementor-section-height-default elementor-section-height-default\" data-id=\"b45ec69\" data-element_type=\"section\">\n\t\t\t\t\t\t<div class=\"elementor-container elementor-column-gap-default\">\n\t\t\t\t\t<div class=\"elementor-column elementor-col-100 elementor-top-column elementor-element elementor-element-d24be07\" data-id=\"d24be07\" data-element_type=\"column\">\n\t\t\t<div class=\"elementor-widget-wrap elementor-element-populated\">\n\t\t\t\t\t\t<div class=\"elementor-element elementor-element-06042ac elementor-widget elementor-widget-heading\" data-id=\"06042ac\" data-element_type=\"widget\" data-widget_type=\"heading.default\">\n\t\t\t\t\t<h2 class=\"elementor-heading-title elementor-size-default\">Nasze produkty<\/h2>\t\t\t\t<\/div>\n\t\t\t\t<div class=\"elementor-element elementor-element-ea69d47 elementor-grid-1 elementor-grid-tablet-2 elementor-grid-mobile-1 load-more-align-center elementor-widget elementor-widget-posts\" data-id=\"ea69d47\" data-element_type=\"widget\" data-settings=\"{&quot;archive_small_columns&quot;:&quot;1&quot;,&quot;pagination_type&quot;:&quot;load_more_on_click&quot;,&quot;load_more_spinner&quot;:{&quot;value&quot;:&quot;fas fa-circle-notch&quot;,&quot;library&quot;:&quot;fa-solid&quot;},&quot;archive_small_columns_tablet&quot;:&quot;2&quot;,&quot;archive_small_columns_mobile&quot;:&quot;1&quot;,&quot;archive_small_row_gap&quot;:{&quot;unit&quot;:&quot;px&quot;,&quot;size&quot;:35,&quot;sizes&quot;:[]},&quot;archive_small_row_gap_tablet&quot;:{&quot;unit&quot;:&quot;px&quot;,&quot;size&quot;:&quot;&quot;,&quot;sizes&quot;:[]},&quot;archive_small_row_gap_mobile&quot;:{&quot;unit&quot;:&quot;px&quot;,&quot;size&quot;:&quot;&quot;,&quot;sizes&quot;:[]}}\" data-widget_type=\"posts.archive_small\">\n\t\t\t\t<div class=\"elementor-widget-container\">\n\t\t\t\t\t\t\t<div class=\"elementor-posts-container elementor-posts elementor-posts--skin-small elementor-grid\" role=\"list\">\n\t\t\t\t<article class=\"elementor-post elementor-grid-item post-9658 products type-products status-publish has-post-thumbnail hentry tag-magazynowanie tag-storage-tanks-pl tag-zbiorniki-magazynowe product-category-zbiorniki-magazynowe-pl\" role=\"listitem\">\n\t\t<article class=\"post-card-small ttp-post-card\">\n\t<div class=\"post-card-small-image\">\n\t\t<a href=\"https:\/\/gpi-tanks.com\/pl\/produkt\/zbiorniki-wielokomorowe\/\">\n\t\t\t<img decoding=\"async\" width=\"2048\" height=\"1365\" src=\"https:\/\/gpi-tanks.com\/wp-content\/uploads\/2022\/06\/meerkamer-PL.jpg\" class=\"attachment-full size-full wp-post-image\" alt=\"\" srcset=\"https:\/\/gpi-tanks.com\/wp-content\/uploads\/2022\/06\/meerkamer-PL.jpg 2048w, https:\/\/gpi-tanks.com\/wp-content\/uploads\/2022\/06\/meerkamer-PL-300x200.jpg 300w, https:\/\/gpi-tanks.com\/wp-content\/uploads\/2022\/06\/meerkamer-PL-1024x683.jpg 1024w, https:\/\/gpi-tanks.com\/wp-content\/uploads\/2022\/06\/meerkamer-PL-768x512.jpg 768w, https:\/\/gpi-tanks.com\/wp-content\/uploads\/2022\/06\/meerkamer-PL-1536x1024.jpg 1536w\" sizes=\"(max-width: 2048px) 100vw, 2048px\" \/>\t\t<\/a>\n\t<\/div>\n\n\t<div class=\"post-card-small-content\">\n\t\t<a href=\"https:\/\/gpi-tanks.com\/pl\/produkt\/zbiorniki-wielokomorowe\/\">\n\t\t\t<h3 class=\"post-card-small-title\">Zbiorniki wielokomorowe<\/h3>\t\t\t<p>Zbiorniki wielokomorowe Czy wiesz, \u017ce mo\u017cesz zam\u00f3wi\u0107 u nas r\u00f3wnie\u017c zbiorniki wielokomorowe?...<\/p>\n\t\t<\/a>\n\t<\/div>\n\n\t<a href=\"https:\/\/gpi-tanks.com\/pl\/produkt\/zbiorniki-wielokomorowe\/\" class=\"read-more arrow-button\">\n\t\t<div class=\"cirlce-box\">\n\t\t\t<i class=\"fal fa-arrow-right\"><\/i>\n\t\t\t<svg width=\"52\" height=\"52\" class=\"outer-circle\">\n\t\t\t\t<circle cx=\"26\" cy=\"26\" r=\"24\" stroke=\"#efefef90\" stroke-width=\"1\" fill-opacity=\"0\" \/>\n\t\t\t\t<circle class=\"circle\" cx=\"26\" cy=\"26\" r=\"24\" stroke=\"#00a799\" fill=\"#fff\" stroke-width=\"3\" \/>\n\t\t\t<\/svg>\n\t\t<\/div>\n\t<\/a>\n<\/article>\n\t\t<\/article>\n\t\t\t\t<article class=\"elementor-post elementor-grid-item post-9614 products type-products status-publish has-post-thumbnail hentry tag-food-pl tag-magazynowanie tag-storage-tanks tag-storage-tanks-pl tag-zbiorniki-magazynowe product-category-zbiorniki-magazynowe-pl\" role=\"listitem\">\n\t\t<article class=\"post-card-small ttp-post-card\">\n\t<div class=\"post-card-small-image\">\n\t\t<a href=\"https:\/\/gpi-tanks.com\/pl\/produkt\/zbiorniki-do-magazynowania-wody\/\">\n\t\t\t<img loading=\"lazy\" decoding=\"async\" width=\"2560\" height=\"1707\" src=\"https:\/\/gpi-tanks.com\/wp-content\/uploads\/2021\/11\/Evides-opslagtanks-1.jpg\" class=\"attachment-full size-full wp-post-image\" alt=\"Rvs water opslagtanks van 300 liter tot 15.000 m3\" srcset=\"https:\/\/gpi-tanks.com\/wp-content\/uploads\/2021\/11\/Evides-opslagtanks-1.jpg 2560w, https:\/\/gpi-tanks.com\/wp-content\/uploads\/2021\/11\/Evides-opslagtanks-1-300x200.jpg 300w, https:\/\/gpi-tanks.com\/wp-content\/uploads\/2021\/11\/Evides-opslagtanks-1-1024x683.jpg 1024w, https:\/\/gpi-tanks.com\/wp-content\/uploads\/2021\/11\/Evides-opslagtanks-1-768x512.jpg 768w, https:\/\/gpi-tanks.com\/wp-content\/uploads\/2021\/11\/Evides-opslagtanks-1-1536x1024.jpg 1536w, https:\/\/gpi-tanks.com\/wp-content\/uploads\/2021\/11\/Evides-opslagtanks-1-2048x1366.jpg 2048w\" sizes=\"(max-width: 2560px) 100vw, 2560px\" \/>\t\t<\/a>\n\t<\/div>\n\n\t<div class=\"post-card-small-content\">\n\t\t<a href=\"https:\/\/gpi-tanks.com\/pl\/produkt\/zbiorniki-do-magazynowania-wody\/\">\n\t\t\t<h3 class=\"post-card-small-title\">Zbiorniki do magazynowania wody<\/h3>\t\t\t<p>Zbiorniki do magazynowania wody Magazynowanie od 500 litr\u00f3w do 15000 m3 Gpi...<\/p>\n\t\t<\/a>\n\t<\/div>\n\n\t<a href=\"https:\/\/gpi-tanks.com\/pl\/produkt\/zbiorniki-do-magazynowania-wody\/\" class=\"read-more arrow-button\">\n\t\t<div class=\"cirlce-box\">\n\t\t\t<i class=\"fal fa-arrow-right\"><\/i>\n\t\t\t<svg width=\"52\" height=\"52\" class=\"outer-circle\">\n\t\t\t\t<circle cx=\"26\" cy=\"26\" r=\"24\" stroke=\"#efefef90\" stroke-width=\"1\" fill-opacity=\"0\" \/>\n\t\t\t\t<circle class=\"circle\" cx=\"26\" cy=\"26\" r=\"24\" stroke=\"#00a799\" fill=\"#fff\" stroke-width=\"3\" \/>\n\t\t\t<\/svg>\n\t\t<\/div>\n\t<\/a>\n<\/article>\n\t\t<\/article>\n\t\t\t\t<article class=\"elementor-post elementor-grid-item post-9607 products type-products status-publish has-post-thumbnail hentry tag-food-pl tag-magazynowanie tag-zbiorniki-magazynowe tag-zywnosc product-category-zbiorniki-magazynowe-pl product-category-zbiorniki-na-zywnosc\" role=\"listitem\">\n\t\t<article class=\"post-card-small ttp-post-card\">\n\t<div class=\"post-card-small-image\">\n\t\t<a href=\"https:\/\/gpi-tanks.com\/pl\/produkt\/zbiornik-na-olej-rybny\/\">\n\t\t\t<img loading=\"lazy\" decoding=\"async\" width=\"2560\" height=\"1877\" src=\"https:\/\/gpi-tanks.com\/wp-content\/uploads\/2021\/11\/Fish-oil-tank_Gpi-tanks.jpg\" class=\"attachment-full size-full wp-post-image\" alt=\"Opslag en verwerking van rauwe vis en visolie\" srcset=\"https:\/\/gpi-tanks.com\/wp-content\/uploads\/2021\/11\/Fish-oil-tank_Gpi-tanks.jpg 2560w, https:\/\/gpi-tanks.com\/wp-content\/uploads\/2021\/11\/Fish-oil-tank_Gpi-tanks-300x220.jpg 300w, https:\/\/gpi-tanks.com\/wp-content\/uploads\/2021\/11\/Fish-oil-tank_Gpi-tanks-1024x751.jpg 1024w, https:\/\/gpi-tanks.com\/wp-content\/uploads\/2021\/11\/Fish-oil-tank_Gpi-tanks-768x563.jpg 768w, https:\/\/gpi-tanks.com\/wp-content\/uploads\/2021\/11\/Fish-oil-tank_Gpi-tanks-1536x1126.jpg 1536w, https:\/\/gpi-tanks.com\/wp-content\/uploads\/2021\/11\/Fish-oil-tank_Gpi-tanks-2048x1502.jpg 2048w\" sizes=\"(max-width: 2560px) 100vw, 2560px\" \/>\t\t<\/a>\n\t<\/div>\n\n\t<div class=\"post-card-small-content\">\n\t\t<a href=\"https:\/\/gpi-tanks.com\/pl\/produkt\/zbiornik-na-olej-rybny\/\">\n\t\t\t<h3 class=\"post-card-small-title\">Zbiorniki na olej rybny<\/h3>\t\t\t<p>Zbiornik na olej rybny Zbiorniki nierdzewne na olej rybny do przechowywania i...<\/p>\n\t\t<\/a>\n\t<\/div>\n\n\t<a href=\"https:\/\/gpi-tanks.com\/pl\/produkt\/zbiornik-na-olej-rybny\/\" class=\"read-more arrow-button\">\n\t\t<div class=\"cirlce-box\">\n\t\t\t<i class=\"fal fa-arrow-right\"><\/i>\n\t\t\t<svg width=\"52\" height=\"52\" class=\"outer-circle\">\n\t\t\t\t<circle cx=\"26\" cy=\"26\" r=\"24\" stroke=\"#efefef90\" stroke-width=\"1\" fill-opacity=\"0\" \/>\n\t\t\t\t<circle class=\"circle\" cx=\"26\" cy=\"26\" r=\"24\" stroke=\"#00a799\" fill=\"#fff\" stroke-width=\"3\" \/>\n\t\t\t<\/svg>\n\t\t<\/div>\n\t<\/a>\n<\/article>\n\t\t<\/article>\n\t\t\t\t<\/div>\n\t\t\t\t\t<span class=\"e-load-more-spinner\">\n\t\t\t\t<svg aria-hidden=\"true\" class=\"e-font-icon-svg e-fas-circle-notch\" viewBox=\"0 0 512 512\" xmlns=\"http:\/\/www.w3.org\/2000\/svg\"><path d=\"M288 39.056v16.659c0 10.804 7.281 20.159 17.686 23.066C383.204 100.434 440 171.518 440 256c0 101.689-82.295 184-184 184-101.689 0-184-82.295-184-184 0-84.47 56.786-155.564 134.312-177.219C216.719 75.874 224 66.517 224 55.712V39.064c0-15.709-14.834-27.153-30.046-23.234C86.603 43.482 7.394 141.206 8.003 257.332c.72 137.052 111.477 246.956 248.531 246.667C393.255 503.711 504 392.788 504 256c0-115.633-79.14-212.779-186.211-240.236C302.678 11.889 288 23.456 288 39.056z\"><\/path><\/svg>\t\t\t<\/span>\n\t\t\n\t\t\t\t<div class=\"e-load-more-anchor\" data-page=\"1\" data-max-page=\"2\" data-next-page=\"https:\/\/gpi-tanks.com\/pl\/wp-json\/wp\/v2\/pages\/89156\/page\/2\/\"><\/div>\n\t\t\t\t<div class=\"elementor-button-wrapper\">\n\t\t\t<a class=\"elementor-button elementor-size-sm\" role=\"button\">\n\t\t\t\t\t\t<span class=\"elementor-button-content-wrapper\">\n\t\t\t\t\t\t\t\t\t<span class=\"elementor-button-text\">Load More<\/span>\n\t\t\t\t\t<\/span>\n\t\t\t\t\t<\/a>\n\t\t<\/div>\n\t\t\t\t<div class=\"e-load-more-message\">No more posts to show<\/div>\n\t\t\t\t\t\t<\/div>\n\t\t\t\t<\/div>\n\t\t\t\t\t<\/div>\n\t\t<\/div>\n\t\t\t\t\t<\/div>\n\t\t<\/section>\n\t\t\t\t<\/div>\n\t\t","protected":false},"excerpt":{"rendered":"<p>Zbiorniki budowane na miejscu Wysokogatunkowe zbiorniki ze stali nierdzewnej budowane bezpo\u015brednio u klienta do 30 m wysoko\u015bci i do 30 m \u015brednicy specjalny projekt i konstrukcja budowane na miejscu dzi\u0119ki wydajnym procesom Gpi mo\u017ce wybudowa\u0107 zbiorniki bezpo\u015brednio w miejscu wskazanym przez klienta. W tym celu korzystamy z naszego wyj\u0105tkowego systemu rozwijarek, kt\u00f3ry umo\u017cliwia nam opcj\u0119<\/p>\n","protected":false},"author":26,"featured_media":677,"parent":0,"menu_order":0,"comment_status":"closed","ping_status":"closed","template":"","meta":{"_acf_changed":false,"footnotes":""},"class_list":["post-89156","page","type-page","status-publish","has-post-thumbnail","hentry"],"acf":[],"_links":{"self":[{"href":"https:\/\/gpi-tanks.com\/pl\/wp-json\/wp\/v2\/pages\/89156","targetHints":{"allow":["GET"]}}],"collection":[{"href":"https:\/\/gpi-tanks.com\/pl\/wp-json\/wp\/v2\/pages"}],"about":[{"href":"https:\/\/gpi-tanks.com\/pl\/wp-json\/wp\/v2\/types\/page"}],"author":[{"embeddable":true,"href":"https:\/\/gpi-tanks.com\/pl\/wp-json\/wp\/v2\/users\/26"}],"replies":[{"embeddable":true,"href":"https:\/\/gpi-tanks.com\/pl\/wp-json\/wp\/v2\/comments?post=89156"}],"version-history":[{"count":5,"href":"https:\/\/gpi-tanks.com\/pl\/wp-json\/wp\/v2\/pages\/89156\/revisions"}],"predecessor-version":[{"id":89176,"href":"https:\/\/gpi-tanks.com\/pl\/wp-json\/wp\/v2\/pages\/89156\/revisions\/89176"}],"wp:featuredmedia":[{"embeddable":true,"href":"https:\/\/gpi-tanks.com\/pl\/wp-json\/wp\/v2\/media\/677"}],"wp:attachment":[{"href":"https:\/\/gpi-tanks.com\/pl\/wp-json\/wp\/v2\/media?parent=89156"}],"curies":[{"name":"wp","href":"https:\/\/api.w.org\/{rel}","templated":true}]}}