{"id":91568,"date":"2025-11-26T14:48:14","date_gmt":"2025-11-26T14:48:14","guid":{"rendered":"https:\/\/gpi-tanks.com\/stainless-steel-storage-tanks\/"},"modified":"2026-04-16T06:28:25","modified_gmt":"2026-04-16T06:28:25","slug":"rostfritt-lagringstankar","status":"publish","type":"page","link":"https:\/\/gpi-tanks.com\/sv\/rostfritt-lagringstankar\/","title":{"rendered":"Lagringstankar av rostfritt st\u00e5l"},"content":{"rendered":"\t\t<div data-elementor-type=\"wp-page\" data-elementor-id=\"91568\" class=\"elementor elementor-91568 elementor-88917\" data-elementor-post-type=\"page\">\n\t\t\t\t\t\t<section class=\"elementor-section elementor-top-section elementor-element elementor-element-bba1b29 elementor-section-boxed elementor-section-height-default elementor-section-height-default\" data-id=\"bba1b29\" data-element_type=\"section\">\n\t\t\t\t\t\t<div class=\"elementor-container elementor-column-gap-default\">\n\t\t\t\t\t<div class=\"elementor-column elementor-col-100 elementor-top-column elementor-element elementor-element-ffe279f\" data-id=\"ffe279f\" data-element_type=\"column\">\n\t\t\t<div class=\"elementor-widget-wrap elementor-element-populated\">\n\t\t\t\t\t\t<div class=\"elementor-element elementor-element-074039b elementor-widget elementor-widget-spacer\" data-id=\"074039b\" data-element_type=\"widget\" data-widget_type=\"spacer.default\">\n\t\t\t\t\t\t\t<div class=\"elementor-spacer\">\n\t\t\t<div class=\"elementor-spacer-inner\"><\/div>\n\t\t<\/div>\n\t\t\t\t\t\t<\/div>\n\t\t\t\t<div class=\"elementor-element elementor-element-bd03b3f elementor-widget elementor-widget-heading\" data-id=\"bd03b3f\" data-element_type=\"widget\" data-widget_type=\"heading.default\">\n\t\t\t\t\t<h1 class=\"elementor-heading-title elementor-size-default\">Lagringstankar av rostfritt st\u00e5l<\/h1>\t\t\t\t<\/div>\n\t\t\t\t<div class=\"elementor-element elementor-element-091f419 elementor-widget elementor-widget-text-editor\" data-id=\"091f419\" data-element_type=\"widget\" data-widget_type=\"text-editor.default\">\n\t\t\t\t\t\t\t\t\t<p>Gpi tillverkar alla sorters f\u00f6rvaringstankar i alla m\u00f6jliga storlekar och f\u00f6r alla t\u00e4nkbara till\u00e4mpningar och industrier. Utbudet varierar fr\u00e5n k\u00e4rl med en kapacitet p\u00e5 500 liter med h\u00f6gkvalitativ ytbehandling f\u00f6r l\u00e4kemedelsprodukter, till tankar med en kapacitet p\u00e5 12 000 m3 f\u00f6r dricksvatten och f\u00f6rvaring av halvf\u00e4rdiga produkter inom kemikalieindustri\u00a0<\/p>\n<p>Om tanken inte kan transporteras p\u00e5 v\u00e4g, bygger vi ofta f\u00f6rvaringstankar p\u00e5 v\u00e5r anl\u00e4ggning i Groot Ammers. Den fabriken ligger l\u00e4ngs med floden Lek, som g\u00f6r det m\u00f6jligt att transportera tankarna sj\u00f6v\u00e4gen. Om det inte \u00e4r m\u00f6jligt att transportera tankarna till er kan vi \u00e4ven bygga tankar med en diameter p\u00e5 upp till 30 meter och 30 meter i h\u00f6jd, direkt p\u00e5 er anl\u00e4ggning. F\u00f6r detta anv\u00e4nder vi ofta v\u00e5rt ringelbyggnadssystem, som s\u00e4kerst\u00e4ller h\u00f6geffektiv tillverkning och tankar av h\u00f6g kvalitet.<\/p>\n<p>S\u00e4kerheten \u00e4r av st\u00f6rsta vikt f\u00f6r tankar oavsett storlek och oavsett tillverkningsmetod, b\u00e5de under tillverkning och anv\u00e4ndning. Tankar kan konfigureras enligt alla relevanta standarder, till exempel Eurocode 3, EN 14015, ASME och API 650. Alla tekniska konstruktioner, s\u00e5som uppv\u00e4rmda\/kylda tankar, dubbla bottnar, kupoltak eller dubbelv\u00e4ggade tankar \u00e4r m\u00f6jliga.<\/p>\t\t\t\t\t\t\t\t<\/div>\n\t\t\t\t<div class=\"elementor-element elementor-element-c876e24 elementor-widget elementor-widget-checklist\" data-id=\"c876e24\" data-element_type=\"widget\" data-widget_type=\"checklist.default\">\n\t\t\t\t<div class=\"elementor-widget-container\">\n\t\t\t\t\t<!-- <span class=\"material-symbols-outlined\">\ntask_alt\n<\/span> -->\n\n\t<div class=\"checklist-wrapper\">\n\t\t\t\t\t<span class=\"checklist-item\">Rostfritt st\u00e5ltank f\u00f6r s\u00e4ker lagring<\/span>\n\t\t\t\t\t<span class=\"checklist-item\">Flexibel produktion och installation<\/span>\n\t\t\t\t\t<span class=\"checklist-item\">Lagringstank av rostfritt st\u00e5l f\u00f6r h\u00f6gkvalitativa produkter<\/span>\n\t\t\t\t\t<span class=\"checklist-item\">H\u00f6g s\u00e4kerhet och certifieringar<\/span>\n\t\t\t<\/div>\n\t\t\t\t<\/div>\n\t\t\t\t<\/div>\n\t\t\t\t<div class=\"elementor-element elementor-element-d4b191b elementor-widget elementor-widget-image\" data-id=\"d4b191b\" data-element_type=\"widget\" data-widget_type=\"image.default\">\n\t\t\t\t\t\t\t\t\t\t\t\t\t\t\t<img fetchpriority=\"high\" decoding=\"async\" width=\"1024\" height=\"427\" src=\"https:\/\/gpi-tanks.com\/wp-content\/uploads\/2026\/03\/Stainless-steel-storage-tanks-_-Gpi-tanks-1-1024x427.jpg\" class=\"attachment-large size-large wp-image-92622\" alt=\"Rostfria lagringstankar i rad p\u00e5 avst\u00e5nd vid Gpi-anl\u00e4ggning\" srcset=\"https:\/\/gpi-tanks.com\/wp-content\/uploads\/2026\/03\/Stainless-steel-storage-tanks-_-Gpi-tanks-1-1024x427.jpg 1024w, https:\/\/gpi-tanks.com\/wp-content\/uploads\/2026\/03\/Stainless-steel-storage-tanks-_-Gpi-tanks-1-300x125.jpg 300w, https:\/\/gpi-tanks.com\/wp-content\/uploads\/2026\/03\/Stainless-steel-storage-tanks-_-Gpi-tanks-1-768x320.jpg 768w, https:\/\/gpi-tanks.com\/wp-content\/uploads\/2026\/03\/Stainless-steel-storage-tanks-_-Gpi-tanks-1-1536x640.jpg 1536w, https:\/\/gpi-tanks.com\/wp-content\/uploads\/2026\/03\/Stainless-steel-storage-tanks-_-Gpi-tanks-1.jpg 1920w\" sizes=\"(max-width: 1024px) 100vw, 1024px\" \/>\t\t\t\t\t\t\t\t\t\t\t\t\t\t\t<\/div>\n\t\t\t\t<section class=\"elementor-section elementor-inner-section elementor-element elementor-element-2776b68 elementor-section-boxed elementor-section-height-default elementor-section-height-default\" data-id=\"2776b68\" data-element_type=\"section\">\n\t\t\t\t\t\t<div class=\"elementor-container elementor-column-gap-default\">\n\t\t\t\t\t<div class=\"elementor-column elementor-col-50 elementor-inner-column elementor-element elementor-element-747dfd0\" data-id=\"747dfd0\" data-element_type=\"column\">\n\t\t\t<div class=\"elementor-widget-wrap elementor-element-populated\">\n\t\t\t\t\t\t<div class=\"elementor-element elementor-element-39b04cd elementor-widget elementor-widget-text-editor\" data-id=\"39b04cd\" data-element_type=\"widget\" data-widget_type=\"text-editor.default\">\n\t\t\t\t\t\t\t\t\t<h5 class=\"h5-cto\">Har du n\u00e5gra fr\u00e5gor om v\u00e5ra f\u00f6rvaringstankar?<\/h5>\t\t\t\t\t\t\t\t<\/div>\n\t\t\t\t\t<\/div>\n\t\t<\/div>\n\t\t\t\t<div class=\"elementor-column elementor-col-50 elementor-inner-column elementor-element elementor-element-c29a1f1\" data-id=\"c29a1f1\" data-element_type=\"column\">\n\t\t\t<div class=\"elementor-widget-wrap elementor-element-populated\">\n\t\t\t\t\t\t<div class=\"elementor-element elementor-element-82f810f elementor-widget elementor-widget-request-button\" data-id=\"82f810f\" data-element_type=\"widget\" data-widget_type=\"request-button.default\">\n\t\t\t\t<div class=\"elementor-widget-container\">\n\t\t\t\t\t\t<div style=\"text-align: center;\">\n\t<a rel=\"nofollow\" href=\"https:\/\/gpi-tanks.com\/sv\/kontakta\/?request=91568\" class=\"arrow-button\">\n\t\t<span style=\"\">Kontakt<\/span>\n\t\t<div class=\"cirlce-box\">\n\t\t\t<i class=\"fal fa-arrow-right\" style=\"\"><\/i>\n\t\t\t<svg width=\"52\" height=\"52\" class=\"outer-circle\">\n\t\t\t\t<circle cx=\"26\" cy=\"26\" r=\"24\" stroke=\"#efefef90\" stroke-width=\"1\" fill-opacity=\"0\" \/>\n\t\t\t\t<circle class=\"circle\" cx=\"26\" cy=\"26\" r=\"24\" stroke=\"#00a799\" fill=\"#fff\" stroke-width=\"3\" \/>\n\t\t\t<\/svg>\n\t\t<\/div>\n\t<\/a>\n\t<\/div>\n\t\t\t\t<\/div>\n\t\t\t\t<\/div>\n\t\t\t\t\t<\/div>\n\t\t<\/div>\n\t\t\t\t\t<\/div>\n\t\t<\/section>\n\t\t\t\t<div class=\"elementor-element elementor-element-7db8647 elementor-widget elementor-widget-spacer\" data-id=\"7db8647\" data-element_type=\"widget\" data-widget_type=\"spacer.default\">\n\t\t\t\t\t\t\t<div class=\"elementor-spacer\">\n\t\t\t<div class=\"elementor-spacer-inner\"><\/div>\n\t\t<\/div>\n\t\t\t\t\t\t<\/div>\n\t\t\t\t<div class=\"elementor-element elementor-element-21acd0d elementor-widget elementor-widget-text-editor\" data-id=\"21acd0d\" data-element_type=\"widget\" data-widget_type=\"text-editor.default\">\n\t\t\t\t\t\t\t\t\t<h2><strong>Anv\u00e4ndningsomr\u00e5den<\/strong><\/h2>\n<p>V\u00e5ra rostfria lagringstankar och cisterner anv\u00e4nds inom en rad olika industrier, inklusive livsmedel, dryck, vattenbehandling, kosmetika, biobr\u00e4nslen och kemikalieproduktion. De \u00e4r s\u00e4rskilt l\u00e4mpade f\u00f6r produkter som kr\u00e4ver h\u00f6g renhet, s\u00e5som <a href=\"https:\/\/gpi-tanks.com\/sv\/produkter\/fiskoljetank\/\">fiskeolja<\/a> och mj\u00f6lk, d\u00e4r korrekt materialval och hygieniska l\u00f6sningar \u00e4r avg\u00f6rande. Genom att anpassa konstruktion, material och utrustning kan vi leverera l\u00f6sningar som uppfyller de specifika kraven f\u00f6r varje produkt och bransch.<\/p>\t\t\t\t\t\t\t\t<\/div>\n\t\t\t\t<div class=\"elementor-element elementor-element-89402b2 elementor-widget elementor-widget-text-editor\" data-id=\"89402b2\" data-element_type=\"widget\" data-widget_type=\"text-editor.default\">\n\t\t\t\t\t\t\t\t\t<h2><strong>Flexibla f\u00f6rvaringstankar av rostfritt st\u00e5l<\/strong><\/h2>\n<p>Om tanken inte kan transporteras p\u00e5 v\u00e4g, bygger vi ofta f\u00f6rvaringstankar p\u00e5 v\u00e5r anl\u00e4ggning i Groot Ammers. Den fabriken ligger l\u00e4ngs med floden Lek, som g\u00f6r det m\u00f6jligt att transportera tankarna sj\u00f6v\u00e4gen. Om det inte \u00e4r m\u00f6jligt att transportera tankarna till er kan vi \u00e4ven bygga tankar med en diameter p\u00e5 upp till 30 meter och 30 meter i h\u00f6jd, direkt p\u00e5 er anl\u00e4ggning. F\u00f6r detta anv\u00e4nder vi ofta v\u00e5rt ringelbyggnadssystem, som s\u00e4kerst\u00e4ller h\u00f6geffektiv tillverkning och tankar av h\u00f6g kvalitet.<\/p>\n<p>S\u00e4kerheten \u00e4r av st\u00f6rsta vikt f\u00f6r tankar oavsett storlek och oavsett tillverkningsmetod, b\u00e5de under tillverkning och anv\u00e4ndning. Tankar kan konfigureras enligt alla relevanta standarder, till exempel Eurocode 3, EN 14015, ASME och API 650. Alla tekniska konstruktioner, s\u00e5som uppv\u00e4rmda\/kylda tankar, dubbla bottnar, kupoltak eller dubbelv\u00e4ggade tankar \u00e4r m\u00f6jliga.<\/p>\t\t\t\t\t\t\t\t<\/div>\n\t\t\t\t<div class=\"elementor-element elementor-element-8817f76 elementor-widget elementor-widget-image\" data-id=\"8817f76\" data-element_type=\"widget\" data-widget_type=\"image.default\">\n\t\t\t\t\t\t\t\t\t\t\t\t\t\t\t<img decoding=\"async\" width=\"1024\" height=\"767\" src=\"https:\/\/gpi-tanks.com\/wp-content\/uploads\/2026\/03\/Afbeelding2.1-2.jpeg\" class=\"attachment-large size-large wp-image-92640\" alt=\"Stora rostfria cisterner under tillverkning p\u00e5 Gpi-anl\u00e4ggning\" srcset=\"https:\/\/gpi-tanks.com\/wp-content\/uploads\/2026\/03\/Afbeelding2.1-2.jpeg 1024w, https:\/\/gpi-tanks.com\/wp-content\/uploads\/2026\/03\/Afbeelding2.1-2-300x225.jpeg 300w, https:\/\/gpi-tanks.com\/wp-content\/uploads\/2026\/03\/Afbeelding2.1-2-768x575.jpeg 768w\" sizes=\"(max-width: 1024px) 100vw, 1024px\" \/>\t\t\t\t\t\t\t\t\t\t\t\t\t\t\t<\/div>\n\t\t\t\t<div class=\"elementor-element elementor-element-5d718c7 elementor-widget elementor-widget-text-editor\" data-id=\"5d718c7\" data-element_type=\"widget\" data-widget_type=\"text-editor.default\">\n\t\t\t\t\t\t\t\t\t<h2><strong>Cisternerna f\u00f6r kemikalier och farmaceutiska v\u00e4tskor<\/strong><\/h2>\n<p>Cisternerna \u00e4r specialtankar av rostfritt st\u00e5l som anv\u00e4nds f\u00f6r s\u00e4ker och effektiv lagring av v\u00e4tskor med h\u00f6ga krav p\u00e5 renhet och h\u00e5llbarhet. De \u00e4r s\u00e4rskilt anpassade f\u00f6r kemiska och farmaceutiska produkter, d\u00e4r korrekt materialval och konstruktion \u00e4r avg\u00f6rande f\u00f6r att bevara kvalitet och s\u00e4kerhet under hela lagrings- och hanteringsprocessen. V\u00e5ra cisterner kan byggas med isolering, omr\u00f6rare eller uppv\u00e4rmning\/kylning f\u00f6r att m\u00f6ta era specifika behov.<\/p>\t\t\t\t\t\t\t\t<\/div>\n\t\t\t\t<div class=\"elementor-element elementor-element-ff890b1 elementor-widget elementor-widget-text-editor\" data-id=\"ff890b1\" data-element_type=\"widget\" data-widget_type=\"text-editor.default\">\n\t\t\t\t\t\t\t\t\t<h2><strong>PED-tryckk\u00e4rl enligt NEN-EN13445<\/strong><\/h2>\n<p>Lloyds har granskat Gpi och auktoriserat f\u00f6retaget att p\u00e5 egen hand konstruera och tillverka trycktankar \u00f6ver 0,5 bar (certifierat f\u00f6r H + H1). Om er f\u00f6rvaringstank \u00e4r en del av en PED-installation kommer projektteknikern att samarbete med kunden och v\u00e5r egen QA\/QC-personal f\u00f6r att g\u00f6ra en riskanalys och skapa en test- och inspektionsplan.\u00a0Dessa tankar konstrueras ofta f\u00f6r att uppfylla NEN-EN13445.<\/p>\n<div class=\"elementor-element elementor-element-752a110 elementor-widget elementor-widget-heading\" data-id=\"752a110\" data-element_type=\"widget\" data-widget_type=\"heading.default\">\n<h2 class=\"elementor-widget-container\"><strong>KIWA BRL-K756-f\u00f6rvaringstankar<\/strong><\/h2>\n<div class=\"elementor-widget-container\">\n<div class=\"elementor-text-editor elementor-clearfix\">\n<p>Gpi \u00e4r BRL-K756-2-certifierade av KIWA f\u00f6r konstruktion av vertikala f\u00f6rvaringstankar med enkel v\u00e4gg och dubbla v\u00e4ggar med kapacitet p\u00e5 upp till 150\u00a0000 m3. Tankarna, som har en specifik konstruktion, anv\u00e4nds p\u00e5 anl\u00e4ggningar f\u00f6r kemikalief\u00f6rvaring, som sedan januari 2008 m\u00e5ste uppfylla standarden\u00a0<span class=\"caps\">BRL<\/span>-K903\/08.<\/p>\n<p>Det h\u00e4r \u00e4r endast ett urval av v\u00e5rt sortiment. Om er byggnadskod eller byggnadsf\u00f6rordning inte st\u00e5r med h\u00e4r ska ni kontakta Gpi.<\/p>\n<\/div>\n<\/div>\n<\/div>\t\t\t\t\t\t\t\t<\/div>\n\t\t\t\t<div class=\"elementor-element elementor-element-7c4cafd elementor-widget elementor-widget-image\" data-id=\"7c4cafd\" data-element_type=\"widget\" data-widget_type=\"image.default\">\n\t\t\t\t\t\t\t\t\t\t\t\t\t\t\t<img decoding=\"async\" width=\"1024\" height=\"683\" src=\"https:\/\/gpi-tanks.com\/wp-content\/uploads\/2026\/03\/EN-14015-1024x683.jpg\" class=\"attachment-large size-large wp-image-92632\" alt=\"Transport av rostfria lagringstankar via floden Lek\" srcset=\"https:\/\/gpi-tanks.com\/wp-content\/uploads\/2026\/03\/EN-14015-1024x683.jpg 1024w, https:\/\/gpi-tanks.com\/wp-content\/uploads\/2026\/03\/EN-14015-300x200.jpg 300w, https:\/\/gpi-tanks.com\/wp-content\/uploads\/2026\/03\/EN-14015-768x512.jpg 768w, https:\/\/gpi-tanks.com\/wp-content\/uploads\/2026\/03\/EN-14015-1536x1024.jpg 1536w, https:\/\/gpi-tanks.com\/wp-content\/uploads\/2026\/03\/EN-14015-2048x1365.jpg 2048w\" sizes=\"(max-width: 1024px) 100vw, 1024px\" \/>\t\t\t\t\t\t\t\t\t\t\t\t\t\t\t<\/div>\n\t\t\t\t<div class=\"elementor-element elementor-element-ada278c elementor-widget elementor-widget-spacer\" data-id=\"ada278c\" data-element_type=\"widget\" data-widget_type=\"spacer.default\">\n\t\t\t\t\t\t\t<div class=\"elementor-spacer\">\n\t\t\t<div class=\"elementor-spacer-inner\"><\/div>\n\t\t<\/div>\n\t\t\t\t\t\t<\/div>\n\t\t\t\t\t<\/div>\n\t\t<\/div>\n\t\t\t\t\t<\/div>\n\t\t<\/section>\n\t\t<div class=\"elementor-element elementor-element-1613f1e9 e-flex e-con-boxed e-con e-parent\" data-id=\"1613f1e9\" data-element_type=\"container\">\n\t\t\t\t\t<div class=\"e-con-inner\">\n\t\t\t\t<div class=\"elementor-element elementor-element-76cc4d03 elementor-widget elementor-widget-spacer\" data-id=\"76cc4d03\" data-element_type=\"widget\" data-widget_type=\"spacer.default\">\n\t\t\t\t\t\t\t<div class=\"elementor-spacer\">\n\t\t\t<div class=\"elementor-spacer-inner\"><\/div>\n\t\t<\/div>\n\t\t\t\t\t\t<\/div>\n\t\t\t\t\t<\/div>\n\t\t\t\t<\/div>\n\t\t<div class=\"elementor-element elementor-element-e0926c8 e-flex e-con-boxed e-con e-parent\" data-id=\"e0926c8\" data-element_type=\"container\">\n\t\t\t\t\t<div class=\"e-con-inner\">\n\t\t\t\t<div class=\"elementor-element elementor-element-6a2e37f elementor-widget elementor-widget-heading\" data-id=\"6a2e37f\" data-element_type=\"widget\" data-widget_type=\"heading.default\">\n\t\t\t\t\t<h2 class=\"elementor-heading-title elementor-size-default\">FAQ<\/h2>\t\t\t\t<\/div>\n\t\t\t\t<div class=\"elementor-element elementor-element-caea53a size-for-according elementor-widget elementor-widget-accordion\" data-id=\"caea53a\" data-element_type=\"widget\" data-widget_type=\"accordion.default\">\n\t\t\t\t\t\t\t<div class=\"elementor-accordion\">\n\t\t\t\t\t\t\t<div class=\"elementor-accordion-item\">\n\t\t\t\t\t<h3 id=\"elementor-tab-title-2121\" class=\"elementor-tab-title\" data-tab=\"1\" role=\"button\" aria-controls=\"elementor-tab-content-2121\" aria-expanded=\"false\">\n\t\t\t\t\t\t\t\t\t\t\t\t\t<span class=\"elementor-accordion-icon elementor-accordion-icon-left\" aria-hidden=\"true\">\n\t\t\t\t\t\t\t\t\t\t\t\t\t\t\t<span class=\"elementor-accordion-icon-closed\"><svg class=\"e-font-icon-svg e-fas-plus\" viewBox=\"0 0 448 512\" xmlns=\"http:\/\/www.w3.org\/2000\/svg\"><path d=\"M416 208H272V64c0-17.67-14.33-32-32-32h-32c-17.67 0-32 14.33-32 32v144H32c-17.67 0-32 14.33-32 32v32c0 17.67 14.33 32 32 32h144v144c0 17.67 14.33 32 32 32h32c17.67 0 32-14.33 32-32V304h144c17.67 0 32-14.33 32-32v-32c0-17.67-14.33-32-32-32z\"><\/path><\/svg><\/span>\n\t\t\t\t\t\t\t\t<span class=\"elementor-accordion-icon-opened\"><svg class=\"e-font-icon-svg e-fas-minus\" viewBox=\"0 0 448 512\" xmlns=\"http:\/\/www.w3.org\/2000\/svg\"><path d=\"M416 208H32c-17.67 0-32 14.33-32 32v32c0 17.67 14.33 32 32 32h384c17.67 0 32-14.33 32-32v-32c0-17.67-14.33-32-32-32z\"><\/path><\/svg><\/span>\n\t\t\t\t\t\t\t\t\t\t\t\t\t\t<\/span>\n\t\t\t\t\t\t\t\t\t\t\t\t<a class=\"elementor-accordion-title\" tabindex=\"0\">Vilka lagringstankar i rostfritt st\u00e5l erbjuder Gpi?<\/a>\n\t\t\t\t\t<\/h3>\n\t\t\t\t\t<div id=\"elementor-tab-content-2121\" class=\"elementor-tab-content elementor-clearfix\" data-tab=\"1\" role=\"region\" aria-labelledby=\"elementor-tab-title-2121\"><p>Gpi erbjuder lagringstankar i rostfritt st\u00e5l, cisterner och industristankar f\u00f6r bland annat kemikalier, l\u00e4kemedel, vatten och livsmedel. Tankarna finns i m\u00e5nga storlekar \u2013 fr\u00e5n sm\u00e5 tankar till stora industritankar.<\/p><\/div>\n\t\t\t\t<\/div>\n\t\t\t\t\t\t\t<div class=\"elementor-accordion-item\">\n\t\t\t\t\t<h3 id=\"elementor-tab-title-2122\" class=\"elementor-tab-title\" data-tab=\"2\" role=\"button\" aria-controls=\"elementor-tab-content-2122\" aria-expanded=\"false\">\n\t\t\t\t\t\t\t\t\t\t\t\t\t<span class=\"elementor-accordion-icon elementor-accordion-icon-left\" aria-hidden=\"true\">\n\t\t\t\t\t\t\t\t\t\t\t\t\t\t\t<span class=\"elementor-accordion-icon-closed\"><svg class=\"e-font-icon-svg e-fas-plus\" viewBox=\"0 0 448 512\" xmlns=\"http:\/\/www.w3.org\/2000\/svg\"><path d=\"M416 208H272V64c0-17.67-14.33-32-32-32h-32c-17.67 0-32 14.33-32 32v144H32c-17.67 0-32 14.33-32 32v32c0 17.67 14.33 32 32 32h144v144c0 17.67 14.33 32 32 32h32c17.67 0 32-14.33 32-32V304h144c17.67 0 32-14.33 32-32v-32c0-17.67-14.33-32-32-32z\"><\/path><\/svg><\/span>\n\t\t\t\t\t\t\t\t<span class=\"elementor-accordion-icon-opened\"><svg class=\"e-font-icon-svg e-fas-minus\" viewBox=\"0 0 448 512\" xmlns=\"http:\/\/www.w3.org\/2000\/svg\"><path d=\"M416 208H32c-17.67 0-32 14.33-32 32v32c0 17.67 14.33 32 32 32h384c17.67 0 32-14.33 32-32v-32c0-17.67-14.33-32-32-32z\"><\/path><\/svg><\/span>\n\t\t\t\t\t\t\t\t\t\t\t\t\t\t<\/span>\n\t\t\t\t\t\t\t\t\t\t\t\t<a class=\"elementor-accordion-title\" tabindex=\"0\">Kan en lagringstank anpassas efter industriella behov?<\/a>\n\t\t\t\t\t<\/h3>\n\t\t\t\t\t<div id=\"elementor-tab-content-2122\" class=\"elementor-tab-content elementor-clearfix\" data-tab=\"2\" role=\"region\" aria-labelledby=\"elementor-tab-title-2122\"><p>Ja, varje rostfri lagringstank kan skr\u00e4ddarsys med funktioner som isolering, omr\u00f6rare, uppv\u00e4rmning eller kylning. Det finns \u00e4ven alternativ som dubbelv\u00e4ggade tankar, trycktankar och specialdesignade processtankar.<\/p><\/div>\n\t\t\t\t<\/div>\n\t\t\t\t\t\t\t<div class=\"elementor-accordion-item\">\n\t\t\t\t\t<h3 id=\"elementor-tab-title-2123\" class=\"elementor-tab-title\" data-tab=\"3\" role=\"button\" aria-controls=\"elementor-tab-content-2123\" aria-expanded=\"false\">\n\t\t\t\t\t\t\t\t\t\t\t\t\t<span class=\"elementor-accordion-icon elementor-accordion-icon-left\" aria-hidden=\"true\">\n\t\t\t\t\t\t\t\t\t\t\t\t\t\t\t<span class=\"elementor-accordion-icon-closed\"><svg class=\"e-font-icon-svg e-fas-plus\" viewBox=\"0 0 448 512\" xmlns=\"http:\/\/www.w3.org\/2000\/svg\"><path d=\"M416 208H272V64c0-17.67-14.33-32-32-32h-32c-17.67 0-32 14.33-32 32v144H32c-17.67 0-32 14.33-32 32v32c0 17.67 14.33 32 32 32h144v144c0 17.67 14.33 32 32 32h32c17.67 0 32-14.33 32-32V304h144c17.67 0 32-14.33 32-32v-32c0-17.67-14.33-32-32-32z\"><\/path><\/svg><\/span>\n\t\t\t\t\t\t\t\t<span class=\"elementor-accordion-icon-opened\"><svg class=\"e-font-icon-svg e-fas-minus\" viewBox=\"0 0 448 512\" xmlns=\"http:\/\/www.w3.org\/2000\/svg\"><path d=\"M416 208H32c-17.67 0-32 14.33-32 32v32c0 17.67 14.33 32 32 32h384c17.67 0 32-14.33 32-32v-32c0-17.67-14.33-32-32-32z\"><\/path><\/svg><\/span>\n\t\t\t\t\t\t\t\t\t\t\t\t\t\t<\/span>\n\t\t\t\t\t\t\t\t\t\t\t\t<a class=\"elementor-accordion-title\" tabindex=\"0\">Bygger Gpi \u00e4ven stora lagringstankar p\u00e5 plats?<\/a>\n\t\t\t\t\t<\/h3>\n\t\t\t\t\t<div id=\"elementor-tab-content-2123\" class=\"elementor-tab-content elementor-clearfix\" data-tab=\"3\" role=\"region\" aria-labelledby=\"elementor-tab-title-2123\"><p>Ja, Gpi kan bygga stora lagringstankar och cisterner direkt p\u00e5 plats hos kunden, vilket \u00e4r idealiskt f\u00f6r projekt d\u00e4r transport inte \u00e4r m\u00f6jlig. Detta g\u00e4ller s\u00e4rskilt f\u00f6r stora industricisterner.<\/p><\/div>\n\t\t\t\t<\/div>\n\t\t\t\t\t\t\t<div class=\"elementor-accordion-item\">\n\t\t\t\t\t<h3 id=\"elementor-tab-title-2124\" class=\"elementor-tab-title\" data-tab=\"4\" role=\"button\" aria-controls=\"elementor-tab-content-2124\" aria-expanded=\"false\">\n\t\t\t\t\t\t\t\t\t\t\t\t\t<span class=\"elementor-accordion-icon elementor-accordion-icon-left\" aria-hidden=\"true\">\n\t\t\t\t\t\t\t\t\t\t\t\t\t\t\t<span class=\"elementor-accordion-icon-closed\"><svg class=\"e-font-icon-svg e-fas-plus\" viewBox=\"0 0 448 512\" xmlns=\"http:\/\/www.w3.org\/2000\/svg\"><path d=\"M416 208H272V64c0-17.67-14.33-32-32-32h-32c-17.67 0-32 14.33-32 32v144H32c-17.67 0-32 14.33-32 32v32c0 17.67 14.33 32 32 32h144v144c0 17.67 14.33 32 32 32h32c17.67 0 32-14.33 32-32V304h144c17.67 0 32-14.33 32-32v-32c0-17.67-14.33-32-32-32z\"><\/path><\/svg><\/span>\n\t\t\t\t\t\t\t\t<span class=\"elementor-accordion-icon-opened\"><svg class=\"e-font-icon-svg e-fas-minus\" viewBox=\"0 0 448 512\" xmlns=\"http:\/\/www.w3.org\/2000\/svg\"><path d=\"M416 208H32c-17.67 0-32 14.33-32 32v32c0 17.67 14.33 32 32 32h384c17.67 0 32-14.33 32-32v-32c0-17.67-14.33-32-32-32z\"><\/path><\/svg><\/span>\n\t\t\t\t\t\t\t\t\t\t\t\t\t\t<\/span>\n\t\t\t\t\t\t\t\t\t\t\t\t<a class=\"elementor-accordion-title\" tabindex=\"0\">Vilka standarder g\u00e4ller f\u00f6r lagringstankar och cisterner?<\/a>\n\t\t\t\t\t<\/h3>\n\t\t\t\t\t<div id=\"elementor-tab-content-2124\" class=\"elementor-tab-content elementor-clearfix\" data-tab=\"4\" role=\"region\" aria-labelledby=\"elementor-tab-title-2124\"><p>Gpi&#8217;s rostfria tankar tillverkas enligt internationella standarder som EN 14015, Eurocode 3, ASME och API 650. F\u00f6r tryckk\u00e4rl g\u00e4ller PED (NEN-EN13445), och f\u00f6r cisterner finns \u00e4ven KIWA-certifiering.<\/p><\/div>\n\t\t\t\t<\/div>\n\t\t\t\t\t\t\t\t<\/div>\n\t\t\t\t\t\t<\/div>\n\t\t\t\t\t<\/div>\n\t\t\t\t<\/div>\n\t\t\t\t<\/div>\n\t\t","protected":false},"excerpt":{"rendered":"<p>Lagringstankar av rostfritt st\u00e5l Gpi tillverkar alla sorters f\u00f6rvaringstankar i alla m\u00f6jliga storlekar och f\u00f6r alla t\u00e4nkbara till\u00e4mpningar och industrier. Utbudet varierar fr\u00e5n k\u00e4rl med en kapacitet p\u00e5 500 liter med h\u00f6gkvalitativ ytbehandling f\u00f6r l\u00e4kemedelsprodukter, till tankar med en kapacitet p\u00e5 12 000 m3 f\u00f6r dricksvatten och f\u00f6rvaring av halvf\u00e4rdiga produkter inom kemikalieindustri\u00a0 Om tanken<\/p>\n","protected":false},"author":12,"featured_media":92622,"parent":0,"menu_order":0,"comment_status":"closed","ping_status":"closed","template":"","meta":{"_acf_changed":false,"footnotes":""},"class_list":["post-91568","page","type-page","status-publish","has-post-thumbnail","hentry"],"acf":[],"_links":{"self":[{"href":"https:\/\/gpi-tanks.com\/sv\/wp-json\/wp\/v2\/pages\/91568","targetHints":{"allow":["GET"]}}],"collection":[{"href":"https:\/\/gpi-tanks.com\/sv\/wp-json\/wp\/v2\/pages"}],"about":[{"href":"https:\/\/gpi-tanks.com\/sv\/wp-json\/wp\/v2\/types\/page"}],"author":[{"embeddable":true,"href":"https:\/\/gpi-tanks.com\/sv\/wp-json\/wp\/v2\/users\/12"}],"replies":[{"embeddable":true,"href":"https:\/\/gpi-tanks.com\/sv\/wp-json\/wp\/v2\/comments?post=91568"}],"version-history":[{"count":10,"href":"https:\/\/gpi-tanks.com\/sv\/wp-json\/wp\/v2\/pages\/91568\/revisions"}],"predecessor-version":[{"id":93924,"href":"https:\/\/gpi-tanks.com\/sv\/wp-json\/wp\/v2\/pages\/91568\/revisions\/93924"}],"wp:featuredmedia":[{"embeddable":true,"href":"https:\/\/gpi-tanks.com\/sv\/wp-json\/wp\/v2\/media\/92622"}],"wp:attachment":[{"href":"https:\/\/gpi-tanks.com\/sv\/wp-json\/wp\/v2\/media?parent=91568"}],"curies":[{"name":"wp","href":"https:\/\/api.w.org\/{rel}","templated":true}]}}